{"id":9604,"date":"2018-05-24T11:51:19","date_gmt":"2018-05-24T11:51:19","guid":{"rendered":"https:\/\/www.danishculture.com\/?page_id=9604"},"modified":"2023-09-22T08:35:27","modified_gmt":"2023-09-22T07:35:27","slug":"privatlivspolitik","status":"publish","type":"page","link":"https:\/\/www.danishculture.com\/da\/privatlivspolitik\/","title":{"rendered":"Privatlivspolitik"},"content":{"rendered":"<h2>Privatlivspolitik<\/h2>\n<h5><strong>Dansk Kulturinstituts politik omkring behandling af personlige oplysninger<\/strong><\/h5>\n<p>Vi vil her oplyse dig om <a href=\"http:\/\/www.danishculture.com\/da\" target=\"_blank\" rel=\"noopener\">Dansk Kulturinstituts<\/a> privatlivspolitik samt behandling og beskyttelse af dine personlige data.<\/p>\n<p>&nbsp;<\/p>\n<p>Politikken om beskyttelse af personlige oplysninger g\u00e6lder for brug af Dansk Kulturinstituts hjemmeside, modtagelse af nyhedsbreve, tilmelding til seminarer, personlige data indhentet i forbindelse med kulturprojekter, fondsans\u00f8gninger, studieture, visumans\u00f8gning, booking af flybilletter, l\u00f8nbehandling eller ans\u00e6ttelsesforhold.<\/p>\n<p>&nbsp;<\/p>\n<p>De personoplysninger, som Dansk Kulturinstitut indsamler, er oplysninger, som du selv har givet os, og kan v\u00e6re navn, e-mailadresse, telefonnummer, f\u00f8dselsdato, k\u00f8n, men er ikke begr\u00e6nset til dette.<\/p>\n<p>&nbsp;<\/p>\n<p>Hvis du har tilmeldt dig vores nyhedsbrev eller tilmelder dig seminarer, benytter vi dine personlige oplysninger til bl.a. at sende dig nyhedsbrev og n\u00f8dvendige oplysninger. Personlige data kan ogs\u00e5 v\u00e6re en foruds\u00e6tning for udbetaling af honorar m.m. Dit samtykke til at modtage nyhedsbrev kan til enhver tid tr\u00e6kkes tilbage ved at klikke p\u00e5 linket til afmelding, som er i alle nyhedsbreve. Hjemmesiden benytter <a href=\"https:\/\/www.danishculture.com\/da\/cookie-policy\/\" target=\"_blank\" rel=\"noopener\">cookies<\/a>.<\/p>\n<p>&nbsp;<\/p>\n<p>I det omfang, Dansk Kulturinstitut benytter underleverand\u00f8r til f.eks. vedligeholdelse af hjemmeside eller IT samt ved gennemf\u00f8relsen af evalueringer, har Dansk Kulturinstitut indg\u00e5et databehandleraftale med underleverand\u00f8rerne for at beskytte din personlige oplysninger<\/p>\n<p>&nbsp;<\/p>\n<p>Dansk Kulturinstitut sletter l\u00f8bende personlige oplysninger, efterh\u00e5nden som det form\u00e5l, de blev indsamlet til, afsluttes.<\/p>\n<h5><strong>Dine rettigheder<\/strong><\/h5>\n<p>Du har ret til at f\u00e5 oplyst, hvilke personoplysninger Dansk Kulturinstitut har om dig. Samtidig kan du til enhver tid bede om f\u00e5 slettet oplysninger om dig, ligesom du til enhver tid kan oph\u00e6ve din samtykkeerkl\u00e6ring.<\/p>\n<p>&nbsp;<\/p>\n<p>Hvis du \u00f8nsker flere oplysninger om Dansk Kulturinstituts behandling af personlige data, kan du skrive til\u00a0<a href=\"mailto:mail@danishculture.com\" target=\"_blank\" rel=\"noopener\">mail@danishculture.com.<\/a><\/p>\n<p>&nbsp;<\/p>\n","protected":false},"excerpt":{"rendered":"<p>Privatlivspolitik Dansk Kulturinstituts politik omkring behandling af personlige oplysninger Vi vil her oplyse dig om Dansk Kulturinstituts privatlivspolitik samt behandling og beskyttelse af dine personlige data. &nbsp; Politikken om beskyttelse af personlige oplysninger g\u00e6lder for brug af Dansk Kulturinstituts hjemmeside, modtagelse af nyhedsbreve, tilmelding til seminarer, personlige data indhentet i forbindelse med kulturprojekter, fondsans\u00f8gninger, studieture, [&hellip;]<\/p>\n","protected":false},"author":3,"featured_media":0,"parent":0,"menu_order":37,"comment_status":"closed","ping_status":"closed","template":"","meta":{"_acf_changed":false,"footnotes":""},"class_list":["post-9604","page","type-page","status-publish","hentry"],"acf":[],"yoast_head":"<!-- This site is optimized with the Yoast SEO plugin v23.9 - https:\/\/yoast.com\/wordpress\/plugins\/seo\/ -->\n<title>Privatlivspolitik | Dansk Kulturinstitut | Danish Cultural Institute<\/title>\n<meta name=\"description\" content=\"Privatlivspolitik hos Dansk Kulturinstitut: Find oplysninger om Dansk Kulturinstituts behandling og beskyttelse af dine personlige data her\" \/>\n<meta name=\"robots\" content=\"index, follow, max-snippet:-1, max-image-preview:large, max-video-preview:-1\" \/>\n<link rel=\"canonical\" href=\"https:\/\/www.danishculture.com\/da\/privatlivspolitik\/\" \/>\n<meta property=\"og:locale\" content=\"da_DK\" \/>\n<meta property=\"og:type\" content=\"article\" \/>\n<meta property=\"og:title\" content=\"Privatlivspolitik | Dansk Kulturinstitut | Danish Cultural Institute\" \/>\n<meta property=\"og:description\" content=\"Privatlivspolitik hos Dansk Kulturinstitut: Find oplysninger om Dansk Kulturinstituts behandling og beskyttelse af dine personlige data her\" \/>\n<meta property=\"og:url\" content=\"https:\/\/www.danishculture.com\/da\/privatlivspolitik\/\" \/>\n<meta property=\"article:modified_time\" content=\"2023-09-22T07:35:27+00:00\" \/>\n<meta name=\"twitter:card\" content=\"summary_large_image\" \/>\n<meta name=\"twitter:label1\" content=\"Estimeret l\u00e6setid\" \/>\n\t<meta name=\"twitter:data1\" content=\"1 minute\" \/>\n<script type=\"application\/ld+json\" class=\"yoast-schema-graph\">{\"@context\":\"https:\/\/schema.org\",\"@graph\":[{\"@type\":\"WebPage\",\"@id\":\"https:\/\/www.danishculture.com\/da\/privatlivspolitik\/\",\"url\":\"https:\/\/www.danishculture.com\/da\/privatlivspolitik\/\",\"name\":\"Privatlivspolitik | Dansk Kulturinstitut | Danish Cultural Institute\",\"isPartOf\":{\"@id\":\"https:\/\/www.danishculture.com\/#website\"},\"datePublished\":\"2018-05-24T11:51:19+00:00\",\"dateModified\":\"2023-09-22T07:35:27+00:00\",\"description\":\"Privatlivspolitik hos Dansk Kulturinstitut: Find oplysninger om Dansk Kulturinstituts behandling og beskyttelse af dine personlige data her\",\"breadcrumb\":{\"@id\":\"https:\/\/www.danishculture.com\/da\/privatlivspolitik\/#breadcrumb\"},\"inLanguage\":\"da-DK\",\"potentialAction\":[{\"@type\":\"ReadAction\",\"target\":[\"https:\/\/www.danishculture.com\/da\/privatlivspolitik\/\"]}]},{\"@type\":\"BreadcrumbList\",\"@id\":\"https:\/\/www.danishculture.com\/da\/privatlivspolitik\/#breadcrumb\",\"itemListElement\":[{\"@type\":\"ListItem\",\"position\":1,\"name\":\"Home\",\"item\":\"https:\/\/www.danishculture.com\/da\/\"},{\"@type\":\"ListItem\",\"position\":2,\"name\":\"Privatlivspolitik\"}]},{\"@type\":\"WebSite\",\"@id\":\"https:\/\/www.danishculture.com\/#website\",\"url\":\"https:\/\/www.danishculture.com\/\",\"name\":\"\",\"description\":\"Vi arbejder for at skabe forst\u00e5else for dansk og international kultur\",\"potentialAction\":[{\"@type\":\"SearchAction\",\"target\":{\"@type\":\"EntryPoint\",\"urlTemplate\":\"https:\/\/www.danishculture.com\/?s={search_term_string}\"},\"query-input\":{\"@type\":\"PropertyValueSpecification\",\"valueRequired\":true,\"valueName\":\"search_term_string\"}}],\"inLanguage\":\"da-DK\"}]}<\/script>\n<!-- \/ Yoast SEO plugin. -->","yoast_head_json":{"title":"Privatlivspolitik | Dansk Kulturinstitut | Danish Cultural Institute","description":"Privatlivspolitik hos Dansk Kulturinstitut: Find oplysninger om Dansk Kulturinstituts behandling og beskyttelse af dine personlige data her","robots":{"index":"index","follow":"follow","max-snippet":"max-snippet:-1","max-image-preview":"max-image-preview:large","max-video-preview":"max-video-preview:-1"},"canonical":"https:\/\/www.danishculture.com\/da\/privatlivspolitik\/","og_locale":"da_DK","og_type":"article","og_title":"Privatlivspolitik | Dansk Kulturinstitut | Danish Cultural Institute","og_description":"Privatlivspolitik hos Dansk Kulturinstitut: Find oplysninger om Dansk Kulturinstituts behandling og beskyttelse af dine personlige data her","og_url":"https:\/\/www.danishculture.com\/da\/privatlivspolitik\/","article_modified_time":"2023-09-22T07:35:27+00:00","twitter_card":"summary_large_image","twitter_misc":{"Estimeret l\u00e6setid":"1 minute"},"schema":{"@context":"https:\/\/schema.org","@graph":[{"@type":"WebPage","@id":"https:\/\/www.danishculture.com\/da\/privatlivspolitik\/","url":"https:\/\/www.danishculture.com\/da\/privatlivspolitik\/","name":"Privatlivspolitik | Dansk Kulturinstitut | Danish Cultural Institute","isPartOf":{"@id":"https:\/\/www.danishculture.com\/#website"},"datePublished":"2018-05-24T11:51:19+00:00","dateModified":"2023-09-22T07:35:27+00:00","description":"Privatlivspolitik hos Dansk Kulturinstitut: Find oplysninger om Dansk Kulturinstituts behandling og beskyttelse af dine personlige data her","breadcrumb":{"@id":"https:\/\/www.danishculture.com\/da\/privatlivspolitik\/#breadcrumb"},"inLanguage":"da-DK","potentialAction":[{"@type":"ReadAction","target":["https:\/\/www.danishculture.com\/da\/privatlivspolitik\/"]}]},{"@type":"BreadcrumbList","@id":"https:\/\/www.danishculture.com\/da\/privatlivspolitik\/#breadcrumb","itemListElement":[{"@type":"ListItem","position":1,"name":"Home","item":"https:\/\/www.danishculture.com\/da\/"},{"@type":"ListItem","position":2,"name":"Privatlivspolitik"}]},{"@type":"WebSite","@id":"https:\/\/www.danishculture.com\/#website","url":"https:\/\/www.danishculture.com\/","name":"","description":"Vi arbejder for at skabe forst\u00e5else for dansk og international kultur","potentialAction":[{"@type":"SearchAction","target":{"@type":"EntryPoint","urlTemplate":"https:\/\/www.danishculture.com\/?s={search_term_string}"},"query-input":{"@type":"PropertyValueSpecification","valueRequired":true,"valueName":"search_term_string"}}],"inLanguage":"da-DK"}]}},"_links":{"self":[{"href":"https:\/\/www.danishculture.com\/da\/wp-json\/wp\/v2\/pages\/9604","targetHints":{"allow":["GET"]}}],"collection":[{"href":"https:\/\/www.danishculture.com\/da\/wp-json\/wp\/v2\/pages"}],"about":[{"href":"https:\/\/www.danishculture.com\/da\/wp-json\/wp\/v2\/types\/page"}],"author":[{"embeddable":true,"href":"https:\/\/www.danishculture.com\/da\/wp-json\/wp\/v2\/users\/3"}],"replies":[{"embeddable":true,"href":"https:\/\/www.danishculture.com\/da\/wp-json\/wp\/v2\/comments?post=9604"}],"version-history":[{"count":16,"href":"https:\/\/www.danishculture.com\/da\/wp-json\/wp\/v2\/pages\/9604\/revisions"}],"predecessor-version":[{"id":21976,"href":"https:\/\/www.danishculture.com\/da\/wp-json\/wp\/v2\/pages\/9604\/revisions\/21976"}],"wp:attachment":[{"href":"https:\/\/www.danishculture.com\/da\/wp-json\/wp\/v2\/media?parent=9604"}],"curies":[{"name":"wp","href":"https:\/\/api.w.org\/{rel}","templated":true}]}}