{"id":822,"date":"2016-05-25T21:50:06","date_gmt":"2016-05-25T21:50:06","guid":{"rendered":"http:\/\/dki.staging.folkmatic.com\/?page_id=822&#038;lang=da"},"modified":"2026-01-14T15:13:14","modified_gmt":"2026-01-14T14:13:14","slug":"vedtaegter","status":"publish","type":"page","link":"https:\/\/www.danishculture.com\/da\/om-dansk-kulturinstitut\/vedtaegter\/","title":{"rendered":"Vedt\u00e6gter"},"content":{"rendered":"<h5 style=\"text-align: center;\"><strong>I Navn og hjemsted<\/strong><\/h5>\n<p style=\"text-align: left;\"><strong>\u00a7 1<\/strong><br \/>\nDet Danske Kulturinstitut er en selvejende non-profit institution med hjemsted i K\u00f8benhavn.<\/p>\n<p>&nbsp;<\/p>\n<p style=\"text-align: left;\"><strong>Stk. 2<\/strong><br \/>\nDets navn er Det Danske Kulturinstitut.<\/p>\n<p>&nbsp;<\/p>\n<p style=\"text-align: left;\"><strong>Stk. 3<\/strong><br \/>\nDets binavne er Dansk Kulturinstitut\/Dansk Kulturcenter\/Dansk Kulturforum og de udenlandske sprogversioner heraf, der anvendes de steder i verden, hvor Det Danske Kulturinstitut driver virksomhed.<br \/>\nOplysninger om de udenlandske sprogversioner skal til enhver tid v\u00e6re tilg\u00e6ngelige p\u00e5 Det Danske Kulturinstituts hjemmeside.<\/p>\n<p>&nbsp;<\/p>\n<h5 style=\"text-align: center;\"><strong>II Form\u00e5l<\/strong><\/h5>\n<p style=\"text-align: left;\"><strong>\u00a7 2<\/strong><br \/>\nKulturinstituttets form\u00e5l er i vekselvirkning med udlandet at oplyse om Danmarks kultur, kunst og samfundsliv til fremme af den mellemfolkelige forst\u00e5else samt at fremme kendskabet til udenlandsk kultur i Danmark.<\/p>\n<p>&nbsp;<\/p>\n<p style=\"text-align: left;\"><strong>Stk. 2<\/strong><br \/>\nTil opfyldelse af form\u00e5let opretter Kulturinstituttet bl.a. afdelinger i udlandet. Nye afdelinger kan oprettes efter indstilling af direkt\u00f8ren og bestyrelsens godkendelse.<\/p>\n<p>&nbsp;<\/p>\n<p style=\"text-align: left;\"><strong>Stk. 3<\/strong><br \/>\nKulturinstituttet samarbejder ude og hjemme med offentlige myndigheder, offentlige og private virksomheder, institutioner og organisationer samt enkeltpersoner.<\/p>\n<p>&nbsp;<\/p>\n<h5 style=\"text-align: center;\"><strong>III Organisation<\/strong><\/h5>\n<p style=\"text-align: left;\"><strong>\u00a7 3<\/strong><br \/>\nKulturinstituttets \u00f8verste myndighed er repr\u00e6sentantskabet.<\/p>\n<p>&nbsp;<\/p>\n<p style=\"text-align: left;\"><strong>\u00a7 4<\/strong><br \/>\nKulturinstituttets virksomhed ledes af en bestyrelse. Bestyrelsen p\u00e5ser, at de af repr\u00e6sentantskabet fastlagte retningslinjer f\u00f8lges.<\/p>\n<p>&nbsp;<\/p>\n<p style=\"text-align: left;\"><strong>\u00a7 5<\/strong><br \/>\nBestyrelsen ans\u00e6tter en direkt\u00f8r, der forest\u00e5r den daglige ledelse af Det Danske Kulturinstitut ude og hjemme.<\/p>\n<p>&nbsp;<\/p>\n<h5 style=\"text-align: center;\"><strong>IV Repr\u00e6sentantskabet<\/strong><\/h5>\n<p style=\"text-align: left;\"><strong>\u00a7 6<\/strong><br \/>\nRepr\u00e6sentantskabet har indtil 60 medlemmer.<\/p>\n<p>&nbsp;<\/p>\n<p style=\"text-align: left;\"><strong>Stk. 2<\/strong><br \/>\nTil repr\u00e6sentantskabet kan v\u00e6lges institutioner, der besk\u00e6ftiger sig med mellemfolkeligt samarbejde. De enkelte institutioner udpeger selv den person, som institutionen \u00f8nsker at lade sig repr\u00e6sentere ved. Den udpegede skal v\u00e6re tilknyttet eller ansat af den p\u00e5g\u00e6ldende institution. Ved oph\u00f8r har institutionen ret til at udpege en ny. Hvis ikke, kan den udpegede sidde sin valgperiode ud.<\/p>\n<p>&nbsp;<\/p>\n<p style=\"text-align: left;\"><strong>Stk. 3<\/strong><br \/>\nEnkeltpersoner af betydning for og med interesse for det kulturelle samarbejde med udlandet kan endvidere v\u00e6lges som medlemmer af repr\u00e6sentantskabet. Medlemmers valgperiode er 4 \u00e5r med mulighed for genvalg \u00e9n gang.<\/p>\n<p>&nbsp;<\/p>\n<p style=\"text-align: left;\"><strong>Stk. 4<\/strong><br \/>\nTo medlemmer udpeges af og blandt det ansatte personale, som selv fasts\u00e6tter valgperioden.<\/p>\n<p>&nbsp;<\/p>\n<p style=\"text-align: left;\"><strong>Stk. 5<\/strong><br \/>\nDe politiske partier i Folketinget tilbydes at lade sig repr\u00e6sentere med hver et medlem.<\/p>\n<p>&nbsp;<\/p>\n<p style=\"text-align: left;\"><strong>Stk. 6<\/strong><br \/>\nMedlemmer i henhold til stk. 2 og 3 indstilles af bestyrelsen og v\u00e6lges af repr\u00e6sentantskabet.<\/p>\n<p>&nbsp;<\/p>\n<p style=\"text-align: left;\"><strong>Stk. 7<\/strong><br \/>\nMedlemmer, der v\u00e6lges i henhold til stk. 2 og 3, v\u00e6lges for en periode af 4 \u00e5r.<\/p>\n<p>&nbsp;<\/p>\n<p style=\"text-align: left;\"><strong>\u00a7 7<\/strong><br \/>\nRepr\u00e6sentantskabsm\u00f8de afholdes en gang om \u00e5ret inden udgangen af maj m\u00e5ned.<\/p>\n<p>&nbsp;<\/p>\n<p><strong>\u00a7 8<\/strong><br \/>\nRepr\u00e6sentantskabsm\u00f8det har f\u00f8lgende dagsorden:<\/p>\n<ol>\n<li style=\"text-align: left;\">Valg af dirigent<\/li>\n<li style=\"text-align: left;\">Forel\u00e6ggelse af beretning og godkendelse af regnskab<\/li>\n<li style=\"text-align: left;\">Indkomne forslag. Forslag, der \u00f8nskes behandlet p\u00e5 repr\u00e6sentantskabsm\u00f8det, skal v\u00e6re bestyrelsen i h\u00e6nde senest 21 dage f\u00f8r repr\u00e6sentantskabsm\u00f8det<\/li>\n<li style=\"text-align: left;\">\u00a0Godkendelse af de af bestyrelsen indstillede repr\u00e6sentantskabsmedlemmer<\/li>\n<li style=\"text-align: left;\">Valg af bestyrelsesmedlemmer<\/li>\n<li style=\"text-align: left;\">Eventuelt<\/li>\n<\/ol>\n<p>&nbsp;<\/p>\n<p style=\"text-align: left;\"><strong>Stk. 2<\/strong><br \/>\nM\u00f8deindkaldelse med dagsorden udsendes mindst 14 dage f\u00f8r m\u00f8dets afholdelse.<\/p>\n<p>&nbsp;<\/p>\n<p style=\"text-align: left;\"><strong>Stk. 3<\/strong><br \/>\nBeslutninger tr\u00e6ffes ved simpelt stemmeflertal. Ved stemmelighed er forpersonens stemme udslagsgivende.<\/p>\n<p>&nbsp;<\/p>\n<p style=\"text-align: left;\"><strong>Stk. 4<\/strong><br \/>\nAfstemninger foreg\u00e5r skriftligt eller ved h\u00e5ndsopr\u00e6kning. Dirigenten afg\u00f8r, hvorvidt afstemningen skal v\u00e6re skriftlig eller ved h\u00e5ndsopr\u00e6kning.<\/p>\n<p>&nbsp;<\/p>\n<p style=\"text-align: left;\"><strong>Stk. 5<\/strong><br \/>\nFrav\u00e6rende medlemmer kan afgive fuldmagt til et andet medlem eller til bestyrelsen. Et medlem kan dog kun benytte \u00e9n fuldmagt ved evt. afstemning.<\/p>\n<p>&nbsp;<\/p>\n<p style=\"text-align: left;\"><strong>Stk.6<\/strong><br \/>\nReferat af repr\u00e6sentantskabsm\u00f8det udsendes snarest efter m\u00f8dets afholdelse.<br \/>\nIndsigelser over for referatet rettes til forpersonen inden 14 dage efter modtagelsen.<\/p>\n<p>&nbsp;<\/p>\n<p style=\"text-align: left;\"><strong>\u00a7 9<\/strong><br \/>\nEkstraordin\u00e6rt repr\u00e6sentantskabsm\u00f8de kan afholdes, n\u00e5r enten forpersonen eller bestyrelsen \u00f8nsker det, eller mindst 15 repr\u00e6sentantskabsmedlemmer med angivelse af dagsorden skriftligt kr\u00e6ver repr\u00e6sentantskabet indkaldt.<\/p>\n<p>&nbsp;<\/p>\n<p style=\"text-align: left;\"><strong>\u00a7 10<\/strong><br \/>\nDirekt\u00f8ren har ret og pligt til at deltage i repr\u00e6sentantskabets m\u00f8der uden stemmeret.<\/p>\n<p>&nbsp;<\/p>\n<h5 style=\"text-align: center;\"><strong>V Bestyrelsen<\/strong><\/h5>\n<p style=\"text-align: left;\"><strong>\u00a7 11<\/strong><br \/>\nBestyrelsen best\u00e5r af 7-9 medlemmer. De 2 medarbejdervalgte medlemmer af repr\u00e6sentantskabet er tillige medlemmer af bestyrelsen. P\u00e5 f\u00f8rste ordin\u00e6re bestyrelsesm\u00f8de efter repr\u00e6sentantskabsm\u00f8det konstituerer bestyrelsen sig med valg af forperson og n\u00e6stforperson.<\/p>\n<p>&nbsp;<\/p>\n<p style=\"text-align: left;\"><strong>Stk. 2<\/strong><br \/>\nBestyrelsens medlemmer, bortset fra de to medarbejdervalgte, v\u00e6lges for en periode af 4 \u00e5r. Medlemmer fratr\u00e6der efter 2 valgperioder.<\/p>\n<p>&nbsp;<\/p>\n<p style=\"text-align: left;\"><strong>Stk. 3<\/strong><br \/>\nBestyrelsen udpeges i overensstemmelse med reglerne om k\u00f8nssammens\u00e6tning i offentlige bestyrelser og f\u00f8lger Kulturministeriets g\u00e6ldende anbefalinger om \u201dGod ledelse i selvejende kulturinstitutioner\u201d under hensyn til bestyrelsens samlede kompetencer og mangfoldighed.<\/p>\n<p>&nbsp;<\/p>\n<p style=\"text-align: left;\"><strong>Stk. 4<\/strong><br \/>\nBestyrelsen fasts\u00e6tter selv sin forretningsorden.<\/p>\n<p>&nbsp;<\/p>\n<p style=\"text-align: left;\"><strong>\u00a7 12<\/strong><br \/>\nBestyrelsen varetager p\u00e5 repr\u00e6sentantskabets vegne den overordnede ledelse af Det Danske Kulturinstitut.<\/p>\n<p>&nbsp;<\/p>\n<p style=\"text-align: left;\"><strong>Stk. 2<\/strong><br \/>\nBestyrelsen er ansvarlig for instituttets \u00f8konomiske dispositioner, herunder at de betingelser og vilk\u00e5r, der stilles af de tilskudsgivende myndigheder, bliver overholdt.<\/p>\n<p>&nbsp;<\/p>\n<p style=\"text-align: left;\"><strong>Stk. 3<\/strong><br \/>\nBestyrelsens beslutninger tr\u00e6ffes ved simpelt stemmeflertal. I tilf\u00e6lde af stemmelighed er forpersonens stemme udslagsgivende.<\/p>\n<p>&nbsp;<\/p>\n<p style=\"text-align: left;\"><strong>Stk. 4<\/strong><br \/>\nBestyrelsen er beslutningsdygtig, n\u00e5r mindst halvdelen af medlemmerne er til stede, inkl. forperson eller n\u00e6stforperson.<\/p>\n<p>&nbsp;<\/p>\n<p style=\"text-align: left;\"><strong>Stk. 5<\/strong><br \/>\nForpersonen sammenkalder og leder bestyrelsens m\u00f8der. Der afholdes mindst 4 \u00e5rlige m\u00f8der. M\u00f8de skal holdes, n\u00e5r mindst 4 medlemmer frems\u00e6tter krav herom.<\/p>\n<p>&nbsp;<\/p>\n<p style=\"text-align: left;\"><strong>Stk. 6<\/strong><br \/>\nDirekt\u00f8ren har ret og pligt til at deltage i bestyrelsens m\u00f8der uden stemmeret.<\/p>\n<p>&nbsp;<\/p>\n<h5 style=\"text-align: center;\"><strong>VI Den daglige ledelse<\/strong><\/h5>\n<p style=\"text-align: left;\"><strong>\u00a7 13<\/strong><br \/>\nBestyrelsen ans\u00e6tter og afskediger den daglige leder, direkt\u00f8ren. Direkt\u00f8ren har ansvaret for den daglige drift i overensstemmelse med Det Danske Kulturinstituts vedt\u00e6gter og bestyrelsens instruktioner.<\/p>\n<p>&nbsp;<\/p>\n<p style=\"text-align: left;\"><strong>Stk. 2<\/strong><br \/>\nDirekt\u00f8ren udarbejder opl\u00e6g, strategier og handlingsplaner til bestyrelsen, ligesom direkt\u00f8ren udarbejder budgetter og regnskab til bestyrelsens godkendelse.<\/p>\n<p>&nbsp;<\/p>\n<p style=\"text-align: left;\"><strong>Stk. 3<\/strong><br \/>\nDirekt\u00f8ren ans\u00e6tter og afskediger Det Danske Kulturinstituts \u00f8vrige personale i overensstemmelse med statens l\u00f8n-og personaleregler.<\/p>\n<p>&nbsp;<\/p>\n<h5 style=\"text-align: center;\"><strong>VII Tegningsret<\/strong><\/h5>\n<p style=\"text-align: left;\"><strong>\u00a7 14<\/strong><br \/>\nDet Danske Kulturinstitut tegnes af forpersonen sammen med direkt\u00f8ren.<\/p>\n<p>&nbsp;<\/p>\n<p style=\"text-align: left;\"><strong>Stk. 2<\/strong><br \/>\nBestyrelsen kan meddele prokura.<\/p>\n<h5 style=\"text-align: center;\"><strong>VIII Finansiering<\/strong><\/h5>\n<p style=\"text-align: left;\"><strong>\u00a7 15<\/strong><br \/>\nDet Danske Kulturinstitut har siden 2011 modtaget tilskud fra Kulturministeriet. Tilskuddet fasts\u00e6ttes p\u00e5 de \u00e5rlige bevillingslove.<\/p>\n<p>&nbsp;<\/p>\n<p style=\"text-align: left;\"><strong>Stk. 2<\/strong><br \/>\nEndvidere s\u00f8ger Det Danske Kulturinstitut midler fra offentlige myndigheder, private organisationer og virksomheder, fonde, regioner og kommuner.<\/p>\n<p>&nbsp;<\/p>\n<h5 style=\"text-align: center;\"><strong>IX Budget, regnskab og revision<\/strong><\/h5>\n<p style=\"text-align: left;\"><strong>\u00a7 16<\/strong><br \/>\nDet Danske Kulturinstituts regnskabs\u00e5r f\u00f8lger kalender\u00e5ret.<\/p>\n<p>&nbsp;<\/p>\n<p style=\"text-align: left;\"><strong>Stk. 2<\/strong><br \/>\nDet \u00e5rlige regnskab revideres af en statsautoriseret eller registreret revisor. Det indstilles af bestyrelsen til repr\u00e6sentantskabets godkendelse.<\/p>\n<p>&nbsp;<\/p>\n<p style=\"text-align: left;\"><strong>Stk. 3<\/strong><br \/>\nDet reviderede og af repr\u00e6sentantskabet godkendte regnskab sendes sammen med Det Danske Kulturinstituts \u00e5rsrapport til Kulturministeriets godkendelse.<\/p>\n<p>&nbsp;<\/p>\n<h5 style=\"text-align: center;\"><strong>X Vedt\u00e6gter<\/strong><\/h5>\n<p style=\"text-align: left;\"><strong>\u00a7 17<\/strong><br \/>\nVedt\u00e6gterne vedtages af repr\u00e6sentantskabet og sendes til Kulturministeriets godkendelse.<\/p>\n<p>&nbsp;<\/p>\n<p style=\"text-align: left;\"><strong>Stk. 2<\/strong><br \/>\nTil godkendelse af forslag om \u00e6ndring kr\u00e6ves tilslutning fra to tredjedele af repr\u00e6sentantskabets tilstedev\u00e6rende medlemmer.<\/p>\n<p>&nbsp;<\/p>\n<h5 style=\"text-align: center;\"><strong>XI Kulturinstituttets opl\u00f8sning<\/strong><\/h5>\n<p style=\"text-align: left;\"><strong>\u00a7 18<\/strong><br \/>\nTil Det Danske Kulturinstituts opl\u00f8sning kr\u00e6ves afholdt et s\u00e6rligt i dette \u00f8jemed indkaldt repr\u00e6sentantskabsm\u00f8de, hvor vedtagelse sker med mindst tre fjerdedele af samtlige stemmeberettigede medlemmers stemmer. Vedtages forslag om opl\u00f8sning, men uden den n\u00e6vnte kvalificerede majoritet opn\u00e5s, indkaldes til et nyt repr\u00e6sentantskabsm\u00f8de, hvor vedtagelse kan ske med tre fjerdedele af de afgivne stemmer.<br \/>\nVed opl\u00f8sning tr\u00e6ffes der aftale med Kulturministeriet om den praktiske og \u00f8konomiske afvikling af Kulturinstituttet.<\/p>\n<p>&nbsp;<\/p>\n<p style=\"text-align: left;\"><strong>Stk. 2<\/strong><br \/>\nForeligger der ved institutionens opl\u00f8sning en formue, skal denne anvendes efter indstilling af den afg\u00e5ende bestyrelse og efter godkendelse af Kulturministeriet i overensstemmelse med institutionens form\u00e5l.<\/p>\n<p>&nbsp;<\/p>\n<p style=\"text-align: left;\"><em>Vedtaget d. 22. maj 2025<\/em><\/p>\n<p style=\"text-align: left;\">\n","protected":false},"excerpt":{"rendered":"<p>I Navn og hjemsted \u00a7 1 Det Danske Kulturinstitut er en selvejende non-profit institution med hjemsted i K\u00f8benhavn. &nbsp; Stk. 2 Dets navn er Det Danske Kulturinstitut. &nbsp; Stk. 3 Dets binavne er Dansk Kulturinstitut\/Dansk Kulturcenter\/Dansk Kulturforum og de udenlandske sprogversioner heraf, der anvendes de steder i verden, hvor Det Danske Kulturinstitut driver virksomhed. Oplysninger [&hellip;]<\/p>\n","protected":false},"author":3,"featured_media":0,"parent":197,"menu_order":3,"comment_status":"closed","ping_status":"closed","template":"","meta":{"_acf_changed":false,"footnotes":""},"class_list":["post-822","page","type-page","status-publish","hentry"],"acf":[],"yoast_head":"<!-- This site is optimized with the Yoast SEO plugin v23.9 - https:\/\/yoast.com\/wordpress\/plugins\/seo\/ -->\n<title>Dansk Kulturinstituts vedt\u00e6gter | Danish Cultural Institute<\/title>\n<meta name=\"description\" content=\"P\u00e5 denne side kan du l\u00e6se om Dansk Kulturinstituts vedt\u00e6gter. Dansk Kulturinstitut er en selvejende institution med hjemsted i K\u00f8benhavn.\" \/>\n<meta name=\"robots\" content=\"index, follow, max-snippet:-1, max-image-preview:large, max-video-preview:-1\" \/>\n<link rel=\"canonical\" href=\"https:\/\/www.danishculture.com\/da\/om-dansk-kulturinstitut\/vedtaegter\/\" \/>\n<meta property=\"og:locale\" content=\"da_DK\" \/>\n<meta property=\"og:type\" content=\"article\" \/>\n<meta property=\"og:title\" content=\"Dansk Kulturinstituts vedt\u00e6gter | Danish Cultural Institute\" \/>\n<meta property=\"og:description\" content=\"P\u00e5 denne side kan du l\u00e6se om Dansk Kulturinstituts vedt\u00e6gter. Dansk Kulturinstitut er en selvejende institution med hjemsted i K\u00f8benhavn.\" \/>\n<meta property=\"og:url\" content=\"https:\/\/www.danishculture.com\/da\/om-dansk-kulturinstitut\/vedtaegter\/\" \/>\n<meta property=\"article:modified_time\" content=\"2026-01-14T14:13:14+00:00\" \/>\n<meta name=\"twitter:card\" content=\"summary_large_image\" \/>\n<meta name=\"twitter:label1\" content=\"Estimeret l\u00e6setid\" \/>\n\t<meta name=\"twitter:data1\" content=\"5 minutes\" \/>\n<script type=\"application\/ld+json\" class=\"yoast-schema-graph\">{\"@context\":\"https:\/\/schema.org\",\"@graph\":[{\"@type\":\"WebPage\",\"@id\":\"https:\/\/www.danishculture.com\/da\/om-dansk-kulturinstitut\/vedtaegter\/\",\"url\":\"https:\/\/www.danishculture.com\/da\/om-dansk-kulturinstitut\/vedtaegter\/\",\"name\":\"Dansk Kulturinstituts vedt\u00e6gter | Danish Cultural Institute\",\"isPartOf\":{\"@id\":\"https:\/\/www.danishculture.com\/#website\"},\"datePublished\":\"2016-05-25T21:50:06+00:00\",\"dateModified\":\"2026-01-14T14:13:14+00:00\",\"description\":\"P\u00e5 denne side kan du l\u00e6se om Dansk Kulturinstituts vedt\u00e6gter. Dansk Kulturinstitut er en selvejende institution med hjemsted i K\u00f8benhavn.\",\"breadcrumb\":{\"@id\":\"https:\/\/www.danishculture.com\/da\/om-dansk-kulturinstitut\/vedtaegter\/#breadcrumb\"},\"inLanguage\":\"da-DK\",\"potentialAction\":[{\"@type\":\"ReadAction\",\"target\":[\"https:\/\/www.danishculture.com\/da\/om-dansk-kulturinstitut\/vedtaegter\/\"]}]},{\"@type\":\"BreadcrumbList\",\"@id\":\"https:\/\/www.danishculture.com\/da\/om-dansk-kulturinstitut\/vedtaegter\/#breadcrumb\",\"itemListElement\":[{\"@type\":\"ListItem\",\"position\":1,\"name\":\"Home\",\"item\":\"https:\/\/www.danishculture.com\/da\/\"},{\"@type\":\"ListItem\",\"position\":2,\"name\":\"Om os\",\"item\":\"https:\/\/www.danishculture.com\/da\/om-dansk-kulturinstitut\/\"},{\"@type\":\"ListItem\",\"position\":3,\"name\":\"Vedt\u00e6gter\"}]},{\"@type\":\"WebSite\",\"@id\":\"https:\/\/www.danishculture.com\/#website\",\"url\":\"https:\/\/www.danishculture.com\/\",\"name\":\"\",\"description\":\"Vi arbejder for at skabe forst\u00e5else for dansk og international kultur\",\"potentialAction\":[{\"@type\":\"SearchAction\",\"target\":{\"@type\":\"EntryPoint\",\"urlTemplate\":\"https:\/\/www.danishculture.com\/?s={search_term_string}\"},\"query-input\":{\"@type\":\"PropertyValueSpecification\",\"valueRequired\":true,\"valueName\":\"search_term_string\"}}],\"inLanguage\":\"da-DK\"}]}<\/script>\n<!-- \/ Yoast SEO plugin. -->","yoast_head_json":{"title":"Dansk Kulturinstituts vedt\u00e6gter | Danish Cultural Institute","description":"P\u00e5 denne side kan du l\u00e6se om Dansk Kulturinstituts vedt\u00e6gter. Dansk Kulturinstitut er en selvejende institution med hjemsted i K\u00f8benhavn.","robots":{"index":"index","follow":"follow","max-snippet":"max-snippet:-1","max-image-preview":"max-image-preview:large","max-video-preview":"max-video-preview:-1"},"canonical":"https:\/\/www.danishculture.com\/da\/om-dansk-kulturinstitut\/vedtaegter\/","og_locale":"da_DK","og_type":"article","og_title":"Dansk Kulturinstituts vedt\u00e6gter | Danish Cultural Institute","og_description":"P\u00e5 denne side kan du l\u00e6se om Dansk Kulturinstituts vedt\u00e6gter. Dansk Kulturinstitut er en selvejende institution med hjemsted i K\u00f8benhavn.","og_url":"https:\/\/www.danishculture.com\/da\/om-dansk-kulturinstitut\/vedtaegter\/","article_modified_time":"2026-01-14T14:13:14+00:00","twitter_card":"summary_large_image","twitter_misc":{"Estimeret l\u00e6setid":"5 minutes"},"schema":{"@context":"https:\/\/schema.org","@graph":[{"@type":"WebPage","@id":"https:\/\/www.danishculture.com\/da\/om-dansk-kulturinstitut\/vedtaegter\/","url":"https:\/\/www.danishculture.com\/da\/om-dansk-kulturinstitut\/vedtaegter\/","name":"Dansk Kulturinstituts vedt\u00e6gter | Danish Cultural Institute","isPartOf":{"@id":"https:\/\/www.danishculture.com\/#website"},"datePublished":"2016-05-25T21:50:06+00:00","dateModified":"2026-01-14T14:13:14+00:00","description":"P\u00e5 denne side kan du l\u00e6se om Dansk Kulturinstituts vedt\u00e6gter. Dansk Kulturinstitut er en selvejende institution med hjemsted i K\u00f8benhavn.","breadcrumb":{"@id":"https:\/\/www.danishculture.com\/da\/om-dansk-kulturinstitut\/vedtaegter\/#breadcrumb"},"inLanguage":"da-DK","potentialAction":[{"@type":"ReadAction","target":["https:\/\/www.danishculture.com\/da\/om-dansk-kulturinstitut\/vedtaegter\/"]}]},{"@type":"BreadcrumbList","@id":"https:\/\/www.danishculture.com\/da\/om-dansk-kulturinstitut\/vedtaegter\/#breadcrumb","itemListElement":[{"@type":"ListItem","position":1,"name":"Home","item":"https:\/\/www.danishculture.com\/da\/"},{"@type":"ListItem","position":2,"name":"Om os","item":"https:\/\/www.danishculture.com\/da\/om-dansk-kulturinstitut\/"},{"@type":"ListItem","position":3,"name":"Vedt\u00e6gter"}]},{"@type":"WebSite","@id":"https:\/\/www.danishculture.com\/#website","url":"https:\/\/www.danishculture.com\/","name":"","description":"Vi arbejder for at skabe forst\u00e5else for dansk og international kultur","potentialAction":[{"@type":"SearchAction","target":{"@type":"EntryPoint","urlTemplate":"https:\/\/www.danishculture.com\/?s={search_term_string}"},"query-input":{"@type":"PropertyValueSpecification","valueRequired":true,"valueName":"search_term_string"}}],"inLanguage":"da-DK"}]}},"_links":{"self":[{"href":"https:\/\/www.danishculture.com\/da\/wp-json\/wp\/v2\/pages\/822","targetHints":{"allow":["GET"]}}],"collection":[{"href":"https:\/\/www.danishculture.com\/da\/wp-json\/wp\/v2\/pages"}],"about":[{"href":"https:\/\/www.danishculture.com\/da\/wp-json\/wp\/v2\/types\/page"}],"author":[{"embeddable":true,"href":"https:\/\/www.danishculture.com\/da\/wp-json\/wp\/v2\/users\/3"}],"replies":[{"embeddable":true,"href":"https:\/\/www.danishculture.com\/da\/wp-json\/wp\/v2\/comments?post=822"}],"version-history":[{"count":35,"href":"https:\/\/www.danishculture.com\/da\/wp-json\/wp\/v2\/pages\/822\/revisions"}],"predecessor-version":[{"id":28550,"href":"https:\/\/www.danishculture.com\/da\/wp-json\/wp\/v2\/pages\/822\/revisions\/28550"}],"up":[{"embeddable":true,"href":"https:\/\/www.danishculture.com\/da\/wp-json\/wp\/v2\/pages\/197"}],"wp:attachment":[{"href":"https:\/\/www.danishculture.com\/da\/wp-json\/wp\/v2\/media?parent=822"}],"curies":[{"name":"wp","href":"https:\/\/api.w.org\/{rel}","templated":true}]}}