{"id":688,"date":"2016-05-24T14:15:02","date_gmt":"2016-05-24T14:15:02","guid":{"rendered":"http:\/\/dki.staging.folkmatic.com\/?page_id=688&#038;lang=da"},"modified":"2023-10-20T13:47:49","modified_gmt":"2023-10-20T12:47:49","slug":"eunic","status":"publish","type":"page","link":"https:\/\/www.danishculture.com\/da\/om-dansk-kulturinstitut\/eunic\/","title":{"rendered":"EUNIC"},"content":{"rendered":"<h4><strong>Dansk Kulturinstitut er medlem af EUNIC<\/strong><\/h4>\n<p><em>EUNIC \u2013 European Union National Institutes for Culture \u2013 er det europ\u00e6iske netv\u00e6rk af kulturinstitutioner. Sammen med vores partnere, skaber vi europ\u00e6iske kultursamarbejder i mere end 100 lande verden over. Netv\u00e6rket best\u00e5r af 132 \u2019clusters\u2019 (klynger), som hver is\u00e6r tr\u00e6kker p\u00e5 den brede erfaring med kultur som vores medlemmer fra alle EU\u2019s medlems- og samarbejdslande har.<\/em><\/p>\n<p><em>\u00a0<\/em><\/p>\n<p>EUNIC st\u00e5r i spidsen for, at kultur f\u00e5r en fremtr\u00e6dende rolle i internationale sammenh\u00e6nge. EUNIC er EU\u2019s strategiske partner og aktivt involveret i den videre definition af europ\u00e6isk kulturpolitik. Derudover er EUNIC en platform for vidensdeling og kapacitetsopbygning blandt b\u00e5de medlemmer og partnere.<\/p>\n<p>&nbsp;<\/p>\n<p>EUNIC er et af 28 europ\u00e6iske netv\u00e6rker, som er st\u00f8ttet af EU\u2019s Creative Europe-program.<\/p>\n<p><em>\u00a0<\/em><\/p>\n<p>EUNIC\u2019s arbejde er baseret p\u00e5 principperne for kulturelle relationer: Vi sigter mod at opbygge gode partnerskaber ved at lytte, l\u00e6re og deltage i dialoger, samskabelser og f\u00e6lles kapacitetsopbygning.<\/p>\n<p>&nbsp;<\/p>\n<p>Vi arbejder med et bredt kulturbegreb, som omfatter kunst, de kreative industrier, udviklingssamarbejde, digitalisering, uddannelse, k\u00f8n, arv, menneskerettigheder, sprog, flersproghed, social inklusion, sport, b\u00e6redygtighed, turisme, unge m.fl.<\/p>\n<h5><strong>Form\u00e5let med EUNIC er\u2026<\/strong><\/h5>\n<ul>\n<li>At samarbejde<\/li>\n<li>At fremme kulturel mangfoldighed og forst\u00e5else<\/li>\n<li>At styrke international dialog og kultursamarbejde<\/li>\n<li>At v\u00e6re en partner i EU for at definere og gennemf\u00f8re EU\u2019s kulturpolitik<\/li>\n<li>At v\u00e6re fork\u00e6mper for, at kulturelle relationer har v\u00e6rdi \u2013 og som heraf argumentere for en st\u00e6rk og uafh\u00e6ngig stemme for kultursektoren<\/li>\n<li>At udf\u00f8re forskning og dele \u201dbest practices\u201d<\/li>\n<\/ul>\n<h5><strong>\u2019Clusters\u2019 og medlemmer<\/strong><\/h5>\n<p>EUNIC har 132 lokalafdelinger (clusters) i 102 lande spredt over hele verden. Se her, hvor<a href=\"https:\/\/eunic.eu\/map\"> EUNIC er til stede.<\/a><\/p>\n<p>&nbsp;<\/p>\n<p>Alle lokalafdelinger best\u00e5r af EUNIC-medlemmer, som f.eks. t\u00e6ller Dansk Kulturinstitut, Goethe-Institut, Institut fran\u00e7ais de Paris og British Council. EUNIC har i \u00f8jeblikket 38 medlemmer med base i EU-medlems- og samarbejdslande.<\/p>\n<p>&nbsp;<\/p>\n<p>Dansk Kulturinstitut er det eneste medlem, der repr\u00e6senterer Danmark.<\/p>\n<p>&nbsp;<\/p>\n<p>Dansk Kulturinstitut f\u00e5r som medlem af EUNIC adgang til et k\u00e6mpe netv\u00e6rk af kulturelle akt\u00f8rer, der arbejder ud fra de samme principper som os. Det kan for eksempel v\u00e6re kultur og b\u00e6redygtighed eller kultur og social retf\u00e6rdighed. De 102 lokalafdelinger \u00e5bner op for mulige samarbejdspartnere, s\u00e5 vi kan n\u00e5 l\u00e6ngere ud verden, og vi har bl.a. arbejdet med andre EUNIC-medlemmer om projektet Creative Ports.<\/p>\n<h5><strong>Dansk Kulturinstituts projekter med EUNIC<\/strong><\/h5>\n<p><em>Bliver opdateret i oktober 2021 med de seneste projekter.<\/em><\/p>\n","protected":false},"excerpt":{"rendered":"<p>Dansk Kulturinstitut er medlem af EUNIC EUNIC \u2013 European Union National Institutes for Culture \u2013 er det europ\u00e6iske netv\u00e6rk af kulturinstitutioner. Sammen med vores partnere, skaber vi europ\u00e6iske kultursamarbejder i mere end 100 lande verden over. Netv\u00e6rket best\u00e5r af 132 \u2019clusters\u2019 (klynger), som hver is\u00e6r tr\u00e6kker p\u00e5 den brede erfaring med kultur som vores medlemmer [&hellip;]<\/p>\n","protected":false},"author":3,"featured_media":0,"parent":197,"menu_order":2,"comment_status":"closed","ping_status":"closed","template":"","meta":{"_acf_changed":false,"footnotes":""},"class_list":["post-688","page","type-page","status-publish","hentry"],"acf":[],"yoast_head":"<!-- This site is optimized with the Yoast SEO plugin v23.9 - https:\/\/yoast.com\/wordpress\/plugins\/seo\/ -->\n<title>Dansk Kulturinstitut er medlem af EUNIC | Danish Cultural Institute<\/title>\n<meta name=\"description\" content=\"Dansk Kulturinstitut er medlem af EUNIC. EUNIC arbejder med kunst, sprog, uddannelse, unge, videnskab, interkulturel dialog og udvikling.\" \/>\n<meta name=\"robots\" content=\"index, follow, max-snippet:-1, max-image-preview:large, max-video-preview:-1\" \/>\n<link rel=\"canonical\" href=\"https:\/\/www.danishculture.com\/da\/om-dansk-kulturinstitut\/eunic\/\" \/>\n<meta property=\"og:locale\" content=\"da_DK\" \/>\n<meta property=\"og:type\" content=\"article\" \/>\n<meta property=\"og:title\" content=\"Dansk Kulturinstitut er medlem af EUNIC | Danish Cultural Institute\" \/>\n<meta property=\"og:description\" content=\"Dansk Kulturinstitut er medlem af EUNIC. EUNIC arbejder med kunst, sprog, uddannelse, unge, videnskab, interkulturel dialog og udvikling.\" \/>\n<meta property=\"og:url\" content=\"https:\/\/www.danishculture.com\/da\/om-dansk-kulturinstitut\/eunic\/\" \/>\n<meta property=\"article:modified_time\" content=\"2023-10-20T12:47:49+00:00\" \/>\n<meta name=\"twitter:card\" content=\"summary_large_image\" \/>\n<meta name=\"twitter:label1\" content=\"Estimeret l\u00e6setid\" \/>\n\t<meta name=\"twitter:data1\" content=\"2 minutes\" \/>\n<script type=\"application\/ld+json\" class=\"yoast-schema-graph\">{\"@context\":\"https:\/\/schema.org\",\"@graph\":[{\"@type\":\"WebPage\",\"@id\":\"https:\/\/www.danishculture.com\/da\/om-dansk-kulturinstitut\/eunic\/\",\"url\":\"https:\/\/www.danishculture.com\/da\/om-dansk-kulturinstitut\/eunic\/\",\"name\":\"Dansk Kulturinstitut er medlem af EUNIC | Danish Cultural Institute\",\"isPartOf\":{\"@id\":\"https:\/\/www.danishculture.com\/#website\"},\"datePublished\":\"2016-05-24T14:15:02+00:00\",\"dateModified\":\"2023-10-20T12:47:49+00:00\",\"description\":\"Dansk Kulturinstitut er medlem af EUNIC. EUNIC arbejder med kunst, sprog, uddannelse, unge, videnskab, interkulturel dialog og udvikling.\",\"breadcrumb\":{\"@id\":\"https:\/\/www.danishculture.com\/da\/om-dansk-kulturinstitut\/eunic\/#breadcrumb\"},\"inLanguage\":\"da-DK\",\"potentialAction\":[{\"@type\":\"ReadAction\",\"target\":[\"https:\/\/www.danishculture.com\/da\/om-dansk-kulturinstitut\/eunic\/\"]}]},{\"@type\":\"BreadcrumbList\",\"@id\":\"https:\/\/www.danishculture.com\/da\/om-dansk-kulturinstitut\/eunic\/#breadcrumb\",\"itemListElement\":[{\"@type\":\"ListItem\",\"position\":1,\"name\":\"Home\",\"item\":\"https:\/\/www.danishculture.com\/da\/\"},{\"@type\":\"ListItem\",\"position\":2,\"name\":\"Om os\",\"item\":\"https:\/\/www.danishculture.com\/da\/om-dansk-kulturinstitut\/\"},{\"@type\":\"ListItem\",\"position\":3,\"name\":\"EUNIC\"}]},{\"@type\":\"WebSite\",\"@id\":\"https:\/\/www.danishculture.com\/#website\",\"url\":\"https:\/\/www.danishculture.com\/\",\"name\":\"\",\"description\":\"Vi arbejder for at skabe forst\u00e5else for dansk og international kultur\",\"potentialAction\":[{\"@type\":\"SearchAction\",\"target\":{\"@type\":\"EntryPoint\",\"urlTemplate\":\"https:\/\/www.danishculture.com\/?s={search_term_string}\"},\"query-input\":{\"@type\":\"PropertyValueSpecification\",\"valueRequired\":true,\"valueName\":\"search_term_string\"}}],\"inLanguage\":\"da-DK\"}]}<\/script>\n<!-- \/ Yoast SEO plugin. -->","yoast_head_json":{"title":"Dansk Kulturinstitut er medlem af EUNIC | Danish Cultural Institute","description":"Dansk Kulturinstitut er medlem af EUNIC. EUNIC arbejder med kunst, sprog, uddannelse, unge, videnskab, interkulturel dialog og udvikling.","robots":{"index":"index","follow":"follow","max-snippet":"max-snippet:-1","max-image-preview":"max-image-preview:large","max-video-preview":"max-video-preview:-1"},"canonical":"https:\/\/www.danishculture.com\/da\/om-dansk-kulturinstitut\/eunic\/","og_locale":"da_DK","og_type":"article","og_title":"Dansk Kulturinstitut er medlem af EUNIC | Danish Cultural Institute","og_description":"Dansk Kulturinstitut er medlem af EUNIC. EUNIC arbejder med kunst, sprog, uddannelse, unge, videnskab, interkulturel dialog og udvikling.","og_url":"https:\/\/www.danishculture.com\/da\/om-dansk-kulturinstitut\/eunic\/","article_modified_time":"2023-10-20T12:47:49+00:00","twitter_card":"summary_large_image","twitter_misc":{"Estimeret l\u00e6setid":"2 minutes"},"schema":{"@context":"https:\/\/schema.org","@graph":[{"@type":"WebPage","@id":"https:\/\/www.danishculture.com\/da\/om-dansk-kulturinstitut\/eunic\/","url":"https:\/\/www.danishculture.com\/da\/om-dansk-kulturinstitut\/eunic\/","name":"Dansk Kulturinstitut er medlem af EUNIC | Danish Cultural Institute","isPartOf":{"@id":"https:\/\/www.danishculture.com\/#website"},"datePublished":"2016-05-24T14:15:02+00:00","dateModified":"2023-10-20T12:47:49+00:00","description":"Dansk Kulturinstitut er medlem af EUNIC. EUNIC arbejder med kunst, sprog, uddannelse, unge, videnskab, interkulturel dialog og udvikling.","breadcrumb":{"@id":"https:\/\/www.danishculture.com\/da\/om-dansk-kulturinstitut\/eunic\/#breadcrumb"},"inLanguage":"da-DK","potentialAction":[{"@type":"ReadAction","target":["https:\/\/www.danishculture.com\/da\/om-dansk-kulturinstitut\/eunic\/"]}]},{"@type":"BreadcrumbList","@id":"https:\/\/www.danishculture.com\/da\/om-dansk-kulturinstitut\/eunic\/#breadcrumb","itemListElement":[{"@type":"ListItem","position":1,"name":"Home","item":"https:\/\/www.danishculture.com\/da\/"},{"@type":"ListItem","position":2,"name":"Om os","item":"https:\/\/www.danishculture.com\/da\/om-dansk-kulturinstitut\/"},{"@type":"ListItem","position":3,"name":"EUNIC"}]},{"@type":"WebSite","@id":"https:\/\/www.danishculture.com\/#website","url":"https:\/\/www.danishculture.com\/","name":"","description":"Vi arbejder for at skabe forst\u00e5else for dansk og international kultur","potentialAction":[{"@type":"SearchAction","target":{"@type":"EntryPoint","urlTemplate":"https:\/\/www.danishculture.com\/?s={search_term_string}"},"query-input":{"@type":"PropertyValueSpecification","valueRequired":true,"valueName":"search_term_string"}}],"inLanguage":"da-DK"}]}},"_links":{"self":[{"href":"https:\/\/www.danishculture.com\/da\/wp-json\/wp\/v2\/pages\/688","targetHints":{"allow":["GET"]}}],"collection":[{"href":"https:\/\/www.danishculture.com\/da\/wp-json\/wp\/v2\/pages"}],"about":[{"href":"https:\/\/www.danishculture.com\/da\/wp-json\/wp\/v2\/types\/page"}],"author":[{"embeddable":true,"href":"https:\/\/www.danishculture.com\/da\/wp-json\/wp\/v2\/users\/3"}],"replies":[{"embeddable":true,"href":"https:\/\/www.danishculture.com\/da\/wp-json\/wp\/v2\/comments?post=688"}],"version-history":[{"count":34,"href":"https:\/\/www.danishculture.com\/da\/wp-json\/wp\/v2\/pages\/688\/revisions"}],"predecessor-version":[{"id":17755,"href":"https:\/\/www.danishculture.com\/da\/wp-json\/wp\/v2\/pages\/688\/revisions\/17755"}],"up":[{"embeddable":true,"href":"https:\/\/www.danishculture.com\/da\/wp-json\/wp\/v2\/pages\/197"}],"wp:attachment":[{"href":"https:\/\/www.danishculture.com\/da\/wp-json\/wp\/v2\/media?parent=688"}],"curies":[{"name":"wp","href":"https:\/\/api.w.org\/{rel}","templated":true}]}}