{"id":685,"date":"2016-05-17T13:07:11","date_gmt":"2016-05-17T13:07:11","guid":{"rendered":"http:\/\/dki.staging.folkmatic.com\/history\/?lang=da"},"modified":"2023-07-26T09:22:05","modified_gmt":"2023-07-26T08:22:05","slug":"historie","status":"publish","type":"page","link":"https:\/\/www.danishculture.com\/da\/historie\/","title":{"rendered":"Historie"},"content":{"rendered":"<p>Dansk Kulturinstituts historie g\u00e5r tilbage til\u00a01940, hvor Instituttets stifter, <a href=\"https:\/\/www.danishculture.com\/theme\/folmer-wisti\/?lang=da\" target=\"_blank\" rel=\"noopener\">Folmer Wisti<\/a>, oprettede Det Danske Selskab. Det Danske Selskabs form\u00e5l var at arbejde for mellemfolkelig forst\u00e5else gennem oplysning om Danmark og udveksling af kultur, ideer og erfaringer mellem Danmark og andre lande. De f\u00f8rste afdelinger i udlandet blev oprettet i 1947.<\/p>\n<p>&nbsp;<\/p>\n<p>I 1989 \u00e6ndrede Det Danske Selskab navn til Det Danske Kulturinstitut, og i 2016 begyndte vi i daglig tale at kalde\u00a0os for Dansk Kulturinstitut.<\/p>\n<p>&nbsp;<\/p>\n<p>Dansk Kulturinstitut har siden grundl\u00e6ggelsen lagt v\u00e6gt p\u00e5 den lokale tilstedev\u00e6relse gennem afdelinger i udlandet.<\/p>\n<p>&nbsp;<\/p>\n<p>Antallet og placeringen af institutter har skiftet gennem \u00e5rene.<\/p>\n<p>I dag er vi tilstede i:<\/p>\n<p>&nbsp;<\/p>\n<p><a href=\"https:\/\/www.danishculture.org.br\/\" target=\"_blank\" rel=\"noopener\">Brasilien<\/a> (S\u00e3o Paulo)<\/p>\n<p><a href=\"https:\/\/www.dki.lv\/\" target=\"_blank\" rel=\"noopener\">Estland, Letland og Litauen<\/a> (Riga)<\/p>\n<p><a href=\"https:\/\/www.danishculture.in\/\" target=\"_blank\" rel=\"noopener\">Indien <\/a><\/p>\n<p><a href=\"https:\/\/china.danishculture.com\/\" target=\"_blank\" rel=\"noopener\">Kina<\/a> (Beijing)<\/p>\n<p><a href=\"https:\/\/www.facebook.com\/theudyh\" target=\"_blank\" rel=\"noopener\">Ukraine<\/a> (Kyiv) &#8211; via Det Ukrainsk-Danske Ungdomshus<\/p>\n<p><a href=\"http:\/\/danishcultureturkey.com\" target=\"_blank\" rel=\"noopener\">Tyrkiet\u00a0<\/a><\/p>\n<p><a href=\"http:\/\/newdemocracyfund.org\">De \u00f8stlige naboskabslande<\/a>\u00a0&#8211; via Den Ny Demokratifond<\/p>\n<p>Dansk Kulturinstituts hovedkontor er i K\u00f8benhavn.<\/p>\n<p>&nbsp;<\/p>\n<p>I starten var Det Danske Selskabs hovedform\u00e5l at v\u00e6rne om danske kulturinstitutioner, organiserer oplysningsarbejde &#8211; og som det prim\u00e6re at \u201dmedvirke til Udsendelse af dertil egnede danske Lektorer eller andre Repr\u00e6sentanter for dansk Aandsliv i st\u00f8rre Omfang end hidtil til fremmede lande.\u201d<\/p>\n<p>&nbsp;<\/p>\n<p>Den tyske bes\u00e6ttelse af Danmark i 1940 gjorde det ikke nemt for Det Danske Selskab at virkeligg\u00f8re st\u00f8rstedelen af selskabets vision. I stedet startede selskabet projektet \u201dDanmarks Kultur ved Aar 1940\u201d. Det var 8 rigt illustrerede bind, der udkom fra 1941 \u2013 43. Som navnet antyder, handlede projektet om dansk kultur \u2013 herunder historie, kunst, politik og samfundsliv. De indledende betragtninger i v\u00e6rket blev skrevet af Niels Bohr.<\/p>\n<p>&nbsp;<\/p>\n<h5>Internationalt gennembrud<\/h5>\n<p>Det Danske Selskabs (DDS) tidlige hovedm\u00e5l: udsende folk der kunne oplyse om Danmark og styrke den interkulturelle dialog, blev trods den tysk bes\u00e6ttelse ikke glemt.<\/p>\n<p>&nbsp;<\/p>\n<p>I 1947 blev DDS optaget p\u00e5 finansloven, hvor der blev skabt \u00f8konomisk grundlag for udsendelse af delegater til en r\u00e6kke europ\u00e6iske byer \u2013 \u00f8vrigt tilskud kom fra en r\u00e6kke kommuner, pengeinstitutter og virksomheder.<\/p>\n<p>&nbsp;<\/p>\n<p>De 5 f\u00f8rst udsendinge blev Vagn Hauch Fenger til Birmingham, Erling Norlev til Glasgow, Carl Chr. Petersen til Prag, Tove Galatius til Amsterdam og Finn Riber Jensen til Z\u00fcrich.<\/p>\n<p>&nbsp;<\/p>\n<p>I 1948 blev der oprettet tre nye poster: I Rom, Chicago og Bruxelles. Nogle af de udsendte havde akademisk baggrund, andre journalistisk erfaring, alle havde praktiske erfaringer med undervisning og formidling.<\/p>\n<p>&nbsp;<\/p>\n<p>For Folmer Wisti var sp\u00f8rgsm\u00e5let \u201dhvad kan vi l\u00e6re af hinanden?\u201d helt centralt, og det blev en slags mantra for organisationens virke i det f\u00f8lgende \u00e5rtier \u2013 og er det stadig den dag i dag.<\/p>\n<p>&nbsp;<\/p>\n<h5>Dansk Kulturinstitut i dag<\/h5>\n<p>Siden 1940 har vores vision \u00e6ndret sig en del. Hvor omdrejningspunktet for Det Danske Selskab hovedsageligt var at v\u00e6rne om dansk kultur og kort sagt promovere denne i udlandet, arbejder vi i dag, gennem kunst og kultur, for at skabe nye perspektiver, forbindelser og styrke dialog sammen med vores samarbejdspartnere verden over. Alt sammen med en tro p\u00e5, at vi er bedre sammen.<\/p>\n<p>&nbsp;<\/p>\n<p>Du kan l\u00e6se mere om vores projekter, store som sm\u00e5, <a href=\"https:\/\/www.danishculture.com\/da\/projekter\/\" target=\"_blank\" rel=\"noopener\">her<\/a><\/p>\n<p>&nbsp;<\/p>\n<p><img loading=\"lazy\" decoding=\"async\" class=\"alignnone wp-image-21424\" src=\"https:\/\/www.danishculture.com\/wp-content\/uploads\/2016\/05\/wisti_folmer_gammelt-pressebillede.jpg\" alt=\"\" width=\"304\" height=\"400\" srcset=\"https:\/\/www.danishculture.com\/wp-content\/uploads\/2016\/05\/wisti_folmer_gammelt-pressebillede.jpg 1323w, https:\/\/www.danishculture.com\/wp-content\/uploads\/2016\/05\/wisti_folmer_gammelt-pressebillede-228x300.jpg 228w, https:\/\/www.danishculture.com\/wp-content\/uploads\/2016\/05\/wisti_folmer_gammelt-pressebillede-768x1010.jpg 768w, https:\/\/www.danishculture.com\/wp-content\/uploads\/2016\/05\/wisti_folmer_gammelt-pressebillede-779x1024.jpg 779w, https:\/\/www.danishculture.com\/wp-content\/uploads\/2016\/05\/wisti_folmer_gammelt-pressebillede-136x179.jpg 136w, https:\/\/www.danishculture.com\/wp-content\/uploads\/2016\/05\/wisti_folmer_gammelt-pressebillede-214x281.jpg 214w, https:\/\/www.danishculture.com\/wp-content\/uploads\/2016\/05\/wisti_folmer_gammelt-pressebillede-507x667.jpg 507w, https:\/\/www.danishculture.com\/wp-content\/uploads\/2016\/05\/wisti_folmer_gammelt-pressebillede-213x280.jpg 213w\" sizes=\"auto, (max-width: 304px) 100vw, 304px\" \/><\/p>\n<p>Dansk Kulturinstituts grundl\u00e6gger Folmer Wisti<\/p>\n<p>&nbsp;<\/p>\n","protected":false},"excerpt":{"rendered":"<p>Dansk Kulturinstituts historie g\u00e5r tilbage til\u00a01940, hvor Instituttets stifter, Folmer Wisti, oprettede Det Danske Selskab. Det Danske Selskabs form\u00e5l var at arbejde for mellemfolkelig forst\u00e5else gennem oplysning om Danmark og udveksling af kultur, ideer og erfaringer mellem Danmark og andre lande. De f\u00f8rste afdelinger i udlandet blev oprettet i 1947. &nbsp; I 1989 \u00e6ndrede Det [&hellip;]<\/p>\n","protected":false},"author":1,"featured_media":0,"parent":0,"menu_order":56,"comment_status":"closed","ping_status":"closed","template":"","meta":{"_acf_changed":false,"footnotes":""},"class_list":["post-685","page","type-page","status-publish","hentry"],"acf":[],"yoast_head":"<!-- This site is optimized with the Yoast SEO plugin v23.9 - https:\/\/yoast.com\/wordpress\/plugins\/seo\/ -->\n<title>Dansk Kulturinstituts historie | Danish Cultural Institute<\/title>\n<meta name=\"description\" content=\"Dansk Kulturinstituts historie g\u00e5r tilbage til\u00a01940, hvor Instituttets stifter, Folmer Wisti, oprettede Det Danske Selskab.\" \/>\n<meta name=\"robots\" content=\"index, follow, max-snippet:-1, max-image-preview:large, max-video-preview:-1\" \/>\n<link rel=\"canonical\" href=\"https:\/\/www.danishculture.com\/da\/historie\/\" \/>\n<meta property=\"og:locale\" content=\"da_DK\" \/>\n<meta property=\"og:type\" content=\"article\" \/>\n<meta property=\"og:title\" content=\"Dansk Kulturinstituts historie | Danish Cultural Institute\" \/>\n<meta property=\"og:description\" content=\"Dansk Kulturinstituts historie g\u00e5r tilbage til\u00a01940, hvor Instituttets stifter, Folmer Wisti, oprettede Det Danske Selskab.\" \/>\n<meta property=\"og:url\" content=\"https:\/\/www.danishculture.com\/da\/historie\/\" \/>\n<meta property=\"article:modified_time\" content=\"2023-07-26T08:22:05+00:00\" \/>\n<meta property=\"og:image\" content=\"https:\/\/www.danishculture.com\/wp-content\/uploads\/2016\/05\/wisti_folmer_gammelt-pressebillede.jpg\" \/>\n\t<meta property=\"og:image:width\" content=\"1323\" \/>\n\t<meta property=\"og:image:height\" content=\"1740\" \/>\n\t<meta property=\"og:image:type\" content=\"image\/jpeg\" \/>\n<meta name=\"twitter:card\" content=\"summary_large_image\" \/>\n<meta name=\"twitter:label1\" content=\"Estimeret l\u00e6setid\" \/>\n\t<meta name=\"twitter:data1\" content=\"3 minutes\" \/>\n<script type=\"application\/ld+json\" class=\"yoast-schema-graph\">{\"@context\":\"https:\/\/schema.org\",\"@graph\":[{\"@type\":\"WebPage\",\"@id\":\"https:\/\/www.danishculture.com\/da\/historie\/\",\"url\":\"https:\/\/www.danishculture.com\/da\/historie\/\",\"name\":\"Dansk Kulturinstituts historie | Danish Cultural Institute\",\"isPartOf\":{\"@id\":\"https:\/\/www.danishculture.com\/#website\"},\"primaryImageOfPage\":{\"@id\":\"https:\/\/www.danishculture.com\/da\/historie\/#primaryimage\"},\"image\":{\"@id\":\"https:\/\/www.danishculture.com\/da\/historie\/#primaryimage\"},\"thumbnailUrl\":\"https:\/\/www.danishculture.com\/wp-content\/uploads\/2016\/05\/wisti_folmer_gammelt-pressebillede.jpg\",\"datePublished\":\"2016-05-17T13:07:11+00:00\",\"dateModified\":\"2023-07-26T08:22:05+00:00\",\"description\":\"Dansk Kulturinstituts historie g\u00e5r tilbage til\u00a01940, hvor Instituttets stifter, Folmer Wisti, oprettede Det Danske Selskab.\",\"breadcrumb\":{\"@id\":\"https:\/\/www.danishculture.com\/da\/historie\/#breadcrumb\"},\"inLanguage\":\"da-DK\",\"potentialAction\":[{\"@type\":\"ReadAction\",\"target\":[\"https:\/\/www.danishculture.com\/da\/historie\/\"]}]},{\"@type\":\"ImageObject\",\"inLanguage\":\"da-DK\",\"@id\":\"https:\/\/www.danishculture.com\/da\/historie\/#primaryimage\",\"url\":\"https:\/\/www.danishculture.com\/wp-content\/uploads\/2016\/05\/wisti_folmer_gammelt-pressebillede.jpg\",\"contentUrl\":\"https:\/\/www.danishculture.com\/wp-content\/uploads\/2016\/05\/wisti_folmer_gammelt-pressebillede.jpg\"},{\"@type\":\"BreadcrumbList\",\"@id\":\"https:\/\/www.danishculture.com\/da\/historie\/#breadcrumb\",\"itemListElement\":[{\"@type\":\"ListItem\",\"position\":1,\"name\":\"Home\",\"item\":\"https:\/\/www.danishculture.com\/da\/\"},{\"@type\":\"ListItem\",\"position\":2,\"name\":\"Historie\"}]},{\"@type\":\"WebSite\",\"@id\":\"https:\/\/www.danishculture.com\/#website\",\"url\":\"https:\/\/www.danishculture.com\/\",\"name\":\"\",\"description\":\"Vi arbejder for at skabe forst\u00e5else for dansk og international kultur\",\"potentialAction\":[{\"@type\":\"SearchAction\",\"target\":{\"@type\":\"EntryPoint\",\"urlTemplate\":\"https:\/\/www.danishculture.com\/?s={search_term_string}\"},\"query-input\":{\"@type\":\"PropertyValueSpecification\",\"valueRequired\":true,\"valueName\":\"search_term_string\"}}],\"inLanguage\":\"da-DK\"}]}<\/script>\n<!-- \/ Yoast SEO plugin. -->","yoast_head_json":{"title":"Dansk Kulturinstituts historie | Danish Cultural Institute","description":"Dansk Kulturinstituts historie g\u00e5r tilbage til\u00a01940, hvor Instituttets stifter, Folmer Wisti, oprettede Det Danske Selskab.","robots":{"index":"index","follow":"follow","max-snippet":"max-snippet:-1","max-image-preview":"max-image-preview:large","max-video-preview":"max-video-preview:-1"},"canonical":"https:\/\/www.danishculture.com\/da\/historie\/","og_locale":"da_DK","og_type":"article","og_title":"Dansk Kulturinstituts historie | Danish Cultural Institute","og_description":"Dansk Kulturinstituts historie g\u00e5r tilbage til\u00a01940, hvor Instituttets stifter, Folmer Wisti, oprettede Det Danske Selskab.","og_url":"https:\/\/www.danishculture.com\/da\/historie\/","article_modified_time":"2023-07-26T08:22:05+00:00","og_image":[{"width":1323,"height":1740,"url":"https:\/\/www.danishculture.com\/wp-content\/uploads\/2016\/05\/wisti_folmer_gammelt-pressebillede.jpg","type":"image\/jpeg"}],"twitter_card":"summary_large_image","twitter_misc":{"Estimeret l\u00e6setid":"3 minutes"},"schema":{"@context":"https:\/\/schema.org","@graph":[{"@type":"WebPage","@id":"https:\/\/www.danishculture.com\/da\/historie\/","url":"https:\/\/www.danishculture.com\/da\/historie\/","name":"Dansk Kulturinstituts historie | Danish Cultural Institute","isPartOf":{"@id":"https:\/\/www.danishculture.com\/#website"},"primaryImageOfPage":{"@id":"https:\/\/www.danishculture.com\/da\/historie\/#primaryimage"},"image":{"@id":"https:\/\/www.danishculture.com\/da\/historie\/#primaryimage"},"thumbnailUrl":"https:\/\/www.danishculture.com\/wp-content\/uploads\/2016\/05\/wisti_folmer_gammelt-pressebillede.jpg","datePublished":"2016-05-17T13:07:11+00:00","dateModified":"2023-07-26T08:22:05+00:00","description":"Dansk Kulturinstituts historie g\u00e5r tilbage til\u00a01940, hvor Instituttets stifter, Folmer Wisti, oprettede Det Danske Selskab.","breadcrumb":{"@id":"https:\/\/www.danishculture.com\/da\/historie\/#breadcrumb"},"inLanguage":"da-DK","potentialAction":[{"@type":"ReadAction","target":["https:\/\/www.danishculture.com\/da\/historie\/"]}]},{"@type":"ImageObject","inLanguage":"da-DK","@id":"https:\/\/www.danishculture.com\/da\/historie\/#primaryimage","url":"https:\/\/www.danishculture.com\/wp-content\/uploads\/2016\/05\/wisti_folmer_gammelt-pressebillede.jpg","contentUrl":"https:\/\/www.danishculture.com\/wp-content\/uploads\/2016\/05\/wisti_folmer_gammelt-pressebillede.jpg"},{"@type":"BreadcrumbList","@id":"https:\/\/www.danishculture.com\/da\/historie\/#breadcrumb","itemListElement":[{"@type":"ListItem","position":1,"name":"Home","item":"https:\/\/www.danishculture.com\/da\/"},{"@type":"ListItem","position":2,"name":"Historie"}]},{"@type":"WebSite","@id":"https:\/\/www.danishculture.com\/#website","url":"https:\/\/www.danishculture.com\/","name":"","description":"Vi arbejder for at skabe forst\u00e5else for dansk og international kultur","potentialAction":[{"@type":"SearchAction","target":{"@type":"EntryPoint","urlTemplate":"https:\/\/www.danishculture.com\/?s={search_term_string}"},"query-input":{"@type":"PropertyValueSpecification","valueRequired":true,"valueName":"search_term_string"}}],"inLanguage":"da-DK"}]}},"_links":{"self":[{"href":"https:\/\/www.danishculture.com\/da\/wp-json\/wp\/v2\/pages\/685","targetHints":{"allow":["GET"]}}],"collection":[{"href":"https:\/\/www.danishculture.com\/da\/wp-json\/wp\/v2\/pages"}],"about":[{"href":"https:\/\/www.danishculture.com\/da\/wp-json\/wp\/v2\/types\/page"}],"author":[{"embeddable":true,"href":"https:\/\/www.danishculture.com\/da\/wp-json\/wp\/v2\/users\/1"}],"replies":[{"embeddable":true,"href":"https:\/\/www.danishculture.com\/da\/wp-json\/wp\/v2\/comments?post=685"}],"version-history":[{"count":39,"href":"https:\/\/www.danishculture.com\/da\/wp-json\/wp\/v2\/pages\/685\/revisions"}],"predecessor-version":[{"id":21428,"href":"https:\/\/www.danishculture.com\/da\/wp-json\/wp\/v2\/pages\/685\/revisions\/21428"}],"wp:attachment":[{"href":"https:\/\/www.danishculture.com\/da\/wp-json\/wp\/v2\/media?parent=685"}],"curies":[{"name":"wp","href":"https:\/\/api.w.org\/{rel}","templated":true}]}}