{"id":677,"date":"2016-05-24T13:25:17","date_gmt":"2016-05-24T13:25:17","guid":{"rendered":"http:\/\/dki.staging.folkmatic.com\/?page_id=677&#038;lang=da"},"modified":"2026-01-07T10:25:57","modified_gmt":"2026-01-07T09:25:57","slug":"dansk-kulturinstituts-bestyrelse","status":"publish","type":"page","link":"https:\/\/www.danishculture.com\/da\/dansk-kulturinstituts-bestyrelse\/","title":{"rendered":"Bestyrelsen"},"content":{"rendered":"<p>Dansk Kulturinstitut er en selvejende institution med en professionel bestyrelse, der v\u00e6lges af op til 60 medlemmer af <a href=\"https:\/\/www.danishculture.com\/da\/organisation\/repraesentantskabet\/\" target=\"_blank\" rel=\"noopener\">repr\u00e6sentantskabet<\/a>. Bestyrelsen best\u00e5r af ni\u00a0medlemmer.<\/p>\n<p>&nbsp;<\/p>\n<p>Repr\u00e6sentantskabets formand og n\u00e6stformand er henholdsvis formand og n\u00e6stformand i bestyrelsen. Derudover v\u00e6lges tre til fem medlemmer af repr\u00e6sentantskabet samt to personalevalgte medlemmer.<\/p>\n<h5><strong>Den nuv\u00e6rende bestyrelse for Dansk Kulturinstitut best\u00e5r af:<\/strong><\/h5>\n<p>Carsten Haurum, forperson<\/p>\n<p>Flemming M\u00f8ller Mortensen, n\u00e6stforperson<\/p>\n<p>Michael Ehrenreich<\/p>\n<p>Anders Ladekarl<\/p>\n<p>Erik Jacobsen<\/p>\n<p>Birgitte Nauntofte<\/p>\n<p>Rikke \u00d8xner<\/p>\n<p>Henriette Borg Reinholdt, personalevalgt repr\u00e6sentant<\/p>\n<p>Olaf Gerlach-Hansen, personalevalgt repr\u00e6sentant<\/p>\n<p>&nbsp;<\/p>\n<p>L\u00e6s mere om <a href=\"https:\/\/www.danishculture.com\/da\/om-dansk-kulturinstitut\/\" target=\"_blank\" rel=\"noopener\"><em>Dansk Kulturinstitut<\/em><\/a>.<\/p>\n<div class=\"page\" title=\"Page 4\"><\/div>\n","protected":false},"excerpt":{"rendered":"<p>Dansk Kulturinstitut er en selvejende institution med en professionel bestyrelse, der v\u00e6lges af op til 60 medlemmer af repr\u00e6sentantskabet. Bestyrelsen best\u00e5r af ni\u00a0medlemmer. &nbsp; Repr\u00e6sentantskabets formand og n\u00e6stformand er henholdsvis formand og n\u00e6stformand i bestyrelsen. Derudover v\u00e6lges tre til fem medlemmer af repr\u00e6sentantskabet samt to personalevalgte medlemmer. Den nuv\u00e6rende bestyrelse for Dansk Kulturinstitut best\u00e5r af: [&hellip;]<\/p>\n","protected":false},"author":3,"featured_media":0,"parent":0,"menu_order":20,"comment_status":"closed","ping_status":"closed","template":"","meta":{"_acf_changed":false,"footnotes":""},"class_list":["post-677","page","type-page","status-publish","hentry"],"acf":[],"yoast_head":"<!-- This site is optimized with the Yoast SEO plugin v23.9 - https:\/\/yoast.com\/wordpress\/plugins\/seo\/ -->\n<title>Dansk Kulturinstituts bestyrelse | Dansk Kulturinstitut<\/title>\n<meta name=\"description\" content=\"Dansk Kulturinstituts bestyrelse best\u00e5r af 9 medlemmer. Formand og n\u00e6stformand i bestyrelsen er henholdsvis Carsten Haurum og Anette Wad.\" \/>\n<meta name=\"robots\" content=\"index, follow, max-snippet:-1, max-image-preview:large, max-video-preview:-1\" \/>\n<link rel=\"canonical\" href=\"https:\/\/www.danishculture.com\/da\/dansk-kulturinstituts-bestyrelse\/\" \/>\n<meta property=\"og:locale\" content=\"da_DK\" \/>\n<meta property=\"og:type\" content=\"article\" \/>\n<meta property=\"og:title\" content=\"Dansk Kulturinstituts bestyrelse | Dansk Kulturinstitut\" \/>\n<meta property=\"og:description\" content=\"Dansk Kulturinstituts bestyrelse best\u00e5r af 9 medlemmer. Formand og n\u00e6stformand i bestyrelsen er henholdsvis Carsten Haurum og Anette Wad.\" \/>\n<meta property=\"og:url\" content=\"https:\/\/www.danishculture.com\/da\/dansk-kulturinstituts-bestyrelse\/\" \/>\n<meta property=\"article:modified_time\" content=\"2026-01-07T09:25:57+00:00\" \/>\n<meta name=\"twitter:card\" content=\"summary_large_image\" \/>\n<meta name=\"twitter:label1\" content=\"Estimeret l\u00e6setid\" \/>\n\t<meta name=\"twitter:data1\" content=\"1 minute\" \/>\n<script type=\"application\/ld+json\" class=\"yoast-schema-graph\">{\"@context\":\"https:\/\/schema.org\",\"@graph\":[{\"@type\":\"WebPage\",\"@id\":\"https:\/\/www.danishculture.com\/da\/dansk-kulturinstituts-bestyrelse\/\",\"url\":\"https:\/\/www.danishculture.com\/da\/dansk-kulturinstituts-bestyrelse\/\",\"name\":\"Dansk Kulturinstituts bestyrelse | Dansk Kulturinstitut\",\"isPartOf\":{\"@id\":\"https:\/\/www.danishculture.com\/#website\"},\"datePublished\":\"2016-05-24T13:25:17+00:00\",\"dateModified\":\"2026-01-07T09:25:57+00:00\",\"description\":\"Dansk Kulturinstituts bestyrelse best\u00e5r af 9 medlemmer. Formand og n\u00e6stformand i bestyrelsen er henholdsvis Carsten Haurum og Anette Wad.\",\"breadcrumb\":{\"@id\":\"https:\/\/www.danishculture.com\/da\/dansk-kulturinstituts-bestyrelse\/#breadcrumb\"},\"inLanguage\":\"da-DK\",\"potentialAction\":[{\"@type\":\"ReadAction\",\"target\":[\"https:\/\/www.danishculture.com\/da\/dansk-kulturinstituts-bestyrelse\/\"]}]},{\"@type\":\"BreadcrumbList\",\"@id\":\"https:\/\/www.danishculture.com\/da\/dansk-kulturinstituts-bestyrelse\/#breadcrumb\",\"itemListElement\":[{\"@type\":\"ListItem\",\"position\":1,\"name\":\"Home\",\"item\":\"https:\/\/www.danishculture.com\/da\/\"},{\"@type\":\"ListItem\",\"position\":2,\"name\":\"Bestyrelsen\"}]},{\"@type\":\"WebSite\",\"@id\":\"https:\/\/www.danishculture.com\/#website\",\"url\":\"https:\/\/www.danishculture.com\/\",\"name\":\"\",\"description\":\"Vi arbejder for at skabe forst\u00e5else for dansk og international kultur\",\"potentialAction\":[{\"@type\":\"SearchAction\",\"target\":{\"@type\":\"EntryPoint\",\"urlTemplate\":\"https:\/\/www.danishculture.com\/?s={search_term_string}\"},\"query-input\":{\"@type\":\"PropertyValueSpecification\",\"valueRequired\":true,\"valueName\":\"search_term_string\"}}],\"inLanguage\":\"da-DK\"}]}<\/script>\n<!-- \/ Yoast SEO plugin. -->","yoast_head_json":{"title":"Dansk Kulturinstituts bestyrelse | Dansk Kulturinstitut","description":"Dansk Kulturinstituts bestyrelse best\u00e5r af 9 medlemmer. Formand og n\u00e6stformand i bestyrelsen er henholdsvis Carsten Haurum og Anette Wad.","robots":{"index":"index","follow":"follow","max-snippet":"max-snippet:-1","max-image-preview":"max-image-preview:large","max-video-preview":"max-video-preview:-1"},"canonical":"https:\/\/www.danishculture.com\/da\/dansk-kulturinstituts-bestyrelse\/","og_locale":"da_DK","og_type":"article","og_title":"Dansk Kulturinstituts bestyrelse | Dansk Kulturinstitut","og_description":"Dansk Kulturinstituts bestyrelse best\u00e5r af 9 medlemmer. Formand og n\u00e6stformand i bestyrelsen er henholdsvis Carsten Haurum og Anette Wad.","og_url":"https:\/\/www.danishculture.com\/da\/dansk-kulturinstituts-bestyrelse\/","article_modified_time":"2026-01-07T09:25:57+00:00","twitter_card":"summary_large_image","twitter_misc":{"Estimeret l\u00e6setid":"1 minute"},"schema":{"@context":"https:\/\/schema.org","@graph":[{"@type":"WebPage","@id":"https:\/\/www.danishculture.com\/da\/dansk-kulturinstituts-bestyrelse\/","url":"https:\/\/www.danishculture.com\/da\/dansk-kulturinstituts-bestyrelse\/","name":"Dansk Kulturinstituts bestyrelse | Dansk Kulturinstitut","isPartOf":{"@id":"https:\/\/www.danishculture.com\/#website"},"datePublished":"2016-05-24T13:25:17+00:00","dateModified":"2026-01-07T09:25:57+00:00","description":"Dansk Kulturinstituts bestyrelse best\u00e5r af 9 medlemmer. Formand og n\u00e6stformand i bestyrelsen er henholdsvis Carsten Haurum og Anette Wad.","breadcrumb":{"@id":"https:\/\/www.danishculture.com\/da\/dansk-kulturinstituts-bestyrelse\/#breadcrumb"},"inLanguage":"da-DK","potentialAction":[{"@type":"ReadAction","target":["https:\/\/www.danishculture.com\/da\/dansk-kulturinstituts-bestyrelse\/"]}]},{"@type":"BreadcrumbList","@id":"https:\/\/www.danishculture.com\/da\/dansk-kulturinstituts-bestyrelse\/#breadcrumb","itemListElement":[{"@type":"ListItem","position":1,"name":"Home","item":"https:\/\/www.danishculture.com\/da\/"},{"@type":"ListItem","position":2,"name":"Bestyrelsen"}]},{"@type":"WebSite","@id":"https:\/\/www.danishculture.com\/#website","url":"https:\/\/www.danishculture.com\/","name":"","description":"Vi arbejder for at skabe forst\u00e5else for dansk og international kultur","potentialAction":[{"@type":"SearchAction","target":{"@type":"EntryPoint","urlTemplate":"https:\/\/www.danishculture.com\/?s={search_term_string}"},"query-input":{"@type":"PropertyValueSpecification","valueRequired":true,"valueName":"search_term_string"}}],"inLanguage":"da-DK"}]}},"_links":{"self":[{"href":"https:\/\/www.danishculture.com\/da\/wp-json\/wp\/v2\/pages\/677","targetHints":{"allow":["GET"]}}],"collection":[{"href":"https:\/\/www.danishculture.com\/da\/wp-json\/wp\/v2\/pages"}],"about":[{"href":"https:\/\/www.danishculture.com\/da\/wp-json\/wp\/v2\/types\/page"}],"author":[{"embeddable":true,"href":"https:\/\/www.danishculture.com\/da\/wp-json\/wp\/v2\/users\/3"}],"replies":[{"embeddable":true,"href":"https:\/\/www.danishculture.com\/da\/wp-json\/wp\/v2\/comments?post=677"}],"version-history":[{"count":81,"href":"https:\/\/www.danishculture.com\/da\/wp-json\/wp\/v2\/pages\/677\/revisions"}],"predecessor-version":[{"id":28538,"href":"https:\/\/www.danishculture.com\/da\/wp-json\/wp\/v2\/pages\/677\/revisions\/28538"}],"wp:attachment":[{"href":"https:\/\/www.danishculture.com\/da\/wp-json\/wp\/v2\/media?parent=677"}],"curies":[{"name":"wp","href":"https:\/\/api.w.org\/{rel}","templated":true}]}}