{"id":654,"date":"2016-05-17T13:04:36","date_gmt":"2016-05-17T13:04:36","guid":{"rendered":"http:\/\/dki.staging.folkmatic.com\/medarbejdere\/?lang=da"},"modified":"2025-10-14T14:41:10","modified_gmt":"2025-10-14T13:41:10","slug":"kontakt-dansk-kulturinstitut","status":"publish","type":"page","link":"https:\/\/www.danishculture.com\/da\/kontakt-dansk-kulturinstitut\/","title":{"rendered":"Hovedkontor i K\u00f8benhavn"},"content":{"rendered":"","protected":false},"excerpt":{"rendered":"","protected":false},"author":1,"featured_media":0,"parent":0,"menu_order":31,"comment_status":"closed","ping_status":"closed","template":"templates\/template-team.php","meta":{"_acf_changed":false,"footnotes":""},"class_list":["post-654","page","type-page","status-publish","hentry"],"acf":[],"yoast_head":"<!-- This site is optimized with the Yoast SEO plugin v23.9 - https:\/\/yoast.com\/wordpress\/plugins\/seo\/ -->\n<title>Hovedkontor i K\u00f8benhavn | Kontakt Dansk Kulturinstitut<\/title>\n<meta name=\"description\" content=\"Kontakt Dansk Kulturinstitut: P\u00e5 denne side finder du kontaktinformationer p\u00e5 adm. direkt\u00f8r Camilla Mordhorst og medarbejdere hos Dansk Kulturinstitut.\" \/>\n<meta name=\"robots\" content=\"index, follow, max-snippet:-1, max-image-preview:large, max-video-preview:-1\" \/>\n<link rel=\"canonical\" href=\"https:\/\/www.danishculture.com\/da\/kontakt-dansk-kulturinstitut\/\" \/>\n<meta property=\"og:locale\" content=\"da_DK\" \/>\n<meta property=\"og:type\" content=\"article\" \/>\n<meta property=\"og:title\" content=\"Hovedkontor i K\u00f8benhavn | Kontakt Dansk Kulturinstitut\" \/>\n<meta property=\"og:description\" content=\"Kontakt Dansk Kulturinstitut: P\u00e5 denne side finder du kontaktinformationer p\u00e5 adm. direkt\u00f8r Camilla Mordhorst og medarbejdere hos Dansk Kulturinstitut.\" \/>\n<meta property=\"og:url\" content=\"https:\/\/www.danishculture.com\/da\/kontakt-dansk-kulturinstitut\/\" \/>\n<meta property=\"article:modified_time\" content=\"2025-10-14T13:41:10+00:00\" \/>\n<meta name=\"twitter:card\" content=\"summary_large_image\" \/>\n<meta name=\"twitter:label1\" content=\"Estimeret l\u00e6setid\" \/>\n\t<meta name=\"twitter:data1\" content=\"1 minute\" \/>\n<script type=\"application\/ld+json\" class=\"yoast-schema-graph\">{\"@context\":\"https:\/\/schema.org\",\"@graph\":[{\"@type\":\"WebPage\",\"@id\":\"https:\/\/www.danishculture.com\/da\/kontakt-dansk-kulturinstitut\/\",\"url\":\"https:\/\/www.danishculture.com\/da\/kontakt-dansk-kulturinstitut\/\",\"name\":\"Hovedkontor i K\u00f8benhavn | Kontakt Dansk Kulturinstitut\",\"isPartOf\":{\"@id\":\"https:\/\/www.danishculture.com\/#website\"},\"datePublished\":\"2016-05-17T13:04:36+00:00\",\"dateModified\":\"2025-10-14T13:41:10+00:00\",\"description\":\"Kontakt Dansk Kulturinstitut: P\u00e5 denne side finder du kontaktinformationer p\u00e5 adm. direkt\u00f8r Camilla Mordhorst og medarbejdere hos Dansk Kulturinstitut.\",\"breadcrumb\":{\"@id\":\"https:\/\/www.danishculture.com\/da\/kontakt-dansk-kulturinstitut\/#breadcrumb\"},\"inLanguage\":\"da-DK\",\"potentialAction\":[{\"@type\":\"ReadAction\",\"target\":[\"https:\/\/www.danishculture.com\/da\/kontakt-dansk-kulturinstitut\/\"]}]},{\"@type\":\"BreadcrumbList\",\"@id\":\"https:\/\/www.danishculture.com\/da\/kontakt-dansk-kulturinstitut\/#breadcrumb\",\"itemListElement\":[{\"@type\":\"ListItem\",\"position\":1,\"name\":\"Home\",\"item\":\"https:\/\/www.danishculture.com\/da\/\"},{\"@type\":\"ListItem\",\"position\":2,\"name\":\"Hovedkontor i K\u00f8benhavn\"}]},{\"@type\":\"WebSite\",\"@id\":\"https:\/\/www.danishculture.com\/#website\",\"url\":\"https:\/\/www.danishculture.com\/\",\"name\":\"\",\"description\":\"Vi arbejder for at skabe forst\u00e5else for dansk og international kultur\",\"potentialAction\":[{\"@type\":\"SearchAction\",\"target\":{\"@type\":\"EntryPoint\",\"urlTemplate\":\"https:\/\/www.danishculture.com\/?s={search_term_string}\"},\"query-input\":{\"@type\":\"PropertyValueSpecification\",\"valueRequired\":true,\"valueName\":\"search_term_string\"}}],\"inLanguage\":\"da-DK\"}]}<\/script>\n<!-- \/ Yoast SEO plugin. -->","yoast_head_json":{"title":"Hovedkontor i K\u00f8benhavn | Kontakt Dansk Kulturinstitut","description":"Kontakt Dansk Kulturinstitut: P\u00e5 denne side finder du kontaktinformationer p\u00e5 adm. direkt\u00f8r Camilla Mordhorst og medarbejdere hos Dansk Kulturinstitut.","robots":{"index":"index","follow":"follow","max-snippet":"max-snippet:-1","max-image-preview":"max-image-preview:large","max-video-preview":"max-video-preview:-1"},"canonical":"https:\/\/www.danishculture.com\/da\/kontakt-dansk-kulturinstitut\/","og_locale":"da_DK","og_type":"article","og_title":"Hovedkontor i K\u00f8benhavn | Kontakt Dansk Kulturinstitut","og_description":"Kontakt Dansk Kulturinstitut: P\u00e5 denne side finder du kontaktinformationer p\u00e5 adm. direkt\u00f8r Camilla Mordhorst og medarbejdere hos Dansk Kulturinstitut.","og_url":"https:\/\/www.danishculture.com\/da\/kontakt-dansk-kulturinstitut\/","article_modified_time":"2025-10-14T13:41:10+00:00","twitter_card":"summary_large_image","twitter_misc":{"Estimeret l\u00e6setid":"1 minute"},"schema":{"@context":"https:\/\/schema.org","@graph":[{"@type":"WebPage","@id":"https:\/\/www.danishculture.com\/da\/kontakt-dansk-kulturinstitut\/","url":"https:\/\/www.danishculture.com\/da\/kontakt-dansk-kulturinstitut\/","name":"Hovedkontor i K\u00f8benhavn | Kontakt Dansk Kulturinstitut","isPartOf":{"@id":"https:\/\/www.danishculture.com\/#website"},"datePublished":"2016-05-17T13:04:36+00:00","dateModified":"2025-10-14T13:41:10+00:00","description":"Kontakt Dansk Kulturinstitut: P\u00e5 denne side finder du kontaktinformationer p\u00e5 adm. direkt\u00f8r Camilla Mordhorst og medarbejdere hos Dansk Kulturinstitut.","breadcrumb":{"@id":"https:\/\/www.danishculture.com\/da\/kontakt-dansk-kulturinstitut\/#breadcrumb"},"inLanguage":"da-DK","potentialAction":[{"@type":"ReadAction","target":["https:\/\/www.danishculture.com\/da\/kontakt-dansk-kulturinstitut\/"]}]},{"@type":"BreadcrumbList","@id":"https:\/\/www.danishculture.com\/da\/kontakt-dansk-kulturinstitut\/#breadcrumb","itemListElement":[{"@type":"ListItem","position":1,"name":"Home","item":"https:\/\/www.danishculture.com\/da\/"},{"@type":"ListItem","position":2,"name":"Hovedkontor i K\u00f8benhavn"}]},{"@type":"WebSite","@id":"https:\/\/www.danishculture.com\/#website","url":"https:\/\/www.danishculture.com\/","name":"","description":"Vi arbejder for at skabe forst\u00e5else for dansk og international kultur","potentialAction":[{"@type":"SearchAction","target":{"@type":"EntryPoint","urlTemplate":"https:\/\/www.danishculture.com\/?s={search_term_string}"},"query-input":{"@type":"PropertyValueSpecification","valueRequired":true,"valueName":"search_term_string"}}],"inLanguage":"da-DK"}]}},"_links":{"self":[{"href":"https:\/\/www.danishculture.com\/da\/wp-json\/wp\/v2\/pages\/654","targetHints":{"allow":["GET"]}}],"collection":[{"href":"https:\/\/www.danishculture.com\/da\/wp-json\/wp\/v2\/pages"}],"about":[{"href":"https:\/\/www.danishculture.com\/da\/wp-json\/wp\/v2\/types\/page"}],"author":[{"embeddable":true,"href":"https:\/\/www.danishculture.com\/da\/wp-json\/wp\/v2\/users\/1"}],"replies":[{"embeddable":true,"href":"https:\/\/www.danishculture.com\/da\/wp-json\/wp\/v2\/comments?post=654"}],"version-history":[{"count":27,"href":"https:\/\/www.danishculture.com\/da\/wp-json\/wp\/v2\/pages\/654\/revisions"}],"predecessor-version":[{"id":28392,"href":"https:\/\/www.danishculture.com\/da\/wp-json\/wp\/v2\/pages\/654\/revisions\/28392"}],"wp:attachment":[{"href":"https:\/\/www.danishculture.com\/da\/wp-json\/wp\/v2\/media?parent=654"}],"curies":[{"name":"wp","href":"https:\/\/api.w.org\/{rel}","templated":true}]}}