{"id":6333,"date":"2017-09-22T09:50:32","date_gmt":"2017-09-22T09:50:32","guid":{"rendered":"https:\/\/www.danishculture.com\/?page_id=6333&#038;lang=da"},"modified":"2024-11-22T10:18:42","modified_gmt":"2024-11-22T09:18:42","slug":"kontakt-til-institutterne","status":"publish","type":"page","link":"https:\/\/www.danishculture.com\/da\/kontakt-til-institutterne\/","title":{"rendered":"Kontakt til institutterne"},"content":{"rendered":"<h4>Kontaktinformationer p\u00e5 Dansk Kulturinstitut i hele verden<\/h4>\n<p>Dansk Kulturinstitut har hovedkontor p\u00e5 Vartov i K\u00f8benhavn og afdelinger og indsatser i de \u00f8stlige naboskabslande (Ukraine, Georgien, Moldova, Belarus, Armenien og Aserbajdsjan), de baltiske lande, Tyrkiet, Indien, Kina og Brasilien.<\/p>\n<p>&nbsp;<\/p>\n<hr \/>\n<h5><span style=\"color: #000000;\">Brasilien<\/span><\/h5>\n<p><strong><a href=\"https:\/\/www.danishculture.org.br\/\" target=\"_blank\" rel=\"noopener\">Dansk Kulturinstitut i\u00a0S\u00e3o Paulo\u00a0<\/a><\/strong><\/p>\n<p>Rua Oscar Freire 379, conj. 32<\/p>\n<p>CEP 01426-001<\/p>\n<p>S\u00e3o Paulo \u2013 SP<br \/>\nBrazil<br \/>\nT: +55 21 2532 0599<br \/>\n<a class=\"animate-underline\" href=\"mailto:dki@danishculture.org.br?Subject=From%website\">dki@danishculture.org.br<\/a><\/p>\n<h5><span style=\"color: #000000;\">Danmark\u00a0<\/span><\/h5>\n<p class=\"contact-title\"><a href=\"http:\/\/www.danishculture.com\" target=\"_blank\" rel=\"noopener\"><strong>Dansk Kulturinstitut, <\/strong><\/a><strong>hovedkontor i K\u00f8benhavn<\/strong><\/p>\n<div class=\"contact-data\">\n<p>Vartov, Farvergade 27 L, 2<\/p>\n<p>DK-1463 K\u00f8benhavn K<\/p>\n<p>CVR: 10277728<br \/>\n<a class=\"animate-underline\" href=\"mailto:mail@danishculture.com?Subject=From%website\">mail@danishculture.com<\/a><\/p>\n<\/div>\n<h5><span style=\"color: #000000;\">De \u00d8stlige Naboskabslande<\/span><\/h5>\n<p><strong><a href=\"http:\/\/www.newdemocracyfund.org\" target=\"_blank\" rel=\"noopener\"> Den Ny Demokratifond<\/a>, sekretariat\u00a0<\/strong><\/p>\n<div class=\"contact-data\">\n<p>Vartov, Farvergade 27 L, 2<\/p>\n<p>DK-1463 K\u00f8benhavn K<\/p>\n<p>CVR: 10277728<br \/>\n<a href=\"mailto:info@newdemocracyfund.org\" target=\"_blank\" rel=\"noopener\">info@newdemocracyfund.org\u00a0<\/a><\/p>\n<\/div>\n<h5><span style=\"color: #000000;\">Estland, Letland og Litauen<\/span><\/h5>\n<p><a href=\"https:\/\/www.dki.lv\/\" target=\"_blank\" rel=\"noopener\"><strong>Dansk Kulturinstitut i Riga<\/strong><\/a><\/p>\n<p>M\u016bkusalas iel\u0101 5, Riga, Latvia<br \/>\nRiga, LV-1048<br \/>\nT +371 25448022<\/p>\n<p><a id=\"menur1p2\" class=\"fui-Link ___1q1shib f2hkw1w f3rmtva f1ewtqcl fyind8e f1k6fduh f1w7gpdv fk6fouc fjoy568 figsok6 f1s184ao f1mk8lai fnbmjn9 f1o700av f13mvf36 f1cmlufx f9n3di6 f1ids18y f1tx3yz7 f1deo86v f1eh06m1 f1iescvh fhgqx19 f1olyrje f1p93eir f1nev41a f1h8hb77 f1lqvz6u f10aw75t fsle3fq f17ae5zn\" title=\"mailto:baltics@danishculture.com?subject=from%website\" href=\"mailto:baltics@danishculture.com?Subject=From%website\" target=\"_blank\" rel=\"noreferrer noopener\" aria-label=\"Link baltics@danishculture.com\">baltics@danishculture.com<\/a><\/p>\n<h5><span style=\"color: #000000;\">Indien<\/span><strong><br \/>\n<\/strong><\/h5>\n<p><a href=\"https:\/\/www.danishculture.in\" target=\"_blank\" rel=\"noopener\"><span style=\"color: #b72d3a;\"><strong>Dansk Kulturinstitut i New Delhi<\/strong><\/span><\/a><\/p>\n<div class=\"contact-data\">\n<p>Vartov, Farvergade 27 L, 2<\/p>\n<p>DK-1463 K\u00f8benhavn K<\/p>\n<p>CVR: 10277728<br \/>\n<a class=\"animate-underline\" href=\"mailto:mail@danishculture.com?Subject=From%website\">mail@danishculture.com<\/a><\/p>\n<\/div>\n<h5><span style=\"color: #000000;\">Kina<\/span><\/h5>\n<p><strong><a href=\"https:\/\/china.danishculture.com\/\" target=\"_blank\" rel=\"noopener\">Dansk Kulturinstitut i Beijing<\/a><\/strong><br \/>\n798 International Arts District<br \/>\n706 Beiyi Jie<br \/>\n2 Jiuxianqiao Lu, Chaoyang Qu<br \/>\nBeijing 100025<br \/>\nChina<br \/>\nT: 8610 \u2013 5762 6100<br \/>\n<a href=\"mailto:center@danishculture.cn\">center@danishculture.cn<\/a><\/p>\n<h5><span style=\"color: #000000;\">Tyrkiet<\/span><\/h5>\n<p class=\"contact-title\"><a href=\"https:\/\/www.danishcultureturkey.com\/\" target=\"_blank\" rel=\"noopener\"><strong>Dansk Kulturinstitut Tyrkiet<\/strong><\/a><\/p>\n<div class=\"contact-data\">\n<p>Vartov, Farvergade 27 L, 2<\/p>\n<p>DK-1463 K\u00f8benhavn K<\/p>\n<p>CVR: 10277728<br \/>\n<a class=\"animate-underline\" href=\"mailto:mail@danishculture.com?Subject=From%website\">mail@danishculture.com<\/a><\/p>\n<\/div>\n<h5 class=\"contact-data\"><span style=\"color: #000000;\">Ukraine<\/span><\/h5>\n<p><strong><a href=\"http:\/\/www.theyouthhouse.org\" target=\"_blank\" rel=\"noopener\">Det Ukrainsk-Danske Ungdomshus<\/a><\/strong><br \/>\nPeremoga Space,<br \/>\nYaroslaviv Val 15<br \/>\nKyiv<br \/>\nUkraine<br \/>\nT.:\u00a0+ 380 (99) 379 21 54<br \/>\n<a href=\"mailto:hello@theyouthhouse.org\">hello@theyouthhouse.org<\/a><\/p>\n<p>&nbsp;<\/p>\n<h5>Hvad er Dansk Kulturinstitut?<\/h5>\n<p class=\"p1\">Vi tror p\u00e5, at kunst og kultur er blandt Danmarks vigtigste r\u00e5varer. Sammen med vores partnere udvikler vi internationale aktiviteter, som udfordrer gr\u00e6nser og skaber gensidig v\u00e6rdi og inspiration.\u00a0Is\u00e6r n\u00e5r det g\u00e6lder ligestilling, b\u00e6redygtig udvikling, demokrati og aktivt medborgerskab.<\/p>\n<p>&nbsp;<\/p>\n<p class=\"p1\">Det er vores vision at vise, at udveksling af kunst, kultur og viden kan bidrage til h\u00e5ndteringen af globale udfordringer og v\u00e6re med til at styrke FN\u2019s Verdensm\u00e5l.<\/p>\n","protected":false},"excerpt":{"rendered":"<p>Kontaktinformationer p\u00e5 Dansk Kulturinstitut i hele verden Dansk Kulturinstitut har hovedkontor p\u00e5 Vartov i K\u00f8benhavn og afdelinger og indsatser i de \u00f8stlige naboskabslande (Ukraine, Georgien, Moldova, Belarus, Armenien og Aserbajdsjan), de baltiske lande, Tyrkiet, Indien, Kina og Brasilien. &nbsp; Brasilien Dansk Kulturinstitut i\u00a0S\u00e3o Paulo\u00a0 Rua Oscar Freire 379, conj. 32 CEP 01426-001 S\u00e3o Paulo \u2013 [&hellip;]<\/p>\n","protected":false},"author":3,"featured_media":0,"parent":0,"menu_order":34,"comment_status":"closed","ping_status":"closed","template":"","meta":{"_acf_changed":false,"footnotes":""},"class_list":["post-6333","page","type-page","status-publish","hentry"],"acf":[],"yoast_head":"<!-- This site is optimized with the Yoast SEO plugin v23.9 - https:\/\/yoast.com\/wordpress\/plugins\/seo\/ -->\n<title>Kontakt Dansk Kulturinstituts afdelinger | Dansk Kulturinstitut<\/title>\n<meta name=\"description\" content=\"Dansk Kulturinstitut afdelinger i Brasilien, Kina, Brazil, China, Letland, Indien, Rusland og Danmark | Kontakt Dansk Kulturinstituts afdelinger her\" \/>\n<meta name=\"robots\" content=\"index, follow, max-snippet:-1, max-image-preview:large, max-video-preview:-1\" \/>\n<link rel=\"canonical\" href=\"https:\/\/www.danishculture.com\/da\/kontakt-til-institutterne\/\" \/>\n<meta property=\"og:locale\" content=\"da_DK\" \/>\n<meta property=\"og:type\" content=\"article\" \/>\n<meta property=\"og:title\" content=\"Kontakt Dansk Kulturinstituts afdelinger | Dansk Kulturinstitut\" \/>\n<meta property=\"og:description\" content=\"Dansk Kulturinstitut afdelinger i Brasilien, Kina, Brazil, China, Letland, Indien, Rusland og Danmark | Kontakt Dansk Kulturinstituts afdelinger her\" \/>\n<meta property=\"og:url\" content=\"https:\/\/www.danishculture.com\/da\/kontakt-til-institutterne\/\" \/>\n<meta property=\"article:modified_time\" content=\"2024-11-22T09:18:42+00:00\" \/>\n<meta name=\"twitter:card\" content=\"summary_large_image\" \/>\n<meta name=\"twitter:label1\" content=\"Estimeret l\u00e6setid\" \/>\n\t<meta name=\"twitter:data1\" content=\"1 minute\" \/>\n<script type=\"application\/ld+json\" class=\"yoast-schema-graph\">{\"@context\":\"https:\/\/schema.org\",\"@graph\":[{\"@type\":\"WebPage\",\"@id\":\"https:\/\/www.danishculture.com\/da\/kontakt-til-institutterne\/\",\"url\":\"https:\/\/www.danishculture.com\/da\/kontakt-til-institutterne\/\",\"name\":\"Kontakt Dansk Kulturinstituts afdelinger | Dansk Kulturinstitut\",\"isPartOf\":{\"@id\":\"https:\/\/www.danishculture.com\/#website\"},\"datePublished\":\"2017-09-22T09:50:32+00:00\",\"dateModified\":\"2024-11-22T09:18:42+00:00\",\"description\":\"Dansk Kulturinstitut afdelinger i Brasilien, Kina, Brazil, China, Letland, Indien, Rusland og Danmark | Kontakt Dansk Kulturinstituts afdelinger her\",\"breadcrumb\":{\"@id\":\"https:\/\/www.danishculture.com\/da\/kontakt-til-institutterne\/#breadcrumb\"},\"inLanguage\":\"da-DK\",\"potentialAction\":[{\"@type\":\"ReadAction\",\"target\":[\"https:\/\/www.danishculture.com\/da\/kontakt-til-institutterne\/\"]}]},{\"@type\":\"BreadcrumbList\",\"@id\":\"https:\/\/www.danishculture.com\/da\/kontakt-til-institutterne\/#breadcrumb\",\"itemListElement\":[{\"@type\":\"ListItem\",\"position\":1,\"name\":\"Home\",\"item\":\"https:\/\/www.danishculture.com\/da\/\"},{\"@type\":\"ListItem\",\"position\":2,\"name\":\"Kontakt til institutterne\"}]},{\"@type\":\"WebSite\",\"@id\":\"https:\/\/www.danishculture.com\/#website\",\"url\":\"https:\/\/www.danishculture.com\/\",\"name\":\"\",\"description\":\"Vi arbejder for at skabe forst\u00e5else for dansk og international kultur\",\"potentialAction\":[{\"@type\":\"SearchAction\",\"target\":{\"@type\":\"EntryPoint\",\"urlTemplate\":\"https:\/\/www.danishculture.com\/?s={search_term_string}\"},\"query-input\":{\"@type\":\"PropertyValueSpecification\",\"valueRequired\":true,\"valueName\":\"search_term_string\"}}],\"inLanguage\":\"da-DK\"}]}<\/script>\n<!-- \/ Yoast SEO plugin. -->","yoast_head_json":{"title":"Kontakt Dansk Kulturinstituts afdelinger | Dansk Kulturinstitut","description":"Dansk Kulturinstitut afdelinger i Brasilien, Kina, Brazil, China, Letland, Indien, Rusland og Danmark | Kontakt Dansk Kulturinstituts afdelinger her","robots":{"index":"index","follow":"follow","max-snippet":"max-snippet:-1","max-image-preview":"max-image-preview:large","max-video-preview":"max-video-preview:-1"},"canonical":"https:\/\/www.danishculture.com\/da\/kontakt-til-institutterne\/","og_locale":"da_DK","og_type":"article","og_title":"Kontakt Dansk Kulturinstituts afdelinger | Dansk Kulturinstitut","og_description":"Dansk Kulturinstitut afdelinger i Brasilien, Kina, Brazil, China, Letland, Indien, Rusland og Danmark | Kontakt Dansk Kulturinstituts afdelinger her","og_url":"https:\/\/www.danishculture.com\/da\/kontakt-til-institutterne\/","article_modified_time":"2024-11-22T09:18:42+00:00","twitter_card":"summary_large_image","twitter_misc":{"Estimeret l\u00e6setid":"1 minute"},"schema":{"@context":"https:\/\/schema.org","@graph":[{"@type":"WebPage","@id":"https:\/\/www.danishculture.com\/da\/kontakt-til-institutterne\/","url":"https:\/\/www.danishculture.com\/da\/kontakt-til-institutterne\/","name":"Kontakt Dansk Kulturinstituts afdelinger | Dansk Kulturinstitut","isPartOf":{"@id":"https:\/\/www.danishculture.com\/#website"},"datePublished":"2017-09-22T09:50:32+00:00","dateModified":"2024-11-22T09:18:42+00:00","description":"Dansk Kulturinstitut afdelinger i Brasilien, Kina, Brazil, China, Letland, Indien, Rusland og Danmark | Kontakt Dansk Kulturinstituts afdelinger her","breadcrumb":{"@id":"https:\/\/www.danishculture.com\/da\/kontakt-til-institutterne\/#breadcrumb"},"inLanguage":"da-DK","potentialAction":[{"@type":"ReadAction","target":["https:\/\/www.danishculture.com\/da\/kontakt-til-institutterne\/"]}]},{"@type":"BreadcrumbList","@id":"https:\/\/www.danishculture.com\/da\/kontakt-til-institutterne\/#breadcrumb","itemListElement":[{"@type":"ListItem","position":1,"name":"Home","item":"https:\/\/www.danishculture.com\/da\/"},{"@type":"ListItem","position":2,"name":"Kontakt til institutterne"}]},{"@type":"WebSite","@id":"https:\/\/www.danishculture.com\/#website","url":"https:\/\/www.danishculture.com\/","name":"","description":"Vi arbejder for at skabe forst\u00e5else for dansk og international kultur","potentialAction":[{"@type":"SearchAction","target":{"@type":"EntryPoint","urlTemplate":"https:\/\/www.danishculture.com\/?s={search_term_string}"},"query-input":{"@type":"PropertyValueSpecification","valueRequired":true,"valueName":"search_term_string"}}],"inLanguage":"da-DK"}]}},"_links":{"self":[{"href":"https:\/\/www.danishculture.com\/da\/wp-json\/wp\/v2\/pages\/6333","targetHints":{"allow":["GET"]}}],"collection":[{"href":"https:\/\/www.danishculture.com\/da\/wp-json\/wp\/v2\/pages"}],"about":[{"href":"https:\/\/www.danishculture.com\/da\/wp-json\/wp\/v2\/types\/page"}],"author":[{"embeddable":true,"href":"https:\/\/www.danishculture.com\/da\/wp-json\/wp\/v2\/users\/3"}],"replies":[{"embeddable":true,"href":"https:\/\/www.danishculture.com\/da\/wp-json\/wp\/v2\/comments?post=6333"}],"version-history":[{"count":55,"href":"https:\/\/www.danishculture.com\/da\/wp-json\/wp\/v2\/pages\/6333\/revisions"}],"predecessor-version":[{"id":23650,"href":"https:\/\/www.danishculture.com\/da\/wp-json\/wp\/v2\/pages\/6333\/revisions\/23650"}],"wp:attachment":[{"href":"https:\/\/www.danishculture.com\/da\/wp-json\/wp\/v2\/media?parent=6333"}],"curies":[{"name":"wp","href":"https:\/\/api.w.org\/{rel}","templated":true}]}}