{"id":470,"date":"2016-05-17T13:07:30","date_gmt":"2016-05-17T13:07:30","guid":{"rendered":"http:\/\/dki.staging.folkmatic.com\/aarsberetninger-mm\/?lang=da"},"modified":"2025-05-25T14:08:13","modified_gmt":"2025-05-25T13:08:13","slug":"aarsrapporter","status":"publish","type":"page","link":"https:\/\/www.danishculture.com\/da\/aarsrapporter\/","title":{"rendered":"\u00c5rsrapporter"},"content":{"rendered":"<h4>Dansk Kulturinstituts \u00e5rsrapporter og \u00e5rsberetninger<\/h4>\n<p>Hvert \u00e5r udarbejder Dansk Kulturinstitut en \u00e5rsrapport med dertilh\u00f8rende \u00e5rsberetning. Begge kan findes p\u00e5 denne side.<\/p>\n<p>&nbsp;<\/p>\n<h4><strong>2024<\/strong><\/h4>\n<p><img loading=\"lazy\" decoding=\"async\" class=\"alignnone wp-image-27753\" src=\"https:\/\/www.danishculture.com\/wp-content\/uploads\/2025\/05\/Forside-Arsberetning-2024.jpg\" alt=\"\" width=\"241\" height=\"341\" srcset=\"https:\/\/www.danishculture.com\/wp-content\/uploads\/2025\/05\/Forside-Arsberetning-2024.jpg 1357w, https:\/\/www.danishculture.com\/wp-content\/uploads\/2025\/05\/Forside-Arsberetning-2024-212x300.jpg 212w, https:\/\/www.danishculture.com\/wp-content\/uploads\/2025\/05\/Forside-Arsberetning-2024-724x1024.jpg 724w, https:\/\/www.danishculture.com\/wp-content\/uploads\/2025\/05\/Forside-Arsberetning-2024-768x1087.jpg 768w, https:\/\/www.danishculture.com\/wp-content\/uploads\/2025\/05\/Forside-Arsberetning-2024-1086x1536.jpg 1086w, https:\/\/www.danishculture.com\/wp-content\/uploads\/2025\/05\/Forside-Arsberetning-2024-127x179.jpg 127w, https:\/\/www.danishculture.com\/wp-content\/uploads\/2025\/05\/Forside-Arsberetning-2024-214x303.jpg 214w, https:\/\/www.danishculture.com\/wp-content\/uploads\/2025\/05\/Forside-Arsberetning-2024-471x667.jpg 471w, https:\/\/www.danishculture.com\/wp-content\/uploads\/2025\/05\/Forside-Arsberetning-2024-201x284.jpg 201w, https:\/\/www.danishculture.com\/wp-content\/uploads\/2025\/05\/Forside-Arsberetning-2024-636x900.jpg 636w\" sizes=\"auto, (max-width: 241px) 100vw, 241px\" \/><\/p>\n<p><a href=\"https:\/\/www.danishculture.com\/wp-content\/uploads\/2025\/05\/Arsberetning_2024_final_maj-2025.pdf\">Download Dansk Kulturinstituts \u00c5rsberetning 2024 (PDF)<\/a><\/p>\n<p><a href=\"https:\/\/www.danishculture.com\/wp-content\/uploads\/2025\/05\/Dansk-Kulturinstitut-Arsrapport-2024.pdf\">Download Dansk Kulturinstituts \u00c5rsrapport 2024 (PDF)<\/a><\/p>\n<p>&nbsp;<\/p>\n<h4><strong>2023<\/strong><\/h4>\n<p><img loading=\"lazy\" decoding=\"async\" class=\"alignnone wp-image-23041\" src=\"https:\/\/www.danishculture.com\/wp-content\/uploads\/2024\/05\/Front-page.jpg\" alt=\"\" width=\"234\" height=\"331\" srcset=\"https:\/\/www.danishculture.com\/wp-content\/uploads\/2024\/05\/Front-page.jpg 1357w, https:\/\/www.danishculture.com\/wp-content\/uploads\/2024\/05\/Front-page-212x300.jpg 212w, https:\/\/www.danishculture.com\/wp-content\/uploads\/2024\/05\/Front-page-768x1087.jpg 768w, https:\/\/www.danishculture.com\/wp-content\/uploads\/2024\/05\/Front-page-724x1024.jpg 724w, https:\/\/www.danishculture.com\/wp-content\/uploads\/2024\/05\/Front-page-127x179.jpg 127w, https:\/\/www.danishculture.com\/wp-content\/uploads\/2024\/05\/Front-page-214x303.jpg 214w, https:\/\/www.danishculture.com\/wp-content\/uploads\/2024\/05\/Front-page-471x667.jpg 471w, https:\/\/www.danishculture.com\/wp-content\/uploads\/2024\/05\/Front-page-201x284.jpg 201w, https:\/\/www.danishculture.com\/wp-content\/uploads\/2024\/05\/Front-page-636x900.jpg 636w\" sizes=\"auto, (max-width: 234px) 100vw, 234px\" \/><\/p>\n<p><a href=\"https:\/\/www.danishculture.com\/wp-content\/uploads\/2024\/05\/\u00c5rsberetning_2023.pdf\">Download Dansk Kulturinstituts \u00c5rsberetning 2023 (PDF)<\/a><\/p>\n<p><a href=\"https:\/\/www.danishculture.com\/wp-content\/uploads\/2016\/05\/DKI-\u00c5rsrapport-2023.pdf\">Download Dansk Kulturinstituts \u00c5rsrapport 2023 (PDF)<\/a><\/p>\n<h4><strong>2022<\/strong><\/h4>\n<p><img loading=\"lazy\" decoding=\"async\" class=\"alignnone wp-image-21119\" src=\"https:\/\/www.danishculture.com\/wp-content\/uploads\/2016\/05\/Front-page.png\" alt=\"\" width=\"220\" height=\"311\" srcset=\"https:\/\/www.danishculture.com\/wp-content\/uploads\/2016\/05\/Front-page.png 1357w, https:\/\/www.danishculture.com\/wp-content\/uploads\/2016\/05\/Front-page-212x300.png 212w, https:\/\/www.danishculture.com\/wp-content\/uploads\/2016\/05\/Front-page-768x1087.png 768w, https:\/\/www.danishculture.com\/wp-content\/uploads\/2016\/05\/Front-page-724x1024.png 724w, https:\/\/www.danishculture.com\/wp-content\/uploads\/2016\/05\/Front-page-127x179.png 127w, https:\/\/www.danishculture.com\/wp-content\/uploads\/2016\/05\/Front-page-214x303.png 214w, https:\/\/www.danishculture.com\/wp-content\/uploads\/2016\/05\/Front-page-471x667.png 471w, https:\/\/www.danishculture.com\/wp-content\/uploads\/2016\/05\/Front-page-201x284.png 201w\" sizes=\"auto, (max-width: 220px) 100vw, 220px\" \/><\/p>\n<p>&nbsp;<\/p>\n<p><a href=\"https:\/\/www.danishculture.com\/wp-content\/uploads\/2023\/09\/\u00c5rsberetning-Dansk-Kulturinstitut-2022.pdf\" target=\"_blank\" rel=\"noopener\">Download DKI&#8217;s \u00c5rsberetning 2022 (PDF)<\/a><\/p>\n<p><a href=\"https:\/\/www.danishculture.com\/wp-content\/uploads\/2016\/05\/DKI-\u00c5rsrapport-2022.pdf\" target=\"_blank\" rel=\"noopener\">DKI \u00c5rsrapport 2022 (PDF)<\/a><\/p>\n<p>&nbsp;<\/p>\n<h4><strong>2021<\/strong><\/h4>\n<p><img loading=\"lazy\" decoding=\"async\" class=\"alignnone wp-image-18863\" src=\"https:\/\/www.danishculture.com\/wp-content\/uploads\/2016\/05\/\u00c5B_2021_Dansk-Kulturinstitut.jpg\" alt=\"\" width=\"220\" height=\"316\" srcset=\"https:\/\/www.danishculture.com\/wp-content\/uploads\/2016\/05\/\u00c5B_2021_Dansk-Kulturinstitut.jpg 448w, https:\/\/www.danishculture.com\/wp-content\/uploads\/2016\/05\/\u00c5B_2021_Dansk-Kulturinstitut-209x300.jpg 209w, https:\/\/www.danishculture.com\/wp-content\/uploads\/2016\/05\/\u00c5B_2021_Dansk-Kulturinstitut-125x179.jpg 125w, https:\/\/www.danishculture.com\/wp-content\/uploads\/2016\/05\/\u00c5B_2021_Dansk-Kulturinstitut-214x307.jpg 214w, https:\/\/www.danishculture.com\/wp-content\/uploads\/2016\/05\/\u00c5B_2021_Dansk-Kulturinstitut-198x284.jpg 198w\" sizes=\"auto, (max-width: 220px) 100vw, 220px\" \/><\/p>\n<p>&nbsp;<\/p>\n<p><a href=\"https:\/\/www.flipsnack.com\/76C86BDD75E\/dansk-kulturinstituts-rsberetning-2021-tcfrle0jiq.html\" target=\"_blank\" rel=\"noopener\">\u00c5bn l\u00e6sevenlig version af DKI&#8217;s \u00c5rsberetning 2021<\/a><\/p>\n<p><a href=\"https:\/\/www.danishculture.com\/wp-content\/uploads\/2022\/05\/DKIs-\u00e5rsberetning-2021.pdf\">Download DKI\u2019s \u00c5rsberetning 2021 (PDF)<\/a><\/p>\n<p><a href=\"https:\/\/www.danishculture.com\/wp-content\/uploads\/2016\/05\/\u00c5rsrapport-Dansk-Kulturinstitut-2021.pdf\">Download DKI&#8217;s \u00c5rsrapport 2021 (PDF)<\/a><\/p>\n<h4><\/h4>\n<h4><strong>2020<\/strong><\/h4>\n<p><img loading=\"lazy\" decoding=\"async\" class=\"alignnone wp-image-16498\" src=\"https:\/\/www.danishculture.com\/wp-content\/uploads\/2016\/05\/DKIs-a\u030arsberetning-2020.png\" alt=\"\" width=\"217\" height=\"306\" srcset=\"https:\/\/www.danishculture.com\/wp-content\/uploads\/2016\/05\/DKIs-a\u030arsberetning-2020.png 846w, https:\/\/www.danishculture.com\/wp-content\/uploads\/2016\/05\/DKIs-a\u030arsberetning-2020-213x300.png 213w, https:\/\/www.danishculture.com\/wp-content\/uploads\/2016\/05\/DKIs-a\u030arsberetning-2020-768x1084.png 768w, https:\/\/www.danishculture.com\/wp-content\/uploads\/2016\/05\/DKIs-a\u030arsberetning-2020-726x1024.png 726w, https:\/\/www.danishculture.com\/wp-content\/uploads\/2016\/05\/DKIs-a\u030arsberetning-2020-127x179.png 127w, https:\/\/www.danishculture.com\/wp-content\/uploads\/2016\/05\/DKIs-a\u030arsberetning-2020-214x302.png 214w, https:\/\/www.danishculture.com\/wp-content\/uploads\/2016\/05\/DKIs-a\u030arsberetning-2020-473x667.png 473w, https:\/\/www.danishculture.com\/wp-content\/uploads\/2016\/05\/DKIs-a\u030arsberetning-2020-201x284.png 201w\" sizes=\"auto, (max-width: 217px) 100vw, 217px\" \/><\/p>\n<p>&nbsp;<\/p>\n<p><a href=\"https:\/\/issuu.com\/detdanskekulturinstitut\/docs\/2020\" target=\"_blank\" rel=\"noopener\">\u00c5bn l\u00e6sevenlig version af DKI&#8217;s \u00c5rsberetning 2020<\/a><\/p>\n<p><a href=\"https:\/\/www.danishculture.com\/wp-content\/uploads\/2016\/05\/DKIs-\u00e5rsberetning-2020.pdf\">Download DKI&#8217;s \u00c5rsberetning 2020 (PDF)<\/a><\/p>\n<p><a href=\"https:\/\/www.danishculture.com\/wp-content\/uploads\/2016\/05\/\u00c5rsrapport_Dansk_Kulturinstitut_2020.pdf\" target=\"_blank\" rel=\"noopener\">Hent \u00c5rsrapport for 2020<\/a><\/p>\n<p><a href=\"https:\/\/www.danishculture.com\/wp-content\/uploads\/2016\/05\/Indsamlingsregnskab-N\u00f8dhj\u00e6lpsinterventioner-i-Rio-de-Janeiro-2020.pdf\" target=\"_blank\" rel=\"noopener\">Indsamlingsregnskab: N\u00f8dhj\u00e6lpsinterventioner i Rio de Janeiro 2020<\/a><\/p>\n<p>&nbsp;<\/p>\n<h4><strong>2019<\/strong><\/h4>\n<p><img loading=\"lazy\" decoding=\"async\" class=\"alignnone wp-image-15014\" src=\"https:\/\/www.danishculture.com\/wp-content\/uploads\/2016\/05\/\u00c5B-2019-1.jpg\" alt=\"\" width=\"217\" height=\"306\" srcset=\"https:\/\/www.danishculture.com\/wp-content\/uploads\/2016\/05\/\u00c5B-2019-1.jpg 449w, https:\/\/www.danishculture.com\/wp-content\/uploads\/2016\/05\/\u00c5B-2019-1-213x300.jpg 213w, https:\/\/www.danishculture.com\/wp-content\/uploads\/2016\/05\/\u00c5B-2019-1-127x179.jpg 127w, https:\/\/www.danishculture.com\/wp-content\/uploads\/2016\/05\/\u00c5B-2019-1-214x301.jpg 214w, https:\/\/www.danishculture.com\/wp-content\/uploads\/2016\/05\/\u00c5B-2019-1-202x284.jpg 202w\" sizes=\"auto, (max-width: 217px) 100vw, 217px\" \/><\/p>\n<p>&nbsp;<\/p>\n<p><a href=\"https:\/\/www.danishculture.com\/wp-content\/uploads\/2016\/05\/DANSK-KULTURINSTITUT-\u00c5RSBERETNING-2019_DIGITAL.pdf\" target=\"_blank\" rel=\"noopener\">Hent DKI&#8217;s \u00e5rsberetning 2019<\/a><\/p>\n<p><a href=\"https:\/\/www.danishculture.com\/wp-content\/uploads\/2016\/05\/\u00c3\u2026rsrapport_2019_Dansk_Kulturinstitut.pdf\" target=\"_blank\" rel=\"noopener\">Hent \u00c5rsrapport for 2019<\/a><\/p>\n<h4><\/h4>\n<h4><strong>2018<\/strong><\/h4>\n<p><img loading=\"lazy\" decoding=\"async\" class=\"alignnone size-medium wp-image-13812\" src=\"https:\/\/www.danishculture.com\/wp-content\/uploads\/2019\/06\/DKI-Aarsberetning-2018_front-212x300.jpg\" alt=\"\" width=\"212\" height=\"300\" srcset=\"https:\/\/www.danishculture.com\/wp-content\/uploads\/2019\/06\/DKI-Aarsberetning-2018_front-212x300.jpg 212w, https:\/\/www.danishculture.com\/wp-content\/uploads\/2019\/06\/DKI-Aarsberetning-2018_front-768x1086.jpg 768w, https:\/\/www.danishculture.com\/wp-content\/uploads\/2019\/06\/DKI-Aarsberetning-2018_front-724x1024.jpg 724w, https:\/\/www.danishculture.com\/wp-content\/uploads\/2019\/06\/DKI-Aarsberetning-2018_front-127x179.jpg 127w, https:\/\/www.danishculture.com\/wp-content\/uploads\/2019\/06\/DKI-Aarsberetning-2018_front-214x303.jpg 214w, https:\/\/www.danishculture.com\/wp-content\/uploads\/2019\/06\/DKI-Aarsberetning-2018_front-472x667.jpg 472w, https:\/\/www.danishculture.com\/wp-content\/uploads\/2019\/06\/DKI-Aarsberetning-2018_front-201x284.jpg 201w, https:\/\/www.danishculture.com\/wp-content\/uploads\/2019\/06\/DKI-Aarsberetning-2018_front.jpg 1728w\" sizes=\"auto, (max-width: 212px) 100vw, 212px\" \/><\/p>\n<p>&nbsp;<\/p>\n<p><a href=\"https:\/\/www.danishculture.com\/wp-content\/uploads\/2019\/06\/DKI-Aarsberetning-2018_Low.pdf\" target=\"_blank\" rel=\"noopener\">Hent DKI&#8217;s \u00e5rsberetning 2018<\/a><\/p>\n<p><a href=\"https:\/\/www.danishculture.com\/wp-content\/uploads\/2019\/06\/RepM\u00f8de.23.05.19.-DKI-A\u030arsrapport-2018-underskrevet-pkt.-2.pdf\" target=\"_blank\" rel=\"noopener\">Hent \u00c5rsrapport for 2018<\/a><\/p>\n<p>&nbsp;<\/p>\n<h4><strong>2017<\/strong><\/h4>\n<p><img loading=\"lazy\" decoding=\"async\" class=\"alignnone wp-image-9958\" src=\"https:\/\/www.danishculture.com\/wp-content\/uploads\/2018\/06\/DKI-Aarsberetning-2017_Forside-212x300.jpg\" alt=\"\" width=\"207\" height=\"293\" srcset=\"https:\/\/www.danishculture.com\/wp-content\/uploads\/2018\/06\/DKI-Aarsberetning-2017_Forside-212x300.jpg 212w, https:\/\/www.danishculture.com\/wp-content\/uploads\/2018\/06\/DKI-Aarsberetning-2017_Forside-768x1087.jpg 768w, https:\/\/www.danishculture.com\/wp-content\/uploads\/2018\/06\/DKI-Aarsberetning-2017_Forside-724x1024.jpg 724w, https:\/\/www.danishculture.com\/wp-content\/uploads\/2018\/06\/DKI-Aarsberetning-2017_Forside-127x179.jpg 127w, https:\/\/www.danishculture.com\/wp-content\/uploads\/2018\/06\/DKI-Aarsberetning-2017_Forside-214x303.jpg 214w, https:\/\/www.danishculture.com\/wp-content\/uploads\/2018\/06\/DKI-Aarsberetning-2017_Forside-471x667.jpg 471w, https:\/\/www.danishculture.com\/wp-content\/uploads\/2018\/06\/DKI-Aarsberetning-2017_Forside-201x284.jpg 201w, https:\/\/www.danishculture.com\/wp-content\/uploads\/2018\/06\/DKI-Aarsberetning-2017_Forside.jpg 827w\" sizes=\"auto, (max-width: 207px) 100vw, 207px\" \/><\/p>\n<p><a href=\"https:\/\/www.danishculture.com\/wp-content\/uploads\/2018\/06\/DKI-Aarsberetning-2017_Low.pdf\" target=\"_blank\" rel=\"noopener\">Hent DKI&#8217;s \u00e5rsberetning 2017<\/a><\/p>\n<p><a href=\"https:\/\/www.danishculture.com\/wp-content\/uploads\/2018\/09\/\u00c5rsrapport-2017.pdf\" target=\"_blank\" rel=\"noopener\">Hent \u00c5rsrapport for 2017<\/a><\/p>\n<p>&nbsp;<\/p>\n<h4><strong>2016<\/strong><\/h4>\n<p><img loading=\"lazy\" decoding=\"async\" class=\"alignnone size-medium wp-image-5471\" src=\"https:\/\/www.danishculture.com\/wp-content\/uploads\/2016\/05\/DKI-Aarsberetning-2016_forside_lille-212x300.jpg\" alt=\"DKI Aarsberetning 2016_forside_lille\" width=\"212\" height=\"300\" srcset=\"https:\/\/www.danishculture.com\/wp-content\/uploads\/2016\/05\/DKI-Aarsberetning-2016_forside_lille-212x300.jpg 212w, https:\/\/www.danishculture.com\/wp-content\/uploads\/2016\/05\/DKI-Aarsberetning-2016_forside_lille-724x1024.jpg 724w, https:\/\/www.danishculture.com\/wp-content\/uploads\/2016\/05\/DKI-Aarsberetning-2016_forside_lille-127x179.jpg 127w, https:\/\/www.danishculture.com\/wp-content\/uploads\/2016\/05\/DKI-Aarsberetning-2016_forside_lille-214x303.jpg 214w, https:\/\/www.danishculture.com\/wp-content\/uploads\/2016\/05\/DKI-Aarsberetning-2016_forside_lille-472x667.jpg 472w, https:\/\/www.danishculture.com\/wp-content\/uploads\/2016\/05\/DKI-Aarsberetning-2016_forside_lille-201x284.jpg 201w, https:\/\/www.danishculture.com\/wp-content\/uploads\/2016\/05\/DKI-Aarsberetning-2016_forside_lille.jpg 744w\" sizes=\"auto, (max-width: 212px) 100vw, 212px\" \/><\/p>\n<p><a href=\"https:\/\/www.danishculture.com\/wp-content\/uploads\/2017\/07\/DKI-Aarsberetning-2016_Singlep.pdf\" target=\"_blank\" rel=\"noopener\">Hent DKI&#8217;s \u00e5rsberetning 2016<\/a><\/p>\n<p><a href=\"https:\/\/issuu.com\/home\/statistics\/publications\/dki_aarsberetning_2016_singlep\" target=\"_blank\" rel=\"noopener\">L\u00e6s Dansk Kulturinstituts \u00c5rsberetning 2016 p\u00e5 ISSUU<\/a><\/p>\n<p><a href=\"https:\/\/www.danishculture.com\/wp-content\/uploads\/2017\/06\/A\u030aRSRAPPORT-2016-underskrevet-af-bestyrelsen.pdf\" target=\"_blank\" rel=\"noopener\">Hent DKIs\u00a0\u00c5rsrapport 2016<\/a><\/p>\n<p>&nbsp;<\/p>\n<h4>2015<\/h4>\n<p><img loading=\"lazy\" decoding=\"async\" class=\"alignnone wp-image-14648\" src=\"https:\/\/www.danishculture.com\/wp-content\/uploads\/2016\/05\/Capture.png\" alt=\"\" width=\"219\" height=\"315\" srcset=\"https:\/\/www.danishculture.com\/wp-content\/uploads\/2016\/05\/Capture.png 407w, https:\/\/www.danishculture.com\/wp-content\/uploads\/2016\/05\/Capture-209x300.png 209w, https:\/\/www.danishculture.com\/wp-content\/uploads\/2016\/05\/Capture-125x179.png 125w, https:\/\/www.danishculture.com\/wp-content\/uploads\/2016\/05\/Capture-214x307.png 214w, https:\/\/www.danishculture.com\/wp-content\/uploads\/2016\/05\/Capture-198x284.png 198w\" sizes=\"auto, (max-width: 219px) 100vw, 219px\" \/><\/p>\n<p><a href=\"http:\/\/www.danishculture.com\/wp-content\/uploads\/2017\/02\/DKI-A\u030arsberetning-2015-E-mail-version-lav.pdf\" target=\"_blank\" rel=\"noopener\">Hent DKI&#8217;s \u00e5rsberetning for 2015<\/a>.<\/p>\n<p><a href=\"http:\/\/www.danishculture.com\/wp-content\/uploads\/2016\/05\/REVISIONSPROTOKOLLAT-2015-underskrevet-af-bestyrelsen.pdf\" rel=\"\">REVISIONSPROTOKOLLAT 2015\u00a0<\/a><\/p>\n<p><a href=\"http:\/\/www.danishculture.com\/wp-content\/uploads\/2016\/06\/ANNUAL-REPORT-2015-signed-by-the-board.pdf\" rel=\"\">ANNUAL REPORT 2015<\/a><\/p>\n<p><a href=\"http:\/\/www.danishculture.com\/wp-content\/uploads\/2017\/02\/Underskrevet-rammeaftale-for-DKI-2013-16.pdf\" target=\"_blank\" rel=\"noopener\">RAMMEAFTALE 2013-16<\/a><\/p>\n<p>&nbsp;<\/p>\n<h4><strong>2014<\/strong><\/h4>\n<p><img loading=\"lazy\" decoding=\"async\" class=\"alignnone size-medium wp-image-6620\" src=\"https:\/\/www.danishculture.com\/wp-content\/uploads\/2016\/05\/DKIAarsberetning_Forside-1-212x300.jpg\" alt=\"DKIAarsberetning_Forside\" width=\"212\" height=\"300\" srcset=\"https:\/\/www.danishculture.com\/wp-content\/uploads\/2016\/05\/DKIAarsberetning_Forside-1-212x300.jpg 212w, https:\/\/www.danishculture.com\/wp-content\/uploads\/2016\/05\/DKIAarsberetning_Forside-1-768x1086.jpg 768w, https:\/\/www.danishculture.com\/wp-content\/uploads\/2016\/05\/DKIAarsberetning_Forside-1-724x1024.jpg 724w, https:\/\/www.danishculture.com\/wp-content\/uploads\/2016\/05\/DKIAarsberetning_Forside-1-127x179.jpg 127w, https:\/\/www.danishculture.com\/wp-content\/uploads\/2016\/05\/DKIAarsberetning_Forside-1-214x303.jpg 214w, https:\/\/www.danishculture.com\/wp-content\/uploads\/2016\/05\/DKIAarsberetning_Forside-1-472x667.jpg 472w, https:\/\/www.danishculture.com\/wp-content\/uploads\/2016\/05\/DKIAarsberetning_Forside-1-201x284.jpg 201w, https:\/\/www.danishculture.com\/wp-content\/uploads\/2016\/05\/DKIAarsberetning_Forside-1.jpg 1240w\" sizes=\"auto, (max-width: 212px) 100vw, 212px\" \/><\/p>\n<p><a href=\"http:\/\/www.danishculture.com\/wp-content\/uploads\/2017\/02\/DKIAarsberetning_2014_2K.pdf\" target=\"_blank\" rel=\"noopener\">Hent DKI&#8217;s \u00e5rsberetning 2014<\/a><\/p>\n","protected":false},"excerpt":{"rendered":"<p>Dansk Kulturinstituts \u00e5rsrapporter og \u00e5rsberetninger Hvert \u00e5r udarbejder Dansk Kulturinstitut en \u00e5rsrapport med dertilh\u00f8rende \u00e5rsberetning. Begge kan findes p\u00e5 denne side. &nbsp; 2024 Download Dansk Kulturinstituts \u00c5rsberetning 2024 (PDF) Download Dansk Kulturinstituts \u00c5rsrapport 2024 (PDF) &nbsp; 2023 Download Dansk Kulturinstituts \u00c5rsberetning 2023 (PDF) Download Dansk Kulturinstituts \u00c5rsrapport 2023 (PDF) 2022 &nbsp; Download DKI&#8217;s \u00c5rsberetning 2022 [&hellip;]<\/p>\n","protected":false},"author":1,"featured_media":0,"parent":0,"menu_order":63,"comment_status":"closed","ping_status":"closed","template":"","meta":{"_acf_changed":false,"footnotes":""},"class_list":["post-470","page","type-page","status-publish","hentry"],"acf":[],"yoast_head":"<!-- This site is optimized with the Yoast SEO plugin v23.9 - https:\/\/yoast.com\/wordpress\/plugins\/seo\/ -->\n<title>Dansk Kulturinstituts \u00e5rsrapporter | Danish Cultural Institute<\/title>\n<meta name=\"description\" content=\"P\u00e5 denne side kan du finde Dansk Kulturinstituts \u00e5rsrapporter. Du kan ogs\u00e5 finde \u00e5rsberetningerne og rammeaftalen med Kulturministeriet.\" \/>\n<meta name=\"robots\" content=\"index, follow, max-snippet:-1, max-image-preview:large, max-video-preview:-1\" \/>\n<link rel=\"canonical\" href=\"https:\/\/www.danishculture.com\/da\/aarsrapporter\/\" \/>\n<meta property=\"og:locale\" content=\"da_DK\" \/>\n<meta property=\"og:type\" content=\"article\" \/>\n<meta property=\"og:title\" content=\"Dansk Kulturinstituts \u00e5rsrapporter | Danish Cultural Institute\" \/>\n<meta property=\"og:description\" content=\"P\u00e5 denne side kan du finde Dansk Kulturinstituts \u00e5rsrapporter. Du kan ogs\u00e5 finde \u00e5rsberetningerne og rammeaftalen med Kulturministeriet.\" \/>\n<meta property=\"og:url\" content=\"https:\/\/www.danishculture.com\/da\/aarsrapporter\/\" \/>\n<meta property=\"article:modified_time\" content=\"2025-05-25T13:08:13+00:00\" \/>\n<meta property=\"og:image\" content=\"https:\/\/www.danishculture.com\/wp-content\/uploads\/2025\/05\/Forside-Arsberetning-2024.jpg\" \/>\n\t<meta property=\"og:image:width\" content=\"1357\" \/>\n\t<meta property=\"og:image:height\" content=\"1920\" \/>\n\t<meta property=\"og:image:type\" content=\"image\/jpeg\" \/>\n<meta name=\"twitter:card\" content=\"summary_large_image\" \/>\n<meta name=\"twitter:label1\" content=\"Estimeret l\u00e6setid\" \/>\n\t<meta name=\"twitter:data1\" content=\"3 minutes\" \/>\n<script type=\"application\/ld+json\" class=\"yoast-schema-graph\">{\"@context\":\"https:\/\/schema.org\",\"@graph\":[{\"@type\":\"WebPage\",\"@id\":\"https:\/\/www.danishculture.com\/da\/aarsrapporter\/\",\"url\":\"https:\/\/www.danishculture.com\/da\/aarsrapporter\/\",\"name\":\"Dansk Kulturinstituts \u00e5rsrapporter | Danish Cultural Institute\",\"isPartOf\":{\"@id\":\"https:\/\/www.danishculture.com\/#website\"},\"primaryImageOfPage\":{\"@id\":\"https:\/\/www.danishculture.com\/da\/aarsrapporter\/#primaryimage\"},\"image\":{\"@id\":\"https:\/\/www.danishculture.com\/da\/aarsrapporter\/#primaryimage\"},\"thumbnailUrl\":\"https:\/\/www.danishculture.com\/wp-content\/uploads\/2025\/05\/Forside-Arsberetning-2024.jpg\",\"datePublished\":\"2016-05-17T13:07:30+00:00\",\"dateModified\":\"2025-05-25T13:08:13+00:00\",\"description\":\"P\u00e5 denne side kan du finde Dansk Kulturinstituts \u00e5rsrapporter. Du kan ogs\u00e5 finde \u00e5rsberetningerne og rammeaftalen med Kulturministeriet.\",\"breadcrumb\":{\"@id\":\"https:\/\/www.danishculture.com\/da\/aarsrapporter\/#breadcrumb\"},\"inLanguage\":\"da-DK\",\"potentialAction\":[{\"@type\":\"ReadAction\",\"target\":[\"https:\/\/www.danishculture.com\/da\/aarsrapporter\/\"]}]},{\"@type\":\"ImageObject\",\"inLanguage\":\"da-DK\",\"@id\":\"https:\/\/www.danishculture.com\/da\/aarsrapporter\/#primaryimage\",\"url\":\"https:\/\/www.danishculture.com\/wp-content\/uploads\/2025\/05\/Forside-Arsberetning-2024.jpg\",\"contentUrl\":\"https:\/\/www.danishculture.com\/wp-content\/uploads\/2025\/05\/Forside-Arsberetning-2024.jpg\"},{\"@type\":\"BreadcrumbList\",\"@id\":\"https:\/\/www.danishculture.com\/da\/aarsrapporter\/#breadcrumb\",\"itemListElement\":[{\"@type\":\"ListItem\",\"position\":1,\"name\":\"Home\",\"item\":\"https:\/\/www.danishculture.com\/da\/\"},{\"@type\":\"ListItem\",\"position\":2,\"name\":\"\u00c5rsrapporter\"}]},{\"@type\":\"WebSite\",\"@id\":\"https:\/\/www.danishculture.com\/#website\",\"url\":\"https:\/\/www.danishculture.com\/\",\"name\":\"\",\"description\":\"Vi arbejder for at skabe forst\u00e5else for dansk og international kultur\",\"potentialAction\":[{\"@type\":\"SearchAction\",\"target\":{\"@type\":\"EntryPoint\",\"urlTemplate\":\"https:\/\/www.danishculture.com\/?s={search_term_string}\"},\"query-input\":{\"@type\":\"PropertyValueSpecification\",\"valueRequired\":true,\"valueName\":\"search_term_string\"}}],\"inLanguage\":\"da-DK\"}]}<\/script>\n<!-- \/ Yoast SEO plugin. -->","yoast_head_json":{"title":"Dansk Kulturinstituts \u00e5rsrapporter | Danish Cultural Institute","description":"P\u00e5 denne side kan du finde Dansk Kulturinstituts \u00e5rsrapporter. Du kan ogs\u00e5 finde \u00e5rsberetningerne og rammeaftalen med Kulturministeriet.","robots":{"index":"index","follow":"follow","max-snippet":"max-snippet:-1","max-image-preview":"max-image-preview:large","max-video-preview":"max-video-preview:-1"},"canonical":"https:\/\/www.danishculture.com\/da\/aarsrapporter\/","og_locale":"da_DK","og_type":"article","og_title":"Dansk Kulturinstituts \u00e5rsrapporter | Danish Cultural Institute","og_description":"P\u00e5 denne side kan du finde Dansk Kulturinstituts \u00e5rsrapporter. Du kan ogs\u00e5 finde \u00e5rsberetningerne og rammeaftalen med Kulturministeriet.","og_url":"https:\/\/www.danishculture.com\/da\/aarsrapporter\/","article_modified_time":"2025-05-25T13:08:13+00:00","og_image":[{"width":1357,"height":1920,"url":"https:\/\/www.danishculture.com\/wp-content\/uploads\/2025\/05\/Forside-Arsberetning-2024.jpg","type":"image\/jpeg"}],"twitter_card":"summary_large_image","twitter_misc":{"Estimeret l\u00e6setid":"3 minutes"},"schema":{"@context":"https:\/\/schema.org","@graph":[{"@type":"WebPage","@id":"https:\/\/www.danishculture.com\/da\/aarsrapporter\/","url":"https:\/\/www.danishculture.com\/da\/aarsrapporter\/","name":"Dansk Kulturinstituts \u00e5rsrapporter | Danish Cultural Institute","isPartOf":{"@id":"https:\/\/www.danishculture.com\/#website"},"primaryImageOfPage":{"@id":"https:\/\/www.danishculture.com\/da\/aarsrapporter\/#primaryimage"},"image":{"@id":"https:\/\/www.danishculture.com\/da\/aarsrapporter\/#primaryimage"},"thumbnailUrl":"https:\/\/www.danishculture.com\/wp-content\/uploads\/2025\/05\/Forside-Arsberetning-2024.jpg","datePublished":"2016-05-17T13:07:30+00:00","dateModified":"2025-05-25T13:08:13+00:00","description":"P\u00e5 denne side kan du finde Dansk Kulturinstituts \u00e5rsrapporter. Du kan ogs\u00e5 finde \u00e5rsberetningerne og rammeaftalen med Kulturministeriet.","breadcrumb":{"@id":"https:\/\/www.danishculture.com\/da\/aarsrapporter\/#breadcrumb"},"inLanguage":"da-DK","potentialAction":[{"@type":"ReadAction","target":["https:\/\/www.danishculture.com\/da\/aarsrapporter\/"]}]},{"@type":"ImageObject","inLanguage":"da-DK","@id":"https:\/\/www.danishculture.com\/da\/aarsrapporter\/#primaryimage","url":"https:\/\/www.danishculture.com\/wp-content\/uploads\/2025\/05\/Forside-Arsberetning-2024.jpg","contentUrl":"https:\/\/www.danishculture.com\/wp-content\/uploads\/2025\/05\/Forside-Arsberetning-2024.jpg"},{"@type":"BreadcrumbList","@id":"https:\/\/www.danishculture.com\/da\/aarsrapporter\/#breadcrumb","itemListElement":[{"@type":"ListItem","position":1,"name":"Home","item":"https:\/\/www.danishculture.com\/da\/"},{"@type":"ListItem","position":2,"name":"\u00c5rsrapporter"}]},{"@type":"WebSite","@id":"https:\/\/www.danishculture.com\/#website","url":"https:\/\/www.danishculture.com\/","name":"","description":"Vi arbejder for at skabe forst\u00e5else for dansk og international kultur","potentialAction":[{"@type":"SearchAction","target":{"@type":"EntryPoint","urlTemplate":"https:\/\/www.danishculture.com\/?s={search_term_string}"},"query-input":{"@type":"PropertyValueSpecification","valueRequired":true,"valueName":"search_term_string"}}],"inLanguage":"da-DK"}]}},"_links":{"self":[{"href":"https:\/\/www.danishculture.com\/da\/wp-json\/wp\/v2\/pages\/470","targetHints":{"allow":["GET"]}}],"collection":[{"href":"https:\/\/www.danishculture.com\/da\/wp-json\/wp\/v2\/pages"}],"about":[{"href":"https:\/\/www.danishculture.com\/da\/wp-json\/wp\/v2\/types\/page"}],"author":[{"embeddable":true,"href":"https:\/\/www.danishculture.com\/da\/wp-json\/wp\/v2\/users\/1"}],"replies":[{"embeddable":true,"href":"https:\/\/www.danishculture.com\/da\/wp-json\/wp\/v2\/comments?post=470"}],"version-history":[{"count":128,"href":"https:\/\/www.danishculture.com\/da\/wp-json\/wp\/v2\/pages\/470\/revisions"}],"predecessor-version":[{"id":27790,"href":"https:\/\/www.danishculture.com\/da\/wp-json\/wp\/v2\/pages\/470\/revisions\/27790"}],"wp:attachment":[{"href":"https:\/\/www.danishculture.com\/da\/wp-json\/wp\/v2\/media?parent=470"}],"curies":[{"name":"wp","href":"https:\/\/api.w.org\/{rel}","templated":true}]}}