{"id":27652,"date":"2025-02-27T11:31:11","date_gmt":"2025-02-27T10:31:11","guid":{"rendered":"https:\/\/www.danishculture.com\/?page_id=27652"},"modified":"2025-02-27T11:51:18","modified_gmt":"2025-02-27T10:51:18","slug":"strategi-2025-2028","status":"publish","type":"page","link":"https:\/\/www.danishculture.com\/da\/strategi-2025-2028\/","title":{"rendered":"Strategi 2025-2028"},"content":{"rendered":"<h4><b><span data-contrast=\"none\">Dansk Kulturinstituts strategi 2025-2028 i hovedtr\u00e6k<\/span><\/b><span data-ccp-props=\"{&quot;201341983&quot;:0,&quot;335559740&quot;:240}\">\u00a0<\/span><\/h4>\n<p><span data-contrast=\"auto\">Dansk Kulturinstitut (DKI) blev grundlagt i 1940 som et modsvar til krig og de autorit\u00e6re kr\u00e6fter, der dengang h\u00e6rgede Europa. I dag st\u00e5r verden over for nye internationale udfordringer. Ruslands fuldskalainvasion af Ukraine, en ny multipol\u00e6r geopolitiske verdensorden, misinformation og klimaforandringer skaber behov for samarbejde og nye partnerskaber. Kultur er en vej til at opbygge ligev\u00e6rdige relationer og gensidig forst\u00e5else og tillid. Med strategien for 2025-2028 vil DKI intensivere indsatsen for at styrke kulturens rolle i Danmarks internationale relationer og vise, at kulturen kan v\u00e6re en samfundsforandrende kraft, der b\u00f8r indt\u00e6nkes i l\u00f8sningsmodeller for globale problemstillinger.\u00a0\u00a0<\/span><span data-ccp-props=\"{&quot;201341983&quot;:0,&quot;335559740&quot;:240}\">\u00a0<\/span><\/p>\n<h5>VISION<\/h5>\n<p><span data-contrast=\"auto\">At styrke Danmarks internationale kulturelle relationer til gavn for den mellemfolkelige forst\u00e5else og en fredelig sameksistens, tillid og dialog.\u00a0<\/span><span data-ccp-props=\"{&quot;134245417&quot;:false,&quot;201341983&quot;:0,&quot;335559737&quot;:29,&quot;335559738&quot;:1,&quot;335559739&quot;:0,&quot;335559740&quot;:240}\">\u00a0<\/span><\/p>\n<h5>MISSION<\/h5>\n<p><span data-contrast=\"auto\">I<\/span><span data-contrast=\"none\"> vekselvirkning med udlandet at formidle om Danmarks kultur, kunst og samfundsliv samt at fremme kendskabet til udenlandsk kultur i Danmark og dermed medvirke til at fremme den mellemfolkelige forst\u00e5else og styrke Danmarks internationale kulturelle relationer. <\/span><span data-ccp-props=\"{&quot;134245417&quot;:false,&quot;201341983&quot;:0,&quot;335559737&quot;:29,&quot;335559738&quot;:1,&quot;335559739&quot;:0,&quot;335559740&quot;:240}\">\u00a0<\/span><\/p>\n<h5>TILGANG<\/h5>\n<p><span data-contrast=\"auto\">Vi samarbejder med danske og lokale partnere om kulturprojekter, der er baseret p\u00e5 de kulturelle rettigheder, kunstnerisk udfoldelse, demokratiske samtaler, ungdomsengagement og b\u00e6redygtighed.<\/span><span data-ccp-props=\"{&quot;201341983&quot;:0,&quot;335559740&quot;:240}\">\u00a0<\/span><\/p>\n<h5>STRATEGISKE M\u00c5L FOR 2025-2028<\/h5>\n<ol>\n<li><b><span data-contrast=\"auto\">Vi vil sk\u00e6rpe vores profil og relevans<\/span><\/b><span data-contrast=\"auto\"> ved at afs\u00f8ge nye geografiske omr\u00e5der, aktuelt p\u00e5 det afrikanske kontinent, hvor Danmark i s\u00e6rlig grad har brug for at knytte nye relationer gennem kulturel udveksling og samarbejder. <\/span><br \/>\n<span data-ccp-props=\"{&quot;201341983&quot;:0,&quot;335559740&quot;:240}\">\u00a0<\/span><\/li>\n<li><b><span data-contrast=\"auto\">Vi vil styrke vores forankring i dansk kulturliv:<\/span><\/b><span data-contrast=\"auto\"> Gennem samarbejder med danske kulturinstitutioner og brancheorganisationer vil DKI styrke sin synlighed og netv\u00e6rksskabende rolle til gavn for dansk kulturlivs internationale samarbejder og ambitioner.<\/span><br \/>\n<span data-ccp-props=\"{&quot;201341983&quot;:0,&quot;335559740&quot;:240}\">\u00a0<\/span><\/li>\n<li><b><span data-contrast=\"auto\">Vi vil oparbejde en robust \u00f8konomi med plads til ny udvikling<\/span><\/b><span data-contrast=\"auto\"> for at underst\u00f8tte fremtidig v\u00e6kst og fortsat fleksibilitet i vores indsatser.<\/span><br \/>\n<span data-ccp-props=\"{&quot;201341983&quot;:0,&quot;335559740&quot;:240}\">\u00a0<\/span><\/li>\n<li><b><span data-contrast=\"auto\">Vi vil styrke kulturens rolle i udenrigspolitikken<\/span><\/b><span data-contrast=\"auto\"> ved at v\u00e6re en tydelig fortaler for kulturens betydning i udenrigspolitiske sammenh\u00e6nge og dokumentere kulturens evne til at skabe samfundsforandring.<\/span><br \/>\n<span data-ccp-props=\"{&quot;201341983&quot;:0,&quot;335559740&quot;:240}\">\u00a0<\/span><\/li>\n<li><span data-contrast=\"auto\">Vi vil forts\u00e6tte vores opbygning af <\/span><b><span data-contrast=\"auto\">en professionel projektorganisation<\/span><\/b><span data-contrast=\"auto\">, der kan styre store internationale komplekse programmer med fondsmekanismer og g\u00f8re l\u00f8bende monitorering og evaluering til en integreret del af vores praksis. <\/span><br \/>\n<span data-ccp-props=\"{&quot;201341983&quot;:0,&quot;335559740&quot;:240}\">\u00a0<\/span><\/li>\n<\/ol>\n<h5>PRINCIPPER<\/h5>\n<p><span data-contrast=\"auto\">Vi bygger vores arbejde p\u00e5 f\u00f8lgende principper:<\/span><br \/>\n<span data-ccp-props=\"{&quot;201341983&quot;:0,&quot;335559740&quot;:240}\">\u00a0<\/span><\/p>\n<ul>\n<li data-leveltext=\"\u2022\" data-font=\"Verdana\" data-listid=\"3\" data-list-defn-props=\"{&quot;335551671&quot;:0,&quot;335552541&quot;:1,&quot;335559685&quot;:720,&quot;335559991&quot;:360,&quot;469769226&quot;:&quot;Verdana&quot;,&quot;469769242&quot;:[8226],&quot;469777803&quot;:&quot;left&quot;,&quot;469777804&quot;:&quot;\u2022&quot;,&quot;469777815&quot;:&quot;hybridMultilevel&quot;}\" aria-setsize=\"-1\" data-aria-posinset=\"0\" data-aria-level=\"1\"><b><span data-contrast=\"auto\">I ligev\u00e6rdigt partnerskab<\/span><\/b><br \/>\n<span data-contrast=\"auto\">Vi skaber projekter og aktiviteter i t\u00e6t samarbejde med lokale partnere, hvor alle har indflydelse, og hvor samarbejdet bygger p\u00e5 f\u00e6lles m\u00e5l og ambitioner.<\/span><\/li>\n<\/ul>\n<ul>\n<li data-leveltext=\"\u2022\" data-font=\"Verdana\" data-listid=\"3\" data-list-defn-props=\"{&quot;335551671&quot;:0,&quot;335552541&quot;:1,&quot;335559685&quot;:720,&quot;335559991&quot;:360,&quot;469769226&quot;:&quot;Verdana&quot;,&quot;469769242&quot;:[8226],&quot;469777803&quot;:&quot;left&quot;,&quot;469777804&quot;:&quot;\u2022&quot;,&quot;469777815&quot;:&quot;hybridMultilevel&quot;}\" aria-setsize=\"-1\" data-aria-posinset=\"1\" data-aria-level=\"1\"><b><span data-contrast=\"auto\">Med gensidig respekt<\/span><\/b><br \/>\n<span data-contrast=\"auto\">Vi anerkender og v\u00e6rds\u00e6tter forskellige perspektiver, v\u00e6rdier og kulturer. Vi arbejder for en \u00e5ben dialog, hvor vi lytter og l\u00e6rer af hinanden.<\/span><\/li>\n<\/ul>\n<ul>\n<li data-leveltext=\"\u2022\" data-font=\"Verdana\" data-listid=\"3\" data-list-defn-props=\"{&quot;335551671&quot;:0,&quot;335552541&quot;:1,&quot;335559685&quot;:720,&quot;335559991&quot;:360,&quot;469769226&quot;:&quot;Verdana&quot;,&quot;469769242&quot;:[8226],&quot;469777803&quot;:&quot;left&quot;,&quot;469777804&quot;:&quot;\u2022&quot;,&quot;469777815&quot;:&quot;hybridMultilevel&quot;}\" aria-setsize=\"-1\" data-aria-posinset=\"2\" data-aria-level=\"1\"><b><span data-contrast=\"auto\">Vidensbaseret<\/span><\/b><br \/>\n<span data-contrast=\"auto\">Vores arbejde bygger p\u00e5 faglighed, erfaring og indsigt i kulturelle og samfundsm\u00e6ssige forhold, s\u00e5 vi handler p\u00e5 oplyst grundlag.<\/span><\/li>\n<\/ul>\n<ul>\n<li data-leveltext=\"\u2022\" data-font=\"Verdana\" data-listid=\"3\" data-list-defn-props=\"{&quot;335551671&quot;:0,&quot;335552541&quot;:1,&quot;335559685&quot;:720,&quot;335559991&quot;:360,&quot;469769226&quot;:&quot;Verdana&quot;,&quot;469769242&quot;:[8226],&quot;469777803&quot;:&quot;left&quot;,&quot;469777804&quot;:&quot;\u2022&quot;,&quot;469777815&quot;:&quot;hybridMultilevel&quot;}\" aria-setsize=\"-1\" data-aria-posinset=\"3\" data-aria-level=\"1\"><b><span data-contrast=\"auto\">Kulturel rettighedsbaseret<\/span><\/b><br \/>\n<span data-contrast=\"auto\">Vi tror p\u00e5 v\u00e6rdien af alle menneskers lige v\u00e6rd og ret til kultur, som en helt afg\u00f8rende del af det enkelte menneskes mulighed for at trives og udfolde sig.<\/span><\/li>\n<\/ul>\n<ul>\n<li data-leveltext=\"\u2022\" data-font=\"Verdana\" data-listid=\"3\" data-list-defn-props=\"{&quot;335551671&quot;:0,&quot;335552541&quot;:1,&quot;335559685&quot;:720,&quot;335559991&quot;:360,&quot;469769226&quot;:&quot;Verdana&quot;,&quot;469769242&quot;:[8226],&quot;469777803&quot;:&quot;left&quot;,&quot;469777804&quot;:&quot;\u2022&quot;,&quot;469777815&quot;:&quot;hybridMultilevel&quot;}\" aria-setsize=\"-1\" data-aria-posinset=\"4\" data-aria-level=\"1\"><b><span data-contrast=\"auto\">Gennem kunst og kultur<\/span><\/b><br \/>\n<span data-contrast=\"auto\">Vi ser kunst og kultur som en m\u00e5de til at bygge bro mellem mennesker, samfund og nationer med henblik p\u00e5 at fremme tillid, dialog og forst\u00e5else. <\/span><br \/>\n<span data-ccp-props=\"{&quot;201341983&quot;:0,&quot;335559739&quot;:0,&quot;335559740&quot;:240}\">\u00a0<\/span><\/li>\n<\/ul>\n<p><span data-contrast=\"auto\">I 85 \u00e5r har DKI v\u00e6ret t\u00e6t p\u00e5 verdens udvikling og engageret sig d\u00e9r, hvor de danske interesser for relationer er store, men hvor konteksten er kompleks og kr\u00e6ver lokalt kendskab. I dag er vi til stede i 18 lande. Her laver vi kulturprojekter, netv\u00e6rk og st\u00f8tteordninger, som har til form\u00e5l at skabe positiv samfundsforandring og forbinde mennesker, samfund og nationer. Med strategien for 2025-2028 vil DKI styrke Danmarks kulturelle rolle i verden og vise, at internationale kultursamarbejder er en vej til global stabilitet, fredelig sameksistens og en b\u00e6redygtig fremtid.\u00a0\u00a0<\/span><\/p>\n<p>&nbsp;<\/p>\n<p>Find Dansk Kulturinstituts strategi i sin helhed for 2025-2028, her: <a href=\"https:\/\/www.danishculture.com\/wp-content\/uploads\/2025\/02\/DKI-strategi-2025-2028-1.pdf\">Dansk Kulturinstituts strategi 2025-2028<\/a><\/p>\n<hr \/>\n<p><span data-ccp-props=\"{&quot;201341983&quot;:0,&quot;335559740&quot;:240}\"><br \/>\nHeaderfoto: <\/span>Sisters Sensing (The World) &#8211; China by Sisters Hope. Fotograf: The Eye F\u00e9 Hedda Rysstad<\/p>\n","protected":false},"excerpt":{"rendered":"<p>Dansk Kulturinstituts strategi 2025-2028 i hovedtr\u00e6k\u00a0 Dansk Kulturinstitut (DKI) blev grundlagt i 1940 som et modsvar til krig og de autorit\u00e6re kr\u00e6fter, der dengang h\u00e6rgede Europa. I dag st\u00e5r verden over for nye internationale udfordringer. Ruslands fuldskalainvasion af Ukraine, en ny multipol\u00e6r geopolitiske verdensorden, misinformation og klimaforandringer skaber behov for samarbejde og nye partnerskaber. Kultur [&hellip;]<\/p>\n","protected":false},"author":3,"featured_media":0,"parent":0,"menu_order":0,"comment_status":"closed","ping_status":"closed","template":"","meta":{"_acf_changed":false,"footnotes":""},"class_list":["post-27652","page","type-page","status-publish","hentry"],"acf":[],"yoast_head":"<!-- This site is optimized with the Yoast SEO plugin v23.9 - https:\/\/yoast.com\/wordpress\/plugins\/seo\/ -->\n<title>Strategi 2025-2028 -<\/title>\n<meta name=\"robots\" content=\"index, follow, max-snippet:-1, max-image-preview:large, max-video-preview:-1\" \/>\n<link rel=\"canonical\" href=\"https:\/\/www.danishculture.com\/da\/strategi-2025-2028\/\" \/>\n<meta property=\"og:locale\" content=\"da_DK\" \/>\n<meta property=\"og:type\" content=\"article\" \/>\n<meta property=\"og:title\" content=\"Strategi 2025-2028 -\" \/>\n<meta property=\"og:description\" content=\"Dansk Kulturinstituts strategi 2025-2028 i hovedtr\u00e6k\u00a0 Dansk Kulturinstitut (DKI) blev grundlagt i 1940 som et modsvar til krig og de autorit\u00e6re kr\u00e6fter, der dengang h\u00e6rgede Europa. I dag st\u00e5r verden over for nye internationale udfordringer. Ruslands fuldskalainvasion af Ukraine, en ny multipol\u00e6r geopolitiske verdensorden, misinformation og klimaforandringer skaber behov for samarbejde og nye partnerskaber. Kultur [&hellip;]\" \/>\n<meta property=\"og:url\" content=\"https:\/\/www.danishculture.com\/da\/strategi-2025-2028\/\" \/>\n<meta property=\"article:modified_time\" content=\"2025-02-27T10:51:18+00:00\" \/>\n<meta name=\"twitter:card\" content=\"summary_large_image\" \/>\n<meta name=\"twitter:label1\" content=\"Estimeret l\u00e6setid\" \/>\n\t<meta name=\"twitter:data1\" content=\"3 minutes\" \/>\n<script type=\"application\/ld+json\" class=\"yoast-schema-graph\">{\"@context\":\"https:\/\/schema.org\",\"@graph\":[{\"@type\":\"WebPage\",\"@id\":\"https:\/\/www.danishculture.com\/da\/strategi-2025-2028\/\",\"url\":\"https:\/\/www.danishculture.com\/da\/strategi-2025-2028\/\",\"name\":\"Strategi 2025-2028 -\",\"isPartOf\":{\"@id\":\"https:\/\/www.danishculture.com\/#website\"},\"datePublished\":\"2025-02-27T10:31:11+00:00\",\"dateModified\":\"2025-02-27T10:51:18+00:00\",\"breadcrumb\":{\"@id\":\"https:\/\/www.danishculture.com\/da\/strategi-2025-2028\/#breadcrumb\"},\"inLanguage\":\"da-DK\",\"potentialAction\":[{\"@type\":\"ReadAction\",\"target\":[\"https:\/\/www.danishculture.com\/da\/strategi-2025-2028\/\"]}]},{\"@type\":\"BreadcrumbList\",\"@id\":\"https:\/\/www.danishculture.com\/da\/strategi-2025-2028\/#breadcrumb\",\"itemListElement\":[{\"@type\":\"ListItem\",\"position\":1,\"name\":\"Home\",\"item\":\"https:\/\/www.danishculture.com\/da\/\"},{\"@type\":\"ListItem\",\"position\":2,\"name\":\"Strategi 2025-2028\"}]},{\"@type\":\"WebSite\",\"@id\":\"https:\/\/www.danishculture.com\/#website\",\"url\":\"https:\/\/www.danishculture.com\/\",\"name\":\"\",\"description\":\"Vi arbejder for at skabe forst\u00e5else for dansk og international kultur\",\"potentialAction\":[{\"@type\":\"SearchAction\",\"target\":{\"@type\":\"EntryPoint\",\"urlTemplate\":\"https:\/\/www.danishculture.com\/?s={search_term_string}\"},\"query-input\":{\"@type\":\"PropertyValueSpecification\",\"valueRequired\":true,\"valueName\":\"search_term_string\"}}],\"inLanguage\":\"da-DK\"}]}<\/script>\n<!-- \/ Yoast SEO plugin. -->","yoast_head_json":{"title":"Strategi 2025-2028 -","robots":{"index":"index","follow":"follow","max-snippet":"max-snippet:-1","max-image-preview":"max-image-preview:large","max-video-preview":"max-video-preview:-1"},"canonical":"https:\/\/www.danishculture.com\/da\/strategi-2025-2028\/","og_locale":"da_DK","og_type":"article","og_title":"Strategi 2025-2028 -","og_description":"Dansk Kulturinstituts strategi 2025-2028 i hovedtr\u00e6k\u00a0 Dansk Kulturinstitut (DKI) blev grundlagt i 1940 som et modsvar til krig og de autorit\u00e6re kr\u00e6fter, der dengang h\u00e6rgede Europa. I dag st\u00e5r verden over for nye internationale udfordringer. Ruslands fuldskalainvasion af Ukraine, en ny multipol\u00e6r geopolitiske verdensorden, misinformation og klimaforandringer skaber behov for samarbejde og nye partnerskaber. Kultur [&hellip;]","og_url":"https:\/\/www.danishculture.com\/da\/strategi-2025-2028\/","article_modified_time":"2025-02-27T10:51:18+00:00","twitter_card":"summary_large_image","twitter_misc":{"Estimeret l\u00e6setid":"3 minutes"},"schema":{"@context":"https:\/\/schema.org","@graph":[{"@type":"WebPage","@id":"https:\/\/www.danishculture.com\/da\/strategi-2025-2028\/","url":"https:\/\/www.danishculture.com\/da\/strategi-2025-2028\/","name":"Strategi 2025-2028 -","isPartOf":{"@id":"https:\/\/www.danishculture.com\/#website"},"datePublished":"2025-02-27T10:31:11+00:00","dateModified":"2025-02-27T10:51:18+00:00","breadcrumb":{"@id":"https:\/\/www.danishculture.com\/da\/strategi-2025-2028\/#breadcrumb"},"inLanguage":"da-DK","potentialAction":[{"@type":"ReadAction","target":["https:\/\/www.danishculture.com\/da\/strategi-2025-2028\/"]}]},{"@type":"BreadcrumbList","@id":"https:\/\/www.danishculture.com\/da\/strategi-2025-2028\/#breadcrumb","itemListElement":[{"@type":"ListItem","position":1,"name":"Home","item":"https:\/\/www.danishculture.com\/da\/"},{"@type":"ListItem","position":2,"name":"Strategi 2025-2028"}]},{"@type":"WebSite","@id":"https:\/\/www.danishculture.com\/#website","url":"https:\/\/www.danishculture.com\/","name":"","description":"Vi arbejder for at skabe forst\u00e5else for dansk og international kultur","potentialAction":[{"@type":"SearchAction","target":{"@type":"EntryPoint","urlTemplate":"https:\/\/www.danishculture.com\/?s={search_term_string}"},"query-input":{"@type":"PropertyValueSpecification","valueRequired":true,"valueName":"search_term_string"}}],"inLanguage":"da-DK"}]}},"_links":{"self":[{"href":"https:\/\/www.danishculture.com\/da\/wp-json\/wp\/v2\/pages\/27652","targetHints":{"allow":["GET"]}}],"collection":[{"href":"https:\/\/www.danishculture.com\/da\/wp-json\/wp\/v2\/pages"}],"about":[{"href":"https:\/\/www.danishculture.com\/da\/wp-json\/wp\/v2\/types\/page"}],"author":[{"embeddable":true,"href":"https:\/\/www.danishculture.com\/da\/wp-json\/wp\/v2\/users\/3"}],"replies":[{"embeddable":true,"href":"https:\/\/www.danishculture.com\/da\/wp-json\/wp\/v2\/comments?post=27652"}],"version-history":[{"count":7,"href":"https:\/\/www.danishculture.com\/da\/wp-json\/wp\/v2\/pages\/27652\/revisions"}],"predecessor-version":[{"id":27661,"href":"https:\/\/www.danishculture.com\/da\/wp-json\/wp\/v2\/pages\/27652\/revisions\/27661"}],"wp:attachment":[{"href":"https:\/\/www.danishculture.com\/da\/wp-json\/wp\/v2\/media?parent=27652"}],"curies":[{"name":"wp","href":"https:\/\/api.w.org\/{rel}","templated":true}]}}