{"id":275,"date":"2016-05-19T12:17:52","date_gmt":"2016-05-19T12:17:52","guid":{"rendered":"http:\/\/dki.staging.folkmatic.com\/?page_id=275&#038;lang=da"},"modified":"2022-10-17T14:49:28","modified_gmt":"2022-10-17T13:49:28","slug":"vores-arbejde","status":"publish","type":"page","link":"https:\/\/www.danishculture.com\/da\/vores-arbejde\/","title":{"rendered":"Vores arbejde"},"content":{"rendered":"<h4>S\u00e5dan arbejder vi<\/h4>\n<p style=\"text-align: left;\">Det er vores vision at vise, at udveksling af kunst, kultur og viden kan bidrage til h\u00e5ndteringen af globale udfordringer og v\u00e6re med til at styrke FN\u2019s Verdensm\u00e5l.<\/p>\n<p>&nbsp;<\/p>\n<p style=\"text-align: left;\">Vores aktiviteter ude i verden er de centrale omdrejningspunkter for vores indsatser og kulturelle relationer. Med afdelinger og indsatser i de \u00f8stlige naboskabslande (Ukraine, Georgien, Moldova, Belarus, Armenien og Aserbajdsjan), de baltiske lande, Tyrkiet, Indien, Kina og Brasilien str\u00e6ber vi efter at v\u00e6re t\u00e6t p\u00e5 verdens udvikling &#8211; lige d\u00e9r, hvor kunst, kultur og viden virkelig g\u00f8r en forskel.<\/p>\n<p>&nbsp;<\/p>\n<p style=\"text-align: left;\">Vores projekter varierer i st\u00f8rrelse og form. Projekterne kan eksempelvis v\u00e6re store, fler\u00e5rige EU-projekter med mange partnere, en festival, der l\u00f8ber over flere m\u00e5neder, eller projekter, der best\u00e5r af en enkelt aktivitet.<\/p>\n<h5>Vores kulturbegreb<\/h5>\n<p>I Dansk Kulturinstitut arbejder vi med et bredt kulturbegreb. Det betyder, at vores projekter kan omhandle alt fra mad til byudvikling, aktivt medborgerskab, teater, litteratur og samtidskunst. F\u00e6llesn\u00e6vneren for det hele er at bygge bro mellem Danmark og vores v\u00e6rtslande gennem gensidig dialog, inspiration og forst\u00e5else.<\/p>\n<h5>Vores v\u00e6rtslande<\/h5>\n<p>Dansk Kulturinstitut har altid v\u00e6ret til stede i lande, hvor der er noget p\u00e5 spil. S\u00e5dan har det v\u00e6ret siden vores start i 1940 under Anden Verdenskrig. I dag er vi placeret i lande, hvor det er s\u00e6rlig vigtigt for Danmark at opbygge relationer og styrke den interkulturelle dialog.<\/p>\n","protected":false},"excerpt":{"rendered":"<p>S\u00e5dan arbejder vi Det er vores vision at vise, at udveksling af kunst, kultur og viden kan bidrage til h\u00e5ndteringen af globale udfordringer og v\u00e6re med til at styrke FN\u2019s Verdensm\u00e5l. &nbsp; Vores aktiviteter ude i verden er de centrale omdrejningspunkter for vores indsatser og kulturelle relationer. Med afdelinger og indsatser i de \u00f8stlige naboskabslande [&hellip;]<\/p>\n","protected":false},"author":1,"featured_media":0,"parent":0,"menu_order":61,"comment_status":"closed","ping_status":"closed","template":"templates\/template-whatwedo.php","meta":{"_acf_changed":false,"footnotes":""},"class_list":["post-275","page","type-page","status-publish","hentry"],"acf":[],"yoast_head":"<!-- This site is optimized with the Yoast SEO plugin v23.9 - https:\/\/yoast.com\/wordpress\/plugins\/seo\/ -->\n<title>Dansk Kulturinstituts internationale arbejde | Danish Cultural Institute<\/title>\n<meta name=\"description\" content=\"Dansk Kulturinstituts internationale arbejde: Vi udvikler vi en lang r\u00e6kke kultur- og samfundsrelevante begivenheder og projekter.\" \/>\n<meta name=\"robots\" content=\"index, follow, max-snippet:-1, max-image-preview:large, max-video-preview:-1\" \/>\n<link rel=\"canonical\" href=\"https:\/\/www.danishculture.com\/da\/vores-arbejde\/\" \/>\n<meta property=\"og:locale\" content=\"da_DK\" \/>\n<meta property=\"og:type\" content=\"article\" \/>\n<meta property=\"og:title\" content=\"Dansk Kulturinstituts internationale arbejde | Danish Cultural Institute\" \/>\n<meta property=\"og:description\" content=\"Dansk Kulturinstituts internationale arbejde: Vi udvikler vi en lang r\u00e6kke kultur- og samfundsrelevante begivenheder og projekter.\" \/>\n<meta property=\"og:url\" content=\"https:\/\/www.danishculture.com\/da\/vores-arbejde\/\" \/>\n<meta property=\"article:modified_time\" content=\"2022-10-17T13:49:28+00:00\" \/>\n<meta name=\"twitter:card\" content=\"summary_large_image\" \/>\n<meta name=\"twitter:label1\" content=\"Estimeret l\u00e6setid\" \/>\n\t<meta name=\"twitter:data1\" content=\"1 minute\" \/>\n<script type=\"application\/ld+json\" class=\"yoast-schema-graph\">{\"@context\":\"https:\/\/schema.org\",\"@graph\":[{\"@type\":\"WebPage\",\"@id\":\"https:\/\/www.danishculture.com\/da\/vores-arbejde\/\",\"url\":\"https:\/\/www.danishculture.com\/da\/vores-arbejde\/\",\"name\":\"Dansk Kulturinstituts internationale arbejde | Danish Cultural Institute\",\"isPartOf\":{\"@id\":\"https:\/\/www.danishculture.com\/#website\"},\"datePublished\":\"2016-05-19T12:17:52+00:00\",\"dateModified\":\"2022-10-17T13:49:28+00:00\",\"description\":\"Dansk Kulturinstituts internationale arbejde: Vi udvikler vi en lang r\u00e6kke kultur- og samfundsrelevante begivenheder og projekter.\",\"breadcrumb\":{\"@id\":\"https:\/\/www.danishculture.com\/da\/vores-arbejde\/#breadcrumb\"},\"inLanguage\":\"da-DK\",\"potentialAction\":[{\"@type\":\"ReadAction\",\"target\":[\"https:\/\/www.danishculture.com\/da\/vores-arbejde\/\"]}]},{\"@type\":\"BreadcrumbList\",\"@id\":\"https:\/\/www.danishculture.com\/da\/vores-arbejde\/#breadcrumb\",\"itemListElement\":[{\"@type\":\"ListItem\",\"position\":1,\"name\":\"Home\",\"item\":\"https:\/\/www.danishculture.com\/da\/\"},{\"@type\":\"ListItem\",\"position\":2,\"name\":\"Vores arbejde\"}]},{\"@type\":\"WebSite\",\"@id\":\"https:\/\/www.danishculture.com\/#website\",\"url\":\"https:\/\/www.danishculture.com\/\",\"name\":\"\",\"description\":\"Vi arbejder for at skabe forst\u00e5else for dansk og international kultur\",\"potentialAction\":[{\"@type\":\"SearchAction\",\"target\":{\"@type\":\"EntryPoint\",\"urlTemplate\":\"https:\/\/www.danishculture.com\/?s={search_term_string}\"},\"query-input\":{\"@type\":\"PropertyValueSpecification\",\"valueRequired\":true,\"valueName\":\"search_term_string\"}}],\"inLanguage\":\"da-DK\"}]}<\/script>\n<!-- \/ Yoast SEO plugin. -->","yoast_head_json":{"title":"Dansk Kulturinstituts internationale arbejde | Danish Cultural Institute","description":"Dansk Kulturinstituts internationale arbejde: Vi udvikler vi en lang r\u00e6kke kultur- og samfundsrelevante begivenheder og projekter.","robots":{"index":"index","follow":"follow","max-snippet":"max-snippet:-1","max-image-preview":"max-image-preview:large","max-video-preview":"max-video-preview:-1"},"canonical":"https:\/\/www.danishculture.com\/da\/vores-arbejde\/","og_locale":"da_DK","og_type":"article","og_title":"Dansk Kulturinstituts internationale arbejde | Danish Cultural Institute","og_description":"Dansk Kulturinstituts internationale arbejde: Vi udvikler vi en lang r\u00e6kke kultur- og samfundsrelevante begivenheder og projekter.","og_url":"https:\/\/www.danishculture.com\/da\/vores-arbejde\/","article_modified_time":"2022-10-17T13:49:28+00:00","twitter_card":"summary_large_image","twitter_misc":{"Estimeret l\u00e6setid":"1 minute"},"schema":{"@context":"https:\/\/schema.org","@graph":[{"@type":"WebPage","@id":"https:\/\/www.danishculture.com\/da\/vores-arbejde\/","url":"https:\/\/www.danishculture.com\/da\/vores-arbejde\/","name":"Dansk Kulturinstituts internationale arbejde | Danish Cultural Institute","isPartOf":{"@id":"https:\/\/www.danishculture.com\/#website"},"datePublished":"2016-05-19T12:17:52+00:00","dateModified":"2022-10-17T13:49:28+00:00","description":"Dansk Kulturinstituts internationale arbejde: Vi udvikler vi en lang r\u00e6kke kultur- og samfundsrelevante begivenheder og projekter.","breadcrumb":{"@id":"https:\/\/www.danishculture.com\/da\/vores-arbejde\/#breadcrumb"},"inLanguage":"da-DK","potentialAction":[{"@type":"ReadAction","target":["https:\/\/www.danishculture.com\/da\/vores-arbejde\/"]}]},{"@type":"BreadcrumbList","@id":"https:\/\/www.danishculture.com\/da\/vores-arbejde\/#breadcrumb","itemListElement":[{"@type":"ListItem","position":1,"name":"Home","item":"https:\/\/www.danishculture.com\/da\/"},{"@type":"ListItem","position":2,"name":"Vores arbejde"}]},{"@type":"WebSite","@id":"https:\/\/www.danishculture.com\/#website","url":"https:\/\/www.danishculture.com\/","name":"","description":"Vi arbejder for at skabe forst\u00e5else for dansk og international kultur","potentialAction":[{"@type":"SearchAction","target":{"@type":"EntryPoint","urlTemplate":"https:\/\/www.danishculture.com\/?s={search_term_string}"},"query-input":{"@type":"PropertyValueSpecification","valueRequired":true,"valueName":"search_term_string"}}],"inLanguage":"da-DK"}]}},"_links":{"self":[{"href":"https:\/\/www.danishculture.com\/da\/wp-json\/wp\/v2\/pages\/275","targetHints":{"allow":["GET"]}}],"collection":[{"href":"https:\/\/www.danishculture.com\/da\/wp-json\/wp\/v2\/pages"}],"about":[{"href":"https:\/\/www.danishculture.com\/da\/wp-json\/wp\/v2\/types\/page"}],"author":[{"embeddable":true,"href":"https:\/\/www.danishculture.com\/da\/wp-json\/wp\/v2\/users\/1"}],"replies":[{"embeddable":true,"href":"https:\/\/www.danishculture.com\/da\/wp-json\/wp\/v2\/comments?post=275"}],"version-history":[{"count":47,"href":"https:\/\/www.danishculture.com\/da\/wp-json\/wp\/v2\/pages\/275\/revisions"}],"predecessor-version":[{"id":20291,"href":"https:\/\/www.danishculture.com\/da\/wp-json\/wp\/v2\/pages\/275\/revisions\/20291"}],"wp:attachment":[{"href":"https:\/\/www.danishculture.com\/da\/wp-json\/wp\/v2\/media?parent=275"}],"curies":[{"name":"wp","href":"https:\/\/api.w.org\/{rel}","templated":true}]}}