{"id":2410,"date":"2016-10-07T09:39:30","date_gmt":"2016-10-07T09:39:30","guid":{"rendered":"http:\/\/www.danishculture.com\/?page_id=2410&#038;lang=da"},"modified":"2024-07-25T14:39:08","modified_gmt":"2024-07-25T13:39:08","slug":"presse","status":"publish","type":"page","link":"https:\/\/www.danishculture.com\/da\/presse\/","title":{"rendered":"Presse"},"content":{"rendered":"<p>For pressehenvendelser kontakt\u00a0presse- og kommunikationsr\u00e5dgiver Anne Splittorff p\u00e5 +45 2636 5775 eller <a href=\"mailto:as@danishculture.com\">as@danishculture.com<\/a><\/p>\n<h5>Pressemeddelelser<\/h5>\n<p>Find pressemeddelelser <a href=\"#pressemeddelelser\">nederst p\u00e5 siden<\/a>.<\/p>\n<h5>Pressebilleder<\/h5>\n<p><strong>Camilla Mordhorst, adm. direkt\u00f8r for Dansk Kulturinstitut\u00a0<\/strong><\/p>\n<p><img loading=\"lazy\" decoding=\"async\" class=\"alignnone wp-image-21286\" src=\"https:\/\/www.danishculture.com\/wp-content\/uploads\/2016\/12\/Camilla-Mordhorst_CEO_DCI_credit_Anne-Kring_Danish-Cultural-Institute-1-7.jpg\" alt=\"\" width=\"342\" height=\"467\" srcset=\"https:\/\/www.danishculture.com\/wp-content\/uploads\/2016\/12\/Camilla-Mordhorst_CEO_DCI_credit_Anne-Kring_Danish-Cultural-Institute-1-7.jpg 1406w, https:\/\/www.danishculture.com\/wp-content\/uploads\/2016\/12\/Camilla-Mordhorst_CEO_DCI_credit_Anne-Kring_Danish-Cultural-Institute-1-7-220x300.jpg 220w, https:\/\/www.danishculture.com\/wp-content\/uploads\/2016\/12\/Camilla-Mordhorst_CEO_DCI_credit_Anne-Kring_Danish-Cultural-Institute-1-7-768x1049.jpg 768w, https:\/\/www.danishculture.com\/wp-content\/uploads\/2016\/12\/Camilla-Mordhorst_CEO_DCI_credit_Anne-Kring_Danish-Cultural-Institute-1-7-750x1024.jpg 750w, https:\/\/www.danishculture.com\/wp-content\/uploads\/2016\/12\/Camilla-Mordhorst_CEO_DCI_credit_Anne-Kring_Danish-Cultural-Institute-1-7-131x179.jpg 131w, https:\/\/www.danishculture.com\/wp-content\/uploads\/2016\/12\/Camilla-Mordhorst_CEO_DCI_credit_Anne-Kring_Danish-Cultural-Institute-1-7-214x292.jpg 214w, https:\/\/www.danishculture.com\/wp-content\/uploads\/2016\/12\/Camilla-Mordhorst_CEO_DCI_credit_Anne-Kring_Danish-Cultural-Institute-1-7-488x667.jpg 488w, https:\/\/www.danishculture.com\/wp-content\/uploads\/2016\/12\/Camilla-Mordhorst_CEO_DCI_credit_Anne-Kring_Danish-Cultural-Institute-1-7-208x284.jpg 208w\" sizes=\"auto, (max-width: 342px) 100vw, 342px\" \/><\/p>\n<p>Fotograf: Anne Kring (<a href=\"https:\/\/www.danishculture.com\/wp-content\/uploads\/2016\/12\/Camilla-Mordhorst_CEO_DCI_credit_Anne-Kring_Danish-Cultural-Institute-1-6.jpg\" target=\"_blank\" rel=\"noopener\">download billedet<\/a> i h\u00f8j opl\u00f8sning)<\/p>\n<p><img loading=\"lazy\" decoding=\"async\" class=\"alignnone wp-image-21279\" src=\"https:\/\/www.danishculture.com\/wp-content\/uploads\/2016\/12\/Camilla-Mordhorst_CEO_DCI_credit_Anne-Kring_Danish-Cultural-Institute-1-10.jpg\" alt=\"\" width=\"662\" height=\"441\" srcset=\"https:\/\/www.danishculture.com\/wp-content\/uploads\/2016\/12\/Camilla-Mordhorst_CEO_DCI_credit_Anne-Kring_Danish-Cultural-Institute-1-10.jpg 2560w, https:\/\/www.danishculture.com\/wp-content\/uploads\/2016\/12\/Camilla-Mordhorst_CEO_DCI_credit_Anne-Kring_Danish-Cultural-Institute-1-10-300x200.jpg 300w, https:\/\/www.danishculture.com\/wp-content\/uploads\/2016\/12\/Camilla-Mordhorst_CEO_DCI_credit_Anne-Kring_Danish-Cultural-Institute-1-10-768x512.jpg 768w, https:\/\/www.danishculture.com\/wp-content\/uploads\/2016\/12\/Camilla-Mordhorst_CEO_DCI_credit_Anne-Kring_Danish-Cultural-Institute-1-10-1024x683.jpg 1024w, https:\/\/www.danishculture.com\/wp-content\/uploads\/2016\/12\/Camilla-Mordhorst_CEO_DCI_credit_Anne-Kring_Danish-Cultural-Institute-1-10-268x179.jpg 268w, https:\/\/www.danishculture.com\/wp-content\/uploads\/2016\/12\/Camilla-Mordhorst_CEO_DCI_credit_Anne-Kring_Danish-Cultural-Institute-1-10-214x143.jpg 214w, https:\/\/www.danishculture.com\/wp-content\/uploads\/2016\/12\/Camilla-Mordhorst_CEO_DCI_credit_Anne-Kring_Danish-Cultural-Institute-1-10-1000x667.jpg 1000w, https:\/\/www.danishculture.com\/wp-content\/uploads\/2016\/12\/Camilla-Mordhorst_CEO_DCI_credit_Anne-Kring_Danish-Cultural-Institute-1-10-213x142.jpg 213w\" sizes=\"auto, (max-width: 662px) 100vw, 662px\" \/><br \/>\nFotograf: Anne Kring (<a href=\"https:\/\/www.danishculture.com\/wp-content\/uploads\/2023\/07\/Camilla-Mordhorst_foto_Anne-Kring_Dansk-Kulturinstitut-1.jpg\" target=\"_blank\" rel=\"noopener\">download billedet<\/a> i h\u00f8j opl\u00f8sning)<\/p>\n<h4><\/h4>\n<h5>\u00c5rsberetning<\/h5>\n<p>Hver \u00e5r udarbejder Dansk Kulturinstitut en \u00e5rsrapport og tilh\u00f8rende \u00e5rsberetning.<\/p>\n<p>Find alle udgaver\u00a0<a href=\"https:\/\/www.danishculture.com\/da\/aarsrapporter\/\" target=\"_blank\" rel=\"noopener\">her<\/a>.<\/p>\n<p>&nbsp;<\/p>\n<h5>Om Dansk Kulturinstitut<\/h5>\n<p><a href=\"https:\/\/www.danishculture.com\/da\/historie\/\" target=\"_blank\" rel=\"noopener\">Dansk Kulturinstitut<\/a>\u00a0er en selvejende institution. Siden 1940 har Dansk Kulturinstitut v\u00e6ret engageret i at skabe gensidig forst\u00e5else mellem mennesker.<\/p>\n<p>&nbsp;<\/p>\n<p>Vi tror p\u00e5, at kunst og kultur er blandt Danmarks vigtigste r\u00e5varer. Sammen med vores partnere udvikler vi internationale aktiviteter, som skubber ved vante gr\u00e6nser og skaber gensidig v\u00e6rdi og inspiration.\u00a0 Is\u00e6r n\u00e5r det g\u00e6lder ligestilling, uddannelse, b\u00e6redygtig udvikling, demokrati og aktivt medborgerskab. Vigtige v\u00e6rdier for Danmark og for verden.<\/p>\n<p>Det er vores vision at vise, at udveksling af kunst, kultur og viden kan bidrage til h\u00e5ndteringen af globale udfordringer og v\u00e6re med til at styrke FN&#8217;s Verdensm\u00e5l.<\/p>\n<p>&nbsp;<\/p>\n<h5 id=\"pressemeddelelser\">Pressemeddelelser<\/h5>\n<p>&nbsp;<\/p>\n<div id=\"embedded-pressroom\" data-publisher=\"13561470\"><\/div>\n<p><script type=\"text\/javascript\" src=\"https:\/\/via.ritzau.dk\/embedded\/prs_embedded.js\"><\/script><\/p>\n<hr \/>\n<h3><\/h3>\n","protected":false},"excerpt":{"rendered":"<p>For pressehenvendelser kontakt\u00a0presse- og kommunikationsr\u00e5dgiver Anne Splittorff p\u00e5 +45 2636 5775 eller as@danishculture.com Pressemeddelelser Find pressemeddelelser nederst p\u00e5 siden. Pressebilleder Camilla Mordhorst, adm. direkt\u00f8r for Dansk Kulturinstitut\u00a0 Fotograf: Anne Kring (download billedet i h\u00f8j opl\u00f8sning) Fotograf: Anne Kring (download billedet i h\u00f8j opl\u00f8sning) \u00c5rsberetning Hver \u00e5r udarbejder Dansk Kulturinstitut en \u00e5rsrapport og tilh\u00f8rende \u00e5rsberetning. Find [&hellip;]<\/p>\n","protected":false},"author":3,"featured_media":0,"parent":0,"menu_order":42,"comment_status":"closed","ping_status":"closed","template":"","meta":{"_acf_changed":false,"footnotes":""},"class_list":["post-2410","page","type-page","status-publish","hentry"],"acf":[],"yoast_head":"<!-- This site is optimized with the Yoast SEO plugin v23.9 - https:\/\/yoast.com\/wordpress\/plugins\/seo\/ -->\n<title>Presse hos Dansk Kulturinstitut | Danish Cultural Institute<\/title>\n<meta name=\"description\" content=\"Hvis du er fra pressen og skal i kontakt med Dansk Kulturinstitut, bedes du henvende dig til presse- og kommunikationsr\u00e5dgiver Anne Splittorff.\" \/>\n<meta name=\"robots\" content=\"index, follow, max-snippet:-1, max-image-preview:large, max-video-preview:-1\" \/>\n<link rel=\"canonical\" href=\"https:\/\/www.danishculture.com\/da\/presse\/\" \/>\n<meta property=\"og:locale\" content=\"da_DK\" \/>\n<meta property=\"og:type\" content=\"article\" \/>\n<meta property=\"og:title\" content=\"Presse hos Dansk Kulturinstitut | Danish Cultural Institute\" \/>\n<meta property=\"og:description\" content=\"Hvis du er fra pressen og skal i kontakt med Dansk Kulturinstitut, bedes du henvende dig til presse- og kommunikationsr\u00e5dgiver Anne Splittorff.\" \/>\n<meta property=\"og:url\" content=\"https:\/\/www.danishculture.com\/da\/presse\/\" \/>\n<meta property=\"article:modified_time\" content=\"2024-07-25T13:39:08+00:00\" \/>\n<meta property=\"og:image\" content=\"https:\/\/www.danishculture.com\/wp-content\/uploads\/2016\/12\/Camilla-Mordhorst_CEO_DCI_credit_Anne-Kring_Danish-Cultural-Institute-1-7.jpg\" \/>\n\t<meta property=\"og:image:width\" content=\"1406\" \/>\n\t<meta property=\"og:image:height\" content=\"1920\" \/>\n\t<meta property=\"og:image:type\" content=\"image\/jpeg\" \/>\n<meta name=\"twitter:card\" content=\"summary_large_image\" \/>\n<meta name=\"twitter:label1\" content=\"Estimeret l\u00e6setid\" \/>\n\t<meta name=\"twitter:data1\" content=\"1 minute\" \/>\n<script type=\"application\/ld+json\" class=\"yoast-schema-graph\">{\"@context\":\"https:\/\/schema.org\",\"@graph\":[{\"@type\":\"WebPage\",\"@id\":\"https:\/\/www.danishculture.com\/da\/presse\/\",\"url\":\"https:\/\/www.danishculture.com\/da\/presse\/\",\"name\":\"Presse hos Dansk Kulturinstitut | Danish Cultural Institute\",\"isPartOf\":{\"@id\":\"https:\/\/www.danishculture.com\/#website\"},\"primaryImageOfPage\":{\"@id\":\"https:\/\/www.danishculture.com\/da\/presse\/#primaryimage\"},\"image\":{\"@id\":\"https:\/\/www.danishculture.com\/da\/presse\/#primaryimage\"},\"thumbnailUrl\":\"https:\/\/www.danishculture.com\/wp-content\/uploads\/2016\/12\/Camilla-Mordhorst_CEO_DCI_credit_Anne-Kring_Danish-Cultural-Institute-1-7.jpg\",\"datePublished\":\"2016-10-07T09:39:30+00:00\",\"dateModified\":\"2024-07-25T13:39:08+00:00\",\"description\":\"Hvis du er fra pressen og skal i kontakt med Dansk Kulturinstitut, bedes du henvende dig til presse- og kommunikationsr\u00e5dgiver Anne Splittorff.\",\"breadcrumb\":{\"@id\":\"https:\/\/www.danishculture.com\/da\/presse\/#breadcrumb\"},\"inLanguage\":\"da-DK\",\"potentialAction\":[{\"@type\":\"ReadAction\",\"target\":[\"https:\/\/www.danishculture.com\/da\/presse\/\"]}]},{\"@type\":\"ImageObject\",\"inLanguage\":\"da-DK\",\"@id\":\"https:\/\/www.danishculture.com\/da\/presse\/#primaryimage\",\"url\":\"https:\/\/www.danishculture.com\/wp-content\/uploads\/2016\/12\/Camilla-Mordhorst_CEO_DCI_credit_Anne-Kring_Danish-Cultural-Institute-1-7.jpg\",\"contentUrl\":\"https:\/\/www.danishculture.com\/wp-content\/uploads\/2016\/12\/Camilla-Mordhorst_CEO_DCI_credit_Anne-Kring_Danish-Cultural-Institute-1-7.jpg\"},{\"@type\":\"BreadcrumbList\",\"@id\":\"https:\/\/www.danishculture.com\/da\/presse\/#breadcrumb\",\"itemListElement\":[{\"@type\":\"ListItem\",\"position\":1,\"name\":\"Home\",\"item\":\"https:\/\/www.danishculture.com\/da\/\"},{\"@type\":\"ListItem\",\"position\":2,\"name\":\"Presse\"}]},{\"@type\":\"WebSite\",\"@id\":\"https:\/\/www.danishculture.com\/#website\",\"url\":\"https:\/\/www.danishculture.com\/\",\"name\":\"\",\"description\":\"Vi arbejder for at skabe forst\u00e5else for dansk og international kultur\",\"potentialAction\":[{\"@type\":\"SearchAction\",\"target\":{\"@type\":\"EntryPoint\",\"urlTemplate\":\"https:\/\/www.danishculture.com\/?s={search_term_string}\"},\"query-input\":{\"@type\":\"PropertyValueSpecification\",\"valueRequired\":true,\"valueName\":\"search_term_string\"}}],\"inLanguage\":\"da-DK\"}]}<\/script>\n<!-- \/ Yoast SEO plugin. -->","yoast_head_json":{"title":"Presse hos Dansk Kulturinstitut | Danish Cultural Institute","description":"Hvis du er fra pressen og skal i kontakt med Dansk Kulturinstitut, bedes du henvende dig til presse- og kommunikationsr\u00e5dgiver Anne Splittorff.","robots":{"index":"index","follow":"follow","max-snippet":"max-snippet:-1","max-image-preview":"max-image-preview:large","max-video-preview":"max-video-preview:-1"},"canonical":"https:\/\/www.danishculture.com\/da\/presse\/","og_locale":"da_DK","og_type":"article","og_title":"Presse hos Dansk Kulturinstitut | Danish Cultural Institute","og_description":"Hvis du er fra pressen og skal i kontakt med Dansk Kulturinstitut, bedes du henvende dig til presse- og kommunikationsr\u00e5dgiver Anne Splittorff.","og_url":"https:\/\/www.danishculture.com\/da\/presse\/","article_modified_time":"2024-07-25T13:39:08+00:00","og_image":[{"width":1406,"height":1920,"url":"https:\/\/www.danishculture.com\/wp-content\/uploads\/2016\/12\/Camilla-Mordhorst_CEO_DCI_credit_Anne-Kring_Danish-Cultural-Institute-1-7.jpg","type":"image\/jpeg"}],"twitter_card":"summary_large_image","twitter_misc":{"Estimeret l\u00e6setid":"1 minute"},"schema":{"@context":"https:\/\/schema.org","@graph":[{"@type":"WebPage","@id":"https:\/\/www.danishculture.com\/da\/presse\/","url":"https:\/\/www.danishculture.com\/da\/presse\/","name":"Presse hos Dansk Kulturinstitut | Danish Cultural Institute","isPartOf":{"@id":"https:\/\/www.danishculture.com\/#website"},"primaryImageOfPage":{"@id":"https:\/\/www.danishculture.com\/da\/presse\/#primaryimage"},"image":{"@id":"https:\/\/www.danishculture.com\/da\/presse\/#primaryimage"},"thumbnailUrl":"https:\/\/www.danishculture.com\/wp-content\/uploads\/2016\/12\/Camilla-Mordhorst_CEO_DCI_credit_Anne-Kring_Danish-Cultural-Institute-1-7.jpg","datePublished":"2016-10-07T09:39:30+00:00","dateModified":"2024-07-25T13:39:08+00:00","description":"Hvis du er fra pressen og skal i kontakt med Dansk Kulturinstitut, bedes du henvende dig til presse- og kommunikationsr\u00e5dgiver Anne Splittorff.","breadcrumb":{"@id":"https:\/\/www.danishculture.com\/da\/presse\/#breadcrumb"},"inLanguage":"da-DK","potentialAction":[{"@type":"ReadAction","target":["https:\/\/www.danishculture.com\/da\/presse\/"]}]},{"@type":"ImageObject","inLanguage":"da-DK","@id":"https:\/\/www.danishculture.com\/da\/presse\/#primaryimage","url":"https:\/\/www.danishculture.com\/wp-content\/uploads\/2016\/12\/Camilla-Mordhorst_CEO_DCI_credit_Anne-Kring_Danish-Cultural-Institute-1-7.jpg","contentUrl":"https:\/\/www.danishculture.com\/wp-content\/uploads\/2016\/12\/Camilla-Mordhorst_CEO_DCI_credit_Anne-Kring_Danish-Cultural-Institute-1-7.jpg"},{"@type":"BreadcrumbList","@id":"https:\/\/www.danishculture.com\/da\/presse\/#breadcrumb","itemListElement":[{"@type":"ListItem","position":1,"name":"Home","item":"https:\/\/www.danishculture.com\/da\/"},{"@type":"ListItem","position":2,"name":"Presse"}]},{"@type":"WebSite","@id":"https:\/\/www.danishculture.com\/#website","url":"https:\/\/www.danishculture.com\/","name":"","description":"Vi arbejder for at skabe forst\u00e5else for dansk og international kultur","potentialAction":[{"@type":"SearchAction","target":{"@type":"EntryPoint","urlTemplate":"https:\/\/www.danishculture.com\/?s={search_term_string}"},"query-input":{"@type":"PropertyValueSpecification","valueRequired":true,"valueName":"search_term_string"}}],"inLanguage":"da-DK"}]}},"_links":{"self":[{"href":"https:\/\/www.danishculture.com\/da\/wp-json\/wp\/v2\/pages\/2410","targetHints":{"allow":["GET"]}}],"collection":[{"href":"https:\/\/www.danishculture.com\/da\/wp-json\/wp\/v2\/pages"}],"about":[{"href":"https:\/\/www.danishculture.com\/da\/wp-json\/wp\/v2\/types\/page"}],"author":[{"embeddable":true,"href":"https:\/\/www.danishculture.com\/da\/wp-json\/wp\/v2\/users\/3"}],"replies":[{"embeddable":true,"href":"https:\/\/www.danishculture.com\/da\/wp-json\/wp\/v2\/comments?post=2410"}],"version-history":[{"count":69,"href":"https:\/\/www.danishculture.com\/da\/wp-json\/wp\/v2\/pages\/2410\/revisions"}],"predecessor-version":[{"id":23418,"href":"https:\/\/www.danishculture.com\/da\/wp-json\/wp\/v2\/pages\/2410\/revisions\/23418"}],"wp:attachment":[{"href":"https:\/\/www.danishculture.com\/da\/wp-json\/wp\/v2\/media?parent=2410"}],"curies":[{"name":"wp","href":"https:\/\/api.w.org\/{rel}","templated":true}]}}