{"id":22837,"date":"2024-01-03T15:42:51","date_gmt":"2024-01-03T14:42:51","guid":{"rendered":"https:\/\/www.danishculture.com\/?page_id=22837"},"modified":"2024-03-11T07:02:12","modified_gmt":"2024-03-11T06:02:12","slug":"creative-circular-cities","status":"publish","type":"page","link":"https:\/\/www.danishculture.com\/da\/creative-circular-cities\/","title":{"rendered":"Creative Circular Cities"},"content":{"rendered":"<p><em>Creative Circular Cities (CCC) er et tv\u00e6rnationalt samarbejde, hvor seks byer i \u00d8sters\u00f8regionen i f\u00e6llesskab vil udarbejde, teste og udbrede l\u00f8sninger drevet af kulturelle og kreative sektorer og industrier for at underst\u00f8tte overgangen fra line\u00e6r til cirkul\u00e6r \u00f8konomi.<\/em><\/p>\n<h5>Projektets form\u00e5l<\/h5>\n<p>Creative Circular Cities (CCC) vil forsyne kommuner, erhvervsst\u00f8ttede organisationer og ikke-statslige organisationer i \u00d8sters\u00f8regionen med retningslinjer og v\u00e6rkt\u00f8jer til at inddrage den kulturelle og kreative sektor og industrier i overgangen til cirkul\u00e6r \u00f8konomi og p\u00e5 denne m\u00e5de fremkalde en &#8220;system\u00e6ndring&#8221; p\u00e5 lokalt niveau, der omfatter b\u00e5de produktion og forbrugssiden.<\/p>\n<h5>Seks byer tester tilgange til cirkul\u00e6r overgang<\/h5>\n<p>Creative Circular Cities iv\u00e6rks\u00e6tter en tv\u00e6rnational co-creation proces, hvor 6 test byer \u2013 Aarhus (DK), Kiel (DE), Gdynia (PL), Riga (LV), Tallinn (EE) og Turku (FI) \u2013 vil udvikle og teste kreative tilgange til en integreret cirkul\u00e6r overgang. I hver af dem g\u00e5r lokale myndigheder, erhvervsst\u00f8ttede organisationer og ikke-statslige organisationer sammen om at:<\/p>\n<p>&nbsp;<\/p>\n<ul>\n<li>lancere faciliterende milj\u00f8er for en kreativ og kulturelt drevet cirkul\u00e6r overgang,<\/li>\n<li>hj\u00e6lpe virksomheder med at skabe cirkul\u00e6re forretningsmodeller<\/li>\n<li>fremme &#8220;cirkul\u00e6re livsstiler&#8221; med st\u00f8tte fra de kreative industrier<\/li>\n<\/ul>\n<h5>Projektets resultat<\/h5>\n<p>Resultaterne vil blive bearbejdet i en &#8220;CCC Starter Kit&#8221;. Det vil give interesserede akt\u00f8rer i andre byer rundt om \u00d8sters\u00f8en konkret vejledning til at inddrage de kreative industrier i den cirkul\u00e6re overgang.<\/p>\n<h5>Tidsplan og finansiering<\/h5>\n<p>Projektet startede i november 2023 og vil forts\u00e6tte indtil november 2026. Det er 80% finansieret af EU&#8217;s Interreg Baltic Sea Region-program med et samlet budget p\u00e5 cirka fire millioner euro.<\/p>\n<h5>Projektpartnere<\/h5>\n<p>Projektet implementeres af et konsoritum best\u00e5ende af 14 partnere og 23 associerede partnere.<\/p>\n<h5>Projektpartnere<\/h5>\n<ul>\n<li>Dansk Kulturinstitut \u2013 lead partner<\/li>\n<li>Lifestyle &amp; Design Cluster (Danmark)<\/li>\n<li>Aarhus Kommune \u2013 Climate Secretariat<\/li>\n<li>Riga Municipal Agency &#8220;Riga Energy Agency&#8221;<\/li>\n<li>Northern Dimension Partnership on Culture Secretariat<\/li>\n<li>Pomeranian Science and Technology Park Gdynia | Design Centre<\/li>\n<li>Association &#8220;Pomorskie in the European Union&#8221;<\/li>\n<li>Turku Kommune<\/li>\n<li>Valonia \/ Regional Council of Southwest Finland Valonia<\/li>\n<li>Humak University Of Applied Sciences<\/li>\n<li>Tallinn Business Incubators \u2013 Tallinn Creative Incubator<\/li>\n<li>Anschar GmbH<\/li>\n<li>Zero Waste Kiel<\/li>\n<li>Heinrich B\u00f6ll Foundation Schleswig-Holstein<\/li>\n<\/ul>\n<h5>Projektets hjemmeside<\/h5>\n<p><a href=\"https:\/\/interreg-baltic.eu\/project\/ccc\/\" target=\"_blank\" rel=\"noopener\">https:\/\/interreg-baltic.eu\/project\/ccc\/\u00a0<\/a><\/p>\n<h5>Kontakter<\/h5>\n<p>Projektleder Indra Levite,<a href=\"mailto:il@danishculture.com\"> il@danishculture.com<\/a><\/p>\n<p>Kommunikationsansvarlig Andra Jakovica, <a href=\"mailto:aj@danishculture.com\">aj@danishculture.com<\/a><\/p>\n<hr \/>\n<p><img loading=\"lazy\" decoding=\"async\" class=\"alignnone size-full wp-image-22658\" src=\"https:\/\/www.danishculture.com\/wp-content\/uploads\/2023\/11\/Creative-Circular-Cities_Logo_Standard_small.png\" alt=\"\" width=\"610\" height=\"258\" srcset=\"https:\/\/www.danishculture.com\/wp-content\/uploads\/2023\/11\/Creative-Circular-Cities_Logo_Standard_small.png 610w, https:\/\/www.danishculture.com\/wp-content\/uploads\/2023\/11\/Creative-Circular-Cities_Logo_Standard_small-300x127.png 300w, https:\/\/www.danishculture.com\/wp-content\/uploads\/2023\/11\/Creative-Circular-Cities_Logo_Standard_small-308x130.png 308w, https:\/\/www.danishculture.com\/wp-content\/uploads\/2023\/11\/Creative-Circular-Cities_Logo_Standard_small-214x91.png 214w, https:\/\/www.danishculture.com\/wp-content\/uploads\/2023\/11\/Creative-Circular-Cities_Logo_Standard_small-213x90.png 213w\" sizes=\"auto, (max-width: 610px) 100vw, 610px\" \/><\/p>\n","protected":false},"excerpt":{"rendered":"<p>Creative Circular Cities (CCC) er et tv\u00e6rnationalt samarbejde, hvor seks byer i \u00d8sters\u00f8regionen i f\u00e6llesskab vil udarbejde, teste og udbrede l\u00f8sninger drevet af kulturelle og kreative sektorer og industrier for at underst\u00f8tte overgangen fra line\u00e6r til cirkul\u00e6r \u00f8konomi. Projektets form\u00e5l Creative Circular Cities (CCC) vil forsyne kommuner, erhvervsst\u00f8ttede organisationer og ikke-statslige organisationer i \u00d8sters\u00f8regionen med [&hellip;]<\/p>\n","protected":false},"author":3,"featured_media":0,"parent":0,"menu_order":0,"comment_status":"closed","ping_status":"closed","template":"templates\/template-whatwedo.php","meta":{"_acf_changed":false,"footnotes":""},"class_list":["post-22837","page","type-page","status-publish","hentry"],"acf":[],"yoast_head":"<!-- This site is optimized with the Yoast SEO plugin v23.9 - https:\/\/yoast.com\/wordpress\/plugins\/seo\/ -->\n<title>Creative Circular Cities -<\/title>\n<meta name=\"robots\" content=\"index, follow, max-snippet:-1, max-image-preview:large, max-video-preview:-1\" \/>\n<link rel=\"canonical\" href=\"https:\/\/www.danishculture.com\/da\/creative-circular-cities\/\" \/>\n<meta property=\"og:locale\" content=\"da_DK\" \/>\n<meta property=\"og:type\" content=\"article\" \/>\n<meta property=\"og:title\" content=\"Creative Circular Cities -\" \/>\n<meta property=\"og:description\" content=\"Creative Circular Cities (CCC) er et tv\u00e6rnationalt samarbejde, hvor seks byer i \u00d8sters\u00f8regionen i f\u00e6llesskab vil udarbejde, teste og udbrede l\u00f8sninger drevet af kulturelle og kreative sektorer og industrier for at underst\u00f8tte overgangen fra line\u00e6r til cirkul\u00e6r \u00f8konomi. Projektets form\u00e5l Creative Circular Cities (CCC) vil forsyne kommuner, erhvervsst\u00f8ttede organisationer og ikke-statslige organisationer i \u00d8sters\u00f8regionen med [&hellip;]\" \/>\n<meta property=\"og:url\" content=\"https:\/\/www.danishculture.com\/da\/creative-circular-cities\/\" \/>\n<meta property=\"article:modified_time\" content=\"2024-03-11T06:02:12+00:00\" \/>\n<meta property=\"og:image\" content=\"https:\/\/www.danishculture.com\/wp-content\/uploads\/2023\/11\/Creative-Circular-Cities_Logo_Standard_small.png\" \/>\n\t<meta property=\"og:image:width\" content=\"610\" \/>\n\t<meta property=\"og:image:height\" content=\"258\" \/>\n\t<meta property=\"og:image:type\" content=\"image\/png\" \/>\n<meta name=\"twitter:card\" content=\"summary_large_image\" \/>\n<meta name=\"twitter:label1\" content=\"Estimeret l\u00e6setid\" \/>\n\t<meta name=\"twitter:data1\" content=\"2 minutes\" \/>\n<script type=\"application\/ld+json\" class=\"yoast-schema-graph\">{\"@context\":\"https:\/\/schema.org\",\"@graph\":[{\"@type\":\"WebPage\",\"@id\":\"https:\/\/www.danishculture.com\/da\/creative-circular-cities\/\",\"url\":\"https:\/\/www.danishculture.com\/da\/creative-circular-cities\/\",\"name\":\"Creative Circular Cities -\",\"isPartOf\":{\"@id\":\"https:\/\/www.danishculture.com\/#website\"},\"primaryImageOfPage\":{\"@id\":\"https:\/\/www.danishculture.com\/da\/creative-circular-cities\/#primaryimage\"},\"image\":{\"@id\":\"https:\/\/www.danishculture.com\/da\/creative-circular-cities\/#primaryimage\"},\"thumbnailUrl\":\"https:\/\/www.danishculture.com\/wp-content\/uploads\/2023\/11\/Creative-Circular-Cities_Logo_Standard_small.png\",\"datePublished\":\"2024-01-03T14:42:51+00:00\",\"dateModified\":\"2024-03-11T06:02:12+00:00\",\"breadcrumb\":{\"@id\":\"https:\/\/www.danishculture.com\/da\/creative-circular-cities\/#breadcrumb\"},\"inLanguage\":\"da-DK\",\"potentialAction\":[{\"@type\":\"ReadAction\",\"target\":[\"https:\/\/www.danishculture.com\/da\/creative-circular-cities\/\"]}]},{\"@type\":\"ImageObject\",\"inLanguage\":\"da-DK\",\"@id\":\"https:\/\/www.danishculture.com\/da\/creative-circular-cities\/#primaryimage\",\"url\":\"https:\/\/www.danishculture.com\/wp-content\/uploads\/2023\/11\/Creative-Circular-Cities_Logo_Standard_small.png\",\"contentUrl\":\"https:\/\/www.danishculture.com\/wp-content\/uploads\/2023\/11\/Creative-Circular-Cities_Logo_Standard_small.png\"},{\"@type\":\"BreadcrumbList\",\"@id\":\"https:\/\/www.danishculture.com\/da\/creative-circular-cities\/#breadcrumb\",\"itemListElement\":[{\"@type\":\"ListItem\",\"position\":1,\"name\":\"Home\",\"item\":\"https:\/\/www.danishculture.com\/da\/\"},{\"@type\":\"ListItem\",\"position\":2,\"name\":\"Creative Circular Cities\"}]},{\"@type\":\"WebSite\",\"@id\":\"https:\/\/www.danishculture.com\/#website\",\"url\":\"https:\/\/www.danishculture.com\/\",\"name\":\"\",\"description\":\"Vi arbejder for at skabe forst\u00e5else for dansk og international kultur\",\"potentialAction\":[{\"@type\":\"SearchAction\",\"target\":{\"@type\":\"EntryPoint\",\"urlTemplate\":\"https:\/\/www.danishculture.com\/?s={search_term_string}\"},\"query-input\":{\"@type\":\"PropertyValueSpecification\",\"valueRequired\":true,\"valueName\":\"search_term_string\"}}],\"inLanguage\":\"da-DK\"}]}<\/script>\n<!-- \/ Yoast SEO plugin. -->","yoast_head_json":{"title":"Creative Circular Cities -","robots":{"index":"index","follow":"follow","max-snippet":"max-snippet:-1","max-image-preview":"max-image-preview:large","max-video-preview":"max-video-preview:-1"},"canonical":"https:\/\/www.danishculture.com\/da\/creative-circular-cities\/","og_locale":"da_DK","og_type":"article","og_title":"Creative Circular Cities -","og_description":"Creative Circular Cities (CCC) er et tv\u00e6rnationalt samarbejde, hvor seks byer i \u00d8sters\u00f8regionen i f\u00e6llesskab vil udarbejde, teste og udbrede l\u00f8sninger drevet af kulturelle og kreative sektorer og industrier for at underst\u00f8tte overgangen fra line\u00e6r til cirkul\u00e6r \u00f8konomi. Projektets form\u00e5l Creative Circular Cities (CCC) vil forsyne kommuner, erhvervsst\u00f8ttede organisationer og ikke-statslige organisationer i \u00d8sters\u00f8regionen med [&hellip;]","og_url":"https:\/\/www.danishculture.com\/da\/creative-circular-cities\/","article_modified_time":"2024-03-11T06:02:12+00:00","og_image":[{"width":610,"height":258,"url":"https:\/\/www.danishculture.com\/wp-content\/uploads\/2023\/11\/Creative-Circular-Cities_Logo_Standard_small.png","type":"image\/png"}],"twitter_card":"summary_large_image","twitter_misc":{"Estimeret l\u00e6setid":"2 minutes"},"schema":{"@context":"https:\/\/schema.org","@graph":[{"@type":"WebPage","@id":"https:\/\/www.danishculture.com\/da\/creative-circular-cities\/","url":"https:\/\/www.danishculture.com\/da\/creative-circular-cities\/","name":"Creative Circular Cities -","isPartOf":{"@id":"https:\/\/www.danishculture.com\/#website"},"primaryImageOfPage":{"@id":"https:\/\/www.danishculture.com\/da\/creative-circular-cities\/#primaryimage"},"image":{"@id":"https:\/\/www.danishculture.com\/da\/creative-circular-cities\/#primaryimage"},"thumbnailUrl":"https:\/\/www.danishculture.com\/wp-content\/uploads\/2023\/11\/Creative-Circular-Cities_Logo_Standard_small.png","datePublished":"2024-01-03T14:42:51+00:00","dateModified":"2024-03-11T06:02:12+00:00","breadcrumb":{"@id":"https:\/\/www.danishculture.com\/da\/creative-circular-cities\/#breadcrumb"},"inLanguage":"da-DK","potentialAction":[{"@type":"ReadAction","target":["https:\/\/www.danishculture.com\/da\/creative-circular-cities\/"]}]},{"@type":"ImageObject","inLanguage":"da-DK","@id":"https:\/\/www.danishculture.com\/da\/creative-circular-cities\/#primaryimage","url":"https:\/\/www.danishculture.com\/wp-content\/uploads\/2023\/11\/Creative-Circular-Cities_Logo_Standard_small.png","contentUrl":"https:\/\/www.danishculture.com\/wp-content\/uploads\/2023\/11\/Creative-Circular-Cities_Logo_Standard_small.png"},{"@type":"BreadcrumbList","@id":"https:\/\/www.danishculture.com\/da\/creative-circular-cities\/#breadcrumb","itemListElement":[{"@type":"ListItem","position":1,"name":"Home","item":"https:\/\/www.danishculture.com\/da\/"},{"@type":"ListItem","position":2,"name":"Creative Circular Cities"}]},{"@type":"WebSite","@id":"https:\/\/www.danishculture.com\/#website","url":"https:\/\/www.danishculture.com\/","name":"","description":"Vi arbejder for at skabe forst\u00e5else for dansk og international kultur","potentialAction":[{"@type":"SearchAction","target":{"@type":"EntryPoint","urlTemplate":"https:\/\/www.danishculture.com\/?s={search_term_string}"},"query-input":{"@type":"PropertyValueSpecification","valueRequired":true,"valueName":"search_term_string"}}],"inLanguage":"da-DK"}]}},"_links":{"self":[{"href":"https:\/\/www.danishculture.com\/da\/wp-json\/wp\/v2\/pages\/22837","targetHints":{"allow":["GET"]}}],"collection":[{"href":"https:\/\/www.danishculture.com\/da\/wp-json\/wp\/v2\/pages"}],"about":[{"href":"https:\/\/www.danishculture.com\/da\/wp-json\/wp\/v2\/types\/page"}],"author":[{"embeddable":true,"href":"https:\/\/www.danishculture.com\/da\/wp-json\/wp\/v2\/users\/3"}],"replies":[{"embeddable":true,"href":"https:\/\/www.danishculture.com\/da\/wp-json\/wp\/v2\/comments?post=22837"}],"version-history":[{"count":7,"href":"https:\/\/www.danishculture.com\/da\/wp-json\/wp\/v2\/pages\/22837\/revisions"}],"predecessor-version":[{"id":22844,"href":"https:\/\/www.danishculture.com\/da\/wp-json\/wp\/v2\/pages\/22837\/revisions\/22844"}],"wp:attachment":[{"href":"https:\/\/www.danishculture.com\/da\/wp-json\/wp\/v2\/media?parent=22837"}],"curies":[{"name":"wp","href":"https:\/\/api.w.org\/{rel}","templated":true}]}}