{"id":22709,"date":"2023-12-04T12:34:40","date_gmt":"2023-12-04T11:34:40","guid":{"rendered":"https:\/\/www.danishculture.com\/?page_id=22709"},"modified":"2024-07-26T12:43:19","modified_gmt":"2024-07-26T11:43:19","slug":"faq","status":"publish","type":"page","link":"https:\/\/www.danishculture.com\/da\/faq\/","title":{"rendered":"FAQ"},"content":{"rendered":"<h5><strong>Hvad laver Dansk Kulturinstitut?<\/strong><\/h5>\n<p>Vi arbejder for at fremme og styrke relationer p\u00e5 tv\u00e6rs af landegr\u00e6nser gennem kunst og kultur. Siden 1940 har vi haft fokus p\u00e5 at bygge bro og sikre dialog og forst\u00e5else mellem Danmark og udlandet. Det g\u00f8r vi gennem internationale kulturprojekter, som kan v\u00e6re alt fra klassisk kunst til gaming, demokratisk udvikling, borgerinvolvering samt b\u00e6redygtig arkitektur og byudvikling.<br \/>\nL\u00e6s mere om vores <a href=\"https:\/\/www.danishculture.com\/da\/projekter\/\" target=\"_blank\" rel=\"noopener\">projekter<\/a>, og <a href=\"https:\/\/www.danishculture.com\/da\/vores-arbejde\/\" target=\"_blank\" rel=\"noopener\">hvordan vi arbejder<\/a><\/p>\n<h5><strong>Hvor er Dansk Kulturinstitut til stede?<\/strong><\/h5>\n<p>Vi er for \u00f8jeblikket til stede i 15 lande, inkl. Danmark. Vi har siden vores grundl\u00e6ggelse i 1940 flyttet efter, hvor vi kan g\u00f8re den st\u00f8rste forskel. Lige efter 2. verdenskrig var vores fokus p\u00e5 Vesteuropa. Under den kolde krig rykkede vi for alvor ind i \u00d8steuropa, og i 00\u2019 og 10\u2019erne tr\u00e5dte vi ud p\u00e5 den globale arena og \u00e5bnede afdelinger bl.a. i Kina, Indien og Brasilien. Den aktuelle geopolitiske situation g\u00f8r, at vi i dag igen har et \u00f8get fokus p\u00e5 \u00d8steuropa \u2013 i s\u00e6rdeleshed Ukraine, Georgien, Moldova, Belarus, Armenien og Aserbajdsjan.<\/p>\n<p>Se hvor vi er til stede <a href=\"https:\/\/www.danishculture.com\/da\/\" target=\"_blank\" rel=\"noopener\">her<\/a><\/p>\n<h5><strong>Hvordan er Dansk Kulturinstitut finansieret?<\/strong><\/h5>\n<p>Vi er en selvejende organisation, som har en rammeaftale med Kulturministeriet. Det betyder, at vi f\u00e5r et fast \u00e5rligt driftstilskud. Herudover er vi finansieret af fonds- og andre eksterne midler, hvoraf den st\u00f8rste part pt. kommer fra Danida og EU.\u00a0 Se vores \u00e5rsregnskab <a href=\"https:\/\/www.danishculture.com\/wp-content\/uploads\/2016\/05\/DKI-%C3%85rsrapport-2022.pdf\" target=\"_blank\" rel=\"noopener\">her<\/a><\/p>\n<h5><strong>Hvordan er Dansk Kulturinstitut organiseret?<\/strong><\/h5>\n<p>Vores \u00f8verste organ er vores repr\u00e6sentantskab, som best\u00e5r af medlemmer fra danske kulturorganisationer, alle opstillingsberettigede politiske partier samt udvalgte individuelle medlemmer. Herunder er vores bestyrelse og dern\u00e6st vores adm. direkt\u00f8r, som er baseret p\u00e5 hovedkontoret i Danmark. Den adm. direkt\u00f8r er \u00f8verste leder for vores hovedkontor i K\u00f8benhavn samt alle seks internationale afdelinger, som hver is\u00e6r har deres egen stab. P\u00e5 verdensplan er vi ca. 50 ansatte. Se vores organisationsdiagram <a href=\"https:\/\/www.danishculture.com\/wp-content\/uploads\/2023\/08\/Organisationsdiagram-DK.png\" target=\"_blank\" rel=\"noopener\">her<\/a><br \/>\nSe hvem der er med i vores<a href=\"https:\/\/www.danishculture.com\/da\/repraesentantskabet\/\" target=\"_blank\" rel=\"noopener\"> repr\u00e6sentantskab<\/a> og <a href=\"https:\/\/www.danishculture.com\/da\/dansk-kulturinstituts-bestyrelse\/\" target=\"_blank\" rel=\"noopener\">bestyrelse<\/a><\/p>\n<h5><strong>Hvordan kan man samarbejde med Dansk Kulturinstitut?<\/strong><\/h5>\n<p>Vi laver aldrig noget alene. Hvert \u00e5r samarbejder vi i st\u00f8rre eller mindre grad med en lang r\u00e6kke nationale og internationale partnere. Nogle gange har vi fler\u00e5rige samarbejder som f.eks. i vores st\u00f8rre programmer \u2013 mens andre gange er det i forbindelse med \u00e9t enkelt event. Hvis man er interesseret i at samarbejde med os, er man velkommen til at henvende sig til den relevante afdeling og freml\u00e6gge sin projektid\u00e9.<br \/>\nFind kontaktinformation p\u00e5 alle vores landechefer <a href=\"https:\/\/www.danishculture.com\/da\/afdelingsledere\/\" target=\"_blank\" rel=\"noopener\">her<\/a><\/p>\n<h5><strong>Kan man s\u00f8ge \u00f8konomisk st\u00f8tte hos Dansk Kulturinstitut?<\/strong><\/h5>\n<p>I udgangspunktet har Dansk Kulturinstitut ikke midler, som kan s\u00f8ges af eksterne. Der er dog muligheder gennem vores arbejde i Den Ny Demokratifond og Det Ukrainsk-Danske Ungdomshus. I disse programmer annonceres der l\u00f8bende puljer. Bem\u00e6rk, at de er \u00f8rem\u00e6rket til aktiviteter i EU\u2019s \u00f8stlige nabolande, som t\u00e6ller Armenien, Aserbajdsjan, Belarus, Georgien, Moldova og Ukraine. L\u00e6s mere p\u00e5 hhv. <a href=\"https:\/\/theyouthhouse.org\/\" target=\"_blank\" rel=\"noopener\">www.theyouthhouse.org<\/a> og <a href=\"https:\/\/www.newdemocracyfund.org\/\" target=\"_blank\" rel=\"noopener\">www.newdemocracyfund.org\u00a0<\/a><\/p>\n<h5><strong>Kan Dansk Kulturinstitut hj\u00e6lpe med til at facilitere rejser, bes\u00f8g eller lign. i udlandet?<\/strong><\/h5>\n<p>Vi udbyder ikke studierejser, men hvis du bes\u00f8ger et af vores v\u00e6rtslande og \u00f8nsker at l\u00e6gge vejen forbi et af vores kontorer, er du altid velkommen til at kontakte vores landechefer, <a href=\"https:\/\/www.danishculture.com\/da\/afdelingsledere\/\" target=\"_blank\" rel=\"noopener\">her<\/a><br \/>\nVi er altid \u00e5bne for at fort\u00e6lle om vores arbejde samt anbefale gode bes\u00f8gsm\u00e5l.<\/p>\n<h5><strong>Kan man ans\u00f8ge om residency-ophold via Dansk Kulturinstitut?<\/strong><\/h5>\n<p>Vi har desv\u00e6rre ikke mulighed for at tilbyde residencies i udlandet. Vi henviser til <a href=\"https:\/\/www.kunst.dk\/\" target=\"_blank\" rel=\"noopener\">Statens Kunstfond<\/a>.<\/p>\n<h5><strong>Udbyder Dansk Kulturinstitut sprog- og kulturkurser?<\/strong><\/h5>\n<p>Vi stoppede med at udbyde danskkurser i 2020. Vi henviser til <a href=\"https:\/\/ucplusdansk.dk\/\" target=\"_blank\" rel=\"noopener\">UC Plus<\/a><\/p>\n<h5><strong>Kan Dansk Kulturinstitut hj\u00e6lpe med at finde partnere ude i verden eller i Danmark?<\/strong><\/h5>\n<p>Vi vil altid gerne hj\u00e6lpe, men vores ressourcer er begr\u00e6nsede. Vi henviser til, at du kontakter den relevante afdeling og freml\u00e6gger dit \u00f8nske. Det g\u00e6lder b\u00e5de, hvis du s\u00f8ger en dansk partner eller en partner i et af vores v\u00e6rtslande. Bem\u00e6rk, at vi kan kun hj\u00e6lpe ift. de lande, vi er til stede i.<strong><br \/>\n<\/strong>Find kontaktinfo p\u00e5 vores afdelinger, <a href=\"https:\/\/www.danishculture.com\/da\/kontakt-til-institutterne\/\" target=\"_blank\" rel=\"noopener\">her<\/a><\/p>\n<h5><strong>Kan Dansk Kulturinstitut hj\u00e6lpe, hvis man \u00f8nsker at optr\u00e6de, udkomme eller p\u00e5 anden vis pr\u00e6sentere sin kunst i Danmark?<\/strong><\/h5>\n<p>I udgangspunktet har vi begr\u00e6nsede muligheder for at hj\u00e6lpe, da vi hverken har scene, udstillingssted eller lokaler, som kan rumme et publikum. Derfor henviser vi direkte til de relevante kulturinstitutioner.<\/p>\n<h5><strong>Kan man f\u00e5 generel viden om dansk kunst og kultur gennem Dansk Kulturinstitut?<\/strong><\/h5>\n<p>Vi er ikke eksperter i dansk kunst og kultur, da vores hovedfokus og arbejde foreg\u00e5r ude i verden. \u00a0Men du er altid velkommen til at skrive til os, m\u00e5ske kan vi hj\u00e6lpe med at finde svaret: <a href=\"mailto:mail@danishculture.com\" target=\"_blank\" rel=\"noopener\">mail@danishculture.com<\/a>.<\/p>\n<p>&nbsp;<\/p>\n","protected":false},"excerpt":{"rendered":"<p>Hvad laver Dansk Kulturinstitut? Vi arbejder for at fremme og styrke relationer p\u00e5 tv\u00e6rs af landegr\u00e6nser gennem kunst og kultur. Siden 1940 har vi haft fokus p\u00e5 at bygge bro og sikre dialog og forst\u00e5else mellem Danmark og udlandet. Det g\u00f8r vi gennem internationale kulturprojekter, som kan v\u00e6re alt fra klassisk kunst til gaming, demokratisk [&hellip;]<\/p>\n","protected":false},"author":3,"featured_media":0,"parent":0,"menu_order":0,"comment_status":"closed","ping_status":"closed","template":"","meta":{"_acf_changed":false,"footnotes":""},"class_list":["post-22709","page","type-page","status-publish","hentry"],"acf":[],"yoast_head":"<!-- This site is optimized with the Yoast SEO plugin v23.9 - https:\/\/yoast.com\/wordpress\/plugins\/seo\/ -->\n<title>FAQ -<\/title>\n<meta name=\"robots\" content=\"index, follow, max-snippet:-1, max-image-preview:large, max-video-preview:-1\" \/>\n<link rel=\"canonical\" href=\"https:\/\/www.danishculture.com\/da\/faq\/\" \/>\n<meta property=\"og:locale\" content=\"da_DK\" \/>\n<meta property=\"og:type\" content=\"article\" \/>\n<meta property=\"og:title\" content=\"FAQ -\" \/>\n<meta property=\"og:description\" content=\"Hvad laver Dansk Kulturinstitut? Vi arbejder for at fremme og styrke relationer p\u00e5 tv\u00e6rs af landegr\u00e6nser gennem kunst og kultur. Siden 1940 har vi haft fokus p\u00e5 at bygge bro og sikre dialog og forst\u00e5else mellem Danmark og udlandet. Det g\u00f8r vi gennem internationale kulturprojekter, som kan v\u00e6re alt fra klassisk kunst til gaming, demokratisk [&hellip;]\" \/>\n<meta property=\"og:url\" content=\"https:\/\/www.danishculture.com\/da\/faq\/\" \/>\n<meta property=\"article:modified_time\" content=\"2024-07-26T11:43:19+00:00\" \/>\n<meta name=\"twitter:card\" content=\"summary_large_image\" \/>\n<meta name=\"twitter:label1\" content=\"Estimeret l\u00e6setid\" \/>\n\t<meta name=\"twitter:data1\" content=\"4 minutes\" \/>\n<script type=\"application\/ld+json\" class=\"yoast-schema-graph\">{\"@context\":\"https:\/\/schema.org\",\"@graph\":[{\"@type\":\"WebPage\",\"@id\":\"https:\/\/www.danishculture.com\/da\/faq\/\",\"url\":\"https:\/\/www.danishculture.com\/da\/faq\/\",\"name\":\"FAQ -\",\"isPartOf\":{\"@id\":\"https:\/\/www.danishculture.com\/#website\"},\"datePublished\":\"2023-12-04T11:34:40+00:00\",\"dateModified\":\"2024-07-26T11:43:19+00:00\",\"breadcrumb\":{\"@id\":\"https:\/\/www.danishculture.com\/da\/faq\/#breadcrumb\"},\"inLanguage\":\"da-DK\",\"potentialAction\":[{\"@type\":\"ReadAction\",\"target\":[\"https:\/\/www.danishculture.com\/da\/faq\/\"]}]},{\"@type\":\"BreadcrumbList\",\"@id\":\"https:\/\/www.danishculture.com\/da\/faq\/#breadcrumb\",\"itemListElement\":[{\"@type\":\"ListItem\",\"position\":1,\"name\":\"Home\",\"item\":\"https:\/\/www.danishculture.com\/da\/\"},{\"@type\":\"ListItem\",\"position\":2,\"name\":\"FAQ\"}]},{\"@type\":\"WebSite\",\"@id\":\"https:\/\/www.danishculture.com\/#website\",\"url\":\"https:\/\/www.danishculture.com\/\",\"name\":\"\",\"description\":\"Vi arbejder for at skabe forst\u00e5else for dansk og international kultur\",\"potentialAction\":[{\"@type\":\"SearchAction\",\"target\":{\"@type\":\"EntryPoint\",\"urlTemplate\":\"https:\/\/www.danishculture.com\/?s={search_term_string}\"},\"query-input\":{\"@type\":\"PropertyValueSpecification\",\"valueRequired\":true,\"valueName\":\"search_term_string\"}}],\"inLanguage\":\"da-DK\"}]}<\/script>\n<!-- \/ Yoast SEO plugin. -->","yoast_head_json":{"title":"FAQ -","robots":{"index":"index","follow":"follow","max-snippet":"max-snippet:-1","max-image-preview":"max-image-preview:large","max-video-preview":"max-video-preview:-1"},"canonical":"https:\/\/www.danishculture.com\/da\/faq\/","og_locale":"da_DK","og_type":"article","og_title":"FAQ -","og_description":"Hvad laver Dansk Kulturinstitut? Vi arbejder for at fremme og styrke relationer p\u00e5 tv\u00e6rs af landegr\u00e6nser gennem kunst og kultur. Siden 1940 har vi haft fokus p\u00e5 at bygge bro og sikre dialog og forst\u00e5else mellem Danmark og udlandet. Det g\u00f8r vi gennem internationale kulturprojekter, som kan v\u00e6re alt fra klassisk kunst til gaming, demokratisk [&hellip;]","og_url":"https:\/\/www.danishculture.com\/da\/faq\/","article_modified_time":"2024-07-26T11:43:19+00:00","twitter_card":"summary_large_image","twitter_misc":{"Estimeret l\u00e6setid":"4 minutes"},"schema":{"@context":"https:\/\/schema.org","@graph":[{"@type":"WebPage","@id":"https:\/\/www.danishculture.com\/da\/faq\/","url":"https:\/\/www.danishculture.com\/da\/faq\/","name":"FAQ -","isPartOf":{"@id":"https:\/\/www.danishculture.com\/#website"},"datePublished":"2023-12-04T11:34:40+00:00","dateModified":"2024-07-26T11:43:19+00:00","breadcrumb":{"@id":"https:\/\/www.danishculture.com\/da\/faq\/#breadcrumb"},"inLanguage":"da-DK","potentialAction":[{"@type":"ReadAction","target":["https:\/\/www.danishculture.com\/da\/faq\/"]}]},{"@type":"BreadcrumbList","@id":"https:\/\/www.danishculture.com\/da\/faq\/#breadcrumb","itemListElement":[{"@type":"ListItem","position":1,"name":"Home","item":"https:\/\/www.danishculture.com\/da\/"},{"@type":"ListItem","position":2,"name":"FAQ"}]},{"@type":"WebSite","@id":"https:\/\/www.danishculture.com\/#website","url":"https:\/\/www.danishculture.com\/","name":"","description":"Vi arbejder for at skabe forst\u00e5else for dansk og international kultur","potentialAction":[{"@type":"SearchAction","target":{"@type":"EntryPoint","urlTemplate":"https:\/\/www.danishculture.com\/?s={search_term_string}"},"query-input":{"@type":"PropertyValueSpecification","valueRequired":true,"valueName":"search_term_string"}}],"inLanguage":"da-DK"}]}},"_links":{"self":[{"href":"https:\/\/www.danishculture.com\/da\/wp-json\/wp\/v2\/pages\/22709","targetHints":{"allow":["GET"]}}],"collection":[{"href":"https:\/\/www.danishculture.com\/da\/wp-json\/wp\/v2\/pages"}],"about":[{"href":"https:\/\/www.danishculture.com\/da\/wp-json\/wp\/v2\/types\/page"}],"author":[{"embeddable":true,"href":"https:\/\/www.danishculture.com\/da\/wp-json\/wp\/v2\/users\/3"}],"replies":[{"embeddable":true,"href":"https:\/\/www.danishculture.com\/da\/wp-json\/wp\/v2\/comments?post=22709"}],"version-history":[{"count":15,"href":"https:\/\/www.danishculture.com\/da\/wp-json\/wp\/v2\/pages\/22709\/revisions"}],"predecessor-version":[{"id":23434,"href":"https:\/\/www.danishculture.com\/da\/wp-json\/wp\/v2\/pages\/22709\/revisions\/23434"}],"wp:attachment":[{"href":"https:\/\/www.danishculture.com\/da\/wp-json\/wp\/v2\/media?parent=22709"}],"curies":[{"name":"wp","href":"https:\/\/api.w.org\/{rel}","templated":true}]}}