{"id":22120,"date":"2023-10-20T14:34:54","date_gmt":"2023-10-20T13:34:54","guid":{"rendered":"https:\/\/www.danishculture.com\/?page_id=22120"},"modified":"2023-10-20T15:05:53","modified_gmt":"2023-10-20T14:05:53","slug":"bsr-cultural-pearls","status":"publish","type":"page","link":"https:\/\/www.danishculture.com\/da\/bsr-cultural-pearls\/","title":{"rendered":"BSR Cultural Pearls"},"content":{"rendered":"<p><em><strong>Vi styrker byers social modstandsdygtighed gennem kultur.<\/strong><\/em><\/p>\n<p>&nbsp;<\/p>\n<p>Projektet BSR Cultural Pearls, som er medfinansieret af EU&#8217;s Interreg Baltic Sea Region-program, har til form\u00e5l at styrke social modstandsdygtighed i kommuner, byer og byomr\u00e5der i \u00d8sters\u00f8regionen ved at udnytte potentialet i den lokale kultur og kreativitet.<\/p>\n<p>Projektet indeholder flere komponenter:<\/p>\n<ul>\n<li>En samling af gode praksisser for at \u00f8ge social modstandsdygtighed gennem kultur.<\/li>\n<li>En vejledning, der indeholder v\u00e6rkt\u00f8jer, der er specielt designet til at hj\u00e6lpe kommuner med at udvikle en handlingsplan for social modstandsdygtighed.<\/li>\n<li>Et kapacitetsopbygnings- og peer-mentoreringsprogram til at st\u00f8tte kommunerne i at implementere disse planer.<\/li>\n<li>Prisen &#8220;BSR Cultural Pearls&#8221;, som anerkender enest\u00e5ende kulturdrevne planer for social modstandsdygtighed. Titlen tildeles fire byer \u00e5rligt, som samtidig optages i programmet<\/li>\n<\/ul>\n<h5>Hvorfor kulturdreven social modstandsdygtighed?<\/h5>\n<p>Social modstandsdygtighed refererer til individernes, f\u00e6llesskabers og samfundets evne til at modst\u00e5 og komme sig efter sociale, \u00f8konomiske og milj\u00f8m\u00e6ssige chok og belastninger. Det indeb\u00e6rer evnen til at tilpasse sig og l\u00e6re af disse udfordringer samt opretholde eller forbedre social og \u00f8konomisk velf\u00e6rd. Da \u00d8sters\u00f8regionen st\u00e5r over for flere udfordringer, der betydeligt p\u00e5virker\u00a0 samfundene, er behovet for social modstandsdygtighed st\u00f8rre end nogensinde. At udnytte kulturens kraft kan spille en afg\u00f8rende rolle i at fremme denne modstandsdygtighed og hj\u00e6lpe samfundene med at navigere gennem disse udfordrende tider. Kulturdreven social modstandsdygtighed udnytter specifikt kulturens potentiale til at forme f\u00f8lelsen af tilh\u00f8rsforhold, tilpasningsevne og trivsel i samfundene i m\u00f8det med modgang.<\/p>\n<h5>Om programmet<\/h5>\n<ul>\n<li>Vores rolle: Partner<\/li>\n<li>Budget: 3,5 mio. euro, hvoraf 80 procent, eller 2,8 millioner euro, kommer fra Interreg Baltic Sea Region-programmet, og de resterende 20 procent fra projektpartnere.<\/li>\n<li>Varighed: 2023-2025<\/li>\n<\/ul>\n<h5>Projektm\u00e5l<\/h5>\n<p>M\u00e5let med BSR Cultural Pearls-projektet er at give mindre byer og regioner mulighed for at \u00f8ge deres sociale modstandsdygtighed og opretholde livskvaliteten ved hj\u00e6lp af lokale aktiver p\u00e5 en innovativ m\u00e5de.<\/p>\n<h5>M\u00e5lgrupper<\/h5>\n<p>Lokale og regionale offentlige myndigheder (byer, kommuner).<\/p>\n<h5>Hovedresultat: &#8220;Cultural Pearls&#8221; priser<\/h5>\n<p>Projektets hovedresultat er de \u00e5rlige Cultural Pearls Awards, en titel tildelt kommuner, der s\u00f8ger at styrke deres evne til at arbejde med deres samfund gennem kultur for at \u00f8ge social modstandsdygtighed, livskvalitet og tiltr\u00e6kningskraft samt styrke deres internationale profil og synlighed.<\/p>\n<p>&nbsp;<\/p>\n<p>Der lanceres \u00e5rligt et open call til ans\u00f8gninger. Berettigede kandidater g\u00e5r ind i en udviklingsfase, hvor de udarbejder en handlingsplan for kultur og modstandsdygtighed med hj\u00e6lp fra en vejledning i kulturdreven social modstandsdygtighed, der indeholder gode praksisser, og en skabelon til handlingsplanen, og de st\u00f8ttes af en national mentororganisation i projektets konsortium. Baseret p\u00e5 deres handlingsplaner udv\u00e6lges fire kommuner i \u00d8sters\u00f8regionen af en international jury og tildeles titlen &#8220;Cultural Pearl&#8221;. De fire perler indskrives derefter i BSR Cultural Pearls-programmet, der st\u00f8tter implementeringen af deres handlingsplan gennem peer-mentoring, et kapacitetsopbygningsprogram og international udveksling. En lokal prisuddeling i juni og en international ceremoni ved programslutningen hj\u00e6lper med at \u00f8ge opm\u00e6rksomheden og skabe lokal momentum og international synlighed.<\/p>\n<h5>Dansk Kulturinstitut og BSR Cultural Pearls<\/h5>\n<p>Dansk Kulturinstitut bidrager til BSR Cultural Pearls ved at hj\u00e6lpe mindre byer og regioner med at blive mere attraktive at bo i og forbedre deres livskvalitet ved at engagere folk i kulturelle aktiviteter og udvikle en st\u00e6rkere f\u00f8lelse af f\u00e6llesskab.<\/p>\n<h5>Projektpartnere<\/h5>\n<ul>\n<li><span data-contrast=\"auto\">Council of the Baltic Sea States (CBSS) \u2013 lead partner<\/span><span data-ccp-props=\"{}\">\u00a0<\/span><\/li>\n<li><span data-contrast=\"auto\">Alytus municipality (LV)<\/span><\/li>\n<li><span data-contrast=\"auto\">ARS BALTIC (DE)<\/span><\/li>\n<li><span data-contrast=\"auto\">Baltic Sea Cultural Centre (PL)<\/span><\/li>\n<li><span data-contrast=\"auto\">Dansk Kulturinstitut (DK)<\/span><\/li>\n<li><span data-contrast=\"auto\">Heinrich B\u00f6ll Foundation Schleswig-Holstein (DE)<\/span><\/li>\n<li><span data-contrast=\"auto\">Loov Eesti\/Creative Estonia (EE)<\/span><\/li>\n<li><span data-contrast=\"auto\">Northern Dimension Partnership on Culture<\/span><span data-ccp-props=\"{}\">\u00a0<\/span><\/li>\n<li><span data-contrast=\"auto\">Regional Council of Ostrobothnia (FI)<\/span><span data-ccp-props=\"{}\">\u00a0<\/span><\/li>\n<li><span data-contrast=\"auto\">Ministry of Justice, European Affairs and Consumer Protection of Land Schleswig-Holstein (DE)<\/span><\/li>\n<li><span data-contrast=\"auto\">Varde Kommune (DK)<\/span><\/li>\n<li><span data-contrast=\"auto\">Vidzeme Planning Region (LV)<\/span><\/li>\n<\/ul>\n<p>&nbsp;<\/p>\n<h5><strong>Projekt website<\/strong><\/h5>\n<p><a href=\"https:\/\/interreg-baltic.eu\/project\/bsr-cultural-pearls\/\">https:\/\/interreg-baltic.eu\/project\/bsr-cultural-pearls\/<\/a><\/p>\n<h5><strong>Ans\u00f8ger website\u00a0<\/strong><\/h5>\n<p><a href=\"https:\/\/culturalpearls.eu\/\">https:\/\/culturalpearls.eu\/<\/a><\/p>\n<p>&nbsp;<\/p>\n<p><img loading=\"lazy\" decoding=\"async\" class=\"alignnone size-full wp-image-22122\" src=\"https:\/\/www.danishculture.com\/wp-content\/uploads\/2023\/10\/BSR-Cultural-Pearls_Logo_Standard_small.png\" alt=\"\" width=\"610\" height=\"258\" srcset=\"https:\/\/www.danishculture.com\/wp-content\/uploads\/2023\/10\/BSR-Cultural-Pearls_Logo_Standard_small.png 610w, https:\/\/www.danishculture.com\/wp-content\/uploads\/2023\/10\/BSR-Cultural-Pearls_Logo_Standard_small-300x127.png 300w, https:\/\/www.danishculture.com\/wp-content\/uploads\/2023\/10\/BSR-Cultural-Pearls_Logo_Standard_small-308x130.png 308w, https:\/\/www.danishculture.com\/wp-content\/uploads\/2023\/10\/BSR-Cultural-Pearls_Logo_Standard_small-214x91.png 214w, https:\/\/www.danishculture.com\/wp-content\/uploads\/2023\/10\/BSR-Cultural-Pearls_Logo_Standard_small-213x90.png 213w\" sizes=\"auto, (max-width: 610px) 100vw, 610px\" \/><\/p>\n<p>&nbsp;<\/p>\n","protected":false},"excerpt":{"rendered":"<p>Vi styrker byers social modstandsdygtighed gennem kultur. &nbsp; Projektet BSR Cultural Pearls, som er medfinansieret af EU&#8217;s Interreg Baltic Sea Region-program, har til form\u00e5l at styrke social modstandsdygtighed i kommuner, byer og byomr\u00e5der i \u00d8sters\u00f8regionen ved at udnytte potentialet i den lokale kultur og kreativitet. Projektet indeholder flere komponenter: En samling af gode praksisser for [&hellip;]<\/p>\n","protected":false},"author":3,"featured_media":0,"parent":0,"menu_order":0,"comment_status":"closed","ping_status":"closed","template":"","meta":{"_acf_changed":false,"footnotes":""},"class_list":["post-22120","page","type-page","status-publish","hentry"],"acf":[],"yoast_head":"<!-- This site is optimized with the Yoast SEO plugin v23.9 - https:\/\/yoast.com\/wordpress\/plugins\/seo\/ -->\n<title>BSR Cultural Pearls -<\/title>\n<meta name=\"robots\" content=\"index, follow, max-snippet:-1, max-image-preview:large, max-video-preview:-1\" \/>\n<link rel=\"canonical\" href=\"https:\/\/www.danishculture.com\/da\/bsr-cultural-pearls\/\" \/>\n<meta property=\"og:locale\" content=\"da_DK\" \/>\n<meta property=\"og:type\" content=\"article\" \/>\n<meta property=\"og:title\" content=\"BSR Cultural Pearls -\" \/>\n<meta property=\"og:description\" content=\"Vi styrker byers social modstandsdygtighed gennem kultur. &nbsp; Projektet BSR Cultural Pearls, som er medfinansieret af EU&#8217;s Interreg Baltic Sea Region-program, har til form\u00e5l at styrke social modstandsdygtighed i kommuner, byer og byomr\u00e5der i \u00d8sters\u00f8regionen ved at udnytte potentialet i den lokale kultur og kreativitet. Projektet indeholder flere komponenter: En samling af gode praksisser for [&hellip;]\" \/>\n<meta property=\"og:url\" content=\"https:\/\/www.danishculture.com\/da\/bsr-cultural-pearls\/\" \/>\n<meta property=\"article:modified_time\" content=\"2023-10-20T14:05:53+00:00\" \/>\n<meta property=\"og:image\" content=\"https:\/\/www.danishculture.com\/wp-content\/uploads\/2023\/10\/BSR-Cultural-Pearls_Logo_Standard_small.png\" \/>\n\t<meta property=\"og:image:width\" content=\"610\" \/>\n\t<meta property=\"og:image:height\" content=\"258\" \/>\n\t<meta property=\"og:image:type\" content=\"image\/png\" \/>\n<meta name=\"twitter:card\" content=\"summary_large_image\" \/>\n<meta name=\"twitter:label1\" content=\"Estimeret l\u00e6setid\" \/>\n\t<meta name=\"twitter:data1\" content=\"3 minutes\" \/>\n<script type=\"application\/ld+json\" class=\"yoast-schema-graph\">{\"@context\":\"https:\/\/schema.org\",\"@graph\":[{\"@type\":\"WebPage\",\"@id\":\"https:\/\/www.danishculture.com\/da\/bsr-cultural-pearls\/\",\"url\":\"https:\/\/www.danishculture.com\/da\/bsr-cultural-pearls\/\",\"name\":\"BSR Cultural Pearls -\",\"isPartOf\":{\"@id\":\"https:\/\/www.danishculture.com\/#website\"},\"primaryImageOfPage\":{\"@id\":\"https:\/\/www.danishculture.com\/da\/bsr-cultural-pearls\/#primaryimage\"},\"image\":{\"@id\":\"https:\/\/www.danishculture.com\/da\/bsr-cultural-pearls\/#primaryimage\"},\"thumbnailUrl\":\"https:\/\/www.danishculture.com\/wp-content\/uploads\/2023\/10\/BSR-Cultural-Pearls_Logo_Standard_small.png\",\"datePublished\":\"2023-10-20T13:34:54+00:00\",\"dateModified\":\"2023-10-20T14:05:53+00:00\",\"breadcrumb\":{\"@id\":\"https:\/\/www.danishculture.com\/da\/bsr-cultural-pearls\/#breadcrumb\"},\"inLanguage\":\"da-DK\",\"potentialAction\":[{\"@type\":\"ReadAction\",\"target\":[\"https:\/\/www.danishculture.com\/da\/bsr-cultural-pearls\/\"]}]},{\"@type\":\"ImageObject\",\"inLanguage\":\"da-DK\",\"@id\":\"https:\/\/www.danishculture.com\/da\/bsr-cultural-pearls\/#primaryimage\",\"url\":\"https:\/\/www.danishculture.com\/wp-content\/uploads\/2023\/10\/BSR-Cultural-Pearls_Logo_Standard_small.png\",\"contentUrl\":\"https:\/\/www.danishculture.com\/wp-content\/uploads\/2023\/10\/BSR-Cultural-Pearls_Logo_Standard_small.png\"},{\"@type\":\"BreadcrumbList\",\"@id\":\"https:\/\/www.danishculture.com\/da\/bsr-cultural-pearls\/#breadcrumb\",\"itemListElement\":[{\"@type\":\"ListItem\",\"position\":1,\"name\":\"Home\",\"item\":\"https:\/\/www.danishculture.com\/da\/\"},{\"@type\":\"ListItem\",\"position\":2,\"name\":\"BSR Cultural Pearls\"}]},{\"@type\":\"WebSite\",\"@id\":\"https:\/\/www.danishculture.com\/#website\",\"url\":\"https:\/\/www.danishculture.com\/\",\"name\":\"\",\"description\":\"Vi arbejder for at skabe forst\u00e5else for dansk og international kultur\",\"potentialAction\":[{\"@type\":\"SearchAction\",\"target\":{\"@type\":\"EntryPoint\",\"urlTemplate\":\"https:\/\/www.danishculture.com\/?s={search_term_string}\"},\"query-input\":{\"@type\":\"PropertyValueSpecification\",\"valueRequired\":true,\"valueName\":\"search_term_string\"}}],\"inLanguage\":\"da-DK\"}]}<\/script>\n<!-- \/ Yoast SEO plugin. -->","yoast_head_json":{"title":"BSR Cultural Pearls -","robots":{"index":"index","follow":"follow","max-snippet":"max-snippet:-1","max-image-preview":"max-image-preview:large","max-video-preview":"max-video-preview:-1"},"canonical":"https:\/\/www.danishculture.com\/da\/bsr-cultural-pearls\/","og_locale":"da_DK","og_type":"article","og_title":"BSR Cultural Pearls -","og_description":"Vi styrker byers social modstandsdygtighed gennem kultur. &nbsp; Projektet BSR Cultural Pearls, som er medfinansieret af EU&#8217;s Interreg Baltic Sea Region-program, har til form\u00e5l at styrke social modstandsdygtighed i kommuner, byer og byomr\u00e5der i \u00d8sters\u00f8regionen ved at udnytte potentialet i den lokale kultur og kreativitet. Projektet indeholder flere komponenter: En samling af gode praksisser for [&hellip;]","og_url":"https:\/\/www.danishculture.com\/da\/bsr-cultural-pearls\/","article_modified_time":"2023-10-20T14:05:53+00:00","og_image":[{"width":610,"height":258,"url":"https:\/\/www.danishculture.com\/wp-content\/uploads\/2023\/10\/BSR-Cultural-Pearls_Logo_Standard_small.png","type":"image\/png"}],"twitter_card":"summary_large_image","twitter_misc":{"Estimeret l\u00e6setid":"3 minutes"},"schema":{"@context":"https:\/\/schema.org","@graph":[{"@type":"WebPage","@id":"https:\/\/www.danishculture.com\/da\/bsr-cultural-pearls\/","url":"https:\/\/www.danishculture.com\/da\/bsr-cultural-pearls\/","name":"BSR Cultural Pearls -","isPartOf":{"@id":"https:\/\/www.danishculture.com\/#website"},"primaryImageOfPage":{"@id":"https:\/\/www.danishculture.com\/da\/bsr-cultural-pearls\/#primaryimage"},"image":{"@id":"https:\/\/www.danishculture.com\/da\/bsr-cultural-pearls\/#primaryimage"},"thumbnailUrl":"https:\/\/www.danishculture.com\/wp-content\/uploads\/2023\/10\/BSR-Cultural-Pearls_Logo_Standard_small.png","datePublished":"2023-10-20T13:34:54+00:00","dateModified":"2023-10-20T14:05:53+00:00","breadcrumb":{"@id":"https:\/\/www.danishculture.com\/da\/bsr-cultural-pearls\/#breadcrumb"},"inLanguage":"da-DK","potentialAction":[{"@type":"ReadAction","target":["https:\/\/www.danishculture.com\/da\/bsr-cultural-pearls\/"]}]},{"@type":"ImageObject","inLanguage":"da-DK","@id":"https:\/\/www.danishculture.com\/da\/bsr-cultural-pearls\/#primaryimage","url":"https:\/\/www.danishculture.com\/wp-content\/uploads\/2023\/10\/BSR-Cultural-Pearls_Logo_Standard_small.png","contentUrl":"https:\/\/www.danishculture.com\/wp-content\/uploads\/2023\/10\/BSR-Cultural-Pearls_Logo_Standard_small.png"},{"@type":"BreadcrumbList","@id":"https:\/\/www.danishculture.com\/da\/bsr-cultural-pearls\/#breadcrumb","itemListElement":[{"@type":"ListItem","position":1,"name":"Home","item":"https:\/\/www.danishculture.com\/da\/"},{"@type":"ListItem","position":2,"name":"BSR Cultural Pearls"}]},{"@type":"WebSite","@id":"https:\/\/www.danishculture.com\/#website","url":"https:\/\/www.danishculture.com\/","name":"","description":"Vi arbejder for at skabe forst\u00e5else for dansk og international kultur","potentialAction":[{"@type":"SearchAction","target":{"@type":"EntryPoint","urlTemplate":"https:\/\/www.danishculture.com\/?s={search_term_string}"},"query-input":{"@type":"PropertyValueSpecification","valueRequired":true,"valueName":"search_term_string"}}],"inLanguage":"da-DK"}]}},"_links":{"self":[{"href":"https:\/\/www.danishculture.com\/da\/wp-json\/wp\/v2\/pages\/22120","targetHints":{"allow":["GET"]}}],"collection":[{"href":"https:\/\/www.danishculture.com\/da\/wp-json\/wp\/v2\/pages"}],"about":[{"href":"https:\/\/www.danishculture.com\/da\/wp-json\/wp\/v2\/types\/page"}],"author":[{"embeddable":true,"href":"https:\/\/www.danishculture.com\/da\/wp-json\/wp\/v2\/users\/3"}],"replies":[{"embeddable":true,"href":"https:\/\/www.danishculture.com\/da\/wp-json\/wp\/v2\/comments?post=22120"}],"version-history":[{"count":10,"href":"https:\/\/www.danishculture.com\/da\/wp-json\/wp\/v2\/pages\/22120\/revisions"}],"predecessor-version":[{"id":22162,"href":"https:\/\/www.danishculture.com\/da\/wp-json\/wp\/v2\/pages\/22120\/revisions\/22162"}],"wp:attachment":[{"href":"https:\/\/www.danishculture.com\/da\/wp-json\/wp\/v2\/media?parent=22120"}],"curies":[{"name":"wp","href":"https:\/\/api.w.org\/{rel}","templated":true}]}}