{"id":22101,"date":"2023-10-20T13:45:33","date_gmt":"2023-10-20T12:45:33","guid":{"rendered":"https:\/\/www.danishculture.com\/?page_id=22101"},"modified":"2023-10-20T13:50:18","modified_gmt":"2023-10-20T12:50:18","slug":"liveability","status":"publish","type":"page","link":"https:\/\/www.danishculture.com\/da\/liveability\/","title":{"rendered":"Liveability"},"content":{"rendered":"<p><strong><em>Hvad g\u00f8r en by beboelig? \u2013 Hvordan kan en by designe og skabe positive milj\u00f8er for at g\u00f8re den mere beboelig? \u2013 Hvordan kan byer give borgere mulighed for at pr\u00e6ge transformationsprocessen?<\/em><\/strong><\/p>\n<p>&nbsp;<\/p>\n<p>Svaret p\u00e5 disse sp\u00f8rgsm\u00e5l unders\u00f8ges i Interreg-projektet &#8220;Liveability &#8211; Designing Public Services for Resilient Neighbourhoods.&#8221;<\/p>\n<p>&nbsp;<\/p>\n<p>Dansk Kulturinstitut (DKI) assisterer 10 organisationer, herunder seks kommuner i \u00d8sters\u00f8regionen (Kiel, Gdynia, Guldborgsund, Kolding, Pori og Riga), i en f\u00e6lles udvikling af en brugerinvolverende tilgang, som vil blive testet i et kvarter i hver af partnerbyerne.<\/p>\n<p>&nbsp;<\/p>\n<p>Projektet &#8220;Liveability&#8221; tr\u00e6ner offentlige administrationer i innovative m\u00e5der at inddrage borgerne p\u00e5 ift. at skabe beboelige og attraktive bymilj\u00f8er, der tilpasser sig menneskers behov.<\/p>\n<p>Selv f\u00f8r COVID-19-krisen stod mange byer over for komplekse sociale, milj\u00f8m\u00e6ssige og \u00f8konomiske udfordringer, herunder sociale uligheder, p\u00e5virkninger af klimaforandringer og demografiske \u00e6ndringer. Imidlertid giver \u00e6ndrede arbejds- og livsm\u00f8nstre ogs\u00e5 en mulighed: mellemstore og mindre byer kan tiltr\u00e6kke beboere og virksomheder ved at v\u00e6re beboelige &#8211; dvs. ved at f\u00f8lge en integreret og afbalanceret tilgang til bymilj\u00f8, innovationskultur, offentlige tjenester og socio-kulturelt liv og ved at fremkalde en st\u00e6rk f\u00f8lelse af aktivt medborgerskab.<\/p>\n<p>&nbsp;<\/p>\n<p>For at v\u00e6re mere beboelige skal byer blive &#8220;t\u00e6ttere&#8221;, &#8220;mere offentlige&#8221; og &#8220;mere smidige&#8221;. &#8220;Liveability&#8221; forbereder, afpr\u00f8ver og overf\u00f8rer et kapacitetsopbygningsprogram for offentlig interesse-design, der adresserer b\u00e5de byomr\u00e5det (ledelsesniveau) og embedsm\u00e6nd. Projektet vil invitere kandidatbyer til at overf\u00f8re programmet og ogs\u00e5 opn\u00e5 betegnelsen som en beboelig by.<\/p>\n<p>&nbsp;<\/p>\n<p>Dansk Kulturinstitut (DKI) har arbejdet inden for kultur og b\u00e6redygtighed i de seneste 15 \u00e5r og er godt forbundet med organisationer og netv\u00e6rk, der er relevante for disse emner p\u00e5 b\u00e5de BSR-, europ\u00e6isk og globalt plan.\u00a0 Med fokus p\u00e5 kulturens rolle og kulturelle institutioner i samfundsm\u00e6ssig transformation sigter DKI mod at bidrage til udviklingen et netv\u00e6rk af &#8220;beboelige byer.&#8221;<\/p>\n<p>&nbsp;<\/p>\n<h5>Om programmet<\/h5>\n<ul>\n<li>Vores rolle: Partner<\/li>\n<li>Budget: 3,28 mio. euro<\/li>\n<li>Varighed: 2023-2025<\/li>\n<\/ul>\n<h5>Projektpartnere<\/h5>\n<ul>\n<li>Heinrich-B\u00f6ll-Foundation Schleswig-Holstein e.V. (DE)<\/li>\n<li>City of Kiel (DE)<\/li>\n<li>Dansk Kulturinstitut (DK)<\/li>\n<li>Business Kolding (DK)<\/li>\n<li>Guldborgsund Municipality (DK)<\/li>\n<li>City of Pori (FI)<\/li>\n<li>Riga City Council (LV)<\/li>\n<li>City of Gdynia (PL)<\/li>\n<li>Gdansk University of Technology (PL)<\/li>\n<li>Nextlearning e.V. (DE)<\/li>\n<li>Estonian Academy of Arts (EST)<\/li>\n<\/ul>\n<h5>L\u00e6s mere<\/h5>\n<p>L\u00e6s mere om projektet i denne brochure:<\/p>\n<p><a href=\"https:\/\/www.danishculture.com\/wp-content\/uploads\/2023\/10\/Liveability.pdf\">Liveability<\/a><\/p>\n<p>&nbsp;<\/p>\n<p>L\u00e6s mere om\u00a0<a href=\"https:\/\/interreg-baltic.eu\/project\/liveability\/\" target=\"_blank\" rel=\"noopener\">projekt<\/a><\/p>\n<p>&nbsp;<\/p>\n<p><img loading=\"lazy\" decoding=\"async\" class=\"alignnone size-full wp-image-22073\" src=\"https:\/\/www.danishculture.com\/wp-content\/uploads\/2023\/10\/Liveability_Logo_Standard_small.png\" alt=\"\" width=\"610\" height=\"258\" srcset=\"https:\/\/www.danishculture.com\/wp-content\/uploads\/2023\/10\/Liveability_Logo_Standard_small.png 610w, https:\/\/www.danishculture.com\/wp-content\/uploads\/2023\/10\/Liveability_Logo_Standard_small-300x127.png 300w, https:\/\/www.danishculture.com\/wp-content\/uploads\/2023\/10\/Liveability_Logo_Standard_small-308x130.png 308w, https:\/\/www.danishculture.com\/wp-content\/uploads\/2023\/10\/Liveability_Logo_Standard_small-214x91.png 214w, https:\/\/www.danishculture.com\/wp-content\/uploads\/2023\/10\/Liveability_Logo_Standard_small-213x90.png 213w\" sizes=\"auto, (max-width: 610px) 100vw, 610px\" \/><\/p>\n","protected":false},"excerpt":{"rendered":"<p>Hvad g\u00f8r en by beboelig? \u2013 Hvordan kan en by designe og skabe positive milj\u00f8er for at g\u00f8re den mere beboelig? \u2013 Hvordan kan byer give borgere mulighed for at pr\u00e6ge transformationsprocessen? &nbsp; Svaret p\u00e5 disse sp\u00f8rgsm\u00e5l unders\u00f8ges i Interreg-projektet &#8220;Liveability &#8211; Designing Public Services for Resilient Neighbourhoods.&#8221; &nbsp; Dansk Kulturinstitut (DKI) assisterer 10 organisationer, [&hellip;]<\/p>\n","protected":false},"author":3,"featured_media":0,"parent":0,"menu_order":0,"comment_status":"closed","ping_status":"closed","template":"","meta":{"_acf_changed":false,"footnotes":""},"class_list":["post-22101","page","type-page","status-publish","hentry"],"acf":[],"yoast_head":"<!-- This site is optimized with the Yoast SEO plugin v23.9 - https:\/\/yoast.com\/wordpress\/plugins\/seo\/ -->\n<title>Liveability -<\/title>\n<meta name=\"robots\" content=\"index, follow, max-snippet:-1, max-image-preview:large, max-video-preview:-1\" \/>\n<link rel=\"canonical\" href=\"https:\/\/www.danishculture.com\/da\/liveability\/\" \/>\n<meta property=\"og:locale\" content=\"da_DK\" \/>\n<meta property=\"og:type\" content=\"article\" \/>\n<meta property=\"og:title\" content=\"Liveability -\" \/>\n<meta property=\"og:description\" content=\"Hvad g\u00f8r en by beboelig? \u2013 Hvordan kan en by designe og skabe positive milj\u00f8er for at g\u00f8re den mere beboelig? \u2013 Hvordan kan byer give borgere mulighed for at pr\u00e6ge transformationsprocessen? &nbsp; Svaret p\u00e5 disse sp\u00f8rgsm\u00e5l unders\u00f8ges i Interreg-projektet &#8220;Liveability &#8211; Designing Public Services for Resilient Neighbourhoods.&#8221; &nbsp; Dansk Kulturinstitut (DKI) assisterer 10 organisationer, [&hellip;]\" \/>\n<meta property=\"og:url\" content=\"https:\/\/www.danishculture.com\/da\/liveability\/\" \/>\n<meta property=\"article:modified_time\" content=\"2023-10-20T12:50:18+00:00\" \/>\n<meta property=\"og:image\" content=\"https:\/\/www.danishculture.com\/wp-content\/uploads\/2023\/10\/Liveability_Logo_Standard_small.png\" \/>\n\t<meta property=\"og:image:width\" content=\"610\" \/>\n\t<meta property=\"og:image:height\" content=\"258\" \/>\n\t<meta property=\"og:image:type\" content=\"image\/png\" \/>\n<meta name=\"twitter:card\" content=\"summary_large_image\" \/>\n<meta name=\"twitter:label1\" content=\"Estimeret l\u00e6setid\" \/>\n\t<meta name=\"twitter:data1\" content=\"2 minutes\" \/>\n<script type=\"application\/ld+json\" class=\"yoast-schema-graph\">{\"@context\":\"https:\/\/schema.org\",\"@graph\":[{\"@type\":\"WebPage\",\"@id\":\"https:\/\/www.danishculture.com\/da\/liveability\/\",\"url\":\"https:\/\/www.danishculture.com\/da\/liveability\/\",\"name\":\"Liveability -\",\"isPartOf\":{\"@id\":\"https:\/\/www.danishculture.com\/#website\"},\"primaryImageOfPage\":{\"@id\":\"https:\/\/www.danishculture.com\/da\/liveability\/#primaryimage\"},\"image\":{\"@id\":\"https:\/\/www.danishculture.com\/da\/liveability\/#primaryimage\"},\"thumbnailUrl\":\"https:\/\/www.danishculture.com\/wp-content\/uploads\/2023\/10\/Liveability_Logo_Standard_small.png\",\"datePublished\":\"2023-10-20T12:45:33+00:00\",\"dateModified\":\"2023-10-20T12:50:18+00:00\",\"breadcrumb\":{\"@id\":\"https:\/\/www.danishculture.com\/da\/liveability\/#breadcrumb\"},\"inLanguage\":\"da-DK\",\"potentialAction\":[{\"@type\":\"ReadAction\",\"target\":[\"https:\/\/www.danishculture.com\/da\/liveability\/\"]}]},{\"@type\":\"ImageObject\",\"inLanguage\":\"da-DK\",\"@id\":\"https:\/\/www.danishculture.com\/da\/liveability\/#primaryimage\",\"url\":\"https:\/\/www.danishculture.com\/wp-content\/uploads\/2023\/10\/Liveability_Logo_Standard_small.png\",\"contentUrl\":\"https:\/\/www.danishculture.com\/wp-content\/uploads\/2023\/10\/Liveability_Logo_Standard_small.png\"},{\"@type\":\"BreadcrumbList\",\"@id\":\"https:\/\/www.danishculture.com\/da\/liveability\/#breadcrumb\",\"itemListElement\":[{\"@type\":\"ListItem\",\"position\":1,\"name\":\"Home\",\"item\":\"https:\/\/www.danishculture.com\/da\/\"},{\"@type\":\"ListItem\",\"position\":2,\"name\":\"Liveability\"}]},{\"@type\":\"WebSite\",\"@id\":\"https:\/\/www.danishculture.com\/#website\",\"url\":\"https:\/\/www.danishculture.com\/\",\"name\":\"\",\"description\":\"Vi arbejder for at skabe forst\u00e5else for dansk og international kultur\",\"potentialAction\":[{\"@type\":\"SearchAction\",\"target\":{\"@type\":\"EntryPoint\",\"urlTemplate\":\"https:\/\/www.danishculture.com\/?s={search_term_string}\"},\"query-input\":{\"@type\":\"PropertyValueSpecification\",\"valueRequired\":true,\"valueName\":\"search_term_string\"}}],\"inLanguage\":\"da-DK\"}]}<\/script>\n<!-- \/ Yoast SEO plugin. -->","yoast_head_json":{"title":"Liveability -","robots":{"index":"index","follow":"follow","max-snippet":"max-snippet:-1","max-image-preview":"max-image-preview:large","max-video-preview":"max-video-preview:-1"},"canonical":"https:\/\/www.danishculture.com\/da\/liveability\/","og_locale":"da_DK","og_type":"article","og_title":"Liveability -","og_description":"Hvad g\u00f8r en by beboelig? \u2013 Hvordan kan en by designe og skabe positive milj\u00f8er for at g\u00f8re den mere beboelig? \u2013 Hvordan kan byer give borgere mulighed for at pr\u00e6ge transformationsprocessen? &nbsp; Svaret p\u00e5 disse sp\u00f8rgsm\u00e5l unders\u00f8ges i Interreg-projektet &#8220;Liveability &#8211; Designing Public Services for Resilient Neighbourhoods.&#8221; &nbsp; Dansk Kulturinstitut (DKI) assisterer 10 organisationer, [&hellip;]","og_url":"https:\/\/www.danishculture.com\/da\/liveability\/","article_modified_time":"2023-10-20T12:50:18+00:00","og_image":[{"width":610,"height":258,"url":"https:\/\/www.danishculture.com\/wp-content\/uploads\/2023\/10\/Liveability_Logo_Standard_small.png","type":"image\/png"}],"twitter_card":"summary_large_image","twitter_misc":{"Estimeret l\u00e6setid":"2 minutes"},"schema":{"@context":"https:\/\/schema.org","@graph":[{"@type":"WebPage","@id":"https:\/\/www.danishculture.com\/da\/liveability\/","url":"https:\/\/www.danishculture.com\/da\/liveability\/","name":"Liveability -","isPartOf":{"@id":"https:\/\/www.danishculture.com\/#website"},"primaryImageOfPage":{"@id":"https:\/\/www.danishculture.com\/da\/liveability\/#primaryimage"},"image":{"@id":"https:\/\/www.danishculture.com\/da\/liveability\/#primaryimage"},"thumbnailUrl":"https:\/\/www.danishculture.com\/wp-content\/uploads\/2023\/10\/Liveability_Logo_Standard_small.png","datePublished":"2023-10-20T12:45:33+00:00","dateModified":"2023-10-20T12:50:18+00:00","breadcrumb":{"@id":"https:\/\/www.danishculture.com\/da\/liveability\/#breadcrumb"},"inLanguage":"da-DK","potentialAction":[{"@type":"ReadAction","target":["https:\/\/www.danishculture.com\/da\/liveability\/"]}]},{"@type":"ImageObject","inLanguage":"da-DK","@id":"https:\/\/www.danishculture.com\/da\/liveability\/#primaryimage","url":"https:\/\/www.danishculture.com\/wp-content\/uploads\/2023\/10\/Liveability_Logo_Standard_small.png","contentUrl":"https:\/\/www.danishculture.com\/wp-content\/uploads\/2023\/10\/Liveability_Logo_Standard_small.png"},{"@type":"BreadcrumbList","@id":"https:\/\/www.danishculture.com\/da\/liveability\/#breadcrumb","itemListElement":[{"@type":"ListItem","position":1,"name":"Home","item":"https:\/\/www.danishculture.com\/da\/"},{"@type":"ListItem","position":2,"name":"Liveability"}]},{"@type":"WebSite","@id":"https:\/\/www.danishculture.com\/#website","url":"https:\/\/www.danishculture.com\/","name":"","description":"Vi arbejder for at skabe forst\u00e5else for dansk og international kultur","potentialAction":[{"@type":"SearchAction","target":{"@type":"EntryPoint","urlTemplate":"https:\/\/www.danishculture.com\/?s={search_term_string}"},"query-input":{"@type":"PropertyValueSpecification","valueRequired":true,"valueName":"search_term_string"}}],"inLanguage":"da-DK"}]}},"_links":{"self":[{"href":"https:\/\/www.danishculture.com\/da\/wp-json\/wp\/v2\/pages\/22101","targetHints":{"allow":["GET"]}}],"collection":[{"href":"https:\/\/www.danishculture.com\/da\/wp-json\/wp\/v2\/pages"}],"about":[{"href":"https:\/\/www.danishculture.com\/da\/wp-json\/wp\/v2\/types\/page"}],"author":[{"embeddable":true,"href":"https:\/\/www.danishculture.com\/da\/wp-json\/wp\/v2\/users\/3"}],"replies":[{"embeddable":true,"href":"https:\/\/www.danishculture.com\/da\/wp-json\/wp\/v2\/comments?post=22101"}],"version-history":[{"count":5,"href":"https:\/\/www.danishculture.com\/da\/wp-json\/wp\/v2\/pages\/22101\/revisions"}],"predecessor-version":[{"id":22114,"href":"https:\/\/www.danishculture.com\/da\/wp-json\/wp\/v2\/pages\/22101\/revisions\/22114"}],"wp:attachment":[{"href":"https:\/\/www.danishculture.com\/da\/wp-json\/wp\/v2\/media?parent=22101"}],"curies":[{"name":"wp","href":"https:\/\/api.w.org\/{rel}","templated":true}]}}