{"id":21242,"date":"2023-07-24T16:17:02","date_gmt":"2023-07-24T15:17:02","guid":{"rendered":"https:\/\/www.danishculture.com\/?page_id=21242"},"modified":"2023-10-20T15:09:19","modified_gmt":"2023-10-20T14:09:19","slug":"artpower-belarus","status":"publish","type":"page","link":"https:\/\/www.danishculture.com\/da\/artpower-belarus\/","title":{"rendered":"ArtPower Belarus"},"content":{"rendered":"<p>Programmet har til form\u00e5l at st\u00f8tte uafh\u00e6ngige belarusiske kultur- og kunstinitiativer, is\u00e6r dem, der sigter efter at styrke det belarusiske civilsamfund i og uden for landet, \u00f8ge belarusiske kulturakt\u00f8rers f\u00e6rdigheder og opbygge professionelle kulturelle netv\u00e6rk. Programmet omfatter forskellige typer aktiviteter, is\u00e6r med fokus p\u00e5 \u00f8konomisk st\u00f8tte til belarusiske kulturprofessionelle.<\/p>\n<h5><strong>Om programmet<\/strong><\/h5>\n<ul>\n<li>Vores rolle: Lead partner<\/li>\n<li>Budget: 2.16 mio. EUR<\/li>\n<li>Varighed: 2022-2025<\/li>\n<\/ul>\n<h5><strong>Dansk Kulturinstitut og ArtPower Belarus<\/strong><\/h5>\n<p>Dansk Kulturinstitut er programmets ledende partner, mens den ud\u00f8vende og implementerende spartner er Belarusian Council for Culture (BCC).<\/p>\n<h5><strong>Partnere<\/strong><\/h5>\n<div class=\"center-inside\">\n<p>Dansk Kulturinstitut er lead partner, mens programmets prim\u00e6re implementerende partner er Belarusian Council for Culture (BCC). ArtPower Belarus er st\u00f8ttet af Europa-Kommissionen.<\/p>\n<p>&nbsp;<\/p>\n<p>BCC er en NGO, der forener kulturelle akt\u00f8rer og danner en b\u00e6redygtig infrastruktur for den frie belarusiske kulturscene. Deres indsatser fokuserer p\u00e5 at fremme belarusisk kultur (st\u00f8tte til kunstnere, kunstnere og kunstledere), udvikling af nye kulturelle projekter, samling af kulturakt\u00f8rer og fremme af belarusisk kultur internationalt.<\/p>\n<h5><strong>Budgettet<\/strong><\/h5>\n<p>Programmets budget er 2.16 mio. EUR.<\/p>\n<h5><strong>Vil du vide mere?<\/strong><\/h5>\n<p>L\u00e6s mere\u00a0<a href=\"https:\/\/byculture.org\/press_release\" target=\"_blank\" rel=\"noopener\">her<\/a> (p\u00e5 Belarusisk).<\/p>\n<\/div>\n<p>&nbsp;<\/p>\n","protected":false},"excerpt":{"rendered":"<p>Programmet har til form\u00e5l at st\u00f8tte uafh\u00e6ngige belarusiske kultur- og kunstinitiativer, is\u00e6r dem, der sigter efter at styrke det belarusiske civilsamfund i og uden for landet, \u00f8ge belarusiske kulturakt\u00f8rers f\u00e6rdigheder og opbygge professionelle kulturelle netv\u00e6rk. Programmet omfatter forskellige typer aktiviteter, is\u00e6r med fokus p\u00e5 \u00f8konomisk st\u00f8tte til belarusiske kulturprofessionelle. Om programmet Vores rolle: Lead partner [&hellip;]<\/p>\n","protected":false},"author":3,"featured_media":0,"parent":0,"menu_order":0,"comment_status":"closed","ping_status":"closed","template":"templates\/template-whatwedo.php","meta":{"_acf_changed":false,"footnotes":""},"class_list":["post-21242","page","type-page","status-publish","hentry"],"acf":[],"yoast_head":"<!-- This site is optimized with the Yoast SEO plugin v23.9 - https:\/\/yoast.com\/wordpress\/plugins\/seo\/ -->\n<title>ArtPower Belarus -<\/title>\n<meta name=\"robots\" content=\"index, follow, max-snippet:-1, max-image-preview:large, max-video-preview:-1\" \/>\n<link rel=\"canonical\" href=\"https:\/\/www.danishculture.com\/da\/artpower-belarus\/\" \/>\n<meta property=\"og:locale\" content=\"da_DK\" \/>\n<meta property=\"og:type\" content=\"article\" \/>\n<meta property=\"og:title\" content=\"ArtPower Belarus -\" \/>\n<meta property=\"og:description\" content=\"Programmet har til form\u00e5l at st\u00f8tte uafh\u00e6ngige belarusiske kultur- og kunstinitiativer, is\u00e6r dem, der sigter efter at styrke det belarusiske civilsamfund i og uden for landet, \u00f8ge belarusiske kulturakt\u00f8rers f\u00e6rdigheder og opbygge professionelle kulturelle netv\u00e6rk. Programmet omfatter forskellige typer aktiviteter, is\u00e6r med fokus p\u00e5 \u00f8konomisk st\u00f8tte til belarusiske kulturprofessionelle. Om programmet Vores rolle: Lead partner [&hellip;]\" \/>\n<meta property=\"og:url\" content=\"https:\/\/www.danishculture.com\/da\/artpower-belarus\/\" \/>\n<meta property=\"article:modified_time\" content=\"2023-10-20T14:09:19+00:00\" \/>\n<meta name=\"twitter:card\" content=\"summary_large_image\" \/>\n<meta name=\"twitter:label1\" content=\"Estimeret l\u00e6setid\" \/>\n\t<meta name=\"twitter:data1\" content=\"1 minute\" \/>\n<script type=\"application\/ld+json\" class=\"yoast-schema-graph\">{\"@context\":\"https:\/\/schema.org\",\"@graph\":[{\"@type\":\"WebPage\",\"@id\":\"https:\/\/www.danishculture.com\/da\/artpower-belarus\/\",\"url\":\"https:\/\/www.danishculture.com\/da\/artpower-belarus\/\",\"name\":\"ArtPower Belarus -\",\"isPartOf\":{\"@id\":\"https:\/\/www.danishculture.com\/#website\"},\"datePublished\":\"2023-07-24T15:17:02+00:00\",\"dateModified\":\"2023-10-20T14:09:19+00:00\",\"breadcrumb\":{\"@id\":\"https:\/\/www.danishculture.com\/da\/artpower-belarus\/#breadcrumb\"},\"inLanguage\":\"da-DK\",\"potentialAction\":[{\"@type\":\"ReadAction\",\"target\":[\"https:\/\/www.danishculture.com\/da\/artpower-belarus\/\"]}]},{\"@type\":\"BreadcrumbList\",\"@id\":\"https:\/\/www.danishculture.com\/da\/artpower-belarus\/#breadcrumb\",\"itemListElement\":[{\"@type\":\"ListItem\",\"position\":1,\"name\":\"Home\",\"item\":\"https:\/\/www.danishculture.com\/da\/\"},{\"@type\":\"ListItem\",\"position\":2,\"name\":\"ArtPower Belarus\"}]},{\"@type\":\"WebSite\",\"@id\":\"https:\/\/www.danishculture.com\/#website\",\"url\":\"https:\/\/www.danishculture.com\/\",\"name\":\"\",\"description\":\"Vi arbejder for at skabe forst\u00e5else for dansk og international kultur\",\"potentialAction\":[{\"@type\":\"SearchAction\",\"target\":{\"@type\":\"EntryPoint\",\"urlTemplate\":\"https:\/\/www.danishculture.com\/?s={search_term_string}\"},\"query-input\":{\"@type\":\"PropertyValueSpecification\",\"valueRequired\":true,\"valueName\":\"search_term_string\"}}],\"inLanguage\":\"da-DK\"}]}<\/script>\n<!-- \/ Yoast SEO plugin. -->","yoast_head_json":{"title":"ArtPower Belarus -","robots":{"index":"index","follow":"follow","max-snippet":"max-snippet:-1","max-image-preview":"max-image-preview:large","max-video-preview":"max-video-preview:-1"},"canonical":"https:\/\/www.danishculture.com\/da\/artpower-belarus\/","og_locale":"da_DK","og_type":"article","og_title":"ArtPower Belarus -","og_description":"Programmet har til form\u00e5l at st\u00f8tte uafh\u00e6ngige belarusiske kultur- og kunstinitiativer, is\u00e6r dem, der sigter efter at styrke det belarusiske civilsamfund i og uden for landet, \u00f8ge belarusiske kulturakt\u00f8rers f\u00e6rdigheder og opbygge professionelle kulturelle netv\u00e6rk. Programmet omfatter forskellige typer aktiviteter, is\u00e6r med fokus p\u00e5 \u00f8konomisk st\u00f8tte til belarusiske kulturprofessionelle. Om programmet Vores rolle: Lead partner [&hellip;]","og_url":"https:\/\/www.danishculture.com\/da\/artpower-belarus\/","article_modified_time":"2023-10-20T14:09:19+00:00","twitter_card":"summary_large_image","twitter_misc":{"Estimeret l\u00e6setid":"1 minute"},"schema":{"@context":"https:\/\/schema.org","@graph":[{"@type":"WebPage","@id":"https:\/\/www.danishculture.com\/da\/artpower-belarus\/","url":"https:\/\/www.danishculture.com\/da\/artpower-belarus\/","name":"ArtPower Belarus -","isPartOf":{"@id":"https:\/\/www.danishculture.com\/#website"},"datePublished":"2023-07-24T15:17:02+00:00","dateModified":"2023-10-20T14:09:19+00:00","breadcrumb":{"@id":"https:\/\/www.danishculture.com\/da\/artpower-belarus\/#breadcrumb"},"inLanguage":"da-DK","potentialAction":[{"@type":"ReadAction","target":["https:\/\/www.danishculture.com\/da\/artpower-belarus\/"]}]},{"@type":"BreadcrumbList","@id":"https:\/\/www.danishculture.com\/da\/artpower-belarus\/#breadcrumb","itemListElement":[{"@type":"ListItem","position":1,"name":"Home","item":"https:\/\/www.danishculture.com\/da\/"},{"@type":"ListItem","position":2,"name":"ArtPower Belarus"}]},{"@type":"WebSite","@id":"https:\/\/www.danishculture.com\/#website","url":"https:\/\/www.danishculture.com\/","name":"","description":"Vi arbejder for at skabe forst\u00e5else for dansk og international kultur","potentialAction":[{"@type":"SearchAction","target":{"@type":"EntryPoint","urlTemplate":"https:\/\/www.danishculture.com\/?s={search_term_string}"},"query-input":{"@type":"PropertyValueSpecification","valueRequired":true,"valueName":"search_term_string"}}],"inLanguage":"da-DK"}]}},"_links":{"self":[{"href":"https:\/\/www.danishculture.com\/da\/wp-json\/wp\/v2\/pages\/21242","targetHints":{"allow":["GET"]}}],"collection":[{"href":"https:\/\/www.danishculture.com\/da\/wp-json\/wp\/v2\/pages"}],"about":[{"href":"https:\/\/www.danishculture.com\/da\/wp-json\/wp\/v2\/types\/page"}],"author":[{"embeddable":true,"href":"https:\/\/www.danishculture.com\/da\/wp-json\/wp\/v2\/users\/3"}],"replies":[{"embeddable":true,"href":"https:\/\/www.danishculture.com\/da\/wp-json\/wp\/v2\/comments?post=21242"}],"version-history":[{"count":7,"href":"https:\/\/www.danishculture.com\/da\/wp-json\/wp\/v2\/pages\/21242\/revisions"}],"predecessor-version":[{"id":22167,"href":"https:\/\/www.danishculture.com\/da\/wp-json\/wp\/v2\/pages\/21242\/revisions\/22167"}],"wp:attachment":[{"href":"https:\/\/www.danishculture.com\/da\/wp-json\/wp\/v2\/media?parent=21242"}],"curies":[{"name":"wp","href":"https:\/\/api.w.org\/{rel}","templated":true}]}}