{"id":197,"date":"2016-05-18T10:55:58","date_gmt":"2016-05-18T10:55:58","guid":{"rendered":"http:\/\/dki.staging.folkmatic.com\/?page_id=197&#038;lang=da"},"modified":"2025-02-27T13:58:33","modified_gmt":"2025-02-27T12:58:33","slug":"om-dansk-kulturinstitut","status":"publish","type":"page","link":"https:\/\/www.danishculture.com\/da\/om-dansk-kulturinstitut\/","title":{"rendered":"Om os"},"content":{"rendered":"<p class=\"p1\">Vi tror p\u00e5, at kunst og kultur er blandt Danmarks vigtigste r\u00e5varer. Sammen med vores partnere udvikler vi internationale aktiviteter, som udfordrer gr\u00e6nser og skaber gensidig v\u00e6rdi og inspiration.\u00a0Is\u00e6r n\u00e5r det g\u00e6lder ligestilling, b\u00e6redygtig udvikling, demokrati og aktivt medborgerskab.<\/p>\n<p>&nbsp;<\/p>\n<p class=\"p1\">Det er vores vision at vise, at udveksling af kunst, kultur og viden kan bidrage til h\u00e5ndteringen af globale udfordringer og v\u00e6re med til at styrke FN&#8217;s Verdensm\u00e5l.<\/p>\n<p>&nbsp;<\/p>\n<p>Dansk Kulturinstitut er en selvejende institution. Siden <a href=\"https:\/\/www.danishculture.com\/da\/historie\/\">1940<\/a> har Dansk Kulturinstitut v\u00e6ret engageret i at skabe gensidig forst\u00e5else mellem mennesker.<\/p>\n<h5>Hvor er vi til stede?<\/h5>\n<p>Vores indsatser ude i verden er de centrale omdrejningspunkter for vores aktiviteter og kulturelle relationer. Med afdelinger og aktiviteter i flere lande str\u00e6ber vi efter at v\u00e6re t\u00e6t p\u00e5 verdens udvikling &#8211; lige d\u00e9r, hvor kunst, kultur og viden virkelig g\u00f8r en forskel.<\/p>\n<p>&nbsp;<\/p>\n<p>Vi har hovedkontor p\u00e5 Vartov i K\u00f8benhavn og afdelinger og indsatser i de \u00f8stlige naboskabslande (Ukraine, Georgien, Moldova, Belarus, Armenien og Aserbajdsjan), de baltiske lande, Tyrkiet, Indien, Kina og Brasilien.<\/p>\n<h5>Strategi 2025-2028<\/h5>\n<p><a href=\"https:\/\/www.danishculture.com\/da\/strategi-2025-2028\/\" target=\"_blank\" rel=\"noopener\">L\u00e6s vores strategi for 2025-2028<\/a><\/p>\n<p>&nbsp;<\/p>\n<p>&nbsp;<\/p>\n<hr \/>\n<h5><a href=\"https:\/\/www.danishculture.com\/wp-content\/uploads\/2016\/05\/Organisationsdiagram-DK.pdf\" target=\"_blank\" rel=\"noopener\">Download vores organisationsdiagram (pdf)<\/a><\/h5>\n<h5><img loading=\"lazy\" decoding=\"async\" class=\"wp-image-23652 alignleft\" src=\"https:\/\/www.danishculture.com\/wp-content\/uploads\/2016\/05\/Organisationsdiagram-DK.jpg\" alt=\"\" width=\"1101\" height=\"778\" srcset=\"https:\/\/www.danishculture.com\/wp-content\/uploads\/2016\/05\/Organisationsdiagram-DK.jpg 2000w, https:\/\/www.danishculture.com\/wp-content\/uploads\/2016\/05\/Organisationsdiagram-DK-300x212.jpg 300w, https:\/\/www.danishculture.com\/wp-content\/uploads\/2016\/05\/Organisationsdiagram-DK-768x543.jpg 768w, https:\/\/www.danishculture.com\/wp-content\/uploads\/2016\/05\/Organisationsdiagram-DK-1024x724.jpg 1024w, https:\/\/www.danishculture.com\/wp-content\/uploads\/2016\/05\/Organisationsdiagram-DK-253x179.jpg 253w, https:\/\/www.danishculture.com\/wp-content\/uploads\/2016\/05\/Organisationsdiagram-DK-214x151.jpg 214w, https:\/\/www.danishculture.com\/wp-content\/uploads\/2016\/05\/Organisationsdiagram-DK-943x667.jpg 943w, https:\/\/www.danishculture.com\/wp-content\/uploads\/2016\/05\/Organisationsdiagram-DK-213x151.jpg 213w, https:\/\/www.danishculture.com\/wp-content\/uploads\/2016\/05\/Organisationsdiagram-DK-1273x900.jpg 1273w\" sizes=\"auto, (max-width: 1101px) 100vw, 1101px\" \/><\/h5>\n<p>&nbsp;<\/p>\n","protected":false},"excerpt":{"rendered":"<p>Vi tror p\u00e5, at kunst og kultur er blandt Danmarks vigtigste r\u00e5varer. Sammen med vores partnere udvikler vi internationale aktiviteter, som udfordrer gr\u00e6nser og skaber gensidig v\u00e6rdi og inspiration.\u00a0Is\u00e6r n\u00e5r det g\u00e6lder ligestilling, b\u00e6redygtig udvikling, demokrati og aktivt medborgerskab. &nbsp; Det er vores vision at vise, at udveksling af kunst, kultur og viden kan bidrage [&hellip;]<\/p>\n","protected":false},"author":3,"featured_media":0,"parent":0,"menu_order":51,"comment_status":"closed","ping_status":"closed","template":"","meta":{"_acf_changed":false,"footnotes":""},"class_list":["post-197","page","type-page","status-publish","hentry"],"acf":[],"yoast_head":"<!-- This site is optimized with the Yoast SEO plugin v23.9 - https:\/\/yoast.com\/wordpress\/plugins\/seo\/ -->\n<title>Om Dansk Kulturinstitut | Danish Cultural Institute | DKI<\/title>\n<meta name=\"description\" content=\"Om Dansk Kulturinstitut: Vi arbejder med ligestilling, uddannelse, b\u00e6redygtig udvikling, demokrati og aktivt medborgerskab gennem kunst og kultur.\" \/>\n<meta name=\"robots\" content=\"index, follow, max-snippet:-1, max-image-preview:large, max-video-preview:-1\" \/>\n<link rel=\"canonical\" href=\"https:\/\/www.danishculture.com\/da\/om-dansk-kulturinstitut\/\" \/>\n<meta property=\"og:locale\" content=\"da_DK\" \/>\n<meta property=\"og:type\" content=\"article\" \/>\n<meta property=\"og:title\" content=\"Om Dansk Kulturinstitut | Danish Cultural Institute | DKI\" \/>\n<meta property=\"og:description\" content=\"Om Dansk Kulturinstitut: Vi arbejder med ligestilling, uddannelse, b\u00e6redygtig udvikling, demokrati og aktivt medborgerskab gennem kunst og kultur.\" \/>\n<meta property=\"og:url\" content=\"https:\/\/www.danishculture.com\/da\/om-dansk-kulturinstitut\/\" \/>\n<meta property=\"article:modified_time\" content=\"2025-02-27T12:58:33+00:00\" \/>\n<meta property=\"og:image\" content=\"https:\/\/www.danishculture.com\/wp-content\/uploads\/2016\/05\/Organisationsdiagram-DK.jpg\" \/>\n\t<meta property=\"og:image:width\" content=\"2000\" \/>\n\t<meta property=\"og:image:height\" content=\"1414\" \/>\n\t<meta property=\"og:image:type\" content=\"image\/jpeg\" \/>\n<meta name=\"twitter:card\" content=\"summary_large_image\" \/>\n<meta name=\"twitter:label1\" content=\"Estimeret l\u00e6setid\" \/>\n\t<meta name=\"twitter:data1\" content=\"1 minute\" \/>\n<script type=\"application\/ld+json\" class=\"yoast-schema-graph\">{\"@context\":\"https:\/\/schema.org\",\"@graph\":[{\"@type\":\"WebPage\",\"@id\":\"https:\/\/www.danishculture.com\/da\/om-dansk-kulturinstitut\/\",\"url\":\"https:\/\/www.danishculture.com\/da\/om-dansk-kulturinstitut\/\",\"name\":\"Om Dansk Kulturinstitut | Danish Cultural Institute | DKI\",\"isPartOf\":{\"@id\":\"https:\/\/www.danishculture.com\/#website\"},\"primaryImageOfPage\":{\"@id\":\"https:\/\/www.danishculture.com\/da\/om-dansk-kulturinstitut\/#primaryimage\"},\"image\":{\"@id\":\"https:\/\/www.danishculture.com\/da\/om-dansk-kulturinstitut\/#primaryimage\"},\"thumbnailUrl\":\"https:\/\/www.danishculture.com\/wp-content\/uploads\/2016\/05\/Organisationsdiagram-DK.jpg\",\"datePublished\":\"2016-05-18T10:55:58+00:00\",\"dateModified\":\"2025-02-27T12:58:33+00:00\",\"description\":\"Om Dansk Kulturinstitut: Vi arbejder med ligestilling, uddannelse, b\u00e6redygtig udvikling, demokrati og aktivt medborgerskab gennem kunst og kultur.\",\"breadcrumb\":{\"@id\":\"https:\/\/www.danishculture.com\/da\/om-dansk-kulturinstitut\/#breadcrumb\"},\"inLanguage\":\"da-DK\",\"potentialAction\":[{\"@type\":\"ReadAction\",\"target\":[\"https:\/\/www.danishculture.com\/da\/om-dansk-kulturinstitut\/\"]}]},{\"@type\":\"ImageObject\",\"inLanguage\":\"da-DK\",\"@id\":\"https:\/\/www.danishculture.com\/da\/om-dansk-kulturinstitut\/#primaryimage\",\"url\":\"https:\/\/www.danishculture.com\/wp-content\/uploads\/2016\/05\/Organisationsdiagram-DK.jpg\",\"contentUrl\":\"https:\/\/www.danishculture.com\/wp-content\/uploads\/2016\/05\/Organisationsdiagram-DK.jpg\"},{\"@type\":\"BreadcrumbList\",\"@id\":\"https:\/\/www.danishculture.com\/da\/om-dansk-kulturinstitut\/#breadcrumb\",\"itemListElement\":[{\"@type\":\"ListItem\",\"position\":1,\"name\":\"Home\",\"item\":\"https:\/\/www.danishculture.com\/da\/\"},{\"@type\":\"ListItem\",\"position\":2,\"name\":\"Om os\"}]},{\"@type\":\"WebSite\",\"@id\":\"https:\/\/www.danishculture.com\/#website\",\"url\":\"https:\/\/www.danishculture.com\/\",\"name\":\"\",\"description\":\"Vi arbejder for at skabe forst\u00e5else for dansk og international kultur\",\"potentialAction\":[{\"@type\":\"SearchAction\",\"target\":{\"@type\":\"EntryPoint\",\"urlTemplate\":\"https:\/\/www.danishculture.com\/?s={search_term_string}\"},\"query-input\":{\"@type\":\"PropertyValueSpecification\",\"valueRequired\":true,\"valueName\":\"search_term_string\"}}],\"inLanguage\":\"da-DK\"}]}<\/script>\n<!-- \/ Yoast SEO plugin. -->","yoast_head_json":{"title":"Om Dansk Kulturinstitut | Danish Cultural Institute | DKI","description":"Om Dansk Kulturinstitut: Vi arbejder med ligestilling, uddannelse, b\u00e6redygtig udvikling, demokrati og aktivt medborgerskab gennem kunst og kultur.","robots":{"index":"index","follow":"follow","max-snippet":"max-snippet:-1","max-image-preview":"max-image-preview:large","max-video-preview":"max-video-preview:-1"},"canonical":"https:\/\/www.danishculture.com\/da\/om-dansk-kulturinstitut\/","og_locale":"da_DK","og_type":"article","og_title":"Om Dansk Kulturinstitut | Danish Cultural Institute | DKI","og_description":"Om Dansk Kulturinstitut: Vi arbejder med ligestilling, uddannelse, b\u00e6redygtig udvikling, demokrati og aktivt medborgerskab gennem kunst og kultur.","og_url":"https:\/\/www.danishculture.com\/da\/om-dansk-kulturinstitut\/","article_modified_time":"2025-02-27T12:58:33+00:00","og_image":[{"width":2000,"height":1414,"url":"https:\/\/www.danishculture.com\/wp-content\/uploads\/2016\/05\/Organisationsdiagram-DK.jpg","type":"image\/jpeg"}],"twitter_card":"summary_large_image","twitter_misc":{"Estimeret l\u00e6setid":"1 minute"},"schema":{"@context":"https:\/\/schema.org","@graph":[{"@type":"WebPage","@id":"https:\/\/www.danishculture.com\/da\/om-dansk-kulturinstitut\/","url":"https:\/\/www.danishculture.com\/da\/om-dansk-kulturinstitut\/","name":"Om Dansk Kulturinstitut | Danish Cultural Institute | DKI","isPartOf":{"@id":"https:\/\/www.danishculture.com\/#website"},"primaryImageOfPage":{"@id":"https:\/\/www.danishculture.com\/da\/om-dansk-kulturinstitut\/#primaryimage"},"image":{"@id":"https:\/\/www.danishculture.com\/da\/om-dansk-kulturinstitut\/#primaryimage"},"thumbnailUrl":"https:\/\/www.danishculture.com\/wp-content\/uploads\/2016\/05\/Organisationsdiagram-DK.jpg","datePublished":"2016-05-18T10:55:58+00:00","dateModified":"2025-02-27T12:58:33+00:00","description":"Om Dansk Kulturinstitut: Vi arbejder med ligestilling, uddannelse, b\u00e6redygtig udvikling, demokrati og aktivt medborgerskab gennem kunst og kultur.","breadcrumb":{"@id":"https:\/\/www.danishculture.com\/da\/om-dansk-kulturinstitut\/#breadcrumb"},"inLanguage":"da-DK","potentialAction":[{"@type":"ReadAction","target":["https:\/\/www.danishculture.com\/da\/om-dansk-kulturinstitut\/"]}]},{"@type":"ImageObject","inLanguage":"da-DK","@id":"https:\/\/www.danishculture.com\/da\/om-dansk-kulturinstitut\/#primaryimage","url":"https:\/\/www.danishculture.com\/wp-content\/uploads\/2016\/05\/Organisationsdiagram-DK.jpg","contentUrl":"https:\/\/www.danishculture.com\/wp-content\/uploads\/2016\/05\/Organisationsdiagram-DK.jpg"},{"@type":"BreadcrumbList","@id":"https:\/\/www.danishculture.com\/da\/om-dansk-kulturinstitut\/#breadcrumb","itemListElement":[{"@type":"ListItem","position":1,"name":"Home","item":"https:\/\/www.danishculture.com\/da\/"},{"@type":"ListItem","position":2,"name":"Om os"}]},{"@type":"WebSite","@id":"https:\/\/www.danishculture.com\/#website","url":"https:\/\/www.danishculture.com\/","name":"","description":"Vi arbejder for at skabe forst\u00e5else for dansk og international kultur","potentialAction":[{"@type":"SearchAction","target":{"@type":"EntryPoint","urlTemplate":"https:\/\/www.danishculture.com\/?s={search_term_string}"},"query-input":{"@type":"PropertyValueSpecification","valueRequired":true,"valueName":"search_term_string"}}],"inLanguage":"da-DK"}]}},"_links":{"self":[{"href":"https:\/\/www.danishculture.com\/da\/wp-json\/wp\/v2\/pages\/197","targetHints":{"allow":["GET"]}}],"collection":[{"href":"https:\/\/www.danishculture.com\/da\/wp-json\/wp\/v2\/pages"}],"about":[{"href":"https:\/\/www.danishculture.com\/da\/wp-json\/wp\/v2\/types\/page"}],"author":[{"embeddable":true,"href":"https:\/\/www.danishculture.com\/da\/wp-json\/wp\/v2\/users\/3"}],"replies":[{"embeddable":true,"href":"https:\/\/www.danishculture.com\/da\/wp-json\/wp\/v2\/comments?post=197"}],"version-history":[{"count":105,"href":"https:\/\/www.danishculture.com\/da\/wp-json\/wp\/v2\/pages\/197\/revisions"}],"predecessor-version":[{"id":27678,"href":"https:\/\/www.danishculture.com\/da\/wp-json\/wp\/v2\/pages\/197\/revisions\/27678"}],"wp:attachment":[{"href":"https:\/\/www.danishculture.com\/da\/wp-json\/wp\/v2\/media?parent=197"}],"curies":[{"name":"wp","href":"https:\/\/api.w.org\/{rel}","templated":true}]}}