{"id":18313,"date":"2022-01-25T13:02:04","date_gmt":"2022-01-25T13:02:04","guid":{"rendered":"https:\/\/www.danishculture.com\/?page_id=18313"},"modified":"2023-10-20T14:47:42","modified_gmt":"2023-10-20T13:47:42","slug":"eu4culture","status":"publish","type":"page","link":"https:\/\/www.danishculture.com\/da\/eu4culture\/","title":{"rendered":"EU4Culture"},"content":{"rendered":"<p>EU4Culture er et EU-finansieret program, der arbejder med og inden for den kulturelle og kreative sektor i de \u00f8stlige naboskabslande (Armenien, Aserbajdsjan, Georgien, Moldova og Ukraine). Programmets form\u00e5l er at st\u00f8tte udviklingen af kultur som en drivkraft for v\u00e6kst og social udvikling p\u00e5 tv\u00e6rs af regionen. Her er et s\u00e6rligt fokus p\u00e5 byer, der ikke er nationale, \u00f8konomiske eller politiske hovedst\u00e6der.<\/p>\n<p>&nbsp;<\/p>\n<p>Det overordnede m\u00e5l er at styrke de kulturelle og kreative erhvervs rolle i udvalgte byer i hvert partnerland gennem udarbejdelse og implementering af kulturudviklingsstrategier, der baserer sig p\u00e5 en deltagende tilgang og offentlig-privat dialog.<\/p>\n<p>&nbsp;<\/p>\n<p>Id\u00e9en bag programmet kommer fra EU\u2019s egne erfaringer med initiativet <em>European Capitals of Culture<\/em> (ECOC), der hylder den rige mangfoldighed af kulturer i Europa og de f\u00e6lles tr\u00e6k, de deler. Initiativet har siden 1985 haft et fokus p\u00e5 mindre byer i den Europ\u00e6iske Union og fors\u00f8gt at fremme kulturudveksling, samt forbedre kulturen som ressource til inklusion, borgerdeltagelse og interkulturel dialog.<\/p>\n<h5><strong>Om programmet<\/strong><\/h5>\n<ul>\n<li>Vores rolle: Partner<\/li>\n<li>Budget: 7.85 mio. EUR<\/li>\n<li>Varighed: 2021-2024<\/li>\n<\/ul>\n<h5><strong>Dansk Kulturinstitut og EU4Culture<\/strong><\/h5>\n<p>Dansk Kulturinstituts rolle i programmet er at yde kapacitetsopbygningsst\u00f8tte til de udvalgte byer i hvert partnerland. Dette vil realiseres gennem to omr\u00e5der:<\/p>\n<ol>\n<li>DKI vil centralt rekruttere og uddanne to lokale kultureksperter i internationalisering pr. land. To tr\u00e6ninger vil finde sted i hver by. Den f\u00f8rste tr\u00e6ning vil fokusere p\u00e5, hvordan kulturakt\u00f8rer kan internationalisere regionen, hvilket er relevant for byens kulturudviklingsstrategi. Den anden tr\u00e6ning vil fokusere p\u00e5 praktiske v\u00e6rkt\u00f8jer og tilgange til internationale kontakter og programmer; til fundraising og st\u00f8tte, netv\u00e6rksopbygning og udveksling af erfaringer.<\/li>\n<li>DKI vil yde tr\u00e6ning og r\u00e5dgivning i kulturel virksomhed og ledelse i udvalgte byer i hvert land. Det vil ske gennem bootcamps, hvor sm\u00e5 og mellemstore virksomheder inden for det kulturelle og kreative erhverv, kan forbedre deres kompetencer og kapacitet.<\/li>\n<\/ol>\n<h5><strong>Partnere<\/strong><\/h5>\n<p>EU4Culture er et program, der skabes i et samarbejde mellem Goethe-Institut som lead partner, Dansk Kulturinstitut, Czech Centres og Institut Fran\u00e7ais i Georgien.<\/p>\n<h5><strong>Budgettet<\/strong><\/h5>\n<p>Programmet begyndte den 1. januar 2021 og afsluttes den 31. december 2024 med et samlet budget p\u00e5 58 millioner kroner.<\/p>\n<h5><strong>M\u00e5ls\u00e6tninger <\/strong><\/h5>\n<p><em>Programmet vil:<\/em><\/p>\n<ol>\n<li>Forbedre lokal kulturarv, kultur og de kreative erhverv som ressourcer til socio\u00f8konomisk udvikling, inklusion og borgerdeltagelse<\/li>\n<li>Fremme interkulturel dialog med henblik p\u00e5 fredelige forbindelser mellem samfund og videndeling<\/li>\n<li>Bidrage til at forbedre lokal styring i kultursektoren gennem st\u00f8tte til reguleringsprocesser og deltagende politisk dialog<\/li>\n<\/ol>\n<h5><strong>Handlinger (kort fortalt)<\/strong><\/h5>\n<p><em>Programmet vil: <\/em><\/p>\n<ol>\n<li>St\u00f8tte udviklingen og implementeringen af lokale kulturudviklingsstrategier: Op til tre ikke-hovedstadsbyer i hvert partnerland vil modtage \u20ac30.000 til at udvikle en kulturudviklingsstrategi. En af disse tre vil derefter modtage op til \u20ac300.000 til at implementere sin strategi<\/li>\n<li>Lancere en tilskudsordning for kulturprojekter og tv\u00e6rinnovationsprojekter som et komplement til kulturudviklingsstrategier<\/li>\n<li>Iv\u00e6rks\u00e6tte en mobilitetsordning for kunstnere og kulturprofessionelle<\/li>\n<li>Yde kapacitetsopbygningsst\u00f8tte til udvalgte byer inden for omr\u00e5derne internationalisering, kulturel virksomhed og ledelse, samt kulturelle indikatorer og statistikker<\/li>\n<\/ol>\n<h5><strong>Vil du vide mere?<\/strong><\/h5>\n<p>Bes\u00f8g hjemmesiden\u00a0<a href=\"https:\/\/www.goethe.de\/ins\/ua\/en\/kul\/sup\/e4c.html\" target=\"_blank\" rel=\"noopener\">her<\/a>.<\/p>\n","protected":false},"excerpt":{"rendered":"<p>EU4Culture er et EU-finansieret program, der arbejder med og inden for den kulturelle og kreative sektor i de \u00f8stlige naboskabslande (Armenien, Aserbajdsjan, Georgien, Moldova og Ukraine). Programmets form\u00e5l er at st\u00f8tte udviklingen af kultur som en drivkraft for v\u00e6kst og social udvikling p\u00e5 tv\u00e6rs af regionen. Her er et s\u00e6rligt fokus p\u00e5 byer, der ikke [&hellip;]<\/p>\n","protected":false},"author":3,"featured_media":0,"parent":0,"menu_order":21,"comment_status":"closed","ping_status":"closed","template":"templates\/template-whatwedo.php","meta":{"_acf_changed":false,"footnotes":""},"class_list":["post-18313","page","type-page","status-publish","hentry"],"acf":[],"yoast_head":"<!-- This site is optimized with the Yoast SEO plugin v23.9 - https:\/\/yoast.com\/wordpress\/plugins\/seo\/ -->\n<title>EU4Culture | EU-finansieret program | Dansk Kulturinstitut<\/title>\n<meta name=\"description\" content=\"EU4Culture er et EU-finansieret program, der arbejder med og inden for den kulturelle og kreative sektor i de \u00f8stlige partnerskabslande.\" \/>\n<meta name=\"robots\" content=\"index, follow, max-snippet:-1, max-image-preview:large, max-video-preview:-1\" \/>\n<link rel=\"canonical\" href=\"https:\/\/www.danishculture.com\/da\/eu4culture\/\" \/>\n<meta property=\"og:locale\" content=\"da_DK\" \/>\n<meta property=\"og:type\" content=\"article\" \/>\n<meta property=\"og:title\" content=\"EU4Culture | EU-finansieret program | Dansk Kulturinstitut\" \/>\n<meta property=\"og:description\" content=\"EU4Culture er et EU-finansieret program, der arbejder med og inden for den kulturelle og kreative sektor i de \u00f8stlige partnerskabslande.\" \/>\n<meta property=\"og:url\" content=\"https:\/\/www.danishculture.com\/da\/eu4culture\/\" \/>\n<meta property=\"article:modified_time\" content=\"2023-10-20T13:47:42+00:00\" \/>\n<meta name=\"twitter:card\" content=\"summary_large_image\" \/>\n<meta name=\"twitter:label1\" content=\"Estimeret l\u00e6setid\" \/>\n\t<meta name=\"twitter:data1\" content=\"3 minutes\" \/>\n<script type=\"application\/ld+json\" class=\"yoast-schema-graph\">{\"@context\":\"https:\/\/schema.org\",\"@graph\":[{\"@type\":\"WebPage\",\"@id\":\"https:\/\/www.danishculture.com\/da\/eu4culture\/\",\"url\":\"https:\/\/www.danishculture.com\/da\/eu4culture\/\",\"name\":\"EU4Culture | EU-finansieret program | Dansk Kulturinstitut\",\"isPartOf\":{\"@id\":\"https:\/\/www.danishculture.com\/#website\"},\"datePublished\":\"2022-01-25T13:02:04+00:00\",\"dateModified\":\"2023-10-20T13:47:42+00:00\",\"description\":\"EU4Culture er et EU-finansieret program, der arbejder med og inden for den kulturelle og kreative sektor i de \u00f8stlige partnerskabslande.\",\"breadcrumb\":{\"@id\":\"https:\/\/www.danishculture.com\/da\/eu4culture\/#breadcrumb\"},\"inLanguage\":\"da-DK\",\"potentialAction\":[{\"@type\":\"ReadAction\",\"target\":[\"https:\/\/www.danishculture.com\/da\/eu4culture\/\"]}]},{\"@type\":\"BreadcrumbList\",\"@id\":\"https:\/\/www.danishculture.com\/da\/eu4culture\/#breadcrumb\",\"itemListElement\":[{\"@type\":\"ListItem\",\"position\":1,\"name\":\"Home\",\"item\":\"https:\/\/www.danishculture.com\/da\/\"},{\"@type\":\"ListItem\",\"position\":2,\"name\":\"EU4Culture\"}]},{\"@type\":\"WebSite\",\"@id\":\"https:\/\/www.danishculture.com\/#website\",\"url\":\"https:\/\/www.danishculture.com\/\",\"name\":\"\",\"description\":\"Vi arbejder for at skabe forst\u00e5else for dansk og international kultur\",\"potentialAction\":[{\"@type\":\"SearchAction\",\"target\":{\"@type\":\"EntryPoint\",\"urlTemplate\":\"https:\/\/www.danishculture.com\/?s={search_term_string}\"},\"query-input\":{\"@type\":\"PropertyValueSpecification\",\"valueRequired\":true,\"valueName\":\"search_term_string\"}}],\"inLanguage\":\"da-DK\"}]}<\/script>\n<!-- \/ Yoast SEO plugin. -->","yoast_head_json":{"title":"EU4Culture | EU-finansieret program | Dansk Kulturinstitut","description":"EU4Culture er et EU-finansieret program, der arbejder med og inden for den kulturelle og kreative sektor i de \u00f8stlige partnerskabslande.","robots":{"index":"index","follow":"follow","max-snippet":"max-snippet:-1","max-image-preview":"max-image-preview:large","max-video-preview":"max-video-preview:-1"},"canonical":"https:\/\/www.danishculture.com\/da\/eu4culture\/","og_locale":"da_DK","og_type":"article","og_title":"EU4Culture | EU-finansieret program | Dansk Kulturinstitut","og_description":"EU4Culture er et EU-finansieret program, der arbejder med og inden for den kulturelle og kreative sektor i de \u00f8stlige partnerskabslande.","og_url":"https:\/\/www.danishculture.com\/da\/eu4culture\/","article_modified_time":"2023-10-20T13:47:42+00:00","twitter_card":"summary_large_image","twitter_misc":{"Estimeret l\u00e6setid":"3 minutes"},"schema":{"@context":"https:\/\/schema.org","@graph":[{"@type":"WebPage","@id":"https:\/\/www.danishculture.com\/da\/eu4culture\/","url":"https:\/\/www.danishculture.com\/da\/eu4culture\/","name":"EU4Culture | EU-finansieret program | Dansk Kulturinstitut","isPartOf":{"@id":"https:\/\/www.danishculture.com\/#website"},"datePublished":"2022-01-25T13:02:04+00:00","dateModified":"2023-10-20T13:47:42+00:00","description":"EU4Culture er et EU-finansieret program, der arbejder med og inden for den kulturelle og kreative sektor i de \u00f8stlige partnerskabslande.","breadcrumb":{"@id":"https:\/\/www.danishculture.com\/da\/eu4culture\/#breadcrumb"},"inLanguage":"da-DK","potentialAction":[{"@type":"ReadAction","target":["https:\/\/www.danishculture.com\/da\/eu4culture\/"]}]},{"@type":"BreadcrumbList","@id":"https:\/\/www.danishculture.com\/da\/eu4culture\/#breadcrumb","itemListElement":[{"@type":"ListItem","position":1,"name":"Home","item":"https:\/\/www.danishculture.com\/da\/"},{"@type":"ListItem","position":2,"name":"EU4Culture"}]},{"@type":"WebSite","@id":"https:\/\/www.danishculture.com\/#website","url":"https:\/\/www.danishculture.com\/","name":"","description":"Vi arbejder for at skabe forst\u00e5else for dansk og international kultur","potentialAction":[{"@type":"SearchAction","target":{"@type":"EntryPoint","urlTemplate":"https:\/\/www.danishculture.com\/?s={search_term_string}"},"query-input":{"@type":"PropertyValueSpecification","valueRequired":true,"valueName":"search_term_string"}}],"inLanguage":"da-DK"}]}},"_links":{"self":[{"href":"https:\/\/www.danishculture.com\/da\/wp-json\/wp\/v2\/pages\/18313","targetHints":{"allow":["GET"]}}],"collection":[{"href":"https:\/\/www.danishculture.com\/da\/wp-json\/wp\/v2\/pages"}],"about":[{"href":"https:\/\/www.danishculture.com\/da\/wp-json\/wp\/v2\/types\/page"}],"author":[{"embeddable":true,"href":"https:\/\/www.danishculture.com\/da\/wp-json\/wp\/v2\/users\/3"}],"replies":[{"embeddable":true,"href":"https:\/\/www.danishculture.com\/da\/wp-json\/wp\/v2\/comments?post=18313"}],"version-history":[{"count":7,"href":"https:\/\/www.danishculture.com\/da\/wp-json\/wp\/v2\/pages\/18313\/revisions"}],"predecessor-version":[{"id":22146,"href":"https:\/\/www.danishculture.com\/da\/wp-json\/wp\/v2\/pages\/18313\/revisions\/22146"}],"wp:attachment":[{"href":"https:\/\/www.danishculture.com\/da\/wp-json\/wp\/v2\/media?parent=18313"}],"curies":[{"name":"wp","href":"https:\/\/api.w.org\/{rel}","templated":true}]}}