{"id":17758,"date":"2021-09-20T12:10:47","date_gmt":"2021-09-20T12:10:47","guid":{"rendered":"https:\/\/www.danishculture.com\/?page_id=17758"},"modified":"2023-07-25T10:16:06","modified_gmt":"2023-07-25T09:16:06","slug":"commons-and-communities","status":"publish","type":"page","link":"https:\/\/www.danishculture.com\/da\/commons-and-communities\/","title":{"rendered":"Commons &#038; Communities"},"content":{"rendered":"<p><em>Hvordan kan f\u00e6llesskaber h\u00e5ndtere og bevare vores f\u00e6lles ressourcer? Og hvordan kan kunst, arkitektur og design styrke vores f\u00e6llesskaber og im\u00f8dekomme de udfordringer, vores samfund st\u00e5r overfor i dag? <\/em><\/p>\n<p><em>\u00a0<\/em><\/p>\n<p>Det s\u00f8ger vi svar p\u00e5 med onlineplatformen, <a href=\"https:\/\/www.commonities.org\/\" target=\"_blank\" rel=\"noopener\"><em>Commons &amp; Communities<\/em><\/a>. Her udforsker kunstnere, arkitekter, sociologer, byplanl\u00e6ggere, teoretikere og praktikere p\u00e5 tv\u00e6rs af discipliner nye projekter, strategier og v\u00e6rkt\u00f8jer til at forst\u00e5 og bruge de f\u00e6lles goder, v\u00e6rdier, steder og rum, vi deler.<\/p>\n<p>&nbsp;<\/p>\n<p>Projektet tager udgangspunkt i et st\u00f8rre dansk initiativ og en udstilling udviklet af Statens Kunstfonds Arkitekturudvalg 2018-2021. Det forl\u00f8ber over to \u00e5r p\u00e5 tv\u00e6rs af nogle af de lande, hvor Dansk Kulturinstitut er til stede: Brasilien, Kina, Tyrkiet, Baltikum (Estland, Letland, Litauen) og derudover ogs\u00e5 i Danmark.<\/p>\n<p>&nbsp;<\/p>\n<p>Med den fysiske udstilling som katalysator, s\u00e6ttes diskussioner, udvekslinger og samarbejder om tematikken i gang, og eksempler p\u00e5 l\u00f8sninger og processer inkluderes i den lokale udgave af udstillingen. Dette akkumulative forl\u00f8b munder ud i en udstilling p\u00e5 UIA Verdensarkitektur-kongressen i juli 2023 i K\u00f8benhavn &#8211; byen, der samme \u00e5r ogs\u00e5 overtager titlen som UNESCO\/UIA Verdensarkitekturhovedstad fra Rio de Janeiro.<\/p>\n<p>&nbsp;<\/p>\n<p>Den brasilianske version af platformen blev lanceret i juli 2021 under UIA Verdensarkitekturkongressen i Rio, og de f\u00f8rste lokale projektaktiviteter er g\u00e5et i gang i september 2021. De \u00f8vrige lokale udgaver i Kina, Tyrkiet, Estland, Letland, Litauen og Danmark lanceres i januar 2022.<\/p>\n<h5>F\u00e6llesskab og ressourcemangel<\/h5>\n<p>Hvordan vi skal h\u00e5ndtere og bevare vores f\u00e6lles ressourcer, er i dag et sp\u00f8rgsm\u00e5l, som bliver mere presserende at finde svar p\u00e5. Bl.a. \u00e6ndrer klimaforandringer, pandemi, befolkningstilv\u00e6kst og forandrede \u00f8konomiske strukturer ikke kun vores f\u00e6lles ressourcer, men ogs\u00e5 de pr\u00e6misser som vores samfund er bygget p\u00e5.<\/p>\n<p>&nbsp;<\/p>\n<p>Hver dag deler vi ressourcer: Vi deler naturressourcer som den luft, vi ind\u00e5nder, og det vand, vi drikker. Som beboere i byer, store som sm\u00e5, deler vi vores \u00e5bne rum, arkitektur, parker, pladser og gader. Alle disse ressourcer udg\u00f8r f\u00e6lleder (som i F\u00e6lledparken), og deles af f\u00e6llesskaber. P\u00e5 engelsk: \u2019commons\u2019 og \u2019communities\u2019.<\/p>\n<p>&nbsp;<\/p>\n<p>De f\u00e6lles ressourcer kan imidlertid blive \u00f8delagt, misbrugt eller overanvendt, hvis vi fors\u00f8mmer at udvikle og bevare dem for fremtiden. Og s\u00e5 konfronterer de os med et vanskeligt sp\u00f8rgsm\u00e5l: Hvem har adgang til vores \u201df\u00e6lles\u201d ressourcer \u2013 er de virkelig et f\u00e6lles gode, som alle kan f\u00e5 del i?<\/p>\n<p>&nbsp;<\/p>\n<p>Sp\u00f8rgsm\u00e5let knytter projektet t\u00e6t til UIA 2023 CPH kongressens tema: <em>Sustainable Futures \u2013 Leave No One Behind.<\/em><\/p>\n<h5>Kunst og kultur i centrum<\/h5>\n<p>Der er ogs\u00e5 ting, vi er f\u00e6lles om, som ikke bliver \u00f8delagt eller forsvinder, jo mere vi bruger dem. De snarere vokser ved at blive delt. Det handler om kunst og kultur. Ligesom viden er kunst og kultur ikke eksklusive, medmindre vi g\u00f8r dem eksklusive. Derimod blomstrer kunst og viden, jo mere vi deler dem i f\u00e6llesskab og s\u00f8ger at g\u00f8re dem inkluderende.<\/p>\n<p>&nbsp;<\/p>\n<p>Derfor skal nye id\u00e9er til, om hvordan vi kan leve sammen og interagere i f\u00e6llesskaber udvikles \u2013 gennem kunst, arkitektur og design. Disse nye id\u00e9er kan derigennem vise vejen til forandring af politiske, \u00f8konomiske og kulturelle forhold.<\/p>\n<p>&nbsp;<\/p>\n<p><em>Commons &amp; Communities<\/em> er skabt til at blive delt og videreudviklet i f\u00e6llesskab med andre, som en f\u00e6lled i sig selv. Den fysiske udstilling er designet til at kunne printes p\u00e5 en A3 farveprinter, og kan downloades fra sitet. Med onlineplatformen skruer Dansk Kulturinstitut op for interaktiviteten. Publikum kan kommentere p\u00e5 projekterne, som nu ogs\u00e5 kan indeholde videoer m.m., og lokale partnere kan samarbejde og udveksle id\u00e9er i det lokale \u2019Live Project Forum\u2019.<\/p>\n<h5>Lokale og globale perspektiver<\/h5>\n<p>Ved at tage udgangspunkt i Dansk Kulturinstituts dybe forankring og store netv\u00e6rk i de p\u00e5g\u00e6ldende lande, bliver hver udgave af <em>Commons &amp; Communities<\/em> skabt i samarbejde med lokale partnere p\u00e5 det lokale sprog og vil fokusere p\u00e5 det, der er mest relevant i landet. En undtagelse er dog, at den danske udgave vil v\u00e6re p\u00e5 engelsk, s\u00e5 ogs\u00e5 det internationale engelsktalende publikum har mulighed for at opleve og f\u00f8lge projektet.<\/p>\n<p>&nbsp;<\/p>\n<p>Hensigten er, at platformen skal styrke lokalsamfunds engagement i transformationen til en b\u00e6redygtig verden og skabe opm\u00e6rksomhed om lokale initiativer, der skal bruges til gensidig inspiration p\u00e5 globalt plan.<\/p>\n<p>&nbsp;<\/p>\n<p>Projektet er st\u00f8ttet af <a href=\"https:\/\/www.kunst.dk\/\" target=\"_blank\" rel=\"noopener\">Statens Kunstfond<\/a>.<\/p>\n<p>&nbsp;<\/p>\n<p>F\u00f8lg med p\u00e5:\u00a0<strong><a href=\"https:\/\/www.commonities.org\/\" target=\"_blank\" rel=\"noopener\">Commons &amp; Communities<\/a><\/strong><\/p>\n","protected":false},"excerpt":{"rendered":"<p>Hvordan kan f\u00e6llesskaber h\u00e5ndtere og bevare vores f\u00e6lles ressourcer? Og hvordan kan kunst, arkitektur og design styrke vores f\u00e6llesskaber og im\u00f8dekomme de udfordringer, vores samfund st\u00e5r overfor i dag? \u00a0 Det s\u00f8ger vi svar p\u00e5 med onlineplatformen, Commons &amp; Communities. Her udforsker kunstnere, arkitekter, sociologer, byplanl\u00e6ggere, teoretikere og praktikere p\u00e5 tv\u00e6rs af discipliner nye projekter, [&hellip;]<\/p>\n","protected":false},"author":3,"featured_media":0,"parent":0,"menu_order":15,"comment_status":"closed","ping_status":"closed","template":"templates\/template-whatwedo.php","meta":{"_acf_changed":false,"footnotes":""},"class_list":["post-17758","page","type-page","status-publish","hentry"],"acf":[],"yoast_head":"<!-- This site is optimized with the Yoast SEO plugin v23.9 - https:\/\/yoast.com\/wordpress\/plugins\/seo\/ -->\n<title>Platformen Commons &amp; Communities | Dansk Kulturinstitut | DKI<\/title>\n<meta name=\"description\" content=\"Med platformen Commons &amp; Communities unders\u00f8ger vi, hvordan kan kunst, arkitektur og design styrke vores f\u00e6llesskaber og im\u00f8dekomme udfordringer.\" \/>\n<meta name=\"robots\" content=\"index, follow, max-snippet:-1, max-image-preview:large, max-video-preview:-1\" \/>\n<link rel=\"canonical\" href=\"https:\/\/www.danishculture.com\/da\/commons-and-communities\/\" \/>\n<meta property=\"og:locale\" content=\"da_DK\" \/>\n<meta property=\"og:type\" content=\"article\" \/>\n<meta property=\"og:title\" content=\"Platformen Commons &amp; Communities | Dansk Kulturinstitut | DKI\" \/>\n<meta property=\"og:description\" content=\"Med platformen Commons &amp; Communities unders\u00f8ger vi, hvordan kan kunst, arkitektur og design styrke vores f\u00e6llesskaber og im\u00f8dekomme udfordringer.\" \/>\n<meta property=\"og:url\" content=\"https:\/\/www.danishculture.com\/da\/commons-and-communities\/\" \/>\n<meta property=\"article:modified_time\" content=\"2023-07-25T09:16:06+00:00\" \/>\n<meta name=\"twitter:card\" content=\"summary_large_image\" \/>\n<meta name=\"twitter:label1\" content=\"Estimeret l\u00e6setid\" \/>\n\t<meta name=\"twitter:data1\" content=\"4 minutes\" \/>\n<script type=\"application\/ld+json\" class=\"yoast-schema-graph\">{\"@context\":\"https:\/\/schema.org\",\"@graph\":[{\"@type\":\"WebPage\",\"@id\":\"https:\/\/www.danishculture.com\/da\/commons-and-communities\/\",\"url\":\"https:\/\/www.danishculture.com\/da\/commons-and-communities\/\",\"name\":\"Platformen Commons & Communities | Dansk Kulturinstitut | DKI\",\"isPartOf\":{\"@id\":\"https:\/\/www.danishculture.com\/#website\"},\"datePublished\":\"2021-09-20T12:10:47+00:00\",\"dateModified\":\"2023-07-25T09:16:06+00:00\",\"description\":\"Med platformen Commons & Communities unders\u00f8ger vi, hvordan kan kunst, arkitektur og design styrke vores f\u00e6llesskaber og im\u00f8dekomme udfordringer.\",\"breadcrumb\":{\"@id\":\"https:\/\/www.danishculture.com\/da\/commons-and-communities\/#breadcrumb\"},\"inLanguage\":\"da-DK\",\"potentialAction\":[{\"@type\":\"ReadAction\",\"target\":[\"https:\/\/www.danishculture.com\/da\/commons-and-communities\/\"]}]},{\"@type\":\"BreadcrumbList\",\"@id\":\"https:\/\/www.danishculture.com\/da\/commons-and-communities\/#breadcrumb\",\"itemListElement\":[{\"@type\":\"ListItem\",\"position\":1,\"name\":\"Home\",\"item\":\"https:\/\/www.danishculture.com\/da\/\"},{\"@type\":\"ListItem\",\"position\":2,\"name\":\"Commons &#038; Communities\"}]},{\"@type\":\"WebSite\",\"@id\":\"https:\/\/www.danishculture.com\/#website\",\"url\":\"https:\/\/www.danishculture.com\/\",\"name\":\"\",\"description\":\"Vi arbejder for at skabe forst\u00e5else for dansk og international kultur\",\"potentialAction\":[{\"@type\":\"SearchAction\",\"target\":{\"@type\":\"EntryPoint\",\"urlTemplate\":\"https:\/\/www.danishculture.com\/?s={search_term_string}\"},\"query-input\":{\"@type\":\"PropertyValueSpecification\",\"valueRequired\":true,\"valueName\":\"search_term_string\"}}],\"inLanguage\":\"da-DK\"}]}<\/script>\n<!-- \/ Yoast SEO plugin. -->","yoast_head_json":{"title":"Platformen Commons & Communities | Dansk Kulturinstitut | DKI","description":"Med platformen Commons & Communities unders\u00f8ger vi, hvordan kan kunst, arkitektur og design styrke vores f\u00e6llesskaber og im\u00f8dekomme udfordringer.","robots":{"index":"index","follow":"follow","max-snippet":"max-snippet:-1","max-image-preview":"max-image-preview:large","max-video-preview":"max-video-preview:-1"},"canonical":"https:\/\/www.danishculture.com\/da\/commons-and-communities\/","og_locale":"da_DK","og_type":"article","og_title":"Platformen Commons & Communities | Dansk Kulturinstitut | DKI","og_description":"Med platformen Commons & Communities unders\u00f8ger vi, hvordan kan kunst, arkitektur og design styrke vores f\u00e6llesskaber og im\u00f8dekomme udfordringer.","og_url":"https:\/\/www.danishculture.com\/da\/commons-and-communities\/","article_modified_time":"2023-07-25T09:16:06+00:00","twitter_card":"summary_large_image","twitter_misc":{"Estimeret l\u00e6setid":"4 minutes"},"schema":{"@context":"https:\/\/schema.org","@graph":[{"@type":"WebPage","@id":"https:\/\/www.danishculture.com\/da\/commons-and-communities\/","url":"https:\/\/www.danishculture.com\/da\/commons-and-communities\/","name":"Platformen Commons & Communities | Dansk Kulturinstitut | DKI","isPartOf":{"@id":"https:\/\/www.danishculture.com\/#website"},"datePublished":"2021-09-20T12:10:47+00:00","dateModified":"2023-07-25T09:16:06+00:00","description":"Med platformen Commons & Communities unders\u00f8ger vi, hvordan kan kunst, arkitektur og design styrke vores f\u00e6llesskaber og im\u00f8dekomme udfordringer.","breadcrumb":{"@id":"https:\/\/www.danishculture.com\/da\/commons-and-communities\/#breadcrumb"},"inLanguage":"da-DK","potentialAction":[{"@type":"ReadAction","target":["https:\/\/www.danishculture.com\/da\/commons-and-communities\/"]}]},{"@type":"BreadcrumbList","@id":"https:\/\/www.danishculture.com\/da\/commons-and-communities\/#breadcrumb","itemListElement":[{"@type":"ListItem","position":1,"name":"Home","item":"https:\/\/www.danishculture.com\/da\/"},{"@type":"ListItem","position":2,"name":"Commons &#038; Communities"}]},{"@type":"WebSite","@id":"https:\/\/www.danishculture.com\/#website","url":"https:\/\/www.danishculture.com\/","name":"","description":"Vi arbejder for at skabe forst\u00e5else for dansk og international kultur","potentialAction":[{"@type":"SearchAction","target":{"@type":"EntryPoint","urlTemplate":"https:\/\/www.danishculture.com\/?s={search_term_string}"},"query-input":{"@type":"PropertyValueSpecification","valueRequired":true,"valueName":"search_term_string"}}],"inLanguage":"da-DK"}]}},"_links":{"self":[{"href":"https:\/\/www.danishculture.com\/da\/wp-json\/wp\/v2\/pages\/17758","targetHints":{"allow":["GET"]}}],"collection":[{"href":"https:\/\/www.danishculture.com\/da\/wp-json\/wp\/v2\/pages"}],"about":[{"href":"https:\/\/www.danishculture.com\/da\/wp-json\/wp\/v2\/types\/page"}],"author":[{"embeddable":true,"href":"https:\/\/www.danishculture.com\/da\/wp-json\/wp\/v2\/users\/3"}],"replies":[{"embeddable":true,"href":"https:\/\/www.danishculture.com\/da\/wp-json\/wp\/v2\/comments?post=17758"}],"version-history":[{"count":7,"href":"https:\/\/www.danishculture.com\/da\/wp-json\/wp\/v2\/pages\/17758\/revisions"}],"predecessor-version":[{"id":20205,"href":"https:\/\/www.danishculture.com\/da\/wp-json\/wp\/v2\/pages\/17758\/revisions\/20205"}],"wp:attachment":[{"href":"https:\/\/www.danishculture.com\/da\/wp-json\/wp\/v2\/media?parent=17758"}],"curies":[{"name":"wp","href":"https:\/\/api.w.org\/{rel}","templated":true}]}}