{"id":17035,"date":"2021-06-10T10:46:44","date_gmt":"2021-06-10T10:46:44","guid":{"rendered":"https:\/\/www.danishculture.com\/?page_id=17035"},"modified":"2023-07-25T10:18:41","modified_gmt":"2023-07-25T09:18:41","slug":"urbculturalplanning","status":"publish","type":"page","link":"https:\/\/www.danishculture.com\/da\/urbculturalplanning\/","title":{"rendered":"UrbCulturalPlanning"},"content":{"rendered":"<h5><strong>\u00a0<\/strong><strong>G\u00f8r vores kvarterer bedre at bo i!<\/strong><\/h5>\n<p>Vi vil bruge kultur og kreativitet til at g\u00f8re by- og landomr\u00e5der i \u00d8sters\u00f8regionen bedre at bo i. Hovedm\u00e5let med Urban Cultural Planning-projektet er at fremme lokale myndigheder i \u00d8sters\u00f8regionen og g\u00f8re det muligt for offentlige forvaltninger, lokale NGO\u2019er og foreninger at deltage og arbejde sammen om borgerdrevet kulturplanl\u00e6gning. Projektet er et partnerskab p\u00e5 tv\u00e6rs af gr\u00e6nser med 14 projektpartnere og 36 tilknyttede organisationer i ni forskellige lande.<\/p>\n<p>&nbsp;<\/p>\n<p>I dette projekt vil vi samle kulturplanl\u00e6gningsmetoder i en v\u00e6rkt\u00f8jskasse og levere mentoring til brugen af denne.<\/p>\n<p>&nbsp;<\/p>\n<p>Vi organiserer otte Urban Labs for bedre at tilpasse kulturplanl\u00e6gningsmetoder til bredere brug i \u00d8sters\u00f8regionen, deriblandt emner der inkluderer: kulturel kortl\u00e6gning, kulturel visionering og stimulering af lokal social nyskabning osv.<\/p>\n<p>&nbsp;<\/p>\n<p>Ni projekter i byer og landsbyer i \u00f8sters\u00f8sregionen vil adressere udfordringer s\u00e5som krympende byer, social inklusion, gentrificering og manglende foreningsliv.<\/p>\n<p>&nbsp;<\/p>\n<p>Residencies for kunstnere vil blive organiseret for at f\u00e5 nye perspektiver p\u00e5 kvarterernes potentiale, og videospil vil blive brugt til at involvere b\u00f8rn og unge for at styrke deres kreativitet til at finde de bedste l\u00f8sninger p\u00e5 lokale udfordringer s\u00e5vel som at finde nye muligheder.<\/p>\n<p>&nbsp;<\/p>\n<p>Vi organiserer tre konferencer for at samle praktiserende kulturelle planl\u00e6ggere med politiske beslutningstagere og interessenter, regionale- og byplanl\u00e6ggere, kulturafdelinger, NGO\u2019er og forretninger og medier. Konferencerne finder sted i Kiel (2019), Gdansk (2020) og Riga (2021).<\/p>\n<p>&nbsp;<\/p>\n<p>UrbCulturalPlanning-projektet er finansieret af Interreg Baltic Sea Region (BSR) programmet. Det er et af BSR\u2019s flagskibsprojekter og udfolder sig mellem januar 2019 to december 2021 med en samlet funding p\u00e5 2.528.385 Euro.<\/p>\n<h5>Projektets partnere<\/h5>\n<ul>\n<li>Dansk Kulturinstitut (DK)<\/li>\n<li>Heinrich B\u00f6ll Stiftung Schleswig Holstein (DE)<\/li>\n<li>K\u00f8benhavns Internationale Teater (DK)<\/li>\n<li>City Culture Institute (PL)<\/li>\n<li>Project company kiel-Gaarden GmbH (DE)<\/li>\n<li>Guldborgsund Municipality (DK)<\/li>\n<li>Pomorskie Vovoideship (PL)<\/li>\n<li>City of Pori (FI)<\/li>\n<li>City of Riga (LV)<\/li>\n<li>Vilnius Gediminas Technical University (LT)<\/li>\n<li>Inland Norway University of Applied Sciences (NO)<\/li>\n<li>University of Sk\u00f6vde (SE)<\/li>\n<li>Baltic Sea Cultural Centre (PL)<\/li>\n<li>Baltic Branch of the National Centre for Contemporary Arts \u2013 State Museum and Exhibition Centre ROSIZO<br \/>\nRosizo (RUS)<\/li>\n<\/ul>\n<p>&nbsp;<\/p>\n<p>L\u00e6s mere om <strong><a href=\"https:\/\/urbcultural.eu\/\" target=\"_blank\" rel=\"noopener\">projektet<\/a><\/strong><\/p>\n<p><img loading=\"lazy\" decoding=\"async\" class=\"alignnone size-full wp-image-16902\" src=\"https:\/\/www.danishculture.com\/wp-content\/uploads\/2021\/06\/Udklip-2.png\" alt=\"\" width=\"477\" height=\"181\" srcset=\"https:\/\/www.danishculture.com\/wp-content\/uploads\/2021\/06\/Udklip-2.png 477w, https:\/\/www.danishculture.com\/wp-content\/uploads\/2021\/06\/Udklip-2-300x114.png 300w, https:\/\/www.danishculture.com\/wp-content\/uploads\/2021\/06\/Udklip-2-308x117.png 308w, https:\/\/www.danishculture.com\/wp-content\/uploads\/2021\/06\/Udklip-2-214x81.png 214w, https:\/\/www.danishculture.com\/wp-content\/uploads\/2021\/06\/Udklip-2-213x81.png 213w\" sizes=\"auto, (max-width: 477px) 100vw, 477px\" \/><\/p>\n","protected":false},"excerpt":{"rendered":"<p>\u00a0G\u00f8r vores kvarterer bedre at bo i! Vi vil bruge kultur og kreativitet til at g\u00f8re by- og landomr\u00e5der i \u00d8sters\u00f8regionen bedre at bo i. Hovedm\u00e5let med Urban Cultural Planning-projektet er at fremme lokale myndigheder i \u00d8sters\u00f8regionen og g\u00f8re det muligt for offentlige forvaltninger, lokale NGO\u2019er og foreninger at deltage og arbejde sammen om borgerdrevet [&hellip;]<\/p>\n","protected":false},"author":3,"featured_media":0,"parent":0,"menu_order":23,"comment_status":"closed","ping_status":"closed","template":"templates\/template-whatwedo.php","meta":{"_acf_changed":false,"footnotes":""},"class_list":["post-17035","page","type-page","status-publish","hentry"],"acf":[],"yoast_head":"<!-- This site is optimized with the Yoast SEO plugin v23.9 - https:\/\/yoast.com\/wordpress\/plugins\/seo\/ -->\n<title>UrbCulturalPlanning | Dansk Kulturinstitut| Danish Cultural Institute<\/title>\n<meta name=\"description\" content=\"UrbCulturalPlanning samler vi metoder til kulturplanl\u00e6gning i et v\u00e6rkt\u00f8jss\u00e6t og giver vejledning om brugen af det i \u00d8sters\u00f8regionen.\" \/>\n<meta name=\"robots\" content=\"index, follow, max-snippet:-1, max-image-preview:large, max-video-preview:-1\" \/>\n<link rel=\"canonical\" href=\"https:\/\/www.danishculture.com\/da\/urbculturalplanning\/\" \/>\n<meta property=\"og:locale\" content=\"da_DK\" \/>\n<meta property=\"og:type\" content=\"article\" \/>\n<meta property=\"og:title\" content=\"UrbCulturalPlanning | Dansk Kulturinstitut| Danish Cultural Institute\" \/>\n<meta property=\"og:description\" content=\"UrbCulturalPlanning samler vi metoder til kulturplanl\u00e6gning i et v\u00e6rkt\u00f8jss\u00e6t og giver vejledning om brugen af det i \u00d8sters\u00f8regionen.\" \/>\n<meta property=\"og:url\" content=\"https:\/\/www.danishculture.com\/da\/urbculturalplanning\/\" \/>\n<meta property=\"article:modified_time\" content=\"2023-07-25T09:18:41+00:00\" \/>\n<meta property=\"og:image\" content=\"https:\/\/www.danishculture.com\/wp-content\/uploads\/2021\/06\/Udklip-2.png\" \/>\n\t<meta property=\"og:image:width\" content=\"477\" \/>\n\t<meta property=\"og:image:height\" content=\"181\" \/>\n\t<meta property=\"og:image:type\" content=\"image\/png\" \/>\n<meta name=\"twitter:card\" content=\"summary_large_image\" \/>\n<meta name=\"twitter:label1\" content=\"Estimeret l\u00e6setid\" \/>\n\t<meta name=\"twitter:data1\" content=\"2 minutes\" \/>\n<script type=\"application\/ld+json\" class=\"yoast-schema-graph\">{\"@context\":\"https:\/\/schema.org\",\"@graph\":[{\"@type\":\"WebPage\",\"@id\":\"https:\/\/www.danishculture.com\/da\/urbculturalplanning\/\",\"url\":\"https:\/\/www.danishculture.com\/da\/urbculturalplanning\/\",\"name\":\"UrbCulturalPlanning | Dansk Kulturinstitut| Danish Cultural Institute\",\"isPartOf\":{\"@id\":\"https:\/\/www.danishculture.com\/#website\"},\"primaryImageOfPage\":{\"@id\":\"https:\/\/www.danishculture.com\/da\/urbculturalplanning\/#primaryimage\"},\"image\":{\"@id\":\"https:\/\/www.danishculture.com\/da\/urbculturalplanning\/#primaryimage\"},\"thumbnailUrl\":\"https:\/\/www.danishculture.com\/wp-content\/uploads\/2021\/06\/Udklip-2.png\",\"datePublished\":\"2021-06-10T10:46:44+00:00\",\"dateModified\":\"2023-07-25T09:18:41+00:00\",\"description\":\"UrbCulturalPlanning samler vi metoder til kulturplanl\u00e6gning i et v\u00e6rkt\u00f8jss\u00e6t og giver vejledning om brugen af det i \u00d8sters\u00f8regionen.\",\"breadcrumb\":{\"@id\":\"https:\/\/www.danishculture.com\/da\/urbculturalplanning\/#breadcrumb\"},\"inLanguage\":\"da-DK\",\"potentialAction\":[{\"@type\":\"ReadAction\",\"target\":[\"https:\/\/www.danishculture.com\/da\/urbculturalplanning\/\"]}]},{\"@type\":\"ImageObject\",\"inLanguage\":\"da-DK\",\"@id\":\"https:\/\/www.danishculture.com\/da\/urbculturalplanning\/#primaryimage\",\"url\":\"https:\/\/www.danishculture.com\/wp-content\/uploads\/2021\/06\/Udklip-2.png\",\"contentUrl\":\"https:\/\/www.danishculture.com\/wp-content\/uploads\/2021\/06\/Udklip-2.png\"},{\"@type\":\"BreadcrumbList\",\"@id\":\"https:\/\/www.danishculture.com\/da\/urbculturalplanning\/#breadcrumb\",\"itemListElement\":[{\"@type\":\"ListItem\",\"position\":1,\"name\":\"Home\",\"item\":\"https:\/\/www.danishculture.com\/da\/\"},{\"@type\":\"ListItem\",\"position\":2,\"name\":\"UrbCulturalPlanning\"}]},{\"@type\":\"WebSite\",\"@id\":\"https:\/\/www.danishculture.com\/#website\",\"url\":\"https:\/\/www.danishculture.com\/\",\"name\":\"\",\"description\":\"Vi arbejder for at skabe forst\u00e5else for dansk og international kultur\",\"potentialAction\":[{\"@type\":\"SearchAction\",\"target\":{\"@type\":\"EntryPoint\",\"urlTemplate\":\"https:\/\/www.danishculture.com\/?s={search_term_string}\"},\"query-input\":{\"@type\":\"PropertyValueSpecification\",\"valueRequired\":true,\"valueName\":\"search_term_string\"}}],\"inLanguage\":\"da-DK\"}]}<\/script>\n<!-- \/ Yoast SEO plugin. -->","yoast_head_json":{"title":"UrbCulturalPlanning | Dansk Kulturinstitut| Danish Cultural Institute","description":"UrbCulturalPlanning samler vi metoder til kulturplanl\u00e6gning i et v\u00e6rkt\u00f8jss\u00e6t og giver vejledning om brugen af det i \u00d8sters\u00f8regionen.","robots":{"index":"index","follow":"follow","max-snippet":"max-snippet:-1","max-image-preview":"max-image-preview:large","max-video-preview":"max-video-preview:-1"},"canonical":"https:\/\/www.danishculture.com\/da\/urbculturalplanning\/","og_locale":"da_DK","og_type":"article","og_title":"UrbCulturalPlanning | Dansk Kulturinstitut| Danish Cultural Institute","og_description":"UrbCulturalPlanning samler vi metoder til kulturplanl\u00e6gning i et v\u00e6rkt\u00f8jss\u00e6t og giver vejledning om brugen af det i \u00d8sters\u00f8regionen.","og_url":"https:\/\/www.danishculture.com\/da\/urbculturalplanning\/","article_modified_time":"2023-07-25T09:18:41+00:00","og_image":[{"width":477,"height":181,"url":"https:\/\/www.danishculture.com\/wp-content\/uploads\/2021\/06\/Udklip-2.png","type":"image\/png"}],"twitter_card":"summary_large_image","twitter_misc":{"Estimeret l\u00e6setid":"2 minutes"},"schema":{"@context":"https:\/\/schema.org","@graph":[{"@type":"WebPage","@id":"https:\/\/www.danishculture.com\/da\/urbculturalplanning\/","url":"https:\/\/www.danishculture.com\/da\/urbculturalplanning\/","name":"UrbCulturalPlanning | Dansk Kulturinstitut| Danish Cultural Institute","isPartOf":{"@id":"https:\/\/www.danishculture.com\/#website"},"primaryImageOfPage":{"@id":"https:\/\/www.danishculture.com\/da\/urbculturalplanning\/#primaryimage"},"image":{"@id":"https:\/\/www.danishculture.com\/da\/urbculturalplanning\/#primaryimage"},"thumbnailUrl":"https:\/\/www.danishculture.com\/wp-content\/uploads\/2021\/06\/Udklip-2.png","datePublished":"2021-06-10T10:46:44+00:00","dateModified":"2023-07-25T09:18:41+00:00","description":"UrbCulturalPlanning samler vi metoder til kulturplanl\u00e6gning i et v\u00e6rkt\u00f8jss\u00e6t og giver vejledning om brugen af det i \u00d8sters\u00f8regionen.","breadcrumb":{"@id":"https:\/\/www.danishculture.com\/da\/urbculturalplanning\/#breadcrumb"},"inLanguage":"da-DK","potentialAction":[{"@type":"ReadAction","target":["https:\/\/www.danishculture.com\/da\/urbculturalplanning\/"]}]},{"@type":"ImageObject","inLanguage":"da-DK","@id":"https:\/\/www.danishculture.com\/da\/urbculturalplanning\/#primaryimage","url":"https:\/\/www.danishculture.com\/wp-content\/uploads\/2021\/06\/Udklip-2.png","contentUrl":"https:\/\/www.danishculture.com\/wp-content\/uploads\/2021\/06\/Udklip-2.png"},{"@type":"BreadcrumbList","@id":"https:\/\/www.danishculture.com\/da\/urbculturalplanning\/#breadcrumb","itemListElement":[{"@type":"ListItem","position":1,"name":"Home","item":"https:\/\/www.danishculture.com\/da\/"},{"@type":"ListItem","position":2,"name":"UrbCulturalPlanning"}]},{"@type":"WebSite","@id":"https:\/\/www.danishculture.com\/#website","url":"https:\/\/www.danishculture.com\/","name":"","description":"Vi arbejder for at skabe forst\u00e5else for dansk og international kultur","potentialAction":[{"@type":"SearchAction","target":{"@type":"EntryPoint","urlTemplate":"https:\/\/www.danishculture.com\/?s={search_term_string}"},"query-input":{"@type":"PropertyValueSpecification","valueRequired":true,"valueName":"search_term_string"}}],"inLanguage":"da-DK"}]}},"_links":{"self":[{"href":"https:\/\/www.danishculture.com\/da\/wp-json\/wp\/v2\/pages\/17035","targetHints":{"allow":["GET"]}}],"collection":[{"href":"https:\/\/www.danishculture.com\/da\/wp-json\/wp\/v2\/pages"}],"about":[{"href":"https:\/\/www.danishculture.com\/da\/wp-json\/wp\/v2\/types\/page"}],"author":[{"embeddable":true,"href":"https:\/\/www.danishculture.com\/da\/wp-json\/wp\/v2\/users\/3"}],"replies":[{"embeddable":true,"href":"https:\/\/www.danishculture.com\/da\/wp-json\/wp\/v2\/comments?post=17035"}],"version-history":[{"count":5,"href":"https:\/\/www.danishculture.com\/da\/wp-json\/wp\/v2\/pages\/17035\/revisions"}],"predecessor-version":[{"id":17413,"href":"https:\/\/www.danishculture.com\/da\/wp-json\/wp\/v2\/pages\/17035\/revisions\/17413"}],"wp:attachment":[{"href":"https:\/\/www.danishculture.com\/da\/wp-json\/wp\/v2\/media?parent=17035"}],"curies":[{"name":"wp","href":"https:\/\/api.w.org\/{rel}","templated":true}]}}