{"id":17017,"date":"2021-06-10T09:35:56","date_gmt":"2021-06-10T09:35:56","guid":{"rendered":"https:\/\/www.danishculture.com\/?page_id=17017"},"modified":"2023-10-20T14:50:55","modified_gmt":"2023-10-20T13:50:55","slug":"den-ny-demokratifond","status":"publish","type":"page","link":"https:\/\/www.danishculture.com\/da\/den-ny-demokratifond\/","title":{"rendered":"Den Ny Demokratifond"},"content":{"rendered":"<p>Som reaktion p\u00e5 de demokratiske udfordringer i EU&#8217;s \u00f8stlige nabolande etablerede\u00a0<a href=\"https:\/\/um.dk\/da\" target=\"_blank\" rel=\"noopener\">Udenrigsministeriet<\/a>\u00a0i 2020 <a href=\"https:\/\/www.newdemocracyfund.org\" target=\"_blank\" rel=\"noopener\">Den Ny Demokratifond.<\/a><\/p>\n<p>&nbsp;<\/p>\n<p>Fonden st\u00f8tter nye og eksisterende civilsamfundspartnerskaber med henblik p\u00e5 at styrke den demokratiske udvikling i EU&#8217;s \u00f8stlige nabolande: Armenien, Aserbajdsjan, Belarus, Moldova, Georgien og Ukraine, med fokus p\u00e5 demokrati, menneskerettigheder og ligestilling.<\/p>\n<p>&nbsp;<\/p>\n<p>Den Ny Demokratifond er opbygget omkring dialog og samarbejde, og fonden sigter mod at skabe nye og styrke de eksisterende forbindelser mellem civilsamfundsorganisationer i de \u00f8stlige nabolande og Danmark.<\/p>\n<h5>Om programmet<\/h5>\n<ul>\n<li>Vores rolle: Lead partner<\/li>\n<li>Budget: 180 mio. DKK<\/li>\n<li>Varighed: 2023-2026<\/li>\n<\/ul>\n<h5><strong>Dansk Kulturinstitut og Den Ny Demokratifond<\/strong><\/h5>\n<p>Dansk Kulturinstituts rolle i Den Ny Demokratifond er todelt: Som lead partner huser vi sekretariatet og har det overordnede administrative og finansielle ansvar for fonden. P\u00e5 projekt-niveau er vi ansvarlige for fondens arbejde p\u00e5 det kulturelle omr\u00e5de, hvor vi bidrager til at styrke fokus p\u00e5 kultur og kulturelle partnerskaber. Det g\u00f8r vi blandt andet ved at samarbejde med lokale kulturorganisationer, etablere et kulturelt netv\u00e6rk i regionen, samt at drive og st\u00f8tte kulturprojekter.<\/p>\n<h5>Konsortiet<\/h5>\n<p>Den Ny Demokratifond st\u00f8ttes af Udenrigsministeriets Naboskabsprogram. Efter et udbud i efter\u00e5ret 2020 udvalgte Udenrigsministeriet et konsortium best\u00e5ende af fem organisationer, som udg\u00f8r Den Ny Demokratifond. Det er:<\/p>\n<ul>\n<li><a href=\"https:\/\/www.danishculture.com\/da\/\" target=\"_blank\" rel=\"noopener\">Dansk Kulturinstitut (DKI) <\/a>som lead partner<\/li>\n<li><a href=\"https:\/\/www.3f.dk\/\">3F &#8211; Fagligt F\u00e6lles Forbund (3F)<\/a><\/li>\n<li><a href=\"https:\/\/www.danskindustri.dk\/\" target=\"_blank\" rel=\"noopener\">Dansk Industri (DI)<\/a><\/li>\n<li><a href=\"https:\/\/duf.dk\/\" target=\"_blank\" rel=\"noopener\">Dansk Ungdoms F\u00e6llesr\u00e5d (DUF)<\/a><\/li>\n<li><a href=\"https:\/\/dk.mediasupport.org\/\" target=\"_blank\" rel=\"noopener\">International Media Support\u00a0(IMS)<\/a><\/li>\n<\/ul>\n<h5>Budgettet<\/h5>\n<p>Med et samlet budget p\u00e5 180 millioner kr. for 2023-2026 sigter fonden mod at fremme nye tv\u00e6rregionale samarbejder og erfaringsudveksling mellem civilsamfundsorganisationer, kultur-, uddannelses- og vidensinstitutioner i Danmark og EU\u2019s \u00f8stlige nabolande.<\/p>\n<h5>Tematiske fokusomr\u00e5der<\/h5>\n<p>Demokratifonden har seks tematiske fokusomr\u00e5der:<\/p>\n<ul>\n<li>Arbejdsmarkedsorganisering<\/li>\n<li>Gr\u00f8n og retf\u00e6rdig omstilling<\/li>\n<li>Kultur<\/li>\n<li>Ligestilling<\/li>\n<li>Medier<\/li>\n<li>Ungdom<\/li>\n<\/ul>\n<h5>Vil du vide mere?<\/h5>\n<p>Du kan bes\u00f8ge fondens hjemmeside <a href=\"http:\/\/newdemocracyfund.org\" target=\"_blank\" rel=\"noopener\">her<\/a>.<\/p>\n<p>F\u00f8lg med p\u00e5 fondens sociale medier:<\/p>\n<ul>\n<li><a href=\"https:\/\/www.facebook.com\/newdemocracyfund\">LinkedIn<\/a><\/li>\n<li><a href=\"https:\/\/www.facebook.com\/newdemocracyfund\">Facebook<\/a><\/li>\n<li><a href=\"https:\/\/www.youtube.com\/@NewDemocracyFund\">Youtube<\/a><\/li>\n<\/ul>\n<p>&nbsp;<\/p>\n<p>Konsortiet bag Den Ny Demokratifond:<\/p>\n<p><a href=\"https:\/\/www.3f.dk\/\"><img loading=\"lazy\" decoding=\"async\" class=\"alignnone wp-image-133\" src=\"https:\/\/www.newdemocracyfund.org\/wp-content\/uploads\/sites\/2\/2021\/03\/3F_LOGO_Clean_Primary_RGB_png-300x205.png\" alt=\"\" width=\"59\" height=\"41\" \/><\/a>\u00a0 \u00a0 \u00a0 \u00a0<a href=\"https:\/\/www.danskindustri.dk\/\"><img loading=\"lazy\" decoding=\"async\" class=\"alignnone wp-image-136\" src=\"https:\/\/www.newdemocracyfund.org\/wp-content\/uploads\/sites\/2\/2021\/03\/DI-logo_sort-graa_uden-tagline-1200px-300x143.jpg\" alt=\"\" width=\"88\" height=\"42\" \/><\/a>\u00a0 \u00a0\u00a0\u00a0\u00a0\u00a0\u00a0<a href=\"http:\/\/www.danishculture.com\"><img loading=\"lazy\" decoding=\"async\" class=\"alignnone wp-image-135\" src=\"https:\/\/www.newdemocracyfund.org\/wp-content\/uploads\/sites\/2\/2021\/03\/Dansk-Kulturinstitut-logo_ENG_CMYK-260x300.jpg\" alt=\"\" width=\"56\" height=\"64\" \/><\/a>\u00a0 \u00a0 \u00a0\u00a0<a href=\"https:\/\/duf.dk\/\"><img loading=\"lazy\" decoding=\"async\" class=\"alignnone wp-image-137\" src=\"https:\/\/www.newdemocracyfund.org\/wp-content\/uploads\/sites\/2\/2021\/03\/DUF_Logo_RGB-300x143.png\" alt=\"\" width=\"80\" height=\"38\" \/><\/a>\u00a0 \u00a0 \u00a0 \u00a0<a href=\"https:\/\/www.mediasupport.org\/\"><img loading=\"lazy\" decoding=\"async\" class=\"alignnone wp-image-138\" src=\"https:\/\/www.newdemocracyfund.org\/wp-content\/uploads\/sites\/2\/2021\/03\/IMS_LOGO_BLACK-e1615727463253-300x111.jpg\" alt=\"\" width=\"105\" height=\"39\" \/><\/a><\/p>\n<p>St\u00f8ttet af:<\/p>\n<p><img loading=\"lazy\" decoding=\"async\" class=\"\" src=\"https:\/\/via.ritzau.dk\/data\/images\/00251\/f2245d4d-9d75-43fa-acfa-e0792bc07b92.png\/social\" alt=\"Udenrigsministeriet frar\u00e5der alle rejser til hele verden | Udenrigsministeriet\" width=\"303\" height=\"159\" \/><\/p>\n","protected":false},"excerpt":{"rendered":"<p>Som reaktion p\u00e5 de demokratiske udfordringer i EU&#8217;s \u00f8stlige nabolande etablerede\u00a0Udenrigsministeriet\u00a0i 2020 Den Ny Demokratifond. &nbsp; Fonden st\u00f8tter nye og eksisterende civilsamfundspartnerskaber med henblik p\u00e5 at styrke den demokratiske udvikling i EU&#8217;s \u00f8stlige nabolande: Armenien, Aserbajdsjan, Belarus, Moldova, Georgien og Ukraine, med fokus p\u00e5 demokrati, menneskerettigheder og ligestilling. &nbsp; Den Ny Demokratifond er opbygget omkring [&hellip;]<\/p>\n","protected":false},"author":3,"featured_media":0,"parent":0,"menu_order":30,"comment_status":"closed","ping_status":"closed","template":"templates\/template-whatwedo.php","meta":{"_acf_changed":false,"footnotes":""},"class_list":["post-17017","page","type-page","status-publish","hentry"],"acf":[],"yoast_head":"<!-- This site is optimized with the Yoast SEO plugin v23.9 - https:\/\/yoast.com\/wordpress\/plugins\/seo\/ -->\n<title>Den Ny Demokratifond | Dansk Kulturinstitut | Danish Cultural Institute<\/title>\n<meta name=\"description\" content=\"Den Ny Demokratifond st\u00f8ttes af Udenrigsministeriet i Danmarks \u00f8stlige naboskabsprogram og har seks tematiske fokusomr\u00e5der.\" \/>\n<meta name=\"robots\" content=\"index, follow, max-snippet:-1, max-image-preview:large, max-video-preview:-1\" \/>\n<link rel=\"canonical\" href=\"https:\/\/www.danishculture.com\/da\/den-ny-demokratifond\/\" \/>\n<meta property=\"og:locale\" content=\"da_DK\" \/>\n<meta property=\"og:type\" content=\"article\" \/>\n<meta property=\"og:title\" content=\"Den Ny Demokratifond | Dansk Kulturinstitut | Danish Cultural Institute\" \/>\n<meta property=\"og:description\" content=\"Den Ny Demokratifond st\u00f8ttes af Udenrigsministeriet i Danmarks \u00f8stlige naboskabsprogram og har seks tematiske fokusomr\u00e5der.\" \/>\n<meta property=\"og:url\" content=\"https:\/\/www.danishculture.com\/da\/den-ny-demokratifond\/\" \/>\n<meta property=\"article:modified_time\" content=\"2023-10-20T13:50:55+00:00\" \/>\n<meta name=\"twitter:card\" content=\"summary_large_image\" \/>\n<meta name=\"twitter:label1\" content=\"Estimeret l\u00e6setid\" \/>\n\t<meta name=\"twitter:data1\" content=\"2 minutes\" \/>\n<script type=\"application\/ld+json\" class=\"yoast-schema-graph\">{\"@context\":\"https:\/\/schema.org\",\"@graph\":[{\"@type\":\"WebPage\",\"@id\":\"https:\/\/www.danishculture.com\/da\/den-ny-demokratifond\/\",\"url\":\"https:\/\/www.danishculture.com\/da\/den-ny-demokratifond\/\",\"name\":\"Den Ny Demokratifond | Dansk Kulturinstitut | Danish Cultural Institute\",\"isPartOf\":{\"@id\":\"https:\/\/www.danishculture.com\/#website\"},\"primaryImageOfPage\":{\"@id\":\"https:\/\/www.danishculture.com\/da\/den-ny-demokratifond\/#primaryimage\"},\"image\":{\"@id\":\"https:\/\/www.danishculture.com\/da\/den-ny-demokratifond\/#primaryimage\"},\"thumbnailUrl\":\"https:\/\/www.newdemocracyfund.org\/wp-content\/uploads\/sites\/2\/2021\/03\/3F_LOGO_Clean_Primary_RGB_png-300x205.png\",\"datePublished\":\"2021-06-10T09:35:56+00:00\",\"dateModified\":\"2023-10-20T13:50:55+00:00\",\"description\":\"Den Ny Demokratifond st\u00f8ttes af Udenrigsministeriet i Danmarks \u00f8stlige naboskabsprogram og har seks tematiske fokusomr\u00e5der.\",\"breadcrumb\":{\"@id\":\"https:\/\/www.danishculture.com\/da\/den-ny-demokratifond\/#breadcrumb\"},\"inLanguage\":\"da-DK\",\"potentialAction\":[{\"@type\":\"ReadAction\",\"target\":[\"https:\/\/www.danishculture.com\/da\/den-ny-demokratifond\/\"]}]},{\"@type\":\"ImageObject\",\"inLanguage\":\"da-DK\",\"@id\":\"https:\/\/www.danishculture.com\/da\/den-ny-demokratifond\/#primaryimage\",\"url\":\"https:\/\/www.newdemocracyfund.org\/wp-content\/uploads\/sites\/2\/2021\/03\/3F_LOGO_Clean_Primary_RGB_png-300x205.png\",\"contentUrl\":\"https:\/\/www.newdemocracyfund.org\/wp-content\/uploads\/sites\/2\/2021\/03\/3F_LOGO_Clean_Primary_RGB_png-300x205.png\"},{\"@type\":\"BreadcrumbList\",\"@id\":\"https:\/\/www.danishculture.com\/da\/den-ny-demokratifond\/#breadcrumb\",\"itemListElement\":[{\"@type\":\"ListItem\",\"position\":1,\"name\":\"Home\",\"item\":\"https:\/\/www.danishculture.com\/da\/\"},{\"@type\":\"ListItem\",\"position\":2,\"name\":\"Den Ny Demokratifond\"}]},{\"@type\":\"WebSite\",\"@id\":\"https:\/\/www.danishculture.com\/#website\",\"url\":\"https:\/\/www.danishculture.com\/\",\"name\":\"\",\"description\":\"Vi arbejder for at skabe forst\u00e5else for dansk og international kultur\",\"potentialAction\":[{\"@type\":\"SearchAction\",\"target\":{\"@type\":\"EntryPoint\",\"urlTemplate\":\"https:\/\/www.danishculture.com\/?s={search_term_string}\"},\"query-input\":{\"@type\":\"PropertyValueSpecification\",\"valueRequired\":true,\"valueName\":\"search_term_string\"}}],\"inLanguage\":\"da-DK\"}]}<\/script>\n<!-- \/ Yoast SEO plugin. -->","yoast_head_json":{"title":"Den Ny Demokratifond | Dansk Kulturinstitut | Danish Cultural Institute","description":"Den Ny Demokratifond st\u00f8ttes af Udenrigsministeriet i Danmarks \u00f8stlige naboskabsprogram og har seks tematiske fokusomr\u00e5der.","robots":{"index":"index","follow":"follow","max-snippet":"max-snippet:-1","max-image-preview":"max-image-preview:large","max-video-preview":"max-video-preview:-1"},"canonical":"https:\/\/www.danishculture.com\/da\/den-ny-demokratifond\/","og_locale":"da_DK","og_type":"article","og_title":"Den Ny Demokratifond | Dansk Kulturinstitut | Danish Cultural Institute","og_description":"Den Ny Demokratifond st\u00f8ttes af Udenrigsministeriet i Danmarks \u00f8stlige naboskabsprogram og har seks tematiske fokusomr\u00e5der.","og_url":"https:\/\/www.danishculture.com\/da\/den-ny-demokratifond\/","article_modified_time":"2023-10-20T13:50:55+00:00","twitter_card":"summary_large_image","twitter_misc":{"Estimeret l\u00e6setid":"2 minutes"},"schema":{"@context":"https:\/\/schema.org","@graph":[{"@type":"WebPage","@id":"https:\/\/www.danishculture.com\/da\/den-ny-demokratifond\/","url":"https:\/\/www.danishculture.com\/da\/den-ny-demokratifond\/","name":"Den Ny Demokratifond | Dansk Kulturinstitut | Danish Cultural Institute","isPartOf":{"@id":"https:\/\/www.danishculture.com\/#website"},"primaryImageOfPage":{"@id":"https:\/\/www.danishculture.com\/da\/den-ny-demokratifond\/#primaryimage"},"image":{"@id":"https:\/\/www.danishculture.com\/da\/den-ny-demokratifond\/#primaryimage"},"thumbnailUrl":"https:\/\/www.newdemocracyfund.org\/wp-content\/uploads\/sites\/2\/2021\/03\/3F_LOGO_Clean_Primary_RGB_png-300x205.png","datePublished":"2021-06-10T09:35:56+00:00","dateModified":"2023-10-20T13:50:55+00:00","description":"Den Ny Demokratifond st\u00f8ttes af Udenrigsministeriet i Danmarks \u00f8stlige naboskabsprogram og har seks tematiske fokusomr\u00e5der.","breadcrumb":{"@id":"https:\/\/www.danishculture.com\/da\/den-ny-demokratifond\/#breadcrumb"},"inLanguage":"da-DK","potentialAction":[{"@type":"ReadAction","target":["https:\/\/www.danishculture.com\/da\/den-ny-demokratifond\/"]}]},{"@type":"ImageObject","inLanguage":"da-DK","@id":"https:\/\/www.danishculture.com\/da\/den-ny-demokratifond\/#primaryimage","url":"https:\/\/www.newdemocracyfund.org\/wp-content\/uploads\/sites\/2\/2021\/03\/3F_LOGO_Clean_Primary_RGB_png-300x205.png","contentUrl":"https:\/\/www.newdemocracyfund.org\/wp-content\/uploads\/sites\/2\/2021\/03\/3F_LOGO_Clean_Primary_RGB_png-300x205.png"},{"@type":"BreadcrumbList","@id":"https:\/\/www.danishculture.com\/da\/den-ny-demokratifond\/#breadcrumb","itemListElement":[{"@type":"ListItem","position":1,"name":"Home","item":"https:\/\/www.danishculture.com\/da\/"},{"@type":"ListItem","position":2,"name":"Den Ny Demokratifond"}]},{"@type":"WebSite","@id":"https:\/\/www.danishculture.com\/#website","url":"https:\/\/www.danishculture.com\/","name":"","description":"Vi arbejder for at skabe forst\u00e5else for dansk og international kultur","potentialAction":[{"@type":"SearchAction","target":{"@type":"EntryPoint","urlTemplate":"https:\/\/www.danishculture.com\/?s={search_term_string}"},"query-input":{"@type":"PropertyValueSpecification","valueRequired":true,"valueName":"search_term_string"}}],"inLanguage":"da-DK"}]}},"_links":{"self":[{"href":"https:\/\/www.danishculture.com\/da\/wp-json\/wp\/v2\/pages\/17017","targetHints":{"allow":["GET"]}}],"collection":[{"href":"https:\/\/www.danishculture.com\/da\/wp-json\/wp\/v2\/pages"}],"about":[{"href":"https:\/\/www.danishculture.com\/da\/wp-json\/wp\/v2\/types\/page"}],"author":[{"embeddable":true,"href":"https:\/\/www.danishculture.com\/da\/wp-json\/wp\/v2\/users\/3"}],"replies":[{"embeddable":true,"href":"https:\/\/www.danishculture.com\/da\/wp-json\/wp\/v2\/comments?post=17017"}],"version-history":[{"count":27,"href":"https:\/\/www.danishculture.com\/da\/wp-json\/wp\/v2\/pages\/17017\/revisions"}],"predecessor-version":[{"id":22150,"href":"https:\/\/www.danishculture.com\/da\/wp-json\/wp\/v2\/pages\/17017\/revisions\/22150"}],"wp:attachment":[{"href":"https:\/\/www.danishculture.com\/da\/wp-json\/wp\/v2\/media?parent=17017"}],"curies":[{"name":"wp","href":"https:\/\/api.w.org\/{rel}","templated":true}]}}