{"id":16957,"date":"2021-06-10T09:56:47","date_gmt":"2021-06-10T09:56:47","guid":{"rendered":"https:\/\/www.danishculture.com\/?page_id=16957"},"modified":"2023-10-20T14:48:33","modified_gmt":"2023-10-20T13:48:33","slug":"det-ukrainsk-danske-ungdomhus","status":"publish","type":"page","link":"https:\/\/www.danishculture.com\/da\/det-ukrainsk-danske-ungdomhus\/","title":{"rendered":"Det Ukrainsk-Danske Ungdomshus"},"content":{"rendered":"<p>Meget st\u00e5r p\u00e5 spil i Ukraine. Landet er omdrejningspunktet for en ny konflikt i Europa, samtidig med at det gennemg\u00e5r omfattende reformprocesser for at styrke demokratiet, fremme menneskerettigheder og skabe b\u00e6redygtig v\u00e6kst. Den ukrainske ungdom spiller en vigtig rolle i denne udvikling.<\/p>\n<p>&nbsp;<\/p>\n<p>Ungdomshuset er en platform for unge fra Ukraine og Danmark. Med base i Kyiv arbejder vi for at engagere, facilitere og st\u00f8tte unges projekter og aktivisme p\u00e5 tv\u00e6rs af Ukraine og Danmark.<\/p>\n<p>&nbsp;<\/p>\n<p>Workshops, sociale aktiviteter, festivaler for unge, kulturelle projekter og udvekslingsophold skal v\u00e6re med til at bygge bro og skabe nye venskaber fra Kyiv til K\u00f8benhavn, fra Mariupol til Mariager.<\/p>\n<p>&nbsp;<\/p>\n<p>Dialog, nye id\u00e9er og inspirerende m\u00f8der er kernen i ungdomshuset. Her er plads til alle, der gerne vil v\u00e6re med!<\/p>\n<p>&nbsp;<\/p>\n<p>Ungdomshuset er stedet, hvor du kan udfolde din kreativitet, dr\u00f8mme stort og samarbejde med andre.<\/p>\n<h5><strong>Om programmet<\/strong><\/h5>\n<ul>\n<li>Vores rolle: Lead partner<\/li>\n<li>Budget: 44 mio. DKK<\/li>\n<li>Varighed: 2022-2025<\/li>\n<\/ul>\n<h5><strong>Dansk Kulturinstitut og Det Ukrainsk-Danske Ungdomshus<\/strong><\/h5>\n<p>Som leadpartner har vi det overordnede administrative og \u00f8konomiske ansvar for Det Ukrainsk-Danske Ungdomshus. Ungdomshuset i Kyiv drives til daglig af et lokalt sekretariat med st\u00f8tte fra konsortiet: Dansk Kulturinstitut og Dansk Ungdoms F\u00e6llesr\u00e5d.<\/p>\n<h5><strong>Partnere<\/strong><\/h5>\n<p>I 2020 skabte\u00a0<a href=\"http:\/\/www.danishculture.com\/\" target=\"_blank\" rel=\"noopener noreferrer\">Dansk Kulturinstitut<\/a>\u00a0og\u00a0<a href=\"http:\/\/www.duf.dk\/\" target=\"_blank\" rel=\"noopener noreferrer\">Dansk Ungdoms F\u00e6llesr\u00e5d<\/a>\u00a0et konsortium med det form\u00e5l at etablere et <a href=\"http:\/\/theyouthhouse.org\" target=\"_blank\" rel=\"noopener\">Ukrainsk-Dansk Ungdomshus<\/a>. B\u00e5de Dansk Kulturinstitut og Dansk Ungdoms F\u00e6llesr\u00e5d har mange\u00e5rig erfaring med projektarbejde i Ukraine, hvilket udgjorde et godt fundament for etableringen af ungdomshuset. I sommeren 2020 modtog projektet st\u00f8tte fra Udenrigsministeriet, og straks herefter blev de f\u00f8rste skridt taget mod at etablere et ungdomshus i Kyiv med det form\u00e5l at styrke unges stemme og engagement i civilsamfundet. Partnerne er:<\/p>\n<ul>\n<li><a href=\"http:\/\/www.danishculture.com\/\">Dansk Kulturinstitut<\/a> (DCI) som lead partner<\/li>\n<li><a href=\"http:\/\/www.duf.dk\/\">Dansk Ungdoms F\u00e6llesr\u00e5d<\/a> (DUF)<\/li>\n<\/ul>\n<h5><strong>Budgettet<\/strong><\/h5>\n<p>For at underst\u00f8tte den unge generations evne til at p\u00e5virke deres f\u00e6lles fremtid har naboskabsprogrammet i Udenrigsministeriet afsat i alt 44 millioner kr. i st\u00f8tte til det Ukrainsk-Danske Ungdomshus for perioden 2022-2025.<\/p>\n<h5><strong>Vil du vide mere?<\/strong><\/h5>\n<p>Bes\u00f8g hjemmesiden for Det Ukrainsk-Danske Ungdomshus <a href=\"https:\/\/theyouthhouse.org\/\">her<\/a>.<\/p>\n<p>F\u00f8lg Det Ukrainsk-Danske Ungdomshus p\u00e5 sociale medier:<\/p>\n<ul>\n<li><a href=\"https:\/\/www.linkedin.com\/company\/ukrainian-danish-youth-house\/\">LinkedIn<\/a><\/li>\n<li><a href=\"https:\/\/www.facebook.com\/theudyh\">Facebook<\/a><\/li>\n<li><a href=\"https:\/\/www.instagram.com\/theudyh\/\">Instagram<\/a><\/li>\n<\/ul>\n<p><a href=\"http:\/\/theyouthhouse.org\/\" target=\"_blank\" rel=\"noopener\"><img loading=\"lazy\" decoding=\"async\" class=\"alignnone wp-image-17399 \" src=\"https:\/\/www.danishculture.com\/wp-content\/uploads\/2021\/06\/ud_youthhouse_logo.png\" sizes=\"auto, (max-width: 165px) 100vw, 165px\" srcset=\"https:\/\/www.danishculture.com\/wp-content\/uploads\/2021\/06\/ud_youthhouse_logo.png 521w, https:\/\/www.danishculture.com\/wp-content\/uploads\/2021\/06\/ud_youthhouse_logo-300x146.png 300w, https:\/\/www.danishculture.com\/wp-content\/uploads\/2021\/06\/ud_youthhouse_logo-308x150.png 308w, https:\/\/www.danishculture.com\/wp-content\/uploads\/2021\/06\/ud_youthhouse_logo-214x104.png 214w, https:\/\/www.danishculture.com\/wp-content\/uploads\/2021\/06\/ud_youthhouse_logo-213x104.png 213w\" alt=\"\" width=\"165\" height=\"81\" \/>\u00a0 \u00a0 \u00a0\u00a0\u00a0<\/a><a href=\"http:\/\/www.danishculture.com\/\"><img loading=\"lazy\" decoding=\"async\" class=\"alignnone wp-image-135\" src=\"https:\/\/www.newdemocracyfund.org\/wp-content\/uploads\/sites\/2\/2021\/03\/Dansk-Kulturinstitut-logo_ENG_CMYK-260x300.jpg\" alt=\"\" width=\"88\" height=\"101\" \/>\u00a0 \u00a0 \u00a0\u00a0<\/a><a href=\"https:\/\/duf.dk\/\"><img loading=\"lazy\" decoding=\"async\" class=\"alignnone wp-image-137\" src=\"https:\/\/www.newdemocracyfund.org\/wp-content\/uploads\/sites\/2\/2021\/03\/DUF_Logo_RGB-300x143.png\" alt=\"\" width=\"128\" height=\"61\" \/><\/a><\/p>\n<p>&nbsp;<\/p>\n","protected":false},"excerpt":{"rendered":"<p>Meget st\u00e5r p\u00e5 spil i Ukraine. Landet er omdrejningspunktet for en ny konflikt i Europa, samtidig med at det gennemg\u00e5r omfattende reformprocesser for at styrke demokratiet, fremme menneskerettigheder og skabe b\u00e6redygtig v\u00e6kst. Den ukrainske ungdom spiller en vigtig rolle i denne udvikling. &nbsp; Ungdomshuset er en platform for unge fra Ukraine og Danmark. Med base [&hellip;]<\/p>\n","protected":false},"author":3,"featured_media":0,"parent":0,"menu_order":26,"comment_status":"closed","ping_status":"closed","template":"templates\/template-whatwedo.php","meta":{"_acf_changed":false,"footnotes":""},"class_list":["post-16957","page","type-page","status-publish","hentry"],"acf":[],"yoast_head":"<!-- This site is optimized with the Yoast SEO plugin v23.9 - https:\/\/yoast.com\/wordpress\/plugins\/seo\/ -->\n<title>Det Ukrainsk-Danske Ungdomshus| Dansk Kulturinstitut |<\/title>\n<meta name=\"description\" content=\"Det Ukrainsk-Danske Ungdomshus er en platform for unge fra Ukraine og Danmark med base i Kyiv, som arbejder med workshops og aktiviteter.\" \/>\n<meta name=\"robots\" content=\"index, follow, max-snippet:-1, max-image-preview:large, max-video-preview:-1\" \/>\n<link rel=\"canonical\" href=\"https:\/\/www.danishculture.com\/ukrainian-danish-youth-house\/\" \/>\n<meta property=\"og:locale\" content=\"da_DK\" \/>\n<meta property=\"og:type\" content=\"article\" \/>\n<meta property=\"og:title\" content=\"Det Ukrainsk-Danske Ungdomshus| Dansk Kulturinstitut |\" \/>\n<meta property=\"og:description\" content=\"Det Ukrainsk-Danske Ungdomshus er en platform for unge fra Ukraine og Danmark med base i Kyiv, som arbejder med workshops og aktiviteter.\" \/>\n<meta property=\"og:url\" content=\"https:\/\/www.danishculture.com\/ukrainian-danish-youth-house\/\" \/>\n<meta property=\"article:modified_time\" content=\"2023-10-20T13:48:33+00:00\" \/>\n<meta property=\"og:image\" content=\"https:\/\/www.danishculture.com\/wp-content\/uploads\/2021\/06\/ud_youthhouse_logo.png\" \/>\n\t<meta property=\"og:image:width\" content=\"521\" \/>\n\t<meta property=\"og:image:height\" content=\"254\" \/>\n\t<meta property=\"og:image:type\" content=\"image\/png\" \/>\n<meta name=\"twitter:card\" content=\"summary_large_image\" \/>\n<meta name=\"twitter:label1\" content=\"Estimeret l\u00e6setid\" \/>\n\t<meta name=\"twitter:data1\" content=\"2 minutes\" \/>\n<script type=\"application\/ld+json\" class=\"yoast-schema-graph\">{\"@context\":\"https:\/\/schema.org\",\"@graph\":[{\"@type\":\"WebPage\",\"@id\":\"https:\/\/www.danishculture.com\/ukrainian-danish-youth-house\/\",\"url\":\"https:\/\/www.danishculture.com\/ukrainian-danish-youth-house\/\",\"name\":\"Det Ukrainsk-Danske Ungdomshus| Dansk Kulturinstitut |\",\"isPartOf\":{\"@id\":\"https:\/\/www.danishculture.com\/#website\"},\"primaryImageOfPage\":{\"@id\":\"https:\/\/www.danishculture.com\/ukrainian-danish-youth-house\/#primaryimage\"},\"image\":{\"@id\":\"https:\/\/www.danishculture.com\/ukrainian-danish-youth-house\/#primaryimage\"},\"thumbnailUrl\":\"https:\/\/www.danishculture.com\/wp-content\/uploads\/2021\/06\/ud_youthhouse_logo.png\",\"datePublished\":\"2021-06-10T09:56:47+00:00\",\"dateModified\":\"2023-10-20T13:48:33+00:00\",\"description\":\"Det Ukrainsk-Danske Ungdomshus er en platform for unge fra Ukraine og Danmark med base i Kyiv, som arbejder med workshops og aktiviteter.\",\"breadcrumb\":{\"@id\":\"https:\/\/www.danishculture.com\/ukrainian-danish-youth-house\/#breadcrumb\"},\"inLanguage\":\"da-DK\",\"potentialAction\":[{\"@type\":\"ReadAction\",\"target\":[\"https:\/\/www.danishculture.com\/ukrainian-danish-youth-house\/\"]}]},{\"@type\":\"ImageObject\",\"inLanguage\":\"da-DK\",\"@id\":\"https:\/\/www.danishculture.com\/ukrainian-danish-youth-house\/#primaryimage\",\"url\":\"https:\/\/www.danishculture.com\/wp-content\/uploads\/2021\/06\/ud_youthhouse_logo.png\",\"contentUrl\":\"https:\/\/www.danishculture.com\/wp-content\/uploads\/2021\/06\/ud_youthhouse_logo.png\"},{\"@type\":\"BreadcrumbList\",\"@id\":\"https:\/\/www.danishculture.com\/ukrainian-danish-youth-house\/#breadcrumb\",\"itemListElement\":[{\"@type\":\"ListItem\",\"position\":1,\"name\":\"Home\",\"item\":\"https:\/\/www.danishculture.com\/da\/\"},{\"@type\":\"ListItem\",\"position\":2,\"name\":\"Det Ukrainsk-Danske Ungdomshus\"}]},{\"@type\":\"WebSite\",\"@id\":\"https:\/\/www.danishculture.com\/#website\",\"url\":\"https:\/\/www.danishculture.com\/\",\"name\":\"\",\"description\":\"Vi arbejder for at skabe forst\u00e5else for dansk og international kultur\",\"potentialAction\":[{\"@type\":\"SearchAction\",\"target\":{\"@type\":\"EntryPoint\",\"urlTemplate\":\"https:\/\/www.danishculture.com\/?s={search_term_string}\"},\"query-input\":{\"@type\":\"PropertyValueSpecification\",\"valueRequired\":true,\"valueName\":\"search_term_string\"}}],\"inLanguage\":\"da-DK\"}]}<\/script>\n<!-- \/ Yoast SEO plugin. -->","yoast_head_json":{"title":"Det Ukrainsk-Danske Ungdomshus| Dansk Kulturinstitut |","description":"Det Ukrainsk-Danske Ungdomshus er en platform for unge fra Ukraine og Danmark med base i Kyiv, som arbejder med workshops og aktiviteter.","robots":{"index":"index","follow":"follow","max-snippet":"max-snippet:-1","max-image-preview":"max-image-preview:large","max-video-preview":"max-video-preview:-1"},"canonical":"https:\/\/www.danishculture.com\/ukrainian-danish-youth-house\/","og_locale":"da_DK","og_type":"article","og_title":"Det Ukrainsk-Danske Ungdomshus| Dansk Kulturinstitut |","og_description":"Det Ukrainsk-Danske Ungdomshus er en platform for unge fra Ukraine og Danmark med base i Kyiv, som arbejder med workshops og aktiviteter.","og_url":"https:\/\/www.danishculture.com\/ukrainian-danish-youth-house\/","article_modified_time":"2023-10-20T13:48:33+00:00","og_image":[{"width":521,"height":254,"url":"https:\/\/www.danishculture.com\/wp-content\/uploads\/2021\/06\/ud_youthhouse_logo.png","type":"image\/png"}],"twitter_card":"summary_large_image","twitter_misc":{"Estimeret l\u00e6setid":"2 minutes"},"schema":{"@context":"https:\/\/schema.org","@graph":[{"@type":"WebPage","@id":"https:\/\/www.danishculture.com\/ukrainian-danish-youth-house\/","url":"https:\/\/www.danishculture.com\/ukrainian-danish-youth-house\/","name":"Det Ukrainsk-Danske Ungdomshus| Dansk Kulturinstitut |","isPartOf":{"@id":"https:\/\/www.danishculture.com\/#website"},"primaryImageOfPage":{"@id":"https:\/\/www.danishculture.com\/ukrainian-danish-youth-house\/#primaryimage"},"image":{"@id":"https:\/\/www.danishculture.com\/ukrainian-danish-youth-house\/#primaryimage"},"thumbnailUrl":"https:\/\/www.danishculture.com\/wp-content\/uploads\/2021\/06\/ud_youthhouse_logo.png","datePublished":"2021-06-10T09:56:47+00:00","dateModified":"2023-10-20T13:48:33+00:00","description":"Det Ukrainsk-Danske Ungdomshus er en platform for unge fra Ukraine og Danmark med base i Kyiv, som arbejder med workshops og aktiviteter.","breadcrumb":{"@id":"https:\/\/www.danishculture.com\/ukrainian-danish-youth-house\/#breadcrumb"},"inLanguage":"da-DK","potentialAction":[{"@type":"ReadAction","target":["https:\/\/www.danishculture.com\/ukrainian-danish-youth-house\/"]}]},{"@type":"ImageObject","inLanguage":"da-DK","@id":"https:\/\/www.danishculture.com\/ukrainian-danish-youth-house\/#primaryimage","url":"https:\/\/www.danishculture.com\/wp-content\/uploads\/2021\/06\/ud_youthhouse_logo.png","contentUrl":"https:\/\/www.danishculture.com\/wp-content\/uploads\/2021\/06\/ud_youthhouse_logo.png"},{"@type":"BreadcrumbList","@id":"https:\/\/www.danishculture.com\/ukrainian-danish-youth-house\/#breadcrumb","itemListElement":[{"@type":"ListItem","position":1,"name":"Home","item":"https:\/\/www.danishculture.com\/da\/"},{"@type":"ListItem","position":2,"name":"Det Ukrainsk-Danske Ungdomshus"}]},{"@type":"WebSite","@id":"https:\/\/www.danishculture.com\/#website","url":"https:\/\/www.danishculture.com\/","name":"","description":"Vi arbejder for at skabe forst\u00e5else for dansk og international kultur","potentialAction":[{"@type":"SearchAction","target":{"@type":"EntryPoint","urlTemplate":"https:\/\/www.danishculture.com\/?s={search_term_string}"},"query-input":{"@type":"PropertyValueSpecification","valueRequired":true,"valueName":"search_term_string"}}],"inLanguage":"da-DK"}]}},"_links":{"self":[{"href":"https:\/\/www.danishculture.com\/da\/wp-json\/wp\/v2\/pages\/16957","targetHints":{"allow":["GET"]}}],"collection":[{"href":"https:\/\/www.danishculture.com\/da\/wp-json\/wp\/v2\/pages"}],"about":[{"href":"https:\/\/www.danishculture.com\/da\/wp-json\/wp\/v2\/types\/page"}],"author":[{"embeddable":true,"href":"https:\/\/www.danishculture.com\/da\/wp-json\/wp\/v2\/users\/3"}],"replies":[{"embeddable":true,"href":"https:\/\/www.danishculture.com\/da\/wp-json\/wp\/v2\/comments?post=16957"}],"version-history":[{"count":25,"href":"https:\/\/www.danishculture.com\/da\/wp-json\/wp\/v2\/pages\/16957\/revisions"}],"predecessor-version":[{"id":22147,"href":"https:\/\/www.danishculture.com\/da\/wp-json\/wp\/v2\/pages\/16957\/revisions\/22147"}],"wp:attachment":[{"href":"https:\/\/www.danishculture.com\/da\/wp-json\/wp\/v2\/media?parent=16957"}],"curies":[{"name":"wp","href":"https:\/\/api.w.org\/{rel}","templated":true}]}}