{"id":16874,"date":"2021-06-16T09:34:06","date_gmt":"2021-06-16T09:34:06","guid":{"rendered":"https:\/\/www.danishculture.com\/?page_id=16874"},"modified":"2023-03-02T18:29:42","modified_gmt":"2023-03-02T17:29:42","slug":"creative-ports","status":"publish","type":"page","link":"https:\/\/www.danishculture.com\/da\/creative-ports\/","title":{"rendered":"Creative Ports"},"content":{"rendered":"<p><img loading=\"lazy\" decoding=\"async\" class=\"alignnone size-full wp-image-16888\" src=\"https:\/\/www.danishculture.com\/wp-content\/uploads\/2021\/06\/www.png\" alt=\"\" width=\"935\" height=\"121\" srcset=\"https:\/\/www.danishculture.com\/wp-content\/uploads\/2021\/06\/www.png 935w, https:\/\/www.danishculture.com\/wp-content\/uploads\/2021\/06\/www-300x39.png 300w, https:\/\/www.danishculture.com\/wp-content\/uploads\/2021\/06\/www-768x99.png 768w, https:\/\/www.danishculture.com\/wp-content\/uploads\/2021\/06\/www-308x40.png 308w, https:\/\/www.danishculture.com\/wp-content\/uploads\/2021\/06\/www-214x28.png 214w, https:\/\/www.danishculture.com\/wp-content\/uploads\/2021\/06\/www-213x28.png 213w\" sizes=\"auto, (max-width: 935px) 100vw, 935px\" \/><\/p>\n<p>&nbsp;<\/p>\n<p>&nbsp;<\/p>\n<p>I efter\u00e5ret 2021 sluttede projektet <em>Creative Ports<\/em> efter tre inspirerende og udfordrende \u00e5r.<\/p>\n<p>&nbsp;<\/p>\n<p>Creative Ports-projektet fokuserede p\u00e5 at fremme og forbedre samarbejdet mellem de kulturelle og kreative industrier (CCI) i \u00d8sters\u00f8regionen. Dansk Kulturinstitut iEstland, Letland og Litauen var en af 14 partnere og bidrog med to n\u00f8gleaktiviteter:<\/p>\n<p>&nbsp;<\/p>\n<ol>\n<li>I alle tre \u00e5r er der blevet afpr\u00f8vet et s\u00e5kaldt internationaliseringsv\u00e6rkt\u00f8j, dvs. en aktivitet, der har til form\u00e5l at styrke internationaliseringen inden for de kulturelle og kreative erhverv. Aktiviteten kaldes<em> Pitching for a Better Baltic Sea<\/em>.<\/li>\n<li>Samtidigt blev der ogs\u00e5 etableret og ledet et CCI-sekretariat, der fungerede som et centralt kontaktnetv\u00e6rk for projektet og faciliterede lokale CCI-netv\u00e6rk i tre udvalgte byer.<\/li>\n<\/ol>\n<p>&nbsp;<\/p>\n<p>Udvikling, implementering, tilpasning og evaluering af aktiviteten<em> Pitching for a Better Baltic Sea <\/em>var grobund for megen l\u00e6ring, som alt blev samlet i et l\u00e6ringsmodul, som andre organisationer kan lade sig inspirere af. Du kan se det <a href=\"https:\/\/www.creativeports.eu\/tools-resources\/learning-modules\/learning-module-2\" target=\"_blank\" rel=\"noopener\">her (p\u00e5 engelsk)<\/a>.<\/p>\n<p>&nbsp;<\/p>\n<p>&nbsp;<\/p>\n<p><strong>Pitching for a Better Baltic Sea<\/strong><\/p>\n<p><em>Pitching for a Better Baltic Sea<\/em> r et eventkoncept, der har til form\u00e5l at styrke tv\u00e6rnationalt og tv\u00e6rsektorielt samarbejde i \u00d8sters\u00f8regionen inden for de kreative erhverv. V\u00e6rkt\u00f8jet samlede nystartede virksomheder, SMV&#8217;er, v\u00e6ksthuse og andre CCI-organisationer og viste, hvordan FN&#8217;s m\u00e5l for b\u00e6redygtig udvikling for klima\u00e6ndringer kan skabe v\u00e6rdi og f\u00f8re til fremtidens innovation og investeringer.<\/p>\n<p>&nbsp;<\/p>\n<p>Konkret var <em>Pitching for a Better Baltic Sea<\/em> centreret om en pitching konkurrence for CCI-startups, hvor de kunne fremvise og pitche projekter, der arbejder hen imod en mere b\u00e6redygtig \u00d8sters\u00f8region foran en international jury.<\/p>\n<p>&nbsp;<\/p>\n<p>I 2019 fandt det f\u00f8rste <em>Pitching for a Better Baltic<\/em> Sea-arrangement sted i Aarhus i oktober og blev \u00e5bnet af Aarhus&#8217; borgmester. Danske og lettiske virksomheder deltog i arrangementet, der ud over konkurrencen omfattede en keynote-tale af Kasper Petersen fra LABFRESH, en b\u00e6redygtig t\u00f8jvirksomhed. Arrangementet omfattede ogs\u00e5 netv\u00e6rksmuligheder og en koncert med det lettiske band Carnival Youth.<\/p>\n<p>&nbsp;<\/p>\n<p>Dagen efter konkurrencen kunne de lettiske virksomheder ogs\u00e5 deltage i et bes\u00f8gsprogram hoslokale virksomheder og v\u00e6ksthuse for at f\u00e5 inspiration, nye netv\u00e6rk og viden om det danske marked og st\u00f8ttemekanismer samt deltage i en internationaliseringsworkshop med Karoline Haulund fra Creative Business Network.<\/p>\n<p>&nbsp;<\/p>\n<p>Samtidig blev deltagerne ogs\u00e5 inviteret til at deltage i \u201dthis.festival\u201d, en \u00e5rlig 3-dages festival for digitalisering og kreative erhverv i\u00a0 Region Midtjylland.<\/p>\n<p>&nbsp;<\/p>\n<p><em>\u201cGood ideas stay ideas if not presented and communicated. Good pitching is very important for the growth of a start-up and for turning good ideas into reality! Pitching for a Better Baltic Sea is a great platform for developing pitching skills and receiving valuable feedback and learning from others.\u201d<\/em><\/p>\n<p>\u2013 Linda Rieksti\u0146a-\u0160nore, Ette Tete, Winner of Pitching for a Better Baltic Sea 2019<\/p>\n<p>&nbsp;<\/p>\n<p>Ved arrangementet i 2019 blev der dannet nye partnerskaber mellem de lettiske og danske virksomheder, hvor blandt andet en dansk m\u00f8beldesignvirksomhed indgik et samarbejde med et lettisk produktionsselskab.<\/p>\n<p>&nbsp;<\/p>\n<p>I 2020 blev arrangementet tilpasses et digitalt format p\u00e5 grund af COVID-19-pandemien. Flere aspekter af programmet blev \u00e6ndret: Succesen med sidste \u00e5rs keynote og et \u00f8nske om mere videnbaserede input inspirerede udvidelsen til to hovedtalere.<\/p>\n<p>&nbsp;<\/p>\n<p>Rebecca Vera Stahnke fra Veras Vintage, et cirkul\u00e6rt t\u00f8jkoncept, holdte et opl\u00e6g om deres succeshistorie om at etablere sig som et b\u00e6redygtigt, kreativt brand. Derudover fortalte Caroline Gjerulff fra Vision Danmark om b\u00e6redygtighed i filmbranchen.<\/p>\n<p>&nbsp;<\/p>\n<p>Bes\u00f8g hos lokale virksomheder og v\u00e6ksthuse var desv\u00e6rre ikke muligt at g\u00f8re digitalt, men internationaliseringsv\u00e6rkstedet og koncerten blev stadig afholdt som vigtige dele af aktiviteterne. P\u00e5 grund af projektets digitale karakter var deltagerne fra ikke kun Danmark og Letland, men ogs\u00e5 Estland og Tyskland.<\/p>\n<p>&nbsp;<\/p>\n<p>Hvor det f\u00f8rste \u00e5rs vinder af pitchingkonkurrencen vandt billetter og en rejse til Sonar+D-festivalen i Barcelona, en international kreativitet, teknologi og erhvervskongres, vandt 2020-vinderen et dybdeg\u00e5ende digitalt mentorkursus med dansk erhvervsliv- og brandingekspert Lena Boel. Dette var en stor succes, der muliggjorde konkrete positive \u00e6ndringer i den vindende start-up:<\/p>\n<p>&nbsp;<\/p>\n<p><em>\u201cHaving a mentoring session set with Lena is one of the best things to ever happen with KIRA regarding branding. She really gave a deep insight into what the brand itself, storytelling, and core values should be. We set short and long-term plans with Lena, and all of the sudden everything started to make sense. We truly appreciated the time with her.\u201c\u201d <\/em><\/p>\n<p><em>&#8211; Henry Ratasepp, Kira Shoes, Winner of Pitching for a Better Baltic Sea 2020<\/em><\/p>\n<p>&nbsp;<\/p>\n<p>2021 var det sidste \u00e5r, hvor <em>Pitching for a Better Baltic Sea <\/em>blev afholdt som en del af Creative Ports-projektet.<\/p>\n<p>&nbsp;<\/p>\n<p>Ved det sidste arrangement deltog lettiske, estiske og danske deltagere. P\u00e5 baggrund af feedback fra 2019-arrangementet bes\u00f8gte de baltiske deltagere virksomheder og v\u00e6ksthuse i K\u00f8benhavn p\u00e5 arrangementets f\u00f8rste dag. Her afsluttede de dagen sammen med n\u00f8gleakt\u00f8rer, kulturinstitutioner og st\u00f8tteorganisationer inden for CCI ved et kick-off arrangement for et nyt lokalt dansk-sydsvensk netv\u00e6rk.<\/p>\n<p>&nbsp;<\/p>\n<p>Dagen efter fortsatte deltagerne til Aarhus, hvor de sluttede sig til de danske deltagere til ikke bare en pitching konkurrence, men en hackathon, hvor de i grupper skabte nye ideer til digital b\u00e6redygtig transformation. Arrangementet sluttede med en koncert med den lettiske kunstner Chris Noah.<\/p>\n<p>&nbsp;<\/p>\n<p><strong>CCI Contact Desk<\/strong><\/p>\n<p>Den nyligt omd\u00f8bte CCI Contact Desk, som i projektperioden Creative Ports var kendt som CCI-sekretariatet, blev drevet af Dansk Kulturinstitut i Riga. Her fungerede sekretariatet som et centralt kontaktpunkt for projektet, der knyttede internationale forbindelser og tilb\u00f8d internationaliseringsvejledning og information om Creative Ports-projektet til CCI-interessenter, st\u00f8tteorganisationer og akt\u00f8rer og andre interesserede.<\/p>\n<p>&nbsp;<\/p>\n<p>Desuden har CCI&#8217;s sekretariat ogs\u00e5 forbundet EU&#8217;s nationale kulturinstitutter (EUNIC-medlemmer) med CCI-st\u00f8tteorganisationer og offentlige myndigheder i \u00d8sters\u00f8regionen og skabt og faciliteret partnerskaber kaldet &#8220;Tandems&#8221; (tandhjul), der planl\u00e6gger f\u00e6lles aktiviteter.<\/p>\n<p>&nbsp;<\/p>\n<p>Lige nu er der oprettet 3 tandems. De befinder sig i Riga (for Letland), i K\u00f8benhavn (for henholdsvis Danmark og Sydsverige) og i Skt. Petersborg (for Nordvestrusland). De forskellige tandems er samarbejdsplatforme, der er blevet iv\u00e6rksat af CCI&#8217;s sekretariat med det form\u00e5l at skabe et nyt eller t\u00e6ttere samarbejde mellem \u00a0de \u00a0to \u201dtyper\u201d partnere, \u00a0nationale kulturinstitutter (EUNIC-medlemmer) og regionale CCI-st\u00f8tteorganisationer gennem planl\u00e6gning og gennemf\u00f8relse af f\u00e6lles aktiviteter.<\/p>\n<p>&nbsp;<\/p>\n<p><strong>Creative Ports \u2013 et overblik\u00a0<\/strong><\/p>\n<ul>\n<li>Varighed p\u00e5 34 m\u00e5neder, januar 2019 \u2013 oktober 2021<\/li>\n<li>Budget p\u00e5 3,08 mio.<\/li>\n<li>Finansieret af Interreg Baltic Sea Region (BSR) Programme 2014-2020<\/li>\n<li>Et hovedprojekt i EU&#8217;s strategi for \u00d8sters\u00f8regionen (EUSBSR)<\/li>\n<li>14 partnere fra lande omkring \u00d8sters\u00f8en<\/li>\n<\/ul>\n<p>&nbsp;<\/p>\n<p>F\u00e5 mere at vide p\u00e5 <a href=\"http:\/\/creativeports.eu\" target=\"_blank\" rel=\"noopener\">creativeports.eu<\/a><\/p>\n<p>&nbsp;<\/p>\n<p>&nbsp;<\/p>\n<p>&nbsp;<\/p>\n<p>&nbsp;<\/p>\n<p><img loading=\"lazy\" decoding=\"async\" class=\"alignnone wp-image-16884\" src=\"https:\/\/www.danishculture.com\/wp-content\/uploads\/2021\/06\/111.png\" alt=\"\" width=\"716\" height=\"344\" srcset=\"https:\/\/www.danishculture.com\/wp-content\/uploads\/2021\/06\/111.png 1569w, https:\/\/www.danishculture.com\/wp-content\/uploads\/2021\/06\/111-300x144.png 300w, https:\/\/www.danishculture.com\/wp-content\/uploads\/2021\/06\/111-768x369.png 768w, https:\/\/www.danishculture.com\/wp-content\/uploads\/2021\/06\/111-1024x492.png 1024w, https:\/\/www.danishculture.com\/wp-content\/uploads\/2021\/06\/111-308x148.png 308w, https:\/\/www.danishculture.com\/wp-content\/uploads\/2021\/06\/111-214x103.png 214w, https:\/\/www.danishculture.com\/wp-content\/uploads\/2021\/06\/111-1388x667.png 1388w, https:\/\/www.danishculture.com\/wp-content\/uploads\/2021\/06\/111-213x102.png 213w\" sizes=\"auto, (max-width: 716px) 100vw, 716px\" \/><\/p>\n<p>&nbsp;<\/p>\n","protected":false},"excerpt":{"rendered":"<p>&nbsp; &nbsp; I efter\u00e5ret 2021 sluttede projektet Creative Ports efter tre inspirerende og udfordrende \u00e5r. &nbsp; Creative Ports-projektet fokuserede p\u00e5 at fremme og forbedre samarbejdet mellem de kulturelle og kreative industrier (CCI) i \u00d8sters\u00f8regionen. Dansk Kulturinstitut iEstland, Letland og Litauen var en af 14 partnere og bidrog med to n\u00f8gleaktiviteter: &nbsp; I alle tre \u00e5r [&hellip;]<\/p>\n","protected":false},"author":3,"featured_media":0,"parent":0,"menu_order":17,"comment_status":"closed","ping_status":"closed","template":"templates\/template-whatwedo.php","meta":{"_acf_changed":false,"footnotes":""},"class_list":["post-16874","page","type-page","status-publish","hentry"],"acf":[],"yoast_head":"<!-- This site is optimized with the Yoast SEO plugin v23.9 - https:\/\/yoast.com\/wordpress\/plugins\/seo\/ -->\n<title>Creative Ports | Danish Cultural Institute | Dansk Kulturinstitut<\/title>\n<meta name=\"description\" content=\"Dansk Kulturinstitut er partner i projektet Creative Ports samarbejder mellem akt\u00f8rer i de kulturelle og kreative industrier i \u00d8sters\u00f8regionen.\" \/>\n<meta name=\"robots\" content=\"index, follow, max-snippet:-1, max-image-preview:large, max-video-preview:-1\" \/>\n<link rel=\"canonical\" href=\"https:\/\/www.danishculture.com\/da\/creative-ports\/\" \/>\n<meta property=\"og:locale\" content=\"da_DK\" \/>\n<meta property=\"og:type\" content=\"article\" \/>\n<meta property=\"og:title\" content=\"Creative Ports | Danish Cultural Institute | Dansk Kulturinstitut\" \/>\n<meta property=\"og:description\" content=\"Dansk Kulturinstitut er partner i projektet Creative Ports samarbejder mellem akt\u00f8rer i de kulturelle og kreative industrier i \u00d8sters\u00f8regionen.\" \/>\n<meta property=\"og:url\" content=\"https:\/\/www.danishculture.com\/da\/creative-ports\/\" \/>\n<meta property=\"article:modified_time\" content=\"2023-03-02T17:29:42+00:00\" \/>\n<meta property=\"og:image\" content=\"https:\/\/www.danishculture.com\/wp-content\/uploads\/2021\/06\/www.png\" \/>\n\t<meta property=\"og:image:width\" content=\"935\" \/>\n\t<meta property=\"og:image:height\" content=\"121\" \/>\n\t<meta property=\"og:image:type\" content=\"image\/png\" \/>\n<meta name=\"twitter:card\" content=\"summary_large_image\" \/>\n<meta name=\"twitter:label1\" content=\"Estimeret l\u00e6setid\" \/>\n\t<meta name=\"twitter:data1\" content=\"6 minutes\" \/>\n<script type=\"application\/ld+json\" class=\"yoast-schema-graph\">{\"@context\":\"https:\/\/schema.org\",\"@graph\":[{\"@type\":\"WebPage\",\"@id\":\"https:\/\/www.danishculture.com\/da\/creative-ports\/\",\"url\":\"https:\/\/www.danishculture.com\/da\/creative-ports\/\",\"name\":\"Creative Ports | Danish Cultural Institute | Dansk Kulturinstitut\",\"isPartOf\":{\"@id\":\"https:\/\/www.danishculture.com\/#website\"},\"primaryImageOfPage\":{\"@id\":\"https:\/\/www.danishculture.com\/da\/creative-ports\/#primaryimage\"},\"image\":{\"@id\":\"https:\/\/www.danishculture.com\/da\/creative-ports\/#primaryimage\"},\"thumbnailUrl\":\"https:\/\/www.danishculture.com\/wp-content\/uploads\/2021\/06\/www.png\",\"datePublished\":\"2021-06-16T09:34:06+00:00\",\"dateModified\":\"2023-03-02T17:29:42+00:00\",\"description\":\"Dansk Kulturinstitut er partner i projektet Creative Ports samarbejder mellem akt\u00f8rer i de kulturelle og kreative industrier i \u00d8sters\u00f8regionen.\",\"breadcrumb\":{\"@id\":\"https:\/\/www.danishculture.com\/da\/creative-ports\/#breadcrumb\"},\"inLanguage\":\"da-DK\",\"potentialAction\":[{\"@type\":\"ReadAction\",\"target\":[\"https:\/\/www.danishculture.com\/da\/creative-ports\/\"]}]},{\"@type\":\"ImageObject\",\"inLanguage\":\"da-DK\",\"@id\":\"https:\/\/www.danishculture.com\/da\/creative-ports\/#primaryimage\",\"url\":\"https:\/\/www.danishculture.com\/wp-content\/uploads\/2021\/06\/www.png\",\"contentUrl\":\"https:\/\/www.danishculture.com\/wp-content\/uploads\/2021\/06\/www.png\"},{\"@type\":\"BreadcrumbList\",\"@id\":\"https:\/\/www.danishculture.com\/da\/creative-ports\/#breadcrumb\",\"itemListElement\":[{\"@type\":\"ListItem\",\"position\":1,\"name\":\"Home\",\"item\":\"https:\/\/www.danishculture.com\/da\/\"},{\"@type\":\"ListItem\",\"position\":2,\"name\":\"Creative Ports\"}]},{\"@type\":\"WebSite\",\"@id\":\"https:\/\/www.danishculture.com\/#website\",\"url\":\"https:\/\/www.danishculture.com\/\",\"name\":\"\",\"description\":\"Vi arbejder for at skabe forst\u00e5else for dansk og international kultur\",\"potentialAction\":[{\"@type\":\"SearchAction\",\"target\":{\"@type\":\"EntryPoint\",\"urlTemplate\":\"https:\/\/www.danishculture.com\/?s={search_term_string}\"},\"query-input\":{\"@type\":\"PropertyValueSpecification\",\"valueRequired\":true,\"valueName\":\"search_term_string\"}}],\"inLanguage\":\"da-DK\"}]}<\/script>\n<!-- \/ Yoast SEO plugin. -->","yoast_head_json":{"title":"Creative Ports | Danish Cultural Institute | Dansk Kulturinstitut","description":"Dansk Kulturinstitut er partner i projektet Creative Ports samarbejder mellem akt\u00f8rer i de kulturelle og kreative industrier i \u00d8sters\u00f8regionen.","robots":{"index":"index","follow":"follow","max-snippet":"max-snippet:-1","max-image-preview":"max-image-preview:large","max-video-preview":"max-video-preview:-1"},"canonical":"https:\/\/www.danishculture.com\/da\/creative-ports\/","og_locale":"da_DK","og_type":"article","og_title":"Creative Ports | Danish Cultural Institute | Dansk Kulturinstitut","og_description":"Dansk Kulturinstitut er partner i projektet Creative Ports samarbejder mellem akt\u00f8rer i de kulturelle og kreative industrier i \u00d8sters\u00f8regionen.","og_url":"https:\/\/www.danishculture.com\/da\/creative-ports\/","article_modified_time":"2023-03-02T17:29:42+00:00","og_image":[{"width":935,"height":121,"url":"https:\/\/www.danishculture.com\/wp-content\/uploads\/2021\/06\/www.png","type":"image\/png"}],"twitter_card":"summary_large_image","twitter_misc":{"Estimeret l\u00e6setid":"6 minutes"},"schema":{"@context":"https:\/\/schema.org","@graph":[{"@type":"WebPage","@id":"https:\/\/www.danishculture.com\/da\/creative-ports\/","url":"https:\/\/www.danishculture.com\/da\/creative-ports\/","name":"Creative Ports | Danish Cultural Institute | Dansk Kulturinstitut","isPartOf":{"@id":"https:\/\/www.danishculture.com\/#website"},"primaryImageOfPage":{"@id":"https:\/\/www.danishculture.com\/da\/creative-ports\/#primaryimage"},"image":{"@id":"https:\/\/www.danishculture.com\/da\/creative-ports\/#primaryimage"},"thumbnailUrl":"https:\/\/www.danishculture.com\/wp-content\/uploads\/2021\/06\/www.png","datePublished":"2021-06-16T09:34:06+00:00","dateModified":"2023-03-02T17:29:42+00:00","description":"Dansk Kulturinstitut er partner i projektet Creative Ports samarbejder mellem akt\u00f8rer i de kulturelle og kreative industrier i \u00d8sters\u00f8regionen.","breadcrumb":{"@id":"https:\/\/www.danishculture.com\/da\/creative-ports\/#breadcrumb"},"inLanguage":"da-DK","potentialAction":[{"@type":"ReadAction","target":["https:\/\/www.danishculture.com\/da\/creative-ports\/"]}]},{"@type":"ImageObject","inLanguage":"da-DK","@id":"https:\/\/www.danishculture.com\/da\/creative-ports\/#primaryimage","url":"https:\/\/www.danishculture.com\/wp-content\/uploads\/2021\/06\/www.png","contentUrl":"https:\/\/www.danishculture.com\/wp-content\/uploads\/2021\/06\/www.png"},{"@type":"BreadcrumbList","@id":"https:\/\/www.danishculture.com\/da\/creative-ports\/#breadcrumb","itemListElement":[{"@type":"ListItem","position":1,"name":"Home","item":"https:\/\/www.danishculture.com\/da\/"},{"@type":"ListItem","position":2,"name":"Creative Ports"}]},{"@type":"WebSite","@id":"https:\/\/www.danishculture.com\/#website","url":"https:\/\/www.danishculture.com\/","name":"","description":"Vi arbejder for at skabe forst\u00e5else for dansk og international kultur","potentialAction":[{"@type":"SearchAction","target":{"@type":"EntryPoint","urlTemplate":"https:\/\/www.danishculture.com\/?s={search_term_string}"},"query-input":{"@type":"PropertyValueSpecification","valueRequired":true,"valueName":"search_term_string"}}],"inLanguage":"da-DK"}]}},"_links":{"self":[{"href":"https:\/\/www.danishculture.com\/da\/wp-json\/wp\/v2\/pages\/16874","targetHints":{"allow":["GET"]}}],"collection":[{"href":"https:\/\/www.danishculture.com\/da\/wp-json\/wp\/v2\/pages"}],"about":[{"href":"https:\/\/www.danishculture.com\/da\/wp-json\/wp\/v2\/types\/page"}],"author":[{"embeddable":true,"href":"https:\/\/www.danishculture.com\/da\/wp-json\/wp\/v2\/users\/3"}],"replies":[{"embeddable":true,"href":"https:\/\/www.danishculture.com\/da\/wp-json\/wp\/v2\/comments?post=16874"}],"version-history":[{"count":9,"href":"https:\/\/www.danishculture.com\/da\/wp-json\/wp\/v2\/pages\/16874\/revisions"}],"predecessor-version":[{"id":18219,"href":"https:\/\/www.danishculture.com\/da\/wp-json\/wp\/v2\/pages\/16874\/revisions\/18219"}],"wp:attachment":[{"href":"https:\/\/www.danishculture.com\/da\/wp-json\/wp\/v2\/media?parent=16874"}],"curies":[{"name":"wp","href":"https:\/\/api.w.org\/{rel}","templated":true}]}}