{"id":16857,"date":"2021-06-07T11:52:09","date_gmt":"2021-06-07T11:52:09","guid":{"rendered":"https:\/\/www.danishculture.com\/?page_id=16857"},"modified":"2023-09-20T13:30:16","modified_gmt":"2023-09-20T12:30:16","slug":"eunic","status":"publish","type":"page","link":"https:\/\/www.danishculture.com\/da\/vores-arbejde\/eunic\/","title":{"rendered":"EUNIC"},"content":{"rendered":"<h4><strong>Dansk Kulturinstitut er medlem af EUNIC<\/strong><\/h4>\n<p><em>EUNIC &#8211; European Union National Institutes for Culture &#8211; er det europ\u00e6iske netv\u00e6rk af organisationer, der arbejder med at skabe relationer gennem kultur. Sammen med partnere bliver det europ\u00e6isk kultursamarbejde bragt til live i mere end 100 lande verden over med et netv\u00e6rk af 132 klynger, der tr\u00e6kker p\u00e5 den store og brede erfaring medlemmerne fra alle EU-medlemsstaterne og samarbejdslandene har.<\/em><em>\u00a0<\/em><\/p>\n<p>&nbsp;<\/p>\n<p>EUNIC er fortaler for, at kultur f\u00e5r en fremtr\u00e6dende rolle i internationale sammenh\u00e6nge. EUNIC er EU\u2019s strategiske partner og aktiv involveret i den videre definition af europ\u00e6isk kulturpolitik. Derudover er EUNIC en platform for vidensdeling og kapacitetsopbygning blandt b\u00e5de medlemmer og partnere.<\/p>\n<p>&nbsp;<\/p>\n<p>EUNIC er et af 28 europ\u00e6iske netv\u00e6rker, som er st\u00f8ttet af EU\u2019s Creative Europe-program.<\/p>\n<p><em>\u00a0<\/em><\/p>\n<p>EUNIC\u2019s arbejde er baseret p\u00e5 principperne for kulturelle relationer: Vi sigter mod at opbygge gode partnerskaber ved at lytte, l\u00e6re og deltage i dialoger, samskabelser og f\u00e6lles kapacitetsopbygning.<\/p>\n<p>&nbsp;<\/p>\n<p>Vi arbejder med et bredt kulturbegreb, som omfatter kunst, de kreative industrier, udviklingssamarbejde, digitalisering, uddannelse, k\u00f8n, arv, menneskerettigheder, sprog, flersproghed, social inklusion, sport, b\u00e6redygtighed, turisme, unge m.fl.<\/p>\n<h5><strong>Form\u00e5let med EUNIC er\u2026<\/strong><\/h5>\n<ul>\n<li>At samarbejde<\/li>\n<li>At fremme kulturel mangfoldighed og forst\u00e5else<\/li>\n<li>At styrke international dialog og kultursamarbejde<\/li>\n<li>At v\u00e6re en partner i EU for at definere og gennemf\u00f8re EU\u2019s kulturpolitik<\/li>\n<li>At v\u00e6re fork\u00e6mper for, at kulturelle relationer har v\u00e6rdi \u2013 og som heraf argumentere for en st\u00e6rk og uafh\u00e6ngig stemme for kultursektoren<\/li>\n<li>At udf\u00f8re forskning og dele \u201dbest practices\u201d<\/li>\n<\/ul>\n<h5><strong>Creative Europe<\/strong><\/h5>\n<p>EUNIC er en af 28 europ\u00e6iske netv\u00e6rk, der er st\u00f8tter af EU\u2019s Creative Europe-program. EUNIC har modtaget st\u00f8tte herfra siden 2014.<\/p>\n<h5><strong>\u2019Clusters\u2019 og medlemmer<\/strong><\/h5>\n<p>EUNIC-medlemmerne er inddelt i 132 s\u00e5kaldte \u2019clusters\u2019 (klynger) i 102 lande spredt over hele verden. De er EUNIC-netv\u00e6rkets lokale afdelinger de steder, hvor der er mindst tre EUNIC-medlemsorganisationer til stede. Her deltager de i kultursamarbejder og relationer, hvor de skaber aktiviteter med partnerorganisationer. <a href=\"https:\/\/eunic.eu\/map\">Dette kort giver et overblik over, hvor EUNIC er til stede.<\/a><\/p>\n<p>&nbsp;<\/p>\n<p>EUNIC-medlemmerne deltager i kulturelle aktiviteter, og aktiviteter, som er relateret hertil, der afvikles udenfor deres egne landegr\u00e6nser. De er nationale kulturinstitutter eller andre organisationer, der handler for eller p\u00e5 vegne af en national enhed, der er i EU\u2019s medlemslande. EUNIC forener ogs\u00e5 kulturinstitutioner, der arbejder med en armsl\u00e6ngde afstand fra regeringer, med nationale organer og ministerier.<\/p>\n<p>&nbsp;<\/p>\n<p>EUNIC har i \u00f8jeblikket 38 medlemmer med base i EU-medlems- og samarbejdslande.<\/p>\n<p>&nbsp;<\/p>\n<p>Dansk Kulturinstitut er det eneste medlem, der repr\u00e6senterer Danmark.<\/p>\n<p>&nbsp;<\/p>\n<p>Dansk Kulturinstitut f\u00e5r som medlem af EUNIC adgang til et k\u00e6mpe netv\u00e6rk af kulturelle akt\u00f8rer, der arbejder ud fra de samme principper som os. Det kan for eksempel v\u00e6re kultur og b\u00e6redygtighed eller kultur og social retf\u00e6rdighed. De 102 clustre \u00e5bner op for mulige samarbejdspartnere, s\u00e5 vi kan n\u00e5 l\u00e6ngere ud i verden, og vi har bl.a. arbejdet med andre EUNIC-medlemmer om projektet Creative Ports.<\/p>\n<h5><strong>Dansk Kulturinstituts projekter med EUNIC<\/strong><\/h5>\n<p>Inden for EUNIC er vi involveret i forskelligartede projekter bl.a. som lead partner, st\u00f8ttepartner eller medlem af styregrupper.<\/p>\n<p>&nbsp;<\/p>\n<p>Lige nu er vi lead partner i projektet \u201dPolitics of Nature\u201d indenfor European Spaces of Culture. Projektet er forankret i Brasilien.<\/p>\n<p>&nbsp;<\/p>\n<p><em>P\u00e5 grund af Brasiliens globale betydning for klimaet som verdens mest biodiverse og femte st\u00f8rste land, er der et presserende behov for at styrke akt\u00f8rerne og engagementet i klimasagen blandt brasilianske unge. I et stort samarbejde med brasilianske ungdoms klimabev\u00e6gelser, institutioner, NGO&#8217;er og to UNESCO Creative Cities, vil dette projekt engagere og forbinde brasilianske unge p\u00e5 tv\u00e6rs af sociale gr\u00e6nser inden for klima- og b\u00e6redygtighedsagen samt forbinde brasilianske og europ\u00e6iske unge ved at udvikle, sprede og aktivere en digital version af spillet Politics of Nature, PoN, til smartphones og tablets.<\/em><\/p>\n<p>&nbsp;<\/p>\n<p>European Spaces of Culture afpr\u00f8ver og unders\u00f8ger innovative samarbejdsmodeller inden for kulturelt samarbejde mellem europ\u00e6iske og lokale partnerorganisationer i lande uden for EU. I centrum af European Spaces of Culture er en m\u00e5de at t\u00e6nke dialog p\u00e5, hvor lighed, at lytte til og l\u00e6re af hinanden repr\u00e6senterer de kernev\u00e6rdier, der hj\u00e6lper med at opbygge tillid og forst\u00e5else mellem mennesker.<\/p>\n<p>&nbsp;<\/p>\n<p>&nbsp;<\/p>\n<p><em>Det meste af ovenst\u00e5ende tekst er oversat fra <\/em><a href=\"https:\/\/www.eunicglobal.eu\/\"><em>EUNIC&#8217;s hjemmeside<\/em><\/a><em>.<\/em><\/p>\n<p>&nbsp;<\/p>\n<p><iframe loading=\"lazy\" title=\"YouTube video player\" src=\"https:\/\/www.youtube.com\/embed\/2DFlkJGmJaI?si=u6EyLozOEGKwypiy\" width=\"560\" height=\"315\" frameborder=\"0\" allowfullscreen=\"allowfullscreen\"><\/iframe><\/p>\n","protected":false},"excerpt":{"rendered":"<p>Dansk Kulturinstitut er medlem af EUNIC EUNIC &#8211; European Union National Institutes for Culture &#8211; er det europ\u00e6iske netv\u00e6rk af organisationer, der arbejder med at skabe relationer gennem kultur. Sammen med partnere bliver det europ\u00e6isk kultursamarbejde bragt til live i mere end 100 lande verden over med et netv\u00e6rk af 132 klynger, der tr\u00e6kker p\u00e5 [&hellip;]<\/p>\n","protected":false},"author":3,"featured_media":0,"parent":275,"menu_order":0,"comment_status":"closed","ping_status":"closed","template":"templates\/template-whatwedo.php","meta":{"_acf_changed":false,"footnotes":""},"class_list":["post-16857","page","type-page","status-publish","hentry"],"acf":[],"yoast_head":"<!-- This site is optimized with the Yoast SEO plugin v23.9 - https:\/\/yoast.com\/wordpress\/plugins\/seo\/ -->\n<title>Dansk Kulturinstitut er medlem af EUNIC | Danish Cultural Institute<\/title>\n<meta name=\"description\" content=\"Dansk Kulturinstitut er medlem af EUNIC. EUNIC arbejder med kunst, sprog, uddannelse, unge, videnskab, interkulturel dialog og udvikling.\" \/>\n<meta name=\"robots\" content=\"index, follow, max-snippet:-1, max-image-preview:large, max-video-preview:-1\" \/>\n<link rel=\"canonical\" href=\"https:\/\/www.danishculture.com\/da\/vores-arbejde\/eunic\/\" \/>\n<meta property=\"og:locale\" content=\"da_DK\" \/>\n<meta property=\"og:type\" content=\"article\" \/>\n<meta property=\"og:title\" content=\"Dansk Kulturinstitut er medlem af EUNIC | Danish Cultural Institute\" \/>\n<meta property=\"og:description\" content=\"Dansk Kulturinstitut er medlem af EUNIC. EUNIC arbejder med kunst, sprog, uddannelse, unge, videnskab, interkulturel dialog og udvikling.\" \/>\n<meta property=\"og:url\" content=\"https:\/\/www.danishculture.com\/da\/vores-arbejde\/eunic\/\" \/>\n<meta property=\"article:modified_time\" content=\"2023-09-20T12:30:16+00:00\" \/>\n<meta name=\"twitter:card\" content=\"summary_large_image\" \/>\n<meta name=\"twitter:label1\" content=\"Estimeret l\u00e6setid\" \/>\n\t<meta name=\"twitter:data1\" content=\"4 minutes\" \/>\n<script type=\"application\/ld+json\" class=\"yoast-schema-graph\">{\"@context\":\"https:\/\/schema.org\",\"@graph\":[{\"@type\":\"WebPage\",\"@id\":\"https:\/\/www.danishculture.com\/da\/vores-arbejde\/eunic\/\",\"url\":\"https:\/\/www.danishculture.com\/da\/vores-arbejde\/eunic\/\",\"name\":\"Dansk Kulturinstitut er medlem af EUNIC | Danish Cultural Institute\",\"isPartOf\":{\"@id\":\"https:\/\/www.danishculture.com\/#website\"},\"datePublished\":\"2021-06-07T11:52:09+00:00\",\"dateModified\":\"2023-09-20T12:30:16+00:00\",\"description\":\"Dansk Kulturinstitut er medlem af EUNIC. EUNIC arbejder med kunst, sprog, uddannelse, unge, videnskab, interkulturel dialog og udvikling.\",\"breadcrumb\":{\"@id\":\"https:\/\/www.danishculture.com\/da\/vores-arbejde\/eunic\/#breadcrumb\"},\"inLanguage\":\"da-DK\",\"potentialAction\":[{\"@type\":\"ReadAction\",\"target\":[\"https:\/\/www.danishculture.com\/da\/vores-arbejde\/eunic\/\"]}]},{\"@type\":\"BreadcrumbList\",\"@id\":\"https:\/\/www.danishculture.com\/da\/vores-arbejde\/eunic\/#breadcrumb\",\"itemListElement\":[{\"@type\":\"ListItem\",\"position\":1,\"name\":\"Home\",\"item\":\"https:\/\/www.danishculture.com\/da\/\"},{\"@type\":\"ListItem\",\"position\":2,\"name\":\"Vores arbejde\",\"item\":\"https:\/\/www.danishculture.com\/da\/vores-arbejde\/\"},{\"@type\":\"ListItem\",\"position\":3,\"name\":\"EUNIC\"}]},{\"@type\":\"WebSite\",\"@id\":\"https:\/\/www.danishculture.com\/#website\",\"url\":\"https:\/\/www.danishculture.com\/\",\"name\":\"\",\"description\":\"Vi arbejder for at skabe forst\u00e5else for dansk og international kultur\",\"potentialAction\":[{\"@type\":\"SearchAction\",\"target\":{\"@type\":\"EntryPoint\",\"urlTemplate\":\"https:\/\/www.danishculture.com\/?s={search_term_string}\"},\"query-input\":{\"@type\":\"PropertyValueSpecification\",\"valueRequired\":true,\"valueName\":\"search_term_string\"}}],\"inLanguage\":\"da-DK\"}]}<\/script>\n<!-- \/ Yoast SEO plugin. -->","yoast_head_json":{"title":"Dansk Kulturinstitut er medlem af EUNIC | Danish Cultural Institute","description":"Dansk Kulturinstitut er medlem af EUNIC. EUNIC arbejder med kunst, sprog, uddannelse, unge, videnskab, interkulturel dialog og udvikling.","robots":{"index":"index","follow":"follow","max-snippet":"max-snippet:-1","max-image-preview":"max-image-preview:large","max-video-preview":"max-video-preview:-1"},"canonical":"https:\/\/www.danishculture.com\/da\/vores-arbejde\/eunic\/","og_locale":"da_DK","og_type":"article","og_title":"Dansk Kulturinstitut er medlem af EUNIC | Danish Cultural Institute","og_description":"Dansk Kulturinstitut er medlem af EUNIC. EUNIC arbejder med kunst, sprog, uddannelse, unge, videnskab, interkulturel dialog og udvikling.","og_url":"https:\/\/www.danishculture.com\/da\/vores-arbejde\/eunic\/","article_modified_time":"2023-09-20T12:30:16+00:00","twitter_card":"summary_large_image","twitter_misc":{"Estimeret l\u00e6setid":"4 minutes"},"schema":{"@context":"https:\/\/schema.org","@graph":[{"@type":"WebPage","@id":"https:\/\/www.danishculture.com\/da\/vores-arbejde\/eunic\/","url":"https:\/\/www.danishculture.com\/da\/vores-arbejde\/eunic\/","name":"Dansk Kulturinstitut er medlem af EUNIC | Danish Cultural Institute","isPartOf":{"@id":"https:\/\/www.danishculture.com\/#website"},"datePublished":"2021-06-07T11:52:09+00:00","dateModified":"2023-09-20T12:30:16+00:00","description":"Dansk Kulturinstitut er medlem af EUNIC. EUNIC arbejder med kunst, sprog, uddannelse, unge, videnskab, interkulturel dialog og udvikling.","breadcrumb":{"@id":"https:\/\/www.danishculture.com\/da\/vores-arbejde\/eunic\/#breadcrumb"},"inLanguage":"da-DK","potentialAction":[{"@type":"ReadAction","target":["https:\/\/www.danishculture.com\/da\/vores-arbejde\/eunic\/"]}]},{"@type":"BreadcrumbList","@id":"https:\/\/www.danishculture.com\/da\/vores-arbejde\/eunic\/#breadcrumb","itemListElement":[{"@type":"ListItem","position":1,"name":"Home","item":"https:\/\/www.danishculture.com\/da\/"},{"@type":"ListItem","position":2,"name":"Vores arbejde","item":"https:\/\/www.danishculture.com\/da\/vores-arbejde\/"},{"@type":"ListItem","position":3,"name":"EUNIC"}]},{"@type":"WebSite","@id":"https:\/\/www.danishculture.com\/#website","url":"https:\/\/www.danishculture.com\/","name":"","description":"Vi arbejder for at skabe forst\u00e5else for dansk og international kultur","potentialAction":[{"@type":"SearchAction","target":{"@type":"EntryPoint","urlTemplate":"https:\/\/www.danishculture.com\/?s={search_term_string}"},"query-input":{"@type":"PropertyValueSpecification","valueRequired":true,"valueName":"search_term_string"}}],"inLanguage":"da-DK"}]}},"_links":{"self":[{"href":"https:\/\/www.danishculture.com\/da\/wp-json\/wp\/v2\/pages\/16857","targetHints":{"allow":["GET"]}}],"collection":[{"href":"https:\/\/www.danishculture.com\/da\/wp-json\/wp\/v2\/pages"}],"about":[{"href":"https:\/\/www.danishculture.com\/da\/wp-json\/wp\/v2\/types\/page"}],"author":[{"embeddable":true,"href":"https:\/\/www.danishculture.com\/da\/wp-json\/wp\/v2\/users\/3"}],"replies":[{"embeddable":true,"href":"https:\/\/www.danishculture.com\/da\/wp-json\/wp\/v2\/comments?post=16857"}],"version-history":[{"count":13,"href":"https:\/\/www.danishculture.com\/da\/wp-json\/wp\/v2\/pages\/16857\/revisions"}],"predecessor-version":[{"id":21938,"href":"https:\/\/www.danishculture.com\/da\/wp-json\/wp\/v2\/pages\/16857\/revisions\/21938"}],"up":[{"embeddable":true,"href":"https:\/\/www.danishculture.com\/da\/wp-json\/wp\/v2\/pages\/275"}],"wp:attachment":[{"href":"https:\/\/www.danishculture.com\/da\/wp-json\/wp\/v2\/media?parent=16857"}],"curies":[{"name":"wp","href":"https:\/\/api.w.org\/{rel}","templated":true}]}}