{"id":15059,"date":"2020-05-04T10:05:38","date_gmt":"2020-05-04T10:05:38","guid":{"rendered":"https:\/\/www.danishculture.com\/?page_id=15059"},"modified":"2026-01-07T10:25:24","modified_gmt":"2026-01-07T09:25:24","slug":"repraesentantskabet","status":"publish","type":"page","link":"https:\/\/www.danishculture.com\/da\/repraesentantskabet\/","title":{"rendered":"Repr\u00e6sentantskabet"},"content":{"rendered":"<h4>Repr\u00e6sentantskabet<\/h4>\n<p>Instituttets \u00f8verste myndighed er repr\u00e6sentantskabet, som kan have op til 60 medlemmer. Repr\u00e6sentantskabet best\u00e5r af en r\u00e6kke personer udpeget af institutioner og politiske partier. Desuden en r\u00e6kke personlige medlemmer. Repr\u00e6sentantskabet v\u00e6lger bestyrelsen.<\/p>\n<h5>Institutioner<\/h5>\n<p>Akademiet for de Sk\u00f8nne Kunster \/ Claus Peder Pedersen<br \/>\nDansk Arkitektur Center \/ Kent Martinussen<br \/>\nDansk Design Center \/ Martin Delfer<br \/>\nDansk Folkeoplysnings Samr\u00e5d \/ Per Paludan Hansen<br \/>\nDansk Forfatterforening \/ Sanne Udsen<br \/>\nDansk Kunstnerr\u00e5d \/ S\u00f8ren Bang Jensen<br \/>\nDanske Kunsth\u00e5ndv\u00e6rkere &amp; Designere \/ Pernille Anker Kristensen<br \/>\nDanske Sk\u00f8nlitter\u00e6re Forfattere \/ Charlotte Inuk<br \/>\nDet Danske Filminstitut \/ Tine Fischer<br \/>\nDet Kongelige Bibliotek \/ Pernille Sch\u00fctz<br \/>\nDet Kongelige Danske Musikkonservatorium \/ Marianne L\u00f8kke Jakobsen<br \/>\nDet Kongelige Teater \/ Annette Berner<br \/>\nFolmer Wisti Fonden for International Forst\u00e5else \/ Lise Bach Hansen<br \/>\nFolkeh\u00f8jskolernes Forening i Danmark \/ Nelima Lassen<br \/>\nGrundtvig Centeret \/\u00a0Katrine Fr\u00f8kj\u00e6r Baunvig<br \/>\nKommunernes Landsforening \/ Stine Johansen<br \/>\nKulturelle Samr\u00e5d i Danmark \/ Erik Vigs\u00f8<br \/>\nNationalmuseet \/ Lars H\u00f8jer<br \/>\nStatens Museum for Kunst \/ Astrid la Cour<br \/>\nUdenrigsministeriet \/ NN<br \/>\nVisitDenmark \/ Flemming Bruhn<\/p>\n<h5>De politiske partier<\/h5>\n<p>Alternativet \/\u00a0 Sascha Faxe<\/p>\n<p>Borgernes Parti \/ NN<\/p>\n<p>Danmarksdemokraterne \/\u00a0Benny Bindslev<\/p>\n<p>Dansk Folkeparti \/\u00a0Merete Dea Larsen<\/p>\n<p>Det Konservative Folkeparti \/ Tove Videb\u00e6k<\/p>\n<p>Enhedslisten \/ Pia Weise Pedersen<\/p>\n<p>Liberal Alliance \/ NN<\/p>\n<p>Moderaterne \/ Lean Milo<\/p>\n<p>Radikale Venstre \/ S\u00f8ren Burcharth<\/p>\n<p>Socialdemokratiet \/ Mogens Jensen<\/p>\n<p>Socialistisk Folkeparti \/ Maria Frej<\/p>\n<p>Venstre \/ Flemming Damgaard Larsen<\/p>\n<h5>Personlige medlemmer<\/h5>\n<p>Bestyrelsesformand Carsten Haurum (forperson, DKI)<\/p>\n<p>Bestyrelsesformand Christen Winther Obel<\/p>\n<p>Bestyrelsesformand Erik Jacobsen<\/p>\n<p>Direkt\u00f8r og fhv. hofmarskal Michael Ehrenreich<\/p>\n<p>Direkt\u00f8r Rikke \u00d8xner<\/p>\n<p>Fhv. direkt\u00f8r Birgitte Nauntofte<\/p>\n<p>Fhv. direkt\u00f8r Carsten U. Larsen<\/p>\n<p>Generalsekret\u00e6r Anders Ladekarl<\/p>\n<p>Kunstner Kirstine Roepstorff<\/p>\n<p>Politiker Flemming M\u00f8ller Mortensen (n\u00e6stforperson, DKI)<\/p>\n<p>Professor Maria Fabricius Hansen<\/p>\n<p>Professor Martin Marcussen<\/p>\n<p>Rektor Carsten Fenger-Gr\u00f8ndahl<\/p>\n<p>Rektor Sanne Kofod Olsen<\/p>\n<p>&nbsp;<\/p>\n<h5>Medarbejdervalgte medlemmer<\/h5>\n<p>Henriette Borg Reinholdt, regional chef, EU&#8217;s \u00f8stlige nabolande<br \/>\nOlaf Gerlach-Hansen, strategisk r\u00e5dgiver, hovedkontoret i K\u00f8benhavn<\/p>\n<p>&nbsp;<\/p>\n<h5>Vil du vide mere?<\/h5>\n<p>Er du interesseret i at vide mere om Dansk Kulturinstituts internationale kulturprojekter og aktiviteter, s\u00e5 kan du l\u00e6se mere\u00a0<a href=\"https:\/\/www.danishculture.com\/da\/vores-arbejde\/\" target=\"_blank\" rel=\"noopener\">her<\/a>.<\/p>\n<p>Hvert \u00e5r udgiver Dansk Kulturinstitut \u00e5rsrapporter og -beretninger, og dem kan du finde\u00a0<a href=\"https:\/\/www.danishculture.com\/da\/aarsrapporter\/\" target=\"_blank\" rel=\"noopener\">her<\/a>.<\/p>\n","protected":false},"excerpt":{"rendered":"<p>Repr\u00e6sentantskabet Instituttets \u00f8verste myndighed er repr\u00e6sentantskabet, som kan have op til 60 medlemmer. Repr\u00e6sentantskabet best\u00e5r af en r\u00e6kke personer udpeget af institutioner og politiske partier. Desuden en r\u00e6kke personlige medlemmer. Repr\u00e6sentantskabet v\u00e6lger bestyrelsen. Institutioner Akademiet for de Sk\u00f8nne Kunster \/ Claus Peder Pedersen Dansk Arkitektur Center \/ Kent Martinussen Dansk Design Center \/ Martin Delfer [&hellip;]<\/p>\n","protected":false},"author":3,"featured_media":0,"parent":0,"menu_order":7,"comment_status":"closed","ping_status":"closed","template":"","meta":{"_acf_changed":false,"footnotes":""},"class_list":["post-15059","page","type-page","status-publish","hentry"],"acf":[],"yoast_head":"<!-- This site is optimized with the Yoast SEO plugin v23.9 - https:\/\/yoast.com\/wordpress\/plugins\/seo\/ -->\n<title>Repr\u00e6sentantskabet | Dansk Kulturinstitut | Danish Cultural Institute<\/title>\n<meta name=\"description\" content=\"Repr\u00e6sentantskabet best\u00e5r af en r\u00e6kke personer udpeget af institutioner og politiske partier. Desuden en r\u00e6kke personlige medlemmer.\" \/>\n<meta name=\"robots\" content=\"index, follow, max-snippet:-1, max-image-preview:large, max-video-preview:-1\" \/>\n<link rel=\"canonical\" href=\"https:\/\/www.danishculture.com\/da\/repraesentantskabet\/\" \/>\n<meta property=\"og:locale\" content=\"da_DK\" \/>\n<meta property=\"og:type\" content=\"article\" \/>\n<meta property=\"og:title\" content=\"Repr\u00e6sentantskabet | Dansk Kulturinstitut | Danish Cultural Institute\" \/>\n<meta property=\"og:description\" content=\"Repr\u00e6sentantskabet best\u00e5r af en r\u00e6kke personer udpeget af institutioner og politiske partier. Desuden en r\u00e6kke personlige medlemmer.\" \/>\n<meta property=\"og:url\" content=\"https:\/\/www.danishculture.com\/da\/repraesentantskabet\/\" \/>\n<meta property=\"article:modified_time\" content=\"2026-01-07T09:25:24+00:00\" \/>\n<meta name=\"twitter:card\" content=\"summary_large_image\" \/>\n<meta name=\"twitter:label1\" content=\"Estimeret l\u00e6setid\" \/>\n\t<meta name=\"twitter:data1\" content=\"2 minutes\" \/>\n<script type=\"application\/ld+json\" class=\"yoast-schema-graph\">{\"@context\":\"https:\/\/schema.org\",\"@graph\":[{\"@type\":\"WebPage\",\"@id\":\"https:\/\/www.danishculture.com\/da\/repraesentantskabet\/\",\"url\":\"https:\/\/www.danishculture.com\/da\/repraesentantskabet\/\",\"name\":\"Repr\u00e6sentantskabet | Dansk Kulturinstitut | Danish Cultural Institute\",\"isPartOf\":{\"@id\":\"https:\/\/www.danishculture.com\/#website\"},\"datePublished\":\"2020-05-04T10:05:38+00:00\",\"dateModified\":\"2026-01-07T09:25:24+00:00\",\"description\":\"Repr\u00e6sentantskabet best\u00e5r af en r\u00e6kke personer udpeget af institutioner og politiske partier. Desuden en r\u00e6kke personlige medlemmer.\",\"breadcrumb\":{\"@id\":\"https:\/\/www.danishculture.com\/da\/repraesentantskabet\/#breadcrumb\"},\"inLanguage\":\"da-DK\",\"potentialAction\":[{\"@type\":\"ReadAction\",\"target\":[\"https:\/\/www.danishculture.com\/da\/repraesentantskabet\/\"]}]},{\"@type\":\"BreadcrumbList\",\"@id\":\"https:\/\/www.danishculture.com\/da\/repraesentantskabet\/#breadcrumb\",\"itemListElement\":[{\"@type\":\"ListItem\",\"position\":1,\"name\":\"Home\",\"item\":\"https:\/\/www.danishculture.com\/da\/\"},{\"@type\":\"ListItem\",\"position\":2,\"name\":\"Repr\u00e6sentantskabet\"}]},{\"@type\":\"WebSite\",\"@id\":\"https:\/\/www.danishculture.com\/#website\",\"url\":\"https:\/\/www.danishculture.com\/\",\"name\":\"\",\"description\":\"Vi arbejder for at skabe forst\u00e5else for dansk og international kultur\",\"potentialAction\":[{\"@type\":\"SearchAction\",\"target\":{\"@type\":\"EntryPoint\",\"urlTemplate\":\"https:\/\/www.danishculture.com\/?s={search_term_string}\"},\"query-input\":{\"@type\":\"PropertyValueSpecification\",\"valueRequired\":true,\"valueName\":\"search_term_string\"}}],\"inLanguage\":\"da-DK\"}]}<\/script>\n<!-- \/ Yoast SEO plugin. -->","yoast_head_json":{"title":"Repr\u00e6sentantskabet | Dansk Kulturinstitut | Danish Cultural Institute","description":"Repr\u00e6sentantskabet best\u00e5r af en r\u00e6kke personer udpeget af institutioner og politiske partier. Desuden en r\u00e6kke personlige medlemmer.","robots":{"index":"index","follow":"follow","max-snippet":"max-snippet:-1","max-image-preview":"max-image-preview:large","max-video-preview":"max-video-preview:-1"},"canonical":"https:\/\/www.danishculture.com\/da\/repraesentantskabet\/","og_locale":"da_DK","og_type":"article","og_title":"Repr\u00e6sentantskabet | Dansk Kulturinstitut | Danish Cultural Institute","og_description":"Repr\u00e6sentantskabet best\u00e5r af en r\u00e6kke personer udpeget af institutioner og politiske partier. Desuden en r\u00e6kke personlige medlemmer.","og_url":"https:\/\/www.danishculture.com\/da\/repraesentantskabet\/","article_modified_time":"2026-01-07T09:25:24+00:00","twitter_card":"summary_large_image","twitter_misc":{"Estimeret l\u00e6setid":"2 minutes"},"schema":{"@context":"https:\/\/schema.org","@graph":[{"@type":"WebPage","@id":"https:\/\/www.danishculture.com\/da\/repraesentantskabet\/","url":"https:\/\/www.danishculture.com\/da\/repraesentantskabet\/","name":"Repr\u00e6sentantskabet | Dansk Kulturinstitut | Danish Cultural Institute","isPartOf":{"@id":"https:\/\/www.danishculture.com\/#website"},"datePublished":"2020-05-04T10:05:38+00:00","dateModified":"2026-01-07T09:25:24+00:00","description":"Repr\u00e6sentantskabet best\u00e5r af en r\u00e6kke personer udpeget af institutioner og politiske partier. Desuden en r\u00e6kke personlige medlemmer.","breadcrumb":{"@id":"https:\/\/www.danishculture.com\/da\/repraesentantskabet\/#breadcrumb"},"inLanguage":"da-DK","potentialAction":[{"@type":"ReadAction","target":["https:\/\/www.danishculture.com\/da\/repraesentantskabet\/"]}]},{"@type":"BreadcrumbList","@id":"https:\/\/www.danishculture.com\/da\/repraesentantskabet\/#breadcrumb","itemListElement":[{"@type":"ListItem","position":1,"name":"Home","item":"https:\/\/www.danishculture.com\/da\/"},{"@type":"ListItem","position":2,"name":"Repr\u00e6sentantskabet"}]},{"@type":"WebSite","@id":"https:\/\/www.danishculture.com\/#website","url":"https:\/\/www.danishculture.com\/","name":"","description":"Vi arbejder for at skabe forst\u00e5else for dansk og international kultur","potentialAction":[{"@type":"SearchAction","target":{"@type":"EntryPoint","urlTemplate":"https:\/\/www.danishculture.com\/?s={search_term_string}"},"query-input":{"@type":"PropertyValueSpecification","valueRequired":true,"valueName":"search_term_string"}}],"inLanguage":"da-DK"}]}},"_links":{"self":[{"href":"https:\/\/www.danishculture.com\/da\/wp-json\/wp\/v2\/pages\/15059","targetHints":{"allow":["GET"]}}],"collection":[{"href":"https:\/\/www.danishculture.com\/da\/wp-json\/wp\/v2\/pages"}],"about":[{"href":"https:\/\/www.danishculture.com\/da\/wp-json\/wp\/v2\/types\/page"}],"author":[{"embeddable":true,"href":"https:\/\/www.danishculture.com\/da\/wp-json\/wp\/v2\/users\/3"}],"replies":[{"embeddable":true,"href":"https:\/\/www.danishculture.com\/da\/wp-json\/wp\/v2\/comments?post=15059"}],"version-history":[{"count":63,"href":"https:\/\/www.danishculture.com\/da\/wp-json\/wp\/v2\/pages\/15059\/revisions"}],"predecessor-version":[{"id":28537,"href":"https:\/\/www.danishculture.com\/da\/wp-json\/wp\/v2\/pages\/15059\/revisions\/28537"}],"wp:attachment":[{"href":"https:\/\/www.danishculture.com\/da\/wp-json\/wp\/v2\/media?parent=15059"}],"curies":[{"name":"wp","href":"https:\/\/api.w.org\/{rel}","templated":true}]}}